{"id":21107,"date":"2025-12-17T17:10:17","date_gmt":"2025-12-17T16:10:17","guid":{"rendered":"https:\/\/lyconnordic.no\/privat\/?post_type=product&#038;p=21107"},"modified":"2026-02-11T12:34:45","modified_gmt":"2026-02-11T11:34:45","slug":"refreshing-mist-protective-50ml","status":"publish","type":"product","link":"https:\/\/lyconnordic.no\/privat\/produkt\/refreshing-mist-protective-50ml\/","title":{"rendered":"Refreshing Mist Protective 50ml"},"content":{"rendered":"<p><strong>For hvem &amp; hvordan den brukes<\/strong><\/p>\n<p>Denne sprayen er perfekt \u00e5 ha med seg for raskt og enkelt \u00e5 friske opp, tilf\u00f8re fukt og beskytte intimomr\u00e5det. Spray to til tre ganger p\u00e5 rengjort hud. Den kan brukes flere ganger daglig og gjennom hele menstruasjonssyklusen. Kun til utvendig bruk.<\/p>\n<p><strong>Aktive ingredienser<\/strong><\/p>\n<p><strong>Kamilleekstrakt<\/strong><br \/>\nHar en antiinflammatorisk effekt og reduserer irritasjon. Takket v\u00e6re sitt h\u00f8ye innhold av antioksidanter og vitaminer, er kamille ogs\u00e5 effektiv for \u00e5 redusere tegn p\u00e5 rosacea og sm\u00e5 hudflekker.<\/p>\n<p><strong>Achillea Millefolium (r\u00f8llike)<\/strong><br \/>\nKjent for sine hemostatiske egenskaper samt beroligende og lindrende effekt mot irritasjon og r\u00f8dhet. Spesielt egnet for behandling av irritasjoner i intimomr\u00e5det og bidrar til \u00e5 beskytte mot ytre p\u00e5kjenninger.<\/p>\n<p><strong>Trollhassel (Hamamelis Virginiana)<\/strong><br \/>\nVirker effektivt mot problemer som rosacea, hudflekker, akne og merker for\u00e5rsaket av frie radikaler.<\/p>\n<p><strong>Probiotika (Lactococcus Ferment Lysate)<\/strong><br \/>\nVirker anti-aging, beroligende og pleiende. \u00d8ker celle\u00e5nding, cellemetabolisme og kollagenproduksjon, noe som reduserer risikoen for r\u00f8dhet og irritasjon. Stimulerer hudfornyelse, opprettholder hudbarrieren og bidrar til \u00e5 bevare hudens og de ytre slimhinnenes fysiologiske pH.<\/p>\n<p><strong>Hyaluronsyre<\/strong><br \/>\nEn velkjent aktiv ingrediens med fuktighetsgivende egenskaper. Spesielt ideell for intimomr\u00e5det, da den bidrar til \u00e5 opprettholde elastisitet og spenst i vaginal slimhinne, samtidig som den reduserer risikoen for t\u00f8rrhet, kl\u00f8e og irritasjon.<\/p>\n","protected":false},"excerpt":{"rendered":"<p><strong>Spray for friskhet, fukt og beskyttelse<\/strong><\/p>\n<p>En spray utviklet for \u00e5 friske opp, tilf\u00f8re fukt og beskytte intimomr\u00e5det. Den spesifikke blandingen av aktive ingredienser og probiotika bidrar til \u00e5 beskytte huden mot ubehag og r\u00f8dhet ved \u00e5 danne en usynlig beskyttelsesbarriere. Hyaluronsyre tilf\u00f8rer fukt og hjelper til med \u00e5 forebygge utt\u00f8rking.<\/p>\n<p><strong>Fordeler:<\/strong><br \/>\nFuktighetsgivende \u00b7 Beskyttende \u00b7 Oppfriskende \u00b7 Beroligende \u00b7 Antibakteriell<\/p>\n<p><strong>St\u00f8rrelser:<\/strong><br \/>\n50 ml \u2013 ca. 380 sprays<br \/>\n15 ml \u2013 ca. 100 sprays<\/p>\n","protected":false},"featured_media":21053,"comment_status":"open","ping_status":"closed","template":"","meta":[],"product_brand":[],"product_cat":[225],"product_tag":[],"class_list":{"0":"post-21107","1":"product","2":"type-product","3":"status-publish","4":"has-post-thumbnail","6":"product_cat-kysh-intimpleie","8":"first","9":"instock","10":"taxable","11":"shipping-taxable","12":"purchasable","13":"product-type-simple"},"yoast_head":"<!-- This site is optimized with the Yoast SEO plugin v27.3 - https:\/\/yoast.com\/product\/yoast-seo-wordpress\/ -->\n<title>Refreshing Mist Protective 50ml - Lycon - for private<\/title>\n<meta name=\"robots\" content=\"index, follow, max-snippet:-1, max-image-preview:large, max-video-preview:-1\" \/>\n<link rel=\"canonical\" href=\"https:\/\/lyconnordic.no\/privat\/produkt\/refreshing-mist-protective-50ml\/\" \/>\n<meta property=\"og:locale\" content=\"nb_NO\" \/>\n<meta property=\"og:type\" content=\"article\" \/>\n<meta property=\"og:title\" content=\"Refreshing Mist Protective 50ml - Lycon - for private\" \/>\n<meta property=\"og:description\" content=\"Spray for friskhet, fukt og beskyttelse  En spray utviklet for \u00e5 friske opp, tilf\u00f8re fukt og beskytte intimomr\u00e5det. Den spesifikke blandingen av aktive ingredienser og probiotika bidrar til \u00e5 beskytte huden mot ubehag og r\u00f8dhet ved \u00e5 danne en usynlig beskyttelsesbarriere. Hyaluronsyre tilf\u00f8rer fukt og hjelper til med \u00e5 forebygge utt\u00f8rking.  Fordeler: Fuktighetsgivende \u00b7 Beskyttende \u00b7 Oppfriskende \u00b7 Beroligende \u00b7 Antibakteriell  St\u00f8rrelser: 50 ml \u2013 ca. 380 sprays 15 ml \u2013 ca. 100 sprays\" \/>\n<meta property=\"og:url\" content=\"https:\/\/lyconnordic.no\/privat\/produkt\/refreshing-mist-protective-50ml\/\" \/>\n<meta property=\"og:site_name\" content=\"Lycon - for private\" \/>\n<meta property=\"article:modified_time\" content=\"2026-02-11T11:34:45+00:00\" \/>\n<meta property=\"og:image\" content=\"https:\/\/lyconnordic.no\/privat\/wp-content\/uploads\/2025\/12\/8388779137779_KYSH-REFRESHING-MIST-4_2-e1770809679401.jpg\" \/>\n\t<meta property=\"og:image:width\" content=\"1654\" \/>\n\t<meta property=\"og:image:height\" content=\"2208\" \/>\n\t<meta property=\"og:image:type\" content=\"image\/jpeg\" \/>\n<meta name=\"twitter:card\" content=\"summary_large_image\" \/>\n<meta name=\"twitter:label1\" content=\"Ansl. lesetid\" \/>\n\t<meta name=\"twitter:data1\" content=\"2 minutter\" \/>\n<script type=\"application\/ld+json\" class=\"yoast-schema-graph\">{\"@context\":\"https:\\\/\\\/schema.org\",\"@graph\":[{\"@type\":\"WebPage\",\"@id\":\"https:\\\/\\\/lyconnordic.no\\\/privat\\\/produkt\\\/refreshing-mist-protective-50ml\\\/\",\"url\":\"https:\\\/\\\/lyconnordic.no\\\/privat\\\/produkt\\\/refreshing-mist-protective-50ml\\\/\",\"name\":\"Refreshing Mist Protective 50ml - Lycon - for private\",\"isPartOf\":{\"@id\":\"https:\\\/\\\/lyconnordic.no\\\/privat\\\/#website\"},\"primaryImageOfPage\":{\"@id\":\"https:\\\/\\\/lyconnordic.no\\\/privat\\\/produkt\\\/refreshing-mist-protective-50ml\\\/#primaryimage\"},\"image\":{\"@id\":\"https:\\\/\\\/lyconnordic.no\\\/privat\\\/produkt\\\/refreshing-mist-protective-50ml\\\/#primaryimage\"},\"thumbnailUrl\":\"https:\\\/\\\/lyconnordic.no\\\/privat\\\/wp-content\\\/uploads\\\/2025\\\/12\\\/8388779137779_KYSH-REFRESHING-MIST-4_2-e1770809679401.jpg\",\"datePublished\":\"2025-12-17T16:10:17+00:00\",\"dateModified\":\"2026-02-11T11:34:45+00:00\",\"breadcrumb\":{\"@id\":\"https:\\\/\\\/lyconnordic.no\\\/privat\\\/produkt\\\/refreshing-mist-protective-50ml\\\/#breadcrumb\"},\"inLanguage\":\"nb-NO\",\"potentialAction\":[{\"@type\":\"ReadAction\",\"target\":[\"https:\\\/\\\/lyconnordic.no\\\/privat\\\/produkt\\\/refreshing-mist-protective-50ml\\\/\"]}]},{\"@type\":\"ImageObject\",\"inLanguage\":\"nb-NO\",\"@id\":\"https:\\\/\\\/lyconnordic.no\\\/privat\\\/produkt\\\/refreshing-mist-protective-50ml\\\/#primaryimage\",\"url\":\"https:\\\/\\\/lyconnordic.no\\\/privat\\\/wp-content\\\/uploads\\\/2025\\\/12\\\/8388779137779_KYSH-REFRESHING-MIST-4_2-e1770809679401.jpg\",\"contentUrl\":\"https:\\\/\\\/lyconnordic.no\\\/privat\\\/wp-content\\\/uploads\\\/2025\\\/12\\\/8388779137779_KYSH-REFRESHING-MIST-4_2-e1770809679401.jpg\",\"width\":1654,\"height\":2208},{\"@type\":\"BreadcrumbList\",\"@id\":\"https:\\\/\\\/lyconnordic.no\\\/privat\\\/produkt\\\/refreshing-mist-protective-50ml\\\/#breadcrumb\",\"itemListElement\":[{\"@type\":\"ListItem\",\"position\":1,\"name\":\"Hjem\",\"item\":\"https:\\\/\\\/lyconnordic.no\\\/privat\\\/\"},{\"@type\":\"ListItem\",\"position\":2,\"name\":\"Produkter\",\"item\":\"https:\\\/\\\/lyconnordic.no\\\/privat\\\/produkter\\\/\"},{\"@type\":\"ListItem\",\"position\":3,\"name\":\"Refreshing Mist Protective 50ml\"}]},{\"@type\":\"WebSite\",\"@id\":\"https:\\\/\\\/lyconnordic.no\\\/privat\\\/#website\",\"url\":\"https:\\\/\\\/lyconnordic.no\\\/privat\\\/\",\"name\":\"Lycon - for private\",\"description\":\"Australias voksmerke #1\",\"potentialAction\":[{\"@type\":\"SearchAction\",\"target\":{\"@type\":\"EntryPoint\",\"urlTemplate\":\"https:\\\/\\\/lyconnordic.no\\\/privat\\\/?s={search_term_string}\"},\"query-input\":{\"@type\":\"PropertyValueSpecification\",\"valueRequired\":true,\"valueName\":\"search_term_string\"}}],\"inLanguage\":\"nb-NO\"}]}<\/script>\n<!-- \/ Yoast SEO plugin. -->","yoast_head_json":{"title":"Refreshing Mist Protective 50ml - Lycon - for private","robots":{"index":"index","follow":"follow","max-snippet":"max-snippet:-1","max-image-preview":"max-image-preview:large","max-video-preview":"max-video-preview:-1"},"canonical":"https:\/\/lyconnordic.no\/privat\/produkt\/refreshing-mist-protective-50ml\/","og_locale":"nb_NO","og_type":"article","og_title":"Refreshing Mist Protective 50ml - Lycon - for private","og_description":"Spray for friskhet, fukt og beskyttelse  En spray utviklet for \u00e5 friske opp, tilf\u00f8re fukt og beskytte intimomr\u00e5det. Den spesifikke blandingen av aktive ingredienser og probiotika bidrar til \u00e5 beskytte huden mot ubehag og r\u00f8dhet ved \u00e5 danne en usynlig beskyttelsesbarriere. Hyaluronsyre tilf\u00f8rer fukt og hjelper til med \u00e5 forebygge utt\u00f8rking.  Fordeler: Fuktighetsgivende \u00b7 Beskyttende \u00b7 Oppfriskende \u00b7 Beroligende \u00b7 Antibakteriell  St\u00f8rrelser: 50 ml \u2013 ca. 380 sprays 15 ml \u2013 ca. 100 sprays","og_url":"https:\/\/lyconnordic.no\/privat\/produkt\/refreshing-mist-protective-50ml\/","og_site_name":"Lycon - for private","article_modified_time":"2026-02-11T11:34:45+00:00","og_image":[{"width":1654,"height":2208,"url":"https:\/\/lyconnordic.no\/privat\/wp-content\/uploads\/2025\/12\/8388779137779_KYSH-REFRESHING-MIST-4_2-e1770809679401.jpg","type":"image\/jpeg"}],"twitter_card":"summary_large_image","twitter_misc":{"Ansl. lesetid":"2 minutter"},"schema":{"@context":"https:\/\/schema.org","@graph":[{"@type":"WebPage","@id":"https:\/\/lyconnordic.no\/privat\/produkt\/refreshing-mist-protective-50ml\/","url":"https:\/\/lyconnordic.no\/privat\/produkt\/refreshing-mist-protective-50ml\/","name":"Refreshing Mist Protective 50ml - Lycon - for private","isPartOf":{"@id":"https:\/\/lyconnordic.no\/privat\/#website"},"primaryImageOfPage":{"@id":"https:\/\/lyconnordic.no\/privat\/produkt\/refreshing-mist-protective-50ml\/#primaryimage"},"image":{"@id":"https:\/\/lyconnordic.no\/privat\/produkt\/refreshing-mist-protective-50ml\/#primaryimage"},"thumbnailUrl":"https:\/\/lyconnordic.no\/privat\/wp-content\/uploads\/2025\/12\/8388779137779_KYSH-REFRESHING-MIST-4_2-e1770809679401.jpg","datePublished":"2025-12-17T16:10:17+00:00","dateModified":"2026-02-11T11:34:45+00:00","breadcrumb":{"@id":"https:\/\/lyconnordic.no\/privat\/produkt\/refreshing-mist-protective-50ml\/#breadcrumb"},"inLanguage":"nb-NO","potentialAction":[{"@type":"ReadAction","target":["https:\/\/lyconnordic.no\/privat\/produkt\/refreshing-mist-protective-50ml\/"]}]},{"@type":"ImageObject","inLanguage":"nb-NO","@id":"https:\/\/lyconnordic.no\/privat\/produkt\/refreshing-mist-protective-50ml\/#primaryimage","url":"https:\/\/lyconnordic.no\/privat\/wp-content\/uploads\/2025\/12\/8388779137779_KYSH-REFRESHING-MIST-4_2-e1770809679401.jpg","contentUrl":"https:\/\/lyconnordic.no\/privat\/wp-content\/uploads\/2025\/12\/8388779137779_KYSH-REFRESHING-MIST-4_2-e1770809679401.jpg","width":1654,"height":2208},{"@type":"BreadcrumbList","@id":"https:\/\/lyconnordic.no\/privat\/produkt\/refreshing-mist-protective-50ml\/#breadcrumb","itemListElement":[{"@type":"ListItem","position":1,"name":"Hjem","item":"https:\/\/lyconnordic.no\/privat\/"},{"@type":"ListItem","position":2,"name":"Produkter","item":"https:\/\/lyconnordic.no\/privat\/produkter\/"},{"@type":"ListItem","position":3,"name":"Refreshing Mist Protective 50ml"}]},{"@type":"WebSite","@id":"https:\/\/lyconnordic.no\/privat\/#website","url":"https:\/\/lyconnordic.no\/privat\/","name":"Lycon - for private","description":"Australias voksmerke #1","potentialAction":[{"@type":"SearchAction","target":{"@type":"EntryPoint","urlTemplate":"https:\/\/lyconnordic.no\/privat\/?s={search_term_string}"},"query-input":{"@type":"PropertyValueSpecification","valueRequired":true,"valueName":"search_term_string"}}],"inLanguage":"nb-NO"}]}},"_links":{"self":[{"href":"https:\/\/lyconnordic.no\/privat\/wp-json\/wp\/v2\/product\/21107","targetHints":{"allow":["GET"]}}],"collection":[{"href":"https:\/\/lyconnordic.no\/privat\/wp-json\/wp\/v2\/product"}],"about":[{"href":"https:\/\/lyconnordic.no\/privat\/wp-json\/wp\/v2\/types\/product"}],"replies":[{"embeddable":true,"href":"https:\/\/lyconnordic.no\/privat\/wp-json\/wp\/v2\/comments?post=21107"}],"version-history":[{"count":2,"href":"https:\/\/lyconnordic.no\/privat\/wp-json\/wp\/v2\/product\/21107\/revisions"}],"predecessor-version":[{"id":21128,"href":"https:\/\/lyconnordic.no\/privat\/wp-json\/wp\/v2\/product\/21107\/revisions\/21128"}],"wp:featuredmedia":[{"embeddable":true,"href":"https:\/\/lyconnordic.no\/privat\/wp-json\/wp\/v2\/media\/21053"}],"wp:attachment":[{"href":"https:\/\/lyconnordic.no\/privat\/wp-json\/wp\/v2\/media?parent=21107"}],"wp:term":[{"taxonomy":"product_brand","embeddable":true,"href":"https:\/\/lyconnordic.no\/privat\/wp-json\/wp\/v2\/product_brand?post=21107"},{"taxonomy":"product_cat","embeddable":true,"href":"https:\/\/lyconnordic.no\/privat\/wp-json\/wp\/v2\/product_cat?post=21107"},{"taxonomy":"product_tag","embeddable":true,"href":"https:\/\/lyconnordic.no\/privat\/wp-json\/wp\/v2\/product_tag?post=21107"}],"curies":[{"name":"wp","href":"https:\/\/api.w.org\/{rel}","templated":true}]}}