{"id":21103,"date":"2026-02-11T11:59:20","date_gmt":"2026-02-11T10:59:20","guid":{"rendered":"https:\/\/lyconnordic.no\/privat\/?post_type=product&#038;p=21103"},"modified":"2026-02-11T12:04:20","modified_gmt":"2026-02-11T11:04:20","slug":"lightening-serum-30ml","status":"publish","type":"product","link":"https:\/\/lyconnordic.no\/privat\/produkt\/lightening-serum-30ml\/","title":{"rendered":"Lightening Serum 30ml"},"content":{"rendered":"<p><strong>For hvem &amp; hvordan det brukes<\/strong><\/p>\n<p>Dette serumet er utviklet for alle som \u00f8nsker \u00e5 lysne, jevne ut og tilf\u00f8re gl\u00f8d til omr\u00e5der rundt intimomr\u00e5det, innsiden av l\u00e5rene, setet og armhulene \u2013 alle omr\u00e5der som har en tendens til \u00e5 m\u00f8rkne over tid, etter barbering, voksing eller soleksponering.<\/p>\n<p>Etter rengj\u00f8ring p\u00e5f\u00f8res et tynt lag av serum p\u00e5 det aktuelle omr\u00e5det og masseres forsiktig inn til det er helt absorbert. Bruk kun \u00e9n gang daglig og unng\u00e5 slimhinner. Kun til utvendig bruk.<\/p>\n<p><strong>Konsistens<\/strong><br \/>\nDette lysnende og gl\u00f8dgivende serumet er enkelt og behagelig \u00e5 p\u00e5f\u00f8re takket v\u00e6re sin fl\u00f8yelsmyke, silkemyke tekstur, som ligger midt mellom et serum og en gel. Formelen absorberes raskt uten \u00e5 etterlate rester.<\/p>\n<p><strong>Aktive ingredienser<\/strong><\/p>\n<p><strong>Diglucosyl Gallic Acid<\/strong><br \/>\nHovedingrediensen, en glukosbasert ingrediens med lysnende effekt som virker p\u00e5 reseptorer som styrer melaninproduksjonen. Denne neste generasjons aktive ingrediensen har h\u00f8y lysnende effekt \u2013 fire ganger mer effektiv enn vitamin C og 60 ganger mer effektiv enn kojicsyre, som ofte brukes i lysnende produkter. Den reduserer synlig forekomst av solflekker og aldersrelaterte misfarginger, jevner ut hudtonen og gir det behandlede omr\u00e5det et lyst og jevnt utseende.<\/p>\n<p><strong>Kamilleblomstekstrakt<\/strong><br \/>\nEn av de eldste medisinske plantene, kjent for sine beroligende egenskaper takket v\u00e6re sitt h\u00f8ye innhold av flavonoider (fytokjemikalier med antioksidant- og antiinflammatoriske egenskaper). Takknemlig for sitt h\u00f8ye antioksidantinnhold beroliger og mykgj\u00f8r ekstraktet huden, ogs\u00e5 sensitiv eller irritabel hud.<\/p>\n","protected":false},"excerpt":{"rendered":"<p><strong>En daglig behandling for lys, jevnhet og gl\u00f8d<\/strong><\/p>\n<p>En daglig behandling utviklet for \u00e5 tilf\u00f8re gl\u00f8d, jevne ut og forsiktig lysne de mest sensitive omr\u00e5dene p\u00e5 kroppen. Konsistensen, som ligger mellom et serum og en gel, gj\u00f8r huden fl\u00f8yelsmyk og silkemyk. Takket v\u00e6re den raske absorpsjonen etterlater den ingen rester.<\/p>\n<p><strong>Fordeler:<\/strong><br \/>\nFuktighetsgivende \u00b7 Lysnende \u00b7 Jevnende \u00b7 Oppstrammende<\/p>\n<p><strong>St\u00f8rrelse:<\/strong><br \/>\n30 ml \u2013 ca. 200 doseringer per produkt<\/p>\n","protected":false},"featured_media":21046,"comment_status":"open","ping_status":"closed","template":"","meta":[],"product_brand":[],"product_cat":[225],"product_tag":[],"class_list":{"0":"post-21103","1":"product","2":"type-product","3":"status-publish","4":"has-post-thumbnail","6":"product_cat-kysh-intimpleie","8":"first","9":"instock","10":"taxable","11":"shipping-taxable","12":"purchasable","13":"product-type-simple"},"yoast_head":"<!-- This site is optimized with the Yoast SEO plugin v27.3 - https:\/\/yoast.com\/product\/yoast-seo-wordpress\/ -->\n<title>Lightening Serum 30ml - Lycon - for private<\/title>\n<meta name=\"robots\" content=\"index, follow, max-snippet:-1, max-image-preview:large, max-video-preview:-1\" \/>\n<link rel=\"canonical\" href=\"https:\/\/lyconnordic.no\/privat\/produkt\/lightening-serum-30ml\/\" \/>\n<meta property=\"og:locale\" content=\"nb_NO\" \/>\n<meta property=\"og:type\" content=\"article\" \/>\n<meta property=\"og:title\" content=\"Lightening Serum 30ml - Lycon - for private\" \/>\n<meta property=\"og:description\" content=\"En daglig behandling for lys, jevnhet og gl\u00f8d  En daglig behandling utviklet for \u00e5 tilf\u00f8re gl\u00f8d, jevne ut og forsiktig lysne de mest sensitive omr\u00e5dene p\u00e5 kroppen. Konsistensen, som ligger mellom et serum og en gel, gj\u00f8r huden fl\u00f8yelsmyk og silkemyk. Takket v\u00e6re den raske absorpsjonen etterlater den ingen rester.  Fordeler: Fuktighetsgivende \u00b7 Lysnende \u00b7 Jevnende \u00b7 Oppstrammende  St\u00f8rrelse: 30 ml \u2013 ca. 200 doseringer per produkt\" \/>\n<meta property=\"og:url\" content=\"https:\/\/lyconnordic.no\/privat\/produkt\/lightening-serum-30ml\/\" \/>\n<meta property=\"og:site_name\" content=\"Lycon - for private\" \/>\n<meta property=\"article:modified_time\" content=\"2026-02-11T11:04:20+00:00\" \/>\n<meta property=\"og:image\" content=\"https:\/\/lyconnordic.no\/privat\/wp-content\/uploads\/2025\/12\/8388779137755_LIGHTENING-SERUM_cover_30ml.jpg\" \/>\n\t<meta property=\"og:image:width\" content=\"1500\" \/>\n\t<meta property=\"og:image:height\" content=\"2000\" \/>\n\t<meta property=\"og:image:type\" content=\"image\/jpeg\" \/>\n<meta name=\"twitter:card\" content=\"summary_large_image\" \/>\n<meta name=\"twitter:label1\" content=\"Ansl. lesetid\" \/>\n\t<meta name=\"twitter:data1\" content=\"1 minutt\" \/>\n<script type=\"application\/ld+json\" class=\"yoast-schema-graph\">{\"@context\":\"https:\\\/\\\/schema.org\",\"@graph\":[{\"@type\":\"WebPage\",\"@id\":\"https:\\\/\\\/lyconnordic.no\\\/privat\\\/produkt\\\/lightening-serum-30ml\\\/\",\"url\":\"https:\\\/\\\/lyconnordic.no\\\/privat\\\/produkt\\\/lightening-serum-30ml\\\/\",\"name\":\"Lightening Serum 30ml - Lycon - for private\",\"isPartOf\":{\"@id\":\"https:\\\/\\\/lyconnordic.no\\\/privat\\\/#website\"},\"primaryImageOfPage\":{\"@id\":\"https:\\\/\\\/lyconnordic.no\\\/privat\\\/produkt\\\/lightening-serum-30ml\\\/#primaryimage\"},\"image\":{\"@id\":\"https:\\\/\\\/lyconnordic.no\\\/privat\\\/produkt\\\/lightening-serum-30ml\\\/#primaryimage\"},\"thumbnailUrl\":\"https:\\\/\\\/lyconnordic.no\\\/privat\\\/wp-content\\\/uploads\\\/2025\\\/12\\\/8388779137755_LIGHTENING-SERUM_cover_30ml.jpg\",\"datePublished\":\"2026-02-11T10:59:20+00:00\",\"dateModified\":\"2026-02-11T11:04:20+00:00\",\"breadcrumb\":{\"@id\":\"https:\\\/\\\/lyconnordic.no\\\/privat\\\/produkt\\\/lightening-serum-30ml\\\/#breadcrumb\"},\"inLanguage\":\"nb-NO\",\"potentialAction\":[{\"@type\":\"ReadAction\",\"target\":[\"https:\\\/\\\/lyconnordic.no\\\/privat\\\/produkt\\\/lightening-serum-30ml\\\/\"]}]},{\"@type\":\"ImageObject\",\"inLanguage\":\"nb-NO\",\"@id\":\"https:\\\/\\\/lyconnordic.no\\\/privat\\\/produkt\\\/lightening-serum-30ml\\\/#primaryimage\",\"url\":\"https:\\\/\\\/lyconnordic.no\\\/privat\\\/wp-content\\\/uploads\\\/2025\\\/12\\\/8388779137755_LIGHTENING-SERUM_cover_30ml.jpg\",\"contentUrl\":\"https:\\\/\\\/lyconnordic.no\\\/privat\\\/wp-content\\\/uploads\\\/2025\\\/12\\\/8388779137755_LIGHTENING-SERUM_cover_30ml.jpg\",\"width\":1500,\"height\":2000},{\"@type\":\"BreadcrumbList\",\"@id\":\"https:\\\/\\\/lyconnordic.no\\\/privat\\\/produkt\\\/lightening-serum-30ml\\\/#breadcrumb\",\"itemListElement\":[{\"@type\":\"ListItem\",\"position\":1,\"name\":\"Hjem\",\"item\":\"https:\\\/\\\/lyconnordic.no\\\/privat\\\/\"},{\"@type\":\"ListItem\",\"position\":2,\"name\":\"Produkter\",\"item\":\"https:\\\/\\\/lyconnordic.no\\\/privat\\\/produkter\\\/\"},{\"@type\":\"ListItem\",\"position\":3,\"name\":\"Lightening Serum 30ml\"}]},{\"@type\":\"WebSite\",\"@id\":\"https:\\\/\\\/lyconnordic.no\\\/privat\\\/#website\",\"url\":\"https:\\\/\\\/lyconnordic.no\\\/privat\\\/\",\"name\":\"Lycon - for private\",\"description\":\"Australias voksmerke #1\",\"potentialAction\":[{\"@type\":\"SearchAction\",\"target\":{\"@type\":\"EntryPoint\",\"urlTemplate\":\"https:\\\/\\\/lyconnordic.no\\\/privat\\\/?s={search_term_string}\"},\"query-input\":{\"@type\":\"PropertyValueSpecification\",\"valueRequired\":true,\"valueName\":\"search_term_string\"}}],\"inLanguage\":\"nb-NO\"}]}<\/script>\n<!-- \/ Yoast SEO plugin. -->","yoast_head_json":{"title":"Lightening Serum 30ml - Lycon - for private","robots":{"index":"index","follow":"follow","max-snippet":"max-snippet:-1","max-image-preview":"max-image-preview:large","max-video-preview":"max-video-preview:-1"},"canonical":"https:\/\/lyconnordic.no\/privat\/produkt\/lightening-serum-30ml\/","og_locale":"nb_NO","og_type":"article","og_title":"Lightening Serum 30ml - Lycon - for private","og_description":"En daglig behandling for lys, jevnhet og gl\u00f8d  En daglig behandling utviklet for \u00e5 tilf\u00f8re gl\u00f8d, jevne ut og forsiktig lysne de mest sensitive omr\u00e5dene p\u00e5 kroppen. Konsistensen, som ligger mellom et serum og en gel, gj\u00f8r huden fl\u00f8yelsmyk og silkemyk. Takket v\u00e6re den raske absorpsjonen etterlater den ingen rester.  Fordeler: Fuktighetsgivende \u00b7 Lysnende \u00b7 Jevnende \u00b7 Oppstrammende  St\u00f8rrelse: 30 ml \u2013 ca. 200 doseringer per produkt","og_url":"https:\/\/lyconnordic.no\/privat\/produkt\/lightening-serum-30ml\/","og_site_name":"Lycon - for private","article_modified_time":"2026-02-11T11:04:20+00:00","og_image":[{"width":1500,"height":2000,"url":"https:\/\/lyconnordic.no\/privat\/wp-content\/uploads\/2025\/12\/8388779137755_LIGHTENING-SERUM_cover_30ml.jpg","type":"image\/jpeg"}],"twitter_card":"summary_large_image","twitter_misc":{"Ansl. lesetid":"1 minutt"},"schema":{"@context":"https:\/\/schema.org","@graph":[{"@type":"WebPage","@id":"https:\/\/lyconnordic.no\/privat\/produkt\/lightening-serum-30ml\/","url":"https:\/\/lyconnordic.no\/privat\/produkt\/lightening-serum-30ml\/","name":"Lightening Serum 30ml - Lycon - for private","isPartOf":{"@id":"https:\/\/lyconnordic.no\/privat\/#website"},"primaryImageOfPage":{"@id":"https:\/\/lyconnordic.no\/privat\/produkt\/lightening-serum-30ml\/#primaryimage"},"image":{"@id":"https:\/\/lyconnordic.no\/privat\/produkt\/lightening-serum-30ml\/#primaryimage"},"thumbnailUrl":"https:\/\/lyconnordic.no\/privat\/wp-content\/uploads\/2025\/12\/8388779137755_LIGHTENING-SERUM_cover_30ml.jpg","datePublished":"2026-02-11T10:59:20+00:00","dateModified":"2026-02-11T11:04:20+00:00","breadcrumb":{"@id":"https:\/\/lyconnordic.no\/privat\/produkt\/lightening-serum-30ml\/#breadcrumb"},"inLanguage":"nb-NO","potentialAction":[{"@type":"ReadAction","target":["https:\/\/lyconnordic.no\/privat\/produkt\/lightening-serum-30ml\/"]}]},{"@type":"ImageObject","inLanguage":"nb-NO","@id":"https:\/\/lyconnordic.no\/privat\/produkt\/lightening-serum-30ml\/#primaryimage","url":"https:\/\/lyconnordic.no\/privat\/wp-content\/uploads\/2025\/12\/8388779137755_LIGHTENING-SERUM_cover_30ml.jpg","contentUrl":"https:\/\/lyconnordic.no\/privat\/wp-content\/uploads\/2025\/12\/8388779137755_LIGHTENING-SERUM_cover_30ml.jpg","width":1500,"height":2000},{"@type":"BreadcrumbList","@id":"https:\/\/lyconnordic.no\/privat\/produkt\/lightening-serum-30ml\/#breadcrumb","itemListElement":[{"@type":"ListItem","position":1,"name":"Hjem","item":"https:\/\/lyconnordic.no\/privat\/"},{"@type":"ListItem","position":2,"name":"Produkter","item":"https:\/\/lyconnordic.no\/privat\/produkter\/"},{"@type":"ListItem","position":3,"name":"Lightening Serum 30ml"}]},{"@type":"WebSite","@id":"https:\/\/lyconnordic.no\/privat\/#website","url":"https:\/\/lyconnordic.no\/privat\/","name":"Lycon - for private","description":"Australias voksmerke #1","potentialAction":[{"@type":"SearchAction","target":{"@type":"EntryPoint","urlTemplate":"https:\/\/lyconnordic.no\/privat\/?s={search_term_string}"},"query-input":{"@type":"PropertyValueSpecification","valueRequired":true,"valueName":"search_term_string"}}],"inLanguage":"nb-NO"}]}},"_links":{"self":[{"href":"https:\/\/lyconnordic.no\/privat\/wp-json\/wp\/v2\/product\/21103","targetHints":{"allow":["GET"]}}],"collection":[{"href":"https:\/\/lyconnordic.no\/privat\/wp-json\/wp\/v2\/product"}],"about":[{"href":"https:\/\/lyconnordic.no\/privat\/wp-json\/wp\/v2\/types\/product"}],"replies":[{"embeddable":true,"href":"https:\/\/lyconnordic.no\/privat\/wp-json\/wp\/v2\/comments?post=21103"}],"version-history":[{"count":2,"href":"https:\/\/lyconnordic.no\/privat\/wp-json\/wp\/v2\/product\/21103\/revisions"}],"predecessor-version":[{"id":21130,"href":"https:\/\/lyconnordic.no\/privat\/wp-json\/wp\/v2\/product\/21103\/revisions\/21130"}],"wp:featuredmedia":[{"embeddable":true,"href":"https:\/\/lyconnordic.no\/privat\/wp-json\/wp\/v2\/media\/21046"}],"wp:attachment":[{"href":"https:\/\/lyconnordic.no\/privat\/wp-json\/wp\/v2\/media?parent=21103"}],"wp:term":[{"taxonomy":"product_brand","embeddable":true,"href":"https:\/\/lyconnordic.no\/privat\/wp-json\/wp\/v2\/product_brand?post=21103"},{"taxonomy":"product_cat","embeddable":true,"href":"https:\/\/lyconnordic.no\/privat\/wp-json\/wp\/v2\/product_cat?post=21103"},{"taxonomy":"product_tag","embeddable":true,"href":"https:\/\/lyconnordic.no\/privat\/wp-json\/wp\/v2\/product_tag?post=21103"}],"curies":[{"name":"wp","href":"https:\/\/api.w.org\/{rel}","templated":true}]}}