{"id":21101,"date":"2026-02-11T11:59:30","date_gmt":"2026-02-11T10:59:30","guid":{"rendered":"https:\/\/lyconnordic.no\/privat\/?post_type=product&#038;p=21101"},"modified":"2026-02-11T12:05:33","modified_gmt":"2026-02-11T11:05:33","slug":"intimate-wipes-6stk","status":"publish","type":"product","link":"https:\/\/lyconnordic.no\/privat\/produkt\/intimate-wipes-6stk\/","title":{"rendered":"Intimate Wipes 6stk"},"content":{"rendered":"<p><strong>For hvem og hvordan den brukes<\/strong><\/p>\n<p>Disse engangs intimplettene er perfekte \u00e5 ha med seg for raskt og enkelt \u00e5 rense, friske opp og berolige intimomr\u00e5det \u2013 hvor som helst og n\u00e5r som helst.<\/p>\n<p>N\u00e5r du \u00f8nsker \u00e5 rengj\u00f8re og friske opp intimomr\u00e5det, aktiverer du enkelt den individuelle kapselen ved \u00e5 trykke p\u00e5 midten med fingeren. F\u00f8rst da kommer den ultramyke servietten av naturlig viskose og det spesifikke serumet i kontakt med hverandre, til serumet er fullstendig absorbert. Deretter tas servietten ut av kapselen, klar til bruk. Disse intimplettene kan brukes \u00e9n eller flere ganger daglig, gjennom hele menstruasjonssyklusen. Kun til utvendig bruk.<\/p>\n<p><strong>Konsistens<\/strong><br \/>\nDette lette, fl\u00f8yelsmyke rengj\u00f8ringsserumet er spesielt utviklet for bruk sammen med engangsservietten av naturlig viskose. Den flytende formelen er usynlig og oppfriskende, og etterlater huden myk og lett duftende etter bruk.<\/p>\n<p><strong>Aktive ingredienser<\/strong><\/p>\n<p><strong>Achillea millefolium (r\u00f8llike)<\/strong><br \/>\nHovedingrediensen i formelen, kjent for sine hemostatiske egenskaper samt sin beroligende og lindrende effekt mot irritasjon og r\u00f8dhet. Den er spesielt egnet for \u00e5 behandle irritasjoner i intimomr\u00e5det og bidrar til \u00e5 beskytte mot ytre p\u00e5kjenninger.<\/p>\n<p><strong>Trollhassel<\/strong><br \/>\nEn annen viktig ingrediens i formelen, med s\u00e6rlig effektiv virkning mot problemer som rosacea og pigmentflekker, men ogs\u00e5 akne og merker for\u00e5rsaket av frie radikaler.<\/p>\n<p><strong>Probiotika (Lactococcus Ferment Lysate)<\/strong><br \/>\nVirker anti-aging, beroligende og fuktighetsgivende. Den \u00f8ker celle\u00e5nding, cellemetabolisme og kollagenproduksjon, noe som reduserer risikoen for r\u00f8dhet og irritasjon. Probiotikaen stimulerer hudfornyelse, opprettholder hudbarrieren og bidrar til \u00e5 bevare hudens og de ytre slimhinnenes fysiologiske pH.<\/p>\n<p><strong>Propolisekstrakt<\/strong><br \/>\nEt kraftfullt, naturlig antibakterielt ekstrakt med deodoriserende, oppfriskende og beroligende effekt, ogs\u00e5 velegnet for r\u00f8d eller sensitiv hud.<\/p>\n","protected":false},"excerpt":{"rendered":"<p><strong>Engangs intimplettservietter<\/strong><\/p>\n<p>Disse engangs intimplettserviettene er utviklet for \u00e5 rengj\u00f8re, friske opp og berolige intimomr\u00e5det p\u00e5 en praktisk og rask m\u00e5te. Den antibakterielle, pH-tilpassede formelen er mild, men effektiv. Den eksklusive s\u00f8te og blomstrete duften er fri for allergener og spesielt utviklet med hensyn til intimsonen. Ha dem alltid med deg for \u00e5 f\u00f8le deg ren, fuktet og beskyttet \u2013 uansett hvor du befinner deg.<\/p>\n<p><strong>Fordeler:<\/strong><br \/>\nRensende \u00b7 Oppfriskende \u00b7 Beroligende \u00b7 Antibakteriell \u00b7 Fuktighetsgivende<\/p>\n","protected":false},"featured_media":21078,"comment_status":"open","ping_status":"closed","template":"","meta":[],"product_brand":[],"product_cat":[225],"product_tag":[],"class_list":{"0":"post-21101","1":"product","2":"type-product","3":"status-publish","4":"has-post-thumbnail","6":"product_cat-kysh-intimpleie","8":"first","9":"instock","10":"taxable","11":"shipping-taxable","12":"purchasable","13":"product-type-simple"},"yoast_head":"<!-- This site is optimized with the Yoast SEO plugin v27.3 - https:\/\/yoast.com\/product\/yoast-seo-wordpress\/ -->\n<title>Intimate Wipes 6stk - Lycon - for private<\/title>\n<meta name=\"robots\" content=\"index, follow, max-snippet:-1, max-image-preview:large, max-video-preview:-1\" \/>\n<link rel=\"canonical\" href=\"https:\/\/lyconnordic.no\/privat\/produkt\/intimate-wipes-6stk\/\" \/>\n<meta property=\"og:locale\" content=\"nb_NO\" \/>\n<meta property=\"og:type\" content=\"article\" \/>\n<meta property=\"og:title\" content=\"Intimate Wipes 6stk - Lycon - for private\" \/>\n<meta property=\"og:description\" content=\"Engangs intimplettservietter  Disse engangs intimplettserviettene er utviklet for \u00e5 rengj\u00f8re, friske opp og berolige intimomr\u00e5det p\u00e5 en praktisk og rask m\u00e5te. Den antibakterielle, pH-tilpassede formelen er mild, men effektiv. Den eksklusive s\u00f8te og blomstrete duften er fri for allergener og spesielt utviklet med hensyn til intimsonen. Ha dem alltid med deg for \u00e5 f\u00f8le deg ren, fuktet og beskyttet \u2013 uansett hvor du befinner deg.  Fordeler: Rensende \u00b7 Oppfriskende \u00b7 Beroligende \u00b7 Antibakteriell \u00b7 Fuktighetsgivende\" \/>\n<meta property=\"og:url\" content=\"https:\/\/lyconnordic.no\/privat\/produkt\/intimate-wipes-6stk\/\" \/>\n<meta property=\"og:site_name\" content=\"Lycon - for private\" \/>\n<meta property=\"article:modified_time\" content=\"2026-02-11T11:05:33+00:00\" \/>\n<meta property=\"og:image\" content=\"https:\/\/lyconnordic.no\/privat\/wp-content\/uploads\/2025\/12\/8388779137892_KYSH-INTIMATE-WIPES_Pack-6_1-scaled.jpg\" \/>\n\t<meta property=\"og:image:width\" content=\"1920\" \/>\n\t<meta property=\"og:image:height\" content=\"2560\" \/>\n\t<meta property=\"og:image:type\" content=\"image\/jpeg\" \/>\n<meta name=\"twitter:card\" content=\"summary_large_image\" \/>\n<meta name=\"twitter:label1\" content=\"Ansl. lesetid\" \/>\n\t<meta name=\"twitter:data1\" content=\"2 minutter\" \/>\n<script type=\"application\/ld+json\" class=\"yoast-schema-graph\">{\"@context\":\"https:\\\/\\\/schema.org\",\"@graph\":[{\"@type\":\"WebPage\",\"@id\":\"https:\\\/\\\/lyconnordic.no\\\/privat\\\/produkt\\\/intimate-wipes-6stk\\\/\",\"url\":\"https:\\\/\\\/lyconnordic.no\\\/privat\\\/produkt\\\/intimate-wipes-6stk\\\/\",\"name\":\"Intimate Wipes 6stk - Lycon - for private\",\"isPartOf\":{\"@id\":\"https:\\\/\\\/lyconnordic.no\\\/privat\\\/#website\"},\"primaryImageOfPage\":{\"@id\":\"https:\\\/\\\/lyconnordic.no\\\/privat\\\/produkt\\\/intimate-wipes-6stk\\\/#primaryimage\"},\"image\":{\"@id\":\"https:\\\/\\\/lyconnordic.no\\\/privat\\\/produkt\\\/intimate-wipes-6stk\\\/#primaryimage\"},\"thumbnailUrl\":\"https:\\\/\\\/lyconnordic.no\\\/privat\\\/wp-content\\\/uploads\\\/2025\\\/12\\\/8388779137892_KYSH-INTIMATE-WIPES_Pack-6_1-scaled.jpg\",\"datePublished\":\"2026-02-11T10:59:30+00:00\",\"dateModified\":\"2026-02-11T11:05:33+00:00\",\"breadcrumb\":{\"@id\":\"https:\\\/\\\/lyconnordic.no\\\/privat\\\/produkt\\\/intimate-wipes-6stk\\\/#breadcrumb\"},\"inLanguage\":\"nb-NO\",\"potentialAction\":[{\"@type\":\"ReadAction\",\"target\":[\"https:\\\/\\\/lyconnordic.no\\\/privat\\\/produkt\\\/intimate-wipes-6stk\\\/\"]}]},{\"@type\":\"ImageObject\",\"inLanguage\":\"nb-NO\",\"@id\":\"https:\\\/\\\/lyconnordic.no\\\/privat\\\/produkt\\\/intimate-wipes-6stk\\\/#primaryimage\",\"url\":\"https:\\\/\\\/lyconnordic.no\\\/privat\\\/wp-content\\\/uploads\\\/2025\\\/12\\\/8388779137892_KYSH-INTIMATE-WIPES_Pack-6_1-scaled.jpg\",\"contentUrl\":\"https:\\\/\\\/lyconnordic.no\\\/privat\\\/wp-content\\\/uploads\\\/2025\\\/12\\\/8388779137892_KYSH-INTIMATE-WIPES_Pack-6_1-scaled.jpg\",\"width\":1920,\"height\":2560},{\"@type\":\"BreadcrumbList\",\"@id\":\"https:\\\/\\\/lyconnordic.no\\\/privat\\\/produkt\\\/intimate-wipes-6stk\\\/#breadcrumb\",\"itemListElement\":[{\"@type\":\"ListItem\",\"position\":1,\"name\":\"Hjem\",\"item\":\"https:\\\/\\\/lyconnordic.no\\\/privat\\\/\"},{\"@type\":\"ListItem\",\"position\":2,\"name\":\"Produkter\",\"item\":\"https:\\\/\\\/lyconnordic.no\\\/privat\\\/produkter\\\/\"},{\"@type\":\"ListItem\",\"position\":3,\"name\":\"Intimate Wipes 6stk\"}]},{\"@type\":\"WebSite\",\"@id\":\"https:\\\/\\\/lyconnordic.no\\\/privat\\\/#website\",\"url\":\"https:\\\/\\\/lyconnordic.no\\\/privat\\\/\",\"name\":\"Lycon - for private\",\"description\":\"Australias voksmerke #1\",\"potentialAction\":[{\"@type\":\"SearchAction\",\"target\":{\"@type\":\"EntryPoint\",\"urlTemplate\":\"https:\\\/\\\/lyconnordic.no\\\/privat\\\/?s={search_term_string}\"},\"query-input\":{\"@type\":\"PropertyValueSpecification\",\"valueRequired\":true,\"valueName\":\"search_term_string\"}}],\"inLanguage\":\"nb-NO\"}]}<\/script>\n<!-- \/ Yoast SEO plugin. -->","yoast_head_json":{"title":"Intimate Wipes 6stk - Lycon - for private","robots":{"index":"index","follow":"follow","max-snippet":"max-snippet:-1","max-image-preview":"max-image-preview:large","max-video-preview":"max-video-preview:-1"},"canonical":"https:\/\/lyconnordic.no\/privat\/produkt\/intimate-wipes-6stk\/","og_locale":"nb_NO","og_type":"article","og_title":"Intimate Wipes 6stk - Lycon - for private","og_description":"Engangs intimplettservietter  Disse engangs intimplettserviettene er utviklet for \u00e5 rengj\u00f8re, friske opp og berolige intimomr\u00e5det p\u00e5 en praktisk og rask m\u00e5te. Den antibakterielle, pH-tilpassede formelen er mild, men effektiv. Den eksklusive s\u00f8te og blomstrete duften er fri for allergener og spesielt utviklet med hensyn til intimsonen. Ha dem alltid med deg for \u00e5 f\u00f8le deg ren, fuktet og beskyttet \u2013 uansett hvor du befinner deg.  Fordeler: Rensende \u00b7 Oppfriskende \u00b7 Beroligende \u00b7 Antibakteriell \u00b7 Fuktighetsgivende","og_url":"https:\/\/lyconnordic.no\/privat\/produkt\/intimate-wipes-6stk\/","og_site_name":"Lycon - for private","article_modified_time":"2026-02-11T11:05:33+00:00","og_image":[{"width":1920,"height":2560,"url":"https:\/\/lyconnordic.no\/privat\/wp-content\/uploads\/2025\/12\/8388779137892_KYSH-INTIMATE-WIPES_Pack-6_1-scaled.jpg","type":"image\/jpeg"}],"twitter_card":"summary_large_image","twitter_misc":{"Ansl. lesetid":"2 minutter"},"schema":{"@context":"https:\/\/schema.org","@graph":[{"@type":"WebPage","@id":"https:\/\/lyconnordic.no\/privat\/produkt\/intimate-wipes-6stk\/","url":"https:\/\/lyconnordic.no\/privat\/produkt\/intimate-wipes-6stk\/","name":"Intimate Wipes 6stk - Lycon - for private","isPartOf":{"@id":"https:\/\/lyconnordic.no\/privat\/#website"},"primaryImageOfPage":{"@id":"https:\/\/lyconnordic.no\/privat\/produkt\/intimate-wipes-6stk\/#primaryimage"},"image":{"@id":"https:\/\/lyconnordic.no\/privat\/produkt\/intimate-wipes-6stk\/#primaryimage"},"thumbnailUrl":"https:\/\/lyconnordic.no\/privat\/wp-content\/uploads\/2025\/12\/8388779137892_KYSH-INTIMATE-WIPES_Pack-6_1-scaled.jpg","datePublished":"2026-02-11T10:59:30+00:00","dateModified":"2026-02-11T11:05:33+00:00","breadcrumb":{"@id":"https:\/\/lyconnordic.no\/privat\/produkt\/intimate-wipes-6stk\/#breadcrumb"},"inLanguage":"nb-NO","potentialAction":[{"@type":"ReadAction","target":["https:\/\/lyconnordic.no\/privat\/produkt\/intimate-wipes-6stk\/"]}]},{"@type":"ImageObject","inLanguage":"nb-NO","@id":"https:\/\/lyconnordic.no\/privat\/produkt\/intimate-wipes-6stk\/#primaryimage","url":"https:\/\/lyconnordic.no\/privat\/wp-content\/uploads\/2025\/12\/8388779137892_KYSH-INTIMATE-WIPES_Pack-6_1-scaled.jpg","contentUrl":"https:\/\/lyconnordic.no\/privat\/wp-content\/uploads\/2025\/12\/8388779137892_KYSH-INTIMATE-WIPES_Pack-6_1-scaled.jpg","width":1920,"height":2560},{"@type":"BreadcrumbList","@id":"https:\/\/lyconnordic.no\/privat\/produkt\/intimate-wipes-6stk\/#breadcrumb","itemListElement":[{"@type":"ListItem","position":1,"name":"Hjem","item":"https:\/\/lyconnordic.no\/privat\/"},{"@type":"ListItem","position":2,"name":"Produkter","item":"https:\/\/lyconnordic.no\/privat\/produkter\/"},{"@type":"ListItem","position":3,"name":"Intimate Wipes 6stk"}]},{"@type":"WebSite","@id":"https:\/\/lyconnordic.no\/privat\/#website","url":"https:\/\/lyconnordic.no\/privat\/","name":"Lycon - for private","description":"Australias voksmerke #1","potentialAction":[{"@type":"SearchAction","target":{"@type":"EntryPoint","urlTemplate":"https:\/\/lyconnordic.no\/privat\/?s={search_term_string}"},"query-input":{"@type":"PropertyValueSpecification","valueRequired":true,"valueName":"search_term_string"}}],"inLanguage":"nb-NO"}]}},"_links":{"self":[{"href":"https:\/\/lyconnordic.no\/privat\/wp-json\/wp\/v2\/product\/21101","targetHints":{"allow":["GET"]}}],"collection":[{"href":"https:\/\/lyconnordic.no\/privat\/wp-json\/wp\/v2\/product"}],"about":[{"href":"https:\/\/lyconnordic.no\/privat\/wp-json\/wp\/v2\/types\/product"}],"replies":[{"embeddable":true,"href":"https:\/\/lyconnordic.no\/privat\/wp-json\/wp\/v2\/comments?post=21101"}],"version-history":[{"count":2,"href":"https:\/\/lyconnordic.no\/privat\/wp-json\/wp\/v2\/product\/21101\/revisions"}],"predecessor-version":[{"id":21131,"href":"https:\/\/lyconnordic.no\/privat\/wp-json\/wp\/v2\/product\/21101\/revisions\/21131"}],"wp:featuredmedia":[{"embeddable":true,"href":"https:\/\/lyconnordic.no\/privat\/wp-json\/wp\/v2\/media\/21078"}],"wp:attachment":[{"href":"https:\/\/lyconnordic.no\/privat\/wp-json\/wp\/v2\/media?parent=21101"}],"wp:term":[{"taxonomy":"product_brand","embeddable":true,"href":"https:\/\/lyconnordic.no\/privat\/wp-json\/wp\/v2\/product_brand?post=21101"},{"taxonomy":"product_cat","embeddable":true,"href":"https:\/\/lyconnordic.no\/privat\/wp-json\/wp\/v2\/product_cat?post=21101"},{"taxonomy":"product_tag","embeddable":true,"href":"https:\/\/lyconnordic.no\/privat\/wp-json\/wp\/v2\/product_tag?post=21101"}],"curies":[{"name":"wp","href":"https:\/\/api.w.org\/{rel}","templated":true}]}}