{"id":21099,"date":"2026-02-11T11:59:36","date_gmt":"2026-02-11T10:59:36","guid":{"rendered":"https:\/\/lyconnordic.no\/privat\/?post_type=product&#038;p=21099"},"modified":"2026-02-11T12:24:10","modified_gmt":"2026-02-11T11:24:10","slug":"intimate-lightening-cleanser-150ml","status":"publish","type":"product","link":"https:\/\/lyconnordic.no\/privat\/produkt\/intimate-lightening-cleanser-150ml\/","title":{"rendered":"Intimate Lightening Cleanser 150ml"},"content":{"rendered":"<div class=\"flex flex-col text-sm pb-25\">\n<article class=\"text-token-text-primary w-full focus:outline-none [--shadow-height:45px] has-data-writing-block:pointer-events-none has-data-writing-block:-mt-(--shadow-height) has-data-writing-block:pt-(--shadow-height) [&amp;:has([data-writing-block])&gt;*]:pointer-events-auto scroll-mt-[calc(var(--header-height)+min(200px,max(70px,20svh)))]\" dir=\"auto\" tabindex=\"-1\" data-turn-id=\"request-WEB:3d68da95-b3e6-4421-9c40-d35663210061-1\" data-testid=\"conversation-turn-4\" data-scroll-anchor=\"true\" data-turn=\"assistant\">\n<div class=\"text-base my-auto mx-auto pb-10 [--thread-content-margin:--spacing(4)] @w-sm\/main:[--thread-content-margin:--spacing(6)] @w-lg\/main:[--thread-content-margin:--spacing(16)] px-(--thread-content-margin)\">\n<div class=\"[--thread-content-max-width:40rem] @w-lg\/main:[--thread-content-max-width:48rem] mx-auto max-w-(--thread-content-max-width) flex-1 group\/turn-messages focus-visible:outline-hidden relative flex w-full min-w-0 flex-col agent-turn\" tabindex=\"-1\">\n<div class=\"flex max-w-full flex-col grow\">\n<div class=\"min-h-8 text-message relative flex w-full flex-col items-end gap-2 text-start break-words whitespace-normal [.text-message+&amp;]:mt-1\" dir=\"auto\" data-message-author-role=\"assistant\" data-message-id=\"3b16f1f3-407e-4fb1-8cae-22246a35ad4e\" data-message-model-slug=\"gpt-5-2\">\n<div class=\"flex w-full flex-col gap-1 empty:hidden first:pt-[1px]\">\n<div class=\"markdown prose dark:prose-invert w-full wrap-break-word light markdown-new-styling\">\n<p data-start=\"0\" data-end=\"357\"><strong data-start=\"0\" data-end=\"28\">For hvem &amp; hvordan bruke<\/strong><br data-start=\"28\" data-end=\"31\" \/>Denne milde intimrensen er utviklet for daglig hygiene for deg som \u00f8nsker \u00e5 lysne og jevne ut hudtonen i V-sonen p\u00e5 en trygg og effektiv m\u00e5te. Passer for alle hudtyper, inkludert de mest sensitive. Formelen har en pH-verdi mellom 4,5 og 5,5 for \u00e5 respektere den naturlige intime mikrobiotaen, i alle faser av en kvinnes liv.<\/p>\n<p data-start=\"359\" data-end=\"581\">N\u00e5r du \u00f8nsker \u00e5 rense og friske opp intimomr\u00e5det, p\u00e5f\u00f8r en liten mengde p\u00e5 fuktig hud og mass\u00e9r forsiktig med sirkul\u00e6re bevegelser til det skummer lett. Skyll deretter grundig med rikelig med vann. Egnet for daglig bruk.<\/p>\n<p data-start=\"583\" data-end=\"608\"><strong data-start=\"583\" data-end=\"606\">Aktive ingredienser<\/strong><\/p>\n<p data-start=\"610\" data-end=\"813\"><strong data-start=\"610\" data-end=\"635\">Stabilisert vitamin C<\/strong> \u2013 En kraftig antioksidant som stimulerer kollagenproduksjonen, forbedrer elastisitet og hudtone, bekjemper frie radikaler og m\u00f8rke flekker ved \u00e5 hemme produksjonen av melanin.<\/p>\n<p data-start=\"815\" data-end=\"960\"><strong data-start=\"815\" data-end=\"829\">Niacinamid<\/strong> \u2013 Styrker hudbarrieren, reduserer fuktighetstap, demper r\u00f8dhet, lindrer irritasjon og lysner postinflammatoriske pigmentflekker.<\/p>\n<p data-start=\"962\" data-end=\"1025\"><strong data-start=\"962\" data-end=\"978\">Hyaluronsyre<\/strong> \u2013 Gir dyp hydrering og gj\u00f8r huden fyldigere.<\/p>\n<p data-start=\"1027\" data-end=\"1266\"><strong data-start=\"1027\" data-end=\"1040\">Panthenol<\/strong> \u2013 Beroligende, betennelsesdempende og reparerende. Fremmer hudens regenerering. Sammen gir disse ingrediensene langvarig fuktighet, reduserer irritasjon og forbedrer elastisiteten, noe som gj\u00f8r dem ideelle for sensitiv hud.<\/p>\n<p data-start=\"1268\" data-end=\"1466\" data-is-last-node=\"\" data-is-only-node=\"\"><strong data-start=\"1268\" data-end=\"1284\">Unik tekstur<\/strong><br data-start=\"1284\" data-end=\"1287\" \/>Denne ultramilde gelrensen omslutter huden i et sl\u00f8r av friskhet og fuktighet. Den silkemyke teksturen er lett \u00e5 skylle av og etterlater intimomr\u00e5det velduftende, hydrert og mykt.<\/p>\n<\/div>\n<\/div>\n<\/div>\n<\/div>\n<div class=\"z-0 flex min-h-[46px] justify-start\"><\/div>\n<\/div>\n<\/div>\n<\/article>\n<\/div>\n<div class=\"pointer-events-none h-px w-px absolute bottom-0\" aria-hidden=\"true\" data-edge=\"true\"><\/div>\n","protected":false},"excerpt":{"rendered":"<div class=\"woocommerce-product-details__short-description\">\n<div class=\"flex flex-col text-sm pb-25\">\n<article class=\"text-token-text-primary w-full focus:outline-none [--shadow-height:45px] has-data-writing-block:pointer-events-none has-data-writing-block:-mt-(--shadow-height) has-data-writing-block:pt-(--shadow-height) [&amp;:has([data-writing-block])&gt;*]:pointer-events-auto scroll-mt-[calc(var(--header-height)+min(200px,max(70px,20svh)))]\" dir=\"auto\" tabindex=\"-1\" data-turn-id=\"request-WEB:b1afcf06-2f1b-4626-bd60-fbfae095a0fc-1\" data-testid=\"conversation-turn-4\" data-scroll-anchor=\"true\" data-turn=\"assistant\">\n<div class=\"text-base my-auto mx-auto pb-10 [--thread-content-margin:--spacing(4)] @w-sm\/main:[--thread-content-margin:--spacing(6)] @w-lg\/main:[--thread-content-margin:--spacing(16)] px-(--thread-content-margin)\">\n<div class=\"[--thread-content-max-width:40rem] @w-lg\/main:[--thread-content-max-width:48rem] mx-auto max-w-(--thread-content-max-width) flex-1 group\/turn-messages focus-visible:outline-hidden relative flex w-full min-w-0 flex-col agent-turn\" tabindex=\"-1\">\n<div class=\"flex max-w-full flex-col grow\">\n<div class=\"min-h-8 text-message relative flex w-full flex-col items-end gap-2 text-start break-words whitespace-normal [.text-message+&amp;]:mt-1\" dir=\"auto\" data-message-author-role=\"assistant\" data-message-id=\"ab1051a5-ccc8-4f9c-a4a8-daf056a87297\" data-message-model-slug=\"gpt-5-2\">\n<div class=\"flex w-full flex-col gap-1 empty:hidden first:pt-[1px]\">\n<div class=\"markdown prose dark:prose-invert w-full break-words light markdown-new-styling\">\n<p data-start=\"0\" data-end=\"188\">En utjevnende og opplysende intimrens, formulert for \u00e5 hydrere og lysne hudtonen i V-sonen, samtidig som den respekterer mikrobiotaen takket v\u00e6re en balansert pH-verdi mellom 4,5 og 5,5.<\/p>\n<p data-start=\"192\" data-end=\"276\"><strong data-start=\"192\" data-end=\"205\">Virkning:<\/strong><br data-start=\"205\" data-end=\"209\" \/>\u2022 Utjevnende<br data-start=\"221\" data-end=\"225\" data-is-only-node=\"\" \/>\u2022 Opplysende<br data-start=\"237\" data-end=\"241\" \/>\u2022 Rensende<br data-start=\"251\" data-end=\"255\" \/>\u2022 Fuktighetsgivende<\/p>\n<p data-start=\"280\" data-end=\"302\" data-is-last-node=\"\" data-is-only-node=\"\"><strong data-start=\"280\" data-end=\"292\">Innhold:<\/strong><br data-start=\"292\" data-end=\"296\" \/>150 ml<\/p>\n<\/div>\n<\/div>\n<\/div>\n<\/div>\n<div class=\"z-0 flex min-h-[46px] justify-start\"><\/div>\n<\/div>\n<\/div>\n<\/article>\n<\/div>\n<div class=\"pointer-events-none h-px w-px absolute bottom-0\" aria-hidden=\"true\" data-edge=\"true\"><\/div>\n<\/div>\n","protected":false},"featured_media":21083,"comment_status":"open","ping_status":"closed","template":"","meta":[],"product_brand":[],"product_cat":[225],"product_tag":[],"class_list":{"0":"post-21099","1":"product","2":"type-product","3":"status-publish","4":"has-post-thumbnail","6":"product_cat-kysh-intimpleie","8":"first","9":"instock","10":"taxable","11":"shipping-taxable","12":"purchasable","13":"product-type-simple"},"yoast_head":"<!-- This site is optimized with the Yoast SEO plugin v27.3 - https:\/\/yoast.com\/product\/yoast-seo-wordpress\/ -->\n<title>Intimate Lightening Cleanser 150ml - Lycon - for private<\/title>\n<meta name=\"robots\" content=\"index, follow, max-snippet:-1, max-image-preview:large, max-video-preview:-1\" \/>\n<link rel=\"canonical\" href=\"https:\/\/lyconnordic.no\/privat\/produkt\/intimate-lightening-cleanser-150ml\/\" \/>\n<meta property=\"og:locale\" content=\"nb_NO\" \/>\n<meta property=\"og:type\" content=\"article\" \/>\n<meta property=\"og:title\" content=\"Intimate Lightening Cleanser 150ml - Lycon - for private\" \/>\n<meta property=\"og:description\" content=\"En utjevnende og opplysende intimrens, formulert for \u00e5 hydrere og lysne hudtonen i V-sonen, samtidig som den respekterer mikrobiotaen takket v\u00e6re en balansert pH-verdi mellom 4,5 og 5,5. Virkning:\u2022 Utjevnende\u2022 Opplysende\u2022 Rensende\u2022 Fuktighetsgivende Innhold:150 ml\" \/>\n<meta property=\"og:url\" content=\"https:\/\/lyconnordic.no\/privat\/produkt\/intimate-lightening-cleanser-150ml\/\" \/>\n<meta property=\"og:site_name\" content=\"Lycon - for private\" \/>\n<meta property=\"article:modified_time\" content=\"2026-02-11T11:24:10+00:00\" \/>\n<meta property=\"og:image\" content=\"https:\/\/lyconnordic.no\/privat\/wp-content\/uploads\/2025\/12\/8388779137915_Kysh-Cosmetics_Intimate-Lightening-Cleanser_.jpg\" \/>\n\t<meta property=\"og:image:width\" content=\"1500\" \/>\n\t<meta property=\"og:image:height\" content=\"2000\" \/>\n\t<meta property=\"og:image:type\" content=\"image\/jpeg\" \/>\n<meta name=\"twitter:card\" content=\"summary_large_image\" \/>\n<meta name=\"twitter:label1\" content=\"Ansl. lesetid\" \/>\n\t<meta name=\"twitter:data1\" content=\"2 minutter\" \/>\n<script type=\"application\/ld+json\" class=\"yoast-schema-graph\">{\"@context\":\"https:\\\/\\\/schema.org\",\"@graph\":[{\"@type\":\"WebPage\",\"@id\":\"https:\\\/\\\/lyconnordic.no\\\/privat\\\/produkt\\\/intimate-lightening-cleanser-150ml\\\/\",\"url\":\"https:\\\/\\\/lyconnordic.no\\\/privat\\\/produkt\\\/intimate-lightening-cleanser-150ml\\\/\",\"name\":\"Intimate Lightening Cleanser 150ml - Lycon - for private\",\"isPartOf\":{\"@id\":\"https:\\\/\\\/lyconnordic.no\\\/privat\\\/#website\"},\"primaryImageOfPage\":{\"@id\":\"https:\\\/\\\/lyconnordic.no\\\/privat\\\/produkt\\\/intimate-lightening-cleanser-150ml\\\/#primaryimage\"},\"image\":{\"@id\":\"https:\\\/\\\/lyconnordic.no\\\/privat\\\/produkt\\\/intimate-lightening-cleanser-150ml\\\/#primaryimage\"},\"thumbnailUrl\":\"https:\\\/\\\/lyconnordic.no\\\/privat\\\/wp-content\\\/uploads\\\/2025\\\/12\\\/8388779137915_Kysh-Cosmetics_Intimate-Lightening-Cleanser_.jpg\",\"datePublished\":\"2026-02-11T10:59:36+00:00\",\"dateModified\":\"2026-02-11T11:24:10+00:00\",\"breadcrumb\":{\"@id\":\"https:\\\/\\\/lyconnordic.no\\\/privat\\\/produkt\\\/intimate-lightening-cleanser-150ml\\\/#breadcrumb\"},\"inLanguage\":\"nb-NO\",\"potentialAction\":[{\"@type\":\"ReadAction\",\"target\":[\"https:\\\/\\\/lyconnordic.no\\\/privat\\\/produkt\\\/intimate-lightening-cleanser-150ml\\\/\"]}]},{\"@type\":\"ImageObject\",\"inLanguage\":\"nb-NO\",\"@id\":\"https:\\\/\\\/lyconnordic.no\\\/privat\\\/produkt\\\/intimate-lightening-cleanser-150ml\\\/#primaryimage\",\"url\":\"https:\\\/\\\/lyconnordic.no\\\/privat\\\/wp-content\\\/uploads\\\/2025\\\/12\\\/8388779137915_Kysh-Cosmetics_Intimate-Lightening-Cleanser_.jpg\",\"contentUrl\":\"https:\\\/\\\/lyconnordic.no\\\/privat\\\/wp-content\\\/uploads\\\/2025\\\/12\\\/8388779137915_Kysh-Cosmetics_Intimate-Lightening-Cleanser_.jpg\",\"width\":1500,\"height\":2000},{\"@type\":\"BreadcrumbList\",\"@id\":\"https:\\\/\\\/lyconnordic.no\\\/privat\\\/produkt\\\/intimate-lightening-cleanser-150ml\\\/#breadcrumb\",\"itemListElement\":[{\"@type\":\"ListItem\",\"position\":1,\"name\":\"Hjem\",\"item\":\"https:\\\/\\\/lyconnordic.no\\\/privat\\\/\"},{\"@type\":\"ListItem\",\"position\":2,\"name\":\"Produkter\",\"item\":\"https:\\\/\\\/lyconnordic.no\\\/privat\\\/produkter\\\/\"},{\"@type\":\"ListItem\",\"position\":3,\"name\":\"Intimate Lightening Cleanser 150ml\"}]},{\"@type\":\"WebSite\",\"@id\":\"https:\\\/\\\/lyconnordic.no\\\/privat\\\/#website\",\"url\":\"https:\\\/\\\/lyconnordic.no\\\/privat\\\/\",\"name\":\"Lycon - for private\",\"description\":\"Australias voksmerke #1\",\"potentialAction\":[{\"@type\":\"SearchAction\",\"target\":{\"@type\":\"EntryPoint\",\"urlTemplate\":\"https:\\\/\\\/lyconnordic.no\\\/privat\\\/?s={search_term_string}\"},\"query-input\":{\"@type\":\"PropertyValueSpecification\",\"valueRequired\":true,\"valueName\":\"search_term_string\"}}],\"inLanguage\":\"nb-NO\"}]}<\/script>\n<!-- \/ Yoast SEO plugin. -->","yoast_head_json":{"title":"Intimate Lightening Cleanser 150ml - Lycon - for private","robots":{"index":"index","follow":"follow","max-snippet":"max-snippet:-1","max-image-preview":"max-image-preview:large","max-video-preview":"max-video-preview:-1"},"canonical":"https:\/\/lyconnordic.no\/privat\/produkt\/intimate-lightening-cleanser-150ml\/","og_locale":"nb_NO","og_type":"article","og_title":"Intimate Lightening Cleanser 150ml - Lycon - for private","og_description":"En utjevnende og opplysende intimrens, formulert for \u00e5 hydrere og lysne hudtonen i V-sonen, samtidig som den respekterer mikrobiotaen takket v\u00e6re en balansert pH-verdi mellom 4,5 og 5,5. Virkning:\u2022 Utjevnende\u2022 Opplysende\u2022 Rensende\u2022 Fuktighetsgivende Innhold:150 ml","og_url":"https:\/\/lyconnordic.no\/privat\/produkt\/intimate-lightening-cleanser-150ml\/","og_site_name":"Lycon - for private","article_modified_time":"2026-02-11T11:24:10+00:00","og_image":[{"width":1500,"height":2000,"url":"https:\/\/lyconnordic.no\/privat\/wp-content\/uploads\/2025\/12\/8388779137915_Kysh-Cosmetics_Intimate-Lightening-Cleanser_.jpg","type":"image\/jpeg"}],"twitter_card":"summary_large_image","twitter_misc":{"Ansl. lesetid":"2 minutter"},"schema":{"@context":"https:\/\/schema.org","@graph":[{"@type":"WebPage","@id":"https:\/\/lyconnordic.no\/privat\/produkt\/intimate-lightening-cleanser-150ml\/","url":"https:\/\/lyconnordic.no\/privat\/produkt\/intimate-lightening-cleanser-150ml\/","name":"Intimate Lightening Cleanser 150ml - Lycon - for private","isPartOf":{"@id":"https:\/\/lyconnordic.no\/privat\/#website"},"primaryImageOfPage":{"@id":"https:\/\/lyconnordic.no\/privat\/produkt\/intimate-lightening-cleanser-150ml\/#primaryimage"},"image":{"@id":"https:\/\/lyconnordic.no\/privat\/produkt\/intimate-lightening-cleanser-150ml\/#primaryimage"},"thumbnailUrl":"https:\/\/lyconnordic.no\/privat\/wp-content\/uploads\/2025\/12\/8388779137915_Kysh-Cosmetics_Intimate-Lightening-Cleanser_.jpg","datePublished":"2026-02-11T10:59:36+00:00","dateModified":"2026-02-11T11:24:10+00:00","breadcrumb":{"@id":"https:\/\/lyconnordic.no\/privat\/produkt\/intimate-lightening-cleanser-150ml\/#breadcrumb"},"inLanguage":"nb-NO","potentialAction":[{"@type":"ReadAction","target":["https:\/\/lyconnordic.no\/privat\/produkt\/intimate-lightening-cleanser-150ml\/"]}]},{"@type":"ImageObject","inLanguage":"nb-NO","@id":"https:\/\/lyconnordic.no\/privat\/produkt\/intimate-lightening-cleanser-150ml\/#primaryimage","url":"https:\/\/lyconnordic.no\/privat\/wp-content\/uploads\/2025\/12\/8388779137915_Kysh-Cosmetics_Intimate-Lightening-Cleanser_.jpg","contentUrl":"https:\/\/lyconnordic.no\/privat\/wp-content\/uploads\/2025\/12\/8388779137915_Kysh-Cosmetics_Intimate-Lightening-Cleanser_.jpg","width":1500,"height":2000},{"@type":"BreadcrumbList","@id":"https:\/\/lyconnordic.no\/privat\/produkt\/intimate-lightening-cleanser-150ml\/#breadcrumb","itemListElement":[{"@type":"ListItem","position":1,"name":"Hjem","item":"https:\/\/lyconnordic.no\/privat\/"},{"@type":"ListItem","position":2,"name":"Produkter","item":"https:\/\/lyconnordic.no\/privat\/produkter\/"},{"@type":"ListItem","position":3,"name":"Intimate Lightening Cleanser 150ml"}]},{"@type":"WebSite","@id":"https:\/\/lyconnordic.no\/privat\/#website","url":"https:\/\/lyconnordic.no\/privat\/","name":"Lycon - for private","description":"Australias voksmerke #1","potentialAction":[{"@type":"SearchAction","target":{"@type":"EntryPoint","urlTemplate":"https:\/\/lyconnordic.no\/privat\/?s={search_term_string}"},"query-input":{"@type":"PropertyValueSpecification","valueRequired":true,"valueName":"search_term_string"}}],"inLanguage":"nb-NO"}]}},"_links":{"self":[{"href":"https:\/\/lyconnordic.no\/privat\/wp-json\/wp\/v2\/product\/21099","targetHints":{"allow":["GET"]}}],"collection":[{"href":"https:\/\/lyconnordic.no\/privat\/wp-json\/wp\/v2\/product"}],"about":[{"href":"https:\/\/lyconnordic.no\/privat\/wp-json\/wp\/v2\/types\/product"}],"replies":[{"embeddable":true,"href":"https:\/\/lyconnordic.no\/privat\/wp-json\/wp\/v2\/comments?post=21099"}],"version-history":[{"count":4,"href":"https:\/\/lyconnordic.no\/privat\/wp-json\/wp\/v2\/product\/21099\/revisions"}],"predecessor-version":[{"id":21140,"href":"https:\/\/lyconnordic.no\/privat\/wp-json\/wp\/v2\/product\/21099\/revisions\/21140"}],"wp:featuredmedia":[{"embeddable":true,"href":"https:\/\/lyconnordic.no\/privat\/wp-json\/wp\/v2\/media\/21083"}],"wp:attachment":[{"href":"https:\/\/lyconnordic.no\/privat\/wp-json\/wp\/v2\/media?parent=21099"}],"wp:term":[{"taxonomy":"product_brand","embeddable":true,"href":"https:\/\/lyconnordic.no\/privat\/wp-json\/wp\/v2\/product_brand?post=21099"},{"taxonomy":"product_cat","embeddable":true,"href":"https:\/\/lyconnordic.no\/privat\/wp-json\/wp\/v2\/product_cat?post=21099"},{"taxonomy":"product_tag","embeddable":true,"href":"https:\/\/lyconnordic.no\/privat\/wp-json\/wp\/v2\/product_tag?post=21099"}],"curies":[{"name":"wp","href":"https:\/\/api.w.org\/{rel}","templated":true}]}}