{"id":21097,"date":"2026-02-11T11:59:44","date_gmt":"2026-02-11T10:59:44","guid":{"rendered":"https:\/\/lyconnordic.no\/privat\/?post_type=product&#038;p=21097"},"modified":"2026-02-11T12:07:42","modified_gmt":"2026-02-11T11:07:42","slug":"intimate-gentle-cleanser-150ml","status":"publish","type":"product","link":"https:\/\/lyconnordic.no\/privat\/produkt\/intimate-gentle-cleanser-150ml\/","title":{"rendered":"Intimate Gentle Cleanser 150ml"},"content":{"rendered":"<p><strong>For hvem og hvordan den brukes<\/strong><\/p>\n<p>Denne beroligende og fuktighetsgivende intimvasken er utviklet for daglig bruk og passer for alle hudtyper, ogs\u00e5 sensitiv og sart hud. Den kan brukes under graviditet, overgangsalder og i alle faser av menstruasjonssyklusen.<\/p>\n<p>Det n\u00f8ytrale pH-niv\u00e5et gj\u00f8r produktet egnet for b\u00e5de yngre og mer moden hud.<\/p>\n<p><strong>Slik bruker du produktet:<\/strong><\/p>\n<ul>\n<li>P\u00e5f\u00f8res p\u00e5 fuktig hud.<\/li>\n<li>Masser forsiktig inn p\u00e5 ytre deler med sirkul\u00e6re bevegelser til produktet skummer lett.<\/li>\n<li>Skyll grundig av med rikelig, lunkent vann.<\/li>\n<\/ul>\n<p><strong>Unik konsistens<\/strong><br \/>\nDen silkeaktige gel-rensen myker opp og gir en oppfriskende f\u00f8lelse. Den er lett \u00e5 skylle av og etterlater huden ren, fuktet, velduftende og myk.<\/p>\n<p><strong>Aktive ingredienser:<\/strong><\/p>\n<p><strong>Kamilleblomstekstrakt<\/strong><br \/>\nEn velkjent medisinsk plante med beroligende og beskyttende egenskaper. Rik p\u00e5 flavonoider med antioksidant- og antiinflammatorisk effekt, som bidrar til \u00e5 lindre irritasjon og sensitivitet \u2013 ogs\u00e5 hos allergiutsatt hud.<\/p>\n<p><strong>Gr\u00f8nn te-ekstrakt<\/strong><br \/>\nEn kraftfull antioksidant som beroliger irritert hud, reduserer r\u00f8dhet og hevelse, og gir intensiv fuktighet. Rik p\u00e5 vitaminer og mineraler som hjelper huden \u00e5 holde seg frisk og velpleid over tid.<\/p>\n<p><strong>Granatepleekstrakt<\/strong><br \/>\nMed sine fuktighetsgivende, beroligende og antioksidative egenskaper er granatepleekstrakt ideelt for t\u00f8rr, moden og\/eller irritert hud. Lindrer s\u00e5rhet, r\u00f8dhet og irritasjon, ogs\u00e5 etter h\u00e5rfjerning.<\/p>\n","protected":false},"excerpt":{"rendered":"<p><strong>Sk\u00e5nsom intimvask<\/strong><\/p>\n<p>En sk\u00e5nsom intimvask for daglig bruk, egnet for alle hudtyper \u2013 ogs\u00e5 den mest sensitive. Den milde formelen rengj\u00f8r effektivt uten \u00e5 t\u00f8rke ut huden, og etterlater huden ren, fuktet og fl\u00f8yelsmyk med en behagelig duft.<\/p>\n<p><strong>Fordeler:<\/strong><br \/>\nFuktighetsgivende \u00b7 Beroligende \u00b7 Sk\u00e5nsom \u00b7 Beskyttende<\/p>\n","protected":false},"featured_media":21075,"comment_status":"open","ping_status":"closed","template":"","meta":[],"product_brand":[],"product_cat":[225],"product_tag":[],"class_list":{"0":"post-21097","1":"product","2":"type-product","3":"status-publish","4":"has-post-thumbnail","6":"product_cat-kysh-intimpleie","8":"first","9":"instock","10":"taxable","11":"shipping-taxable","12":"purchasable","13":"product-type-simple"},"yoast_head":"<!-- This site is optimized with the Yoast SEO plugin v27.3 - https:\/\/yoast.com\/product\/yoast-seo-wordpress\/ -->\n<title>Intimate Gentle Cleanser 150ml - Lycon - for private<\/title>\n<meta name=\"robots\" content=\"index, follow, max-snippet:-1, max-image-preview:large, max-video-preview:-1\" \/>\n<link rel=\"canonical\" href=\"https:\/\/lyconnordic.no\/privat\/produkt\/intimate-gentle-cleanser-150ml\/\" \/>\n<meta property=\"og:locale\" content=\"nb_NO\" \/>\n<meta property=\"og:type\" content=\"article\" \/>\n<meta property=\"og:title\" content=\"Intimate Gentle Cleanser 150ml - Lycon - for private\" \/>\n<meta property=\"og:description\" content=\"Sk\u00e5nsom intimvask  En sk\u00e5nsom intimvask for daglig bruk, egnet for alle hudtyper \u2013 ogs\u00e5 den mest sensitive. Den milde formelen rengj\u00f8r effektivt uten \u00e5 t\u00f8rke ut huden, og etterlater huden ren, fuktet og fl\u00f8yelsmyk med en behagelig duft.  Fordeler: Fuktighetsgivende \u00b7 Beroligende \u00b7 Sk\u00e5nsom \u00b7 Beskyttende\" \/>\n<meta property=\"og:url\" content=\"https:\/\/lyconnordic.no\/privat\/produkt\/intimate-gentle-cleanser-150ml\/\" \/>\n<meta property=\"og:site_name\" content=\"Lycon - for private\" \/>\n<meta property=\"article:modified_time\" content=\"2026-02-11T11:07:42+00:00\" \/>\n<meta property=\"og:image\" content=\"https:\/\/lyconnordic.no\/privat\/wp-content\/uploads\/2025\/12\/8388779137885_Kysh-Cosmetics_Intimate-Gentle-Cleanser_2.jpg\" \/>\n\t<meta property=\"og:image:width\" content=\"1500\" \/>\n\t<meta property=\"og:image:height\" content=\"2000\" \/>\n\t<meta property=\"og:image:type\" content=\"image\/jpeg\" \/>\n<meta name=\"twitter:card\" content=\"summary_large_image\" \/>\n<meta name=\"twitter:label1\" content=\"Ansl. lesetid\" \/>\n\t<meta name=\"twitter:data1\" content=\"1 minutt\" \/>\n<script type=\"application\/ld+json\" class=\"yoast-schema-graph\">{\"@context\":\"https:\\\/\\\/schema.org\",\"@graph\":[{\"@type\":\"WebPage\",\"@id\":\"https:\\\/\\\/lyconnordic.no\\\/privat\\\/produkt\\\/intimate-gentle-cleanser-150ml\\\/\",\"url\":\"https:\\\/\\\/lyconnordic.no\\\/privat\\\/produkt\\\/intimate-gentle-cleanser-150ml\\\/\",\"name\":\"Intimate Gentle Cleanser 150ml - Lycon - for private\",\"isPartOf\":{\"@id\":\"https:\\\/\\\/lyconnordic.no\\\/privat\\\/#website\"},\"primaryImageOfPage\":{\"@id\":\"https:\\\/\\\/lyconnordic.no\\\/privat\\\/produkt\\\/intimate-gentle-cleanser-150ml\\\/#primaryimage\"},\"image\":{\"@id\":\"https:\\\/\\\/lyconnordic.no\\\/privat\\\/produkt\\\/intimate-gentle-cleanser-150ml\\\/#primaryimage\"},\"thumbnailUrl\":\"https:\\\/\\\/lyconnordic.no\\\/privat\\\/wp-content\\\/uploads\\\/2025\\\/12\\\/8388779137885_Kysh-Cosmetics_Intimate-Gentle-Cleanser_2.jpg\",\"datePublished\":\"2026-02-11T10:59:44+00:00\",\"dateModified\":\"2026-02-11T11:07:42+00:00\",\"breadcrumb\":{\"@id\":\"https:\\\/\\\/lyconnordic.no\\\/privat\\\/produkt\\\/intimate-gentle-cleanser-150ml\\\/#breadcrumb\"},\"inLanguage\":\"nb-NO\",\"potentialAction\":[{\"@type\":\"ReadAction\",\"target\":[\"https:\\\/\\\/lyconnordic.no\\\/privat\\\/produkt\\\/intimate-gentle-cleanser-150ml\\\/\"]}]},{\"@type\":\"ImageObject\",\"inLanguage\":\"nb-NO\",\"@id\":\"https:\\\/\\\/lyconnordic.no\\\/privat\\\/produkt\\\/intimate-gentle-cleanser-150ml\\\/#primaryimage\",\"url\":\"https:\\\/\\\/lyconnordic.no\\\/privat\\\/wp-content\\\/uploads\\\/2025\\\/12\\\/8388779137885_Kysh-Cosmetics_Intimate-Gentle-Cleanser_2.jpg\",\"contentUrl\":\"https:\\\/\\\/lyconnordic.no\\\/privat\\\/wp-content\\\/uploads\\\/2025\\\/12\\\/8388779137885_Kysh-Cosmetics_Intimate-Gentle-Cleanser_2.jpg\",\"width\":1500,\"height\":2000},{\"@type\":\"BreadcrumbList\",\"@id\":\"https:\\\/\\\/lyconnordic.no\\\/privat\\\/produkt\\\/intimate-gentle-cleanser-150ml\\\/#breadcrumb\",\"itemListElement\":[{\"@type\":\"ListItem\",\"position\":1,\"name\":\"Hjem\",\"item\":\"https:\\\/\\\/lyconnordic.no\\\/privat\\\/\"},{\"@type\":\"ListItem\",\"position\":2,\"name\":\"Produkter\",\"item\":\"https:\\\/\\\/lyconnordic.no\\\/privat\\\/produkter\\\/\"},{\"@type\":\"ListItem\",\"position\":3,\"name\":\"Intimate Gentle Cleanser 150ml\"}]},{\"@type\":\"WebSite\",\"@id\":\"https:\\\/\\\/lyconnordic.no\\\/privat\\\/#website\",\"url\":\"https:\\\/\\\/lyconnordic.no\\\/privat\\\/\",\"name\":\"Lycon - for private\",\"description\":\"Australias voksmerke #1\",\"potentialAction\":[{\"@type\":\"SearchAction\",\"target\":{\"@type\":\"EntryPoint\",\"urlTemplate\":\"https:\\\/\\\/lyconnordic.no\\\/privat\\\/?s={search_term_string}\"},\"query-input\":{\"@type\":\"PropertyValueSpecification\",\"valueRequired\":true,\"valueName\":\"search_term_string\"}}],\"inLanguage\":\"nb-NO\"}]}<\/script>\n<!-- \/ Yoast SEO plugin. -->","yoast_head_json":{"title":"Intimate Gentle Cleanser 150ml - Lycon - for private","robots":{"index":"index","follow":"follow","max-snippet":"max-snippet:-1","max-image-preview":"max-image-preview:large","max-video-preview":"max-video-preview:-1"},"canonical":"https:\/\/lyconnordic.no\/privat\/produkt\/intimate-gentle-cleanser-150ml\/","og_locale":"nb_NO","og_type":"article","og_title":"Intimate Gentle Cleanser 150ml - Lycon - for private","og_description":"Sk\u00e5nsom intimvask  En sk\u00e5nsom intimvask for daglig bruk, egnet for alle hudtyper \u2013 ogs\u00e5 den mest sensitive. Den milde formelen rengj\u00f8r effektivt uten \u00e5 t\u00f8rke ut huden, og etterlater huden ren, fuktet og fl\u00f8yelsmyk med en behagelig duft.  Fordeler: Fuktighetsgivende \u00b7 Beroligende \u00b7 Sk\u00e5nsom \u00b7 Beskyttende","og_url":"https:\/\/lyconnordic.no\/privat\/produkt\/intimate-gentle-cleanser-150ml\/","og_site_name":"Lycon - for private","article_modified_time":"2026-02-11T11:07:42+00:00","og_image":[{"width":1500,"height":2000,"url":"https:\/\/lyconnordic.no\/privat\/wp-content\/uploads\/2025\/12\/8388779137885_Kysh-Cosmetics_Intimate-Gentle-Cleanser_2.jpg","type":"image\/jpeg"}],"twitter_card":"summary_large_image","twitter_misc":{"Ansl. lesetid":"1 minutt"},"schema":{"@context":"https:\/\/schema.org","@graph":[{"@type":"WebPage","@id":"https:\/\/lyconnordic.no\/privat\/produkt\/intimate-gentle-cleanser-150ml\/","url":"https:\/\/lyconnordic.no\/privat\/produkt\/intimate-gentle-cleanser-150ml\/","name":"Intimate Gentle Cleanser 150ml - Lycon - for private","isPartOf":{"@id":"https:\/\/lyconnordic.no\/privat\/#website"},"primaryImageOfPage":{"@id":"https:\/\/lyconnordic.no\/privat\/produkt\/intimate-gentle-cleanser-150ml\/#primaryimage"},"image":{"@id":"https:\/\/lyconnordic.no\/privat\/produkt\/intimate-gentle-cleanser-150ml\/#primaryimage"},"thumbnailUrl":"https:\/\/lyconnordic.no\/privat\/wp-content\/uploads\/2025\/12\/8388779137885_Kysh-Cosmetics_Intimate-Gentle-Cleanser_2.jpg","datePublished":"2026-02-11T10:59:44+00:00","dateModified":"2026-02-11T11:07:42+00:00","breadcrumb":{"@id":"https:\/\/lyconnordic.no\/privat\/produkt\/intimate-gentle-cleanser-150ml\/#breadcrumb"},"inLanguage":"nb-NO","potentialAction":[{"@type":"ReadAction","target":["https:\/\/lyconnordic.no\/privat\/produkt\/intimate-gentle-cleanser-150ml\/"]}]},{"@type":"ImageObject","inLanguage":"nb-NO","@id":"https:\/\/lyconnordic.no\/privat\/produkt\/intimate-gentle-cleanser-150ml\/#primaryimage","url":"https:\/\/lyconnordic.no\/privat\/wp-content\/uploads\/2025\/12\/8388779137885_Kysh-Cosmetics_Intimate-Gentle-Cleanser_2.jpg","contentUrl":"https:\/\/lyconnordic.no\/privat\/wp-content\/uploads\/2025\/12\/8388779137885_Kysh-Cosmetics_Intimate-Gentle-Cleanser_2.jpg","width":1500,"height":2000},{"@type":"BreadcrumbList","@id":"https:\/\/lyconnordic.no\/privat\/produkt\/intimate-gentle-cleanser-150ml\/#breadcrumb","itemListElement":[{"@type":"ListItem","position":1,"name":"Hjem","item":"https:\/\/lyconnordic.no\/privat\/"},{"@type":"ListItem","position":2,"name":"Produkter","item":"https:\/\/lyconnordic.no\/privat\/produkter\/"},{"@type":"ListItem","position":3,"name":"Intimate Gentle Cleanser 150ml"}]},{"@type":"WebSite","@id":"https:\/\/lyconnordic.no\/privat\/#website","url":"https:\/\/lyconnordic.no\/privat\/","name":"Lycon - for private","description":"Australias voksmerke #1","potentialAction":[{"@type":"SearchAction","target":{"@type":"EntryPoint","urlTemplate":"https:\/\/lyconnordic.no\/privat\/?s={search_term_string}"},"query-input":{"@type":"PropertyValueSpecification","valueRequired":true,"valueName":"search_term_string"}}],"inLanguage":"nb-NO"}]}},"_links":{"self":[{"href":"https:\/\/lyconnordic.no\/privat\/wp-json\/wp\/v2\/product\/21097","targetHints":{"allow":["GET"]}}],"collection":[{"href":"https:\/\/lyconnordic.no\/privat\/wp-json\/wp\/v2\/product"}],"about":[{"href":"https:\/\/lyconnordic.no\/privat\/wp-json\/wp\/v2\/types\/product"}],"replies":[{"embeddable":true,"href":"https:\/\/lyconnordic.no\/privat\/wp-json\/wp\/v2\/comments?post=21097"}],"version-history":[{"count":2,"href":"https:\/\/lyconnordic.no\/privat\/wp-json\/wp\/v2\/product\/21097\/revisions"}],"predecessor-version":[{"id":21133,"href":"https:\/\/lyconnordic.no\/privat\/wp-json\/wp\/v2\/product\/21097\/revisions\/21133"}],"wp:featuredmedia":[{"embeddable":true,"href":"https:\/\/lyconnordic.no\/privat\/wp-json\/wp\/v2\/media\/21075"}],"wp:attachment":[{"href":"https:\/\/lyconnordic.no\/privat\/wp-json\/wp\/v2\/media?parent=21097"}],"wp:term":[{"taxonomy":"product_brand","embeddable":true,"href":"https:\/\/lyconnordic.no\/privat\/wp-json\/wp\/v2\/product_brand?post=21097"},{"taxonomy":"product_cat","embeddable":true,"href":"https:\/\/lyconnordic.no\/privat\/wp-json\/wp\/v2\/product_cat?post=21097"},{"taxonomy":"product_tag","embeddable":true,"href":"https:\/\/lyconnordic.no\/privat\/wp-json\/wp\/v2\/product_tag?post=21097"}],"curies":[{"name":"wp","href":"https:\/\/api.w.org\/{rel}","templated":true}]}}