{"id":21093,"date":"2026-02-11T11:59:59","date_gmt":"2026-02-11T10:59:59","guid":{"rendered":"https:\/\/lyconnordic.no\/privat\/?post_type=product&#038;p=21093"},"modified":"2026-03-10T15:26:24","modified_gmt":"2026-03-10T14:26:24","slug":"hydrating-serum-15ml","status":"publish","type":"product","link":"https:\/\/lyconnordic.no\/privat\/produkt\/hydrating-serum-15ml\/","title":{"rendered":"Hydrating Serum 15ml"},"content":{"rendered":"<p><strong>For hvem og hvordan den brukes<\/strong><\/p>\n<p>Dette daglige intimserumet er egnet for alle aldre og hudtyper, spesielt for deg som opplever t\u00f8rrhet, irritasjon eller r\u00f8dhet. Den oppfriskende og beroligende gelkonsistensen er ideell for sensitiv eller r\u00f8d hud og passer ogs\u00e5 sv\u00e6rt godt etter h\u00e5rfjerning.<\/p>\n<p><strong>Slik bruker du serumet:<\/strong><\/p>\n<ul>\n<li>P\u00e5f\u00f8r et tynt lag p\u00e5 rengjort intimomr\u00e5de.<\/li>\n<li>Masser forsiktig til serumet er fullstendig absorbert.<\/li>\n<li>Bruk morgen og kveld.<\/li>\n<\/ul>\n<p>Kun til utvendig bruk.<\/p>\n<p><strong>Konsistens<\/strong><br \/>\nSerumets lette geltekstur frigj\u00f8r fukt gradvis og gir en umiddelbart svalende og behagelig f\u00f8lelse. Det absorberes raskt uten \u00e5 etterlate kliss eller rester, og etterlater huden myk og godt fuktet.<\/p>\n<p><strong>Aktive ingredienser<\/strong><\/p>\n<p><strong>Neemolje<\/strong><br \/>\nRik p\u00e5 fettsyrer og vitamin E, noe som gir kraftig antioksidant- og anti-aging-beskyttelse. Neemolje ligner hudens naturlige talg, bidrar til \u00e5 balansere hudens pH-verdi og er spesielt effektiv for t\u00f8rr, r\u00f8d og sensitiv hud.<\/p>\n<p><strong>Solb\u00e6rjuice<\/strong><br \/>\nEn naturlig ingrediens med beroligende og helende egenskaper. Rik p\u00e5 polyfenoler, antocyaniner, vitamin C og flerumettede fettsyrer som bidrar til \u00e5 redusere r\u00f8dhet, irritasjon og sensitivitet. Flavonoidene gir ogs\u00e5 effektiv beskyttelse mot frie radikaler.<\/p>\n<p><strong>Ekstrakt av bukkehornkl\u00f8verfr\u00f8<\/strong><br \/>\nEn n\u00e6rende og restrukturerende planteingrediens med beroligende og antioksidative egenskaper. Regelmessig bruk bidrar til \u00e5 holde hud og slimhinner fuktet og motvirker kl\u00f8e og ubehag i intimomr\u00e5det.<\/p>\n","protected":false},"excerpt":{"rendered":"<p><strong>Daglig beroligende fuktighetsserum<\/strong><\/p>\n<p>En sk\u00e5nsom og effektiv daglig intimkrem som fukter, beskytter og beroliger intimomr\u00e5det. Bidrar til \u00e5 redusere ubehag ved t\u00f8rrhet og irritasjon, ogs\u00e5 etter h\u00e5rfjerning, og gir langvarig komfort.<\/p>\n<p>Egnet for daglig bruk og sensitiv hud.<\/p>\n<p><strong>Fordeler<\/strong><\/p>\n<ul>\n<li>Beroliger irritasjon og r\u00f8dhet<\/li>\n<li>Gir intensiv og langvarig fuktighet<\/li>\n<li>Svalende geltekstur med rask absorpsjon<\/li>\n<li>Styrker hudens naturlige beskyttelsesbarriere<\/li>\n<li>Antioksidativ effekt som beskytter mot ytre p\u00e5kjenninger<\/li>\n<li>Passer alle hudtyper, ogs\u00e5 sensitiv hud<\/li>\n<li>Ideell etter h\u00e5rfjerning<\/li>\n<\/ul>\n<p><strong>St\u00f8rrelse:<\/strong>\u00a030 ml \u2013 ca. 200 doseringer<\/p>\n","protected":false},"featured_media":21063,"comment_status":"open","ping_status":"closed","template":"","meta":[],"product_brand":[],"product_cat":[225],"product_tag":[],"class_list":{"0":"post-21093","1":"product","2":"type-product","3":"status-publish","4":"has-post-thumbnail","6":"product_cat-kysh-intimpleie","8":"first","9":"instock","10":"taxable","11":"shipping-taxable","12":"purchasable","13":"product-type-simple"},"yoast_head":"<!-- This site is optimized with the Yoast SEO plugin v27.3 - https:\/\/yoast.com\/product\/yoast-seo-wordpress\/ -->\n<title>Hydrating Serum 15ml - Lycon - for private<\/title>\n<meta name=\"robots\" content=\"index, follow, max-snippet:-1, max-image-preview:large, max-video-preview:-1\" \/>\n<link rel=\"canonical\" href=\"https:\/\/lyconnordic.no\/privat\/produkt\/hydrating-serum-15ml\/\" \/>\n<meta property=\"og:locale\" content=\"nb_NO\" \/>\n<meta property=\"og:type\" content=\"article\" \/>\n<meta property=\"og:title\" content=\"Hydrating Serum 15ml - Lycon - for private\" \/>\n<meta property=\"og:description\" content=\"Daglig beroligende fuktighetsserum  En sk\u00e5nsom og effektiv daglig intimkrem som fukter, beskytter og beroliger intimomr\u00e5det. Bidrar til \u00e5 redusere ubehag ved t\u00f8rrhet og irritasjon, ogs\u00e5 etter h\u00e5rfjerning, og gir langvarig komfort.  Egnet for daglig bruk og sensitiv hud.  Fordeler   Beroliger irritasjon og r\u00f8dhet  Gir intensiv og langvarig fuktighet  Svalende geltekstur med rask absorpsjon  Styrker hudens naturlige beskyttelsesbarriere  Antioksidativ effekt som beskytter mot ytre p\u00e5kjenninger  Passer alle hudtyper, ogs\u00e5 sensitiv hud  Ideell etter h\u00e5rfjerning  St\u00f8rrelse:\u00a030 ml \u2013 ca. 200 doseringer\" \/>\n<meta property=\"og:url\" content=\"https:\/\/lyconnordic.no\/privat\/produkt\/hydrating-serum-15ml\/\" \/>\n<meta property=\"og:site_name\" content=\"Lycon - for private\" \/>\n<meta property=\"article:modified_time\" content=\"2026-03-10T14:26:24+00:00\" \/>\n<meta property=\"og:image\" content=\"https:\/\/lyconnordic.no\/privat\/wp-content\/uploads\/2025\/12\/8388779137847_HYDRATING-SERUM_FLACONE_15ml_bassa-scaled-e1773152769253.jpg\" \/>\n\t<meta property=\"og:image:width\" content=\"600\" \/>\n\t<meta property=\"og:image:height\" content=\"900\" \/>\n\t<meta property=\"og:image:type\" content=\"image\/jpeg\" \/>\n<meta name=\"twitter:card\" content=\"summary_large_image\" \/>\n<meta name=\"twitter:label1\" content=\"Ansl. lesetid\" \/>\n\t<meta name=\"twitter:data1\" content=\"2 minutter\" \/>\n<script type=\"application\/ld+json\" class=\"yoast-schema-graph\">{\"@context\":\"https:\\\/\\\/schema.org\",\"@graph\":[{\"@type\":\"WebPage\",\"@id\":\"https:\\\/\\\/lyconnordic.no\\\/privat\\\/produkt\\\/hydrating-serum-15ml\\\/\",\"url\":\"https:\\\/\\\/lyconnordic.no\\\/privat\\\/produkt\\\/hydrating-serum-15ml\\\/\",\"name\":\"Hydrating Serum 15ml - Lycon - for private\",\"isPartOf\":{\"@id\":\"https:\\\/\\\/lyconnordic.no\\\/privat\\\/#website\"},\"primaryImageOfPage\":{\"@id\":\"https:\\\/\\\/lyconnordic.no\\\/privat\\\/produkt\\\/hydrating-serum-15ml\\\/#primaryimage\"},\"image\":{\"@id\":\"https:\\\/\\\/lyconnordic.no\\\/privat\\\/produkt\\\/hydrating-serum-15ml\\\/#primaryimage\"},\"thumbnailUrl\":\"https:\\\/\\\/lyconnordic.no\\\/privat\\\/wp-content\\\/uploads\\\/2025\\\/12\\\/8388779137847_HYDRATING-SERUM_FLACONE_15ml_bassa-scaled.jpg\",\"datePublished\":\"2026-02-11T10:59:59+00:00\",\"dateModified\":\"2026-03-10T14:26:24+00:00\",\"breadcrumb\":{\"@id\":\"https:\\\/\\\/lyconnordic.no\\\/privat\\\/produkt\\\/hydrating-serum-15ml\\\/#breadcrumb\"},\"inLanguage\":\"nb-NO\",\"potentialAction\":[{\"@type\":\"ReadAction\",\"target\":[\"https:\\\/\\\/lyconnordic.no\\\/privat\\\/produkt\\\/hydrating-serum-15ml\\\/\"]}]},{\"@type\":\"ImageObject\",\"inLanguage\":\"nb-NO\",\"@id\":\"https:\\\/\\\/lyconnordic.no\\\/privat\\\/produkt\\\/hydrating-serum-15ml\\\/#primaryimage\",\"url\":\"https:\\\/\\\/lyconnordic.no\\\/privat\\\/wp-content\\\/uploads\\\/2025\\\/12\\\/8388779137847_HYDRATING-SERUM_FLACONE_15ml_bassa-scaled.jpg\",\"contentUrl\":\"https:\\\/\\\/lyconnordic.no\\\/privat\\\/wp-content\\\/uploads\\\/2025\\\/12\\\/8388779137847_HYDRATING-SERUM_FLACONE_15ml_bassa-scaled.jpg\",\"width\":1707,\"height\":2560},{\"@type\":\"BreadcrumbList\",\"@id\":\"https:\\\/\\\/lyconnordic.no\\\/privat\\\/produkt\\\/hydrating-serum-15ml\\\/#breadcrumb\",\"itemListElement\":[{\"@type\":\"ListItem\",\"position\":1,\"name\":\"Hjem\",\"item\":\"https:\\\/\\\/lyconnordic.no\\\/privat\\\/\"},{\"@type\":\"ListItem\",\"position\":2,\"name\":\"Produkter\",\"item\":\"https:\\\/\\\/lyconnordic.no\\\/privat\\\/produkter\\\/\"},{\"@type\":\"ListItem\",\"position\":3,\"name\":\"Hydrating Serum 15ml\"}]},{\"@type\":\"WebSite\",\"@id\":\"https:\\\/\\\/lyconnordic.no\\\/privat\\\/#website\",\"url\":\"https:\\\/\\\/lyconnordic.no\\\/privat\\\/\",\"name\":\"Lycon - for private\",\"description\":\"Australias voksmerke #1\",\"potentialAction\":[{\"@type\":\"SearchAction\",\"target\":{\"@type\":\"EntryPoint\",\"urlTemplate\":\"https:\\\/\\\/lyconnordic.no\\\/privat\\\/?s={search_term_string}\"},\"query-input\":{\"@type\":\"PropertyValueSpecification\",\"valueRequired\":true,\"valueName\":\"search_term_string\"}}],\"inLanguage\":\"nb-NO\"}]}<\/script>\n<!-- \/ Yoast SEO plugin. -->","yoast_head_json":{"title":"Hydrating Serum 15ml - Lycon - for private","robots":{"index":"index","follow":"follow","max-snippet":"max-snippet:-1","max-image-preview":"max-image-preview:large","max-video-preview":"max-video-preview:-1"},"canonical":"https:\/\/lyconnordic.no\/privat\/produkt\/hydrating-serum-15ml\/","og_locale":"nb_NO","og_type":"article","og_title":"Hydrating Serum 15ml - Lycon - for private","og_description":"Daglig beroligende fuktighetsserum  En sk\u00e5nsom og effektiv daglig intimkrem som fukter, beskytter og beroliger intimomr\u00e5det. Bidrar til \u00e5 redusere ubehag ved t\u00f8rrhet og irritasjon, ogs\u00e5 etter h\u00e5rfjerning, og gir langvarig komfort.  Egnet for daglig bruk og sensitiv hud.  Fordeler   Beroliger irritasjon og r\u00f8dhet  Gir intensiv og langvarig fuktighet  Svalende geltekstur med rask absorpsjon  Styrker hudens naturlige beskyttelsesbarriere  Antioksidativ effekt som beskytter mot ytre p\u00e5kjenninger  Passer alle hudtyper, ogs\u00e5 sensitiv hud  Ideell etter h\u00e5rfjerning  St\u00f8rrelse:\u00a030 ml \u2013 ca. 200 doseringer","og_url":"https:\/\/lyconnordic.no\/privat\/produkt\/hydrating-serum-15ml\/","og_site_name":"Lycon - for private","article_modified_time":"2026-03-10T14:26:24+00:00","og_image":[{"width":600,"height":900,"url":"https:\/\/lyconnordic.no\/privat\/wp-content\/uploads\/2025\/12\/8388779137847_HYDRATING-SERUM_FLACONE_15ml_bassa-scaled-e1773152769253.jpg","type":"image\/jpeg"}],"twitter_card":"summary_large_image","twitter_misc":{"Ansl. lesetid":"2 minutter"},"schema":{"@context":"https:\/\/schema.org","@graph":[{"@type":"WebPage","@id":"https:\/\/lyconnordic.no\/privat\/produkt\/hydrating-serum-15ml\/","url":"https:\/\/lyconnordic.no\/privat\/produkt\/hydrating-serum-15ml\/","name":"Hydrating Serum 15ml - Lycon - for private","isPartOf":{"@id":"https:\/\/lyconnordic.no\/privat\/#website"},"primaryImageOfPage":{"@id":"https:\/\/lyconnordic.no\/privat\/produkt\/hydrating-serum-15ml\/#primaryimage"},"image":{"@id":"https:\/\/lyconnordic.no\/privat\/produkt\/hydrating-serum-15ml\/#primaryimage"},"thumbnailUrl":"https:\/\/lyconnordic.no\/privat\/wp-content\/uploads\/2025\/12\/8388779137847_HYDRATING-SERUM_FLACONE_15ml_bassa-scaled.jpg","datePublished":"2026-02-11T10:59:59+00:00","dateModified":"2026-03-10T14:26:24+00:00","breadcrumb":{"@id":"https:\/\/lyconnordic.no\/privat\/produkt\/hydrating-serum-15ml\/#breadcrumb"},"inLanguage":"nb-NO","potentialAction":[{"@type":"ReadAction","target":["https:\/\/lyconnordic.no\/privat\/produkt\/hydrating-serum-15ml\/"]}]},{"@type":"ImageObject","inLanguage":"nb-NO","@id":"https:\/\/lyconnordic.no\/privat\/produkt\/hydrating-serum-15ml\/#primaryimage","url":"https:\/\/lyconnordic.no\/privat\/wp-content\/uploads\/2025\/12\/8388779137847_HYDRATING-SERUM_FLACONE_15ml_bassa-scaled.jpg","contentUrl":"https:\/\/lyconnordic.no\/privat\/wp-content\/uploads\/2025\/12\/8388779137847_HYDRATING-SERUM_FLACONE_15ml_bassa-scaled.jpg","width":1707,"height":2560},{"@type":"BreadcrumbList","@id":"https:\/\/lyconnordic.no\/privat\/produkt\/hydrating-serum-15ml\/#breadcrumb","itemListElement":[{"@type":"ListItem","position":1,"name":"Hjem","item":"https:\/\/lyconnordic.no\/privat\/"},{"@type":"ListItem","position":2,"name":"Produkter","item":"https:\/\/lyconnordic.no\/privat\/produkter\/"},{"@type":"ListItem","position":3,"name":"Hydrating Serum 15ml"}]},{"@type":"WebSite","@id":"https:\/\/lyconnordic.no\/privat\/#website","url":"https:\/\/lyconnordic.no\/privat\/","name":"Lycon - for private","description":"Australias voksmerke #1","potentialAction":[{"@type":"SearchAction","target":{"@type":"EntryPoint","urlTemplate":"https:\/\/lyconnordic.no\/privat\/?s={search_term_string}"},"query-input":{"@type":"PropertyValueSpecification","valueRequired":true,"valueName":"search_term_string"}}],"inLanguage":"nb-NO"}]}},"_links":{"self":[{"href":"https:\/\/lyconnordic.no\/privat\/wp-json\/wp\/v2\/product\/21093","targetHints":{"allow":["GET"]}}],"collection":[{"href":"https:\/\/lyconnordic.no\/privat\/wp-json\/wp\/v2\/product"}],"about":[{"href":"https:\/\/lyconnordic.no\/privat\/wp-json\/wp\/v2\/types\/product"}],"replies":[{"embeddable":true,"href":"https:\/\/lyconnordic.no\/privat\/wp-json\/wp\/v2\/comments?post=21093"}],"version-history":[{"count":2,"href":"https:\/\/lyconnordic.no\/privat\/wp-json\/wp\/v2\/product\/21093\/revisions"}],"predecessor-version":[{"id":21135,"href":"https:\/\/lyconnordic.no\/privat\/wp-json\/wp\/v2\/product\/21093\/revisions\/21135"}],"wp:featuredmedia":[{"embeddable":true,"href":"https:\/\/lyconnordic.no\/privat\/wp-json\/wp\/v2\/media\/21063"}],"wp:attachment":[{"href":"https:\/\/lyconnordic.no\/privat\/wp-json\/wp\/v2\/media?parent=21093"}],"wp:term":[{"taxonomy":"product_brand","embeddable":true,"href":"https:\/\/lyconnordic.no\/privat\/wp-json\/wp\/v2\/product_brand?post=21093"},{"taxonomy":"product_cat","embeddable":true,"href":"https:\/\/lyconnordic.no\/privat\/wp-json\/wp\/v2\/product_cat?post=21093"},{"taxonomy":"product_tag","embeddable":true,"href":"https:\/\/lyconnordic.no\/privat\/wp-json\/wp\/v2\/product_tag?post=21093"}],"curies":[{"name":"wp","href":"https:\/\/api.w.org\/{rel}","templated":true}]}}