{"id":21091,"date":"2026-02-11T12:00:07","date_gmt":"2026-02-11T11:00:07","guid":{"rendered":"https:\/\/lyconnordic.no\/privat\/?post_type=product&#038;p=21091"},"modified":"2026-03-10T15:27:57","modified_gmt":"2026-03-10T14:27:57","slug":"hydralift-collagen-mask","status":"publish","type":"product","link":"https:\/\/lyconnordic.no\/privat\/produkt\/hydralift-collagen-mask\/","title":{"rendered":"Hydralift Collagen Mask"},"content":{"rendered":"<p><strong>For hvem og hvordan den brukes<\/strong><\/p>\n<p>En intensiv intimbehandling utviklet for deg som \u00f8nsker \u00e5 effektivt og m\u00e5lrettet motvirke aldringstegn i omr\u00e5det rundt mons pubis (venusberget) og labia majora (de ytre kj\u00f8nnsleppene). Masken kan brukes som en kurbehandling eller f\u00f8r en spesiell anledning for en umiddelbar plumpende og opplysende effekt.<\/p>\n<p><strong>Slik bruker du masken:<\/strong><\/p>\n<ul>\n<li>Rengj\u00f8r omr\u00e5det grundig.<\/li>\n<li>P\u00e5f\u00f8r masken og fjern beskyttelsesfilmen.<\/li>\n<li>La virke i ca. 20\u201330 minutter.<\/li>\n<li>Fjern masken og masser forsiktig inn eventuelt overskytende serum til det er absorbert.<\/li>\n<\/ul>\n<p>Kun til utvendig bruk.<\/p>\n<p><strong>Anbefalt bruk:<\/strong><\/p>\n<ul>\n<li>For en intensiv fuktighetskur: bruk opptil tre ganger i uken i \u00e9n m\u00e5ned.<\/li>\n<li>For \u00e5 opprettholde resultatet: gjenta behandlingen to ganger i m\u00e5neden, eller ved behov.<\/li>\n<\/ul>\n<p><strong>Unik konsistens<\/strong><br \/>\nMasken er gjennomtrukket av et serum med en frisk, silkeaktig og lett konsistens. Etter virketiden masseres overfl\u00f8dig produkt enkelt inn i huden. Formelen absorberes raskt og etterlater ingen klebrige rester.<\/p>\n<p><strong>Aktive ingredienser<\/strong><\/p>\n<p><strong>Hyaluronsyre<\/strong><br \/>\nMaskens viktigste aktive ingrediens, hyaluronsyre, har kraftige fuktighetsgivende, elastiserende, beskyttende og regenererende egenskaper. Den binder fukt i vevet og gir huden et fyldig, mykt og godt fuktet utseende.<br \/>\nStoffet forekommer naturlig i huden, men avtar gradvis med alderen, noe som gj\u00f8r tilf\u00f8rsel ekstra viktig for \u00e5 bevare hudens elastisitet og komfort.<\/p>\n<p><strong>Kollagen<\/strong><br \/>\nEt naturlig protein i bindevevet som er avgj\u00f8rende for hudens struktur, fasthet og fuktighetsniv\u00e5. Over tid reduseres kroppens egen kollagenproduksjon, noe som kan f\u00f8re til tap av hudtone samt utvikling av rynker og fine linjer. Gjennom m\u00e5lrettede, topiske kollagenbehandlinger kan hudens aldring bremses og hudens spenst forbedres.<\/p>\n","protected":false},"excerpt":{"rendered":"<p><strong>Sheetmask for intimomr\u00e5det<\/strong><\/p>\n<p>En effektiv og sk\u00e5nsom behandling som fukter, gir fylde, forynger og tilf\u00f8rer gl\u00f8d til omr\u00e5det rundt kj\u00f8nnsleppene. Denne naturlige sheetmasken for engangsbruk er gjennomtrukket av et eksklusivt serum med kollagen og hyaluronsyre i ulike molekylvekter, for \u00e5 gjenopprette optimale fuktighetsniv\u00e5er og gi huden et umiddelbart mer spenstig, fyldig og forynget utseende.<\/p>\n<p><strong>Fordeler:<\/strong><\/p>\n<ul>\n<li><strong>Fuktighetsgivende<\/strong>\u00a0\u2013 tilf\u00f8rer intensiv fukt og komfort<\/li>\n<li><strong>Utfyllende<\/strong>\u00a0\u2013 gj\u00f8r huden myk, spenstig og fyldigere<\/li>\n<li><strong>Foryngrende<\/strong>\u00a0\u2013 forbedrer hudens struktur og elastisitet<\/li>\n<li><strong>Gl\u00f8dgivende<\/strong>\u00a0\u2013 gir huden en frisk og str\u00e5lende gl\u00f8d<\/li>\n<\/ul>\n","protected":false},"featured_media":21059,"comment_status":"open","ping_status":"closed","template":"","meta":[],"product_brand":[],"product_cat":[225],"product_tag":[],"class_list":{"0":"post-21091","1":"product","2":"type-product","3":"status-publish","4":"has-post-thumbnail","6":"product_cat-kysh-intimpleie","8":"first","9":"instock","10":"taxable","11":"shipping-taxable","12":"purchasable","13":"product-type-simple"},"yoast_head":"<!-- This site is optimized with the Yoast SEO plugin v27.3 - https:\/\/yoast.com\/product\/yoast-seo-wordpress\/ -->\n<title>Hydralift Collagen Mask - Lycon - for private<\/title>\n<meta name=\"robots\" content=\"index, follow, max-snippet:-1, max-image-preview:large, max-video-preview:-1\" \/>\n<link rel=\"canonical\" href=\"https:\/\/lyconnordic.no\/privat\/produkt\/hydralift-collagen-mask\/\" \/>\n<meta property=\"og:locale\" content=\"nb_NO\" \/>\n<meta property=\"og:type\" content=\"article\" \/>\n<meta property=\"og:title\" content=\"Hydralift Collagen Mask - Lycon - for private\" \/>\n<meta property=\"og:description\" content=\"Sheetmask for intimomr\u00e5det  En effektiv og sk\u00e5nsom behandling som fukter, gir fylde, forynger og tilf\u00f8rer gl\u00f8d til omr\u00e5det rundt kj\u00f8nnsleppene. Denne naturlige sheetmasken for engangsbruk er gjennomtrukket av et eksklusivt serum med kollagen og hyaluronsyre i ulike molekylvekter, for \u00e5 gjenopprette optimale fuktighetsniv\u00e5er og gi huden et umiddelbart mer spenstig, fyldig og forynget utseende.  Fordeler:   Fuktighetsgivende\u00a0\u2013 tilf\u00f8rer intensiv fukt og komfort  Utfyllende\u00a0\u2013 gj\u00f8r huden myk, spenstig og fyldigere  Foryngrende\u00a0\u2013 forbedrer hudens struktur og elastisitet  Gl\u00f8dgivende\u00a0\u2013 gir huden en frisk og str\u00e5lende gl\u00f8d\" \/>\n<meta property=\"og:url\" content=\"https:\/\/lyconnordic.no\/privat\/produkt\/hydralift-collagen-mask\/\" \/>\n<meta property=\"og:site_name\" content=\"Lycon - for private\" \/>\n<meta property=\"article:modified_time\" content=\"2026-03-10T14:27:57+00:00\" \/>\n<meta property=\"og:image\" content=\"https:\/\/lyconnordic.no\/privat\/wp-content\/uploads\/2025\/12\/8388779137786_8388779137793_8388779137809_KYSH-HYDRALIFT-COLLAGEN-MASK-1-e1770809802937.jpg\" \/>\n\t<meta property=\"og:image:width\" content=\"1365\" \/>\n\t<meta property=\"og:image:height\" content=\"1823\" \/>\n\t<meta property=\"og:image:type\" content=\"image\/jpeg\" \/>\n<meta name=\"twitter:card\" content=\"summary_large_image\" \/>\n<meta name=\"twitter:label1\" content=\"Ansl. lesetid\" \/>\n\t<meta name=\"twitter:data1\" content=\"2 minutter\" \/>\n<script type=\"application\/ld+json\" class=\"yoast-schema-graph\">{\"@context\":\"https:\\\/\\\/schema.org\",\"@graph\":[{\"@type\":\"WebPage\",\"@id\":\"https:\\\/\\\/lyconnordic.no\\\/privat\\\/produkt\\\/hydralift-collagen-mask\\\/\",\"url\":\"https:\\\/\\\/lyconnordic.no\\\/privat\\\/produkt\\\/hydralift-collagen-mask\\\/\",\"name\":\"Hydralift Collagen Mask - Lycon - for private\",\"isPartOf\":{\"@id\":\"https:\\\/\\\/lyconnordic.no\\\/privat\\\/#website\"},\"primaryImageOfPage\":{\"@id\":\"https:\\\/\\\/lyconnordic.no\\\/privat\\\/produkt\\\/hydralift-collagen-mask\\\/#primaryimage\"},\"image\":{\"@id\":\"https:\\\/\\\/lyconnordic.no\\\/privat\\\/produkt\\\/hydralift-collagen-mask\\\/#primaryimage\"},\"thumbnailUrl\":\"https:\\\/\\\/lyconnordic.no\\\/privat\\\/wp-content\\\/uploads\\\/2025\\\/12\\\/8388779137786_8388779137793_8388779137809_KYSH-HYDRALIFT-COLLAGEN-MASK-1-e1770809802937.jpg\",\"datePublished\":\"2026-02-11T11:00:07+00:00\",\"dateModified\":\"2026-03-10T14:27:57+00:00\",\"breadcrumb\":{\"@id\":\"https:\\\/\\\/lyconnordic.no\\\/privat\\\/produkt\\\/hydralift-collagen-mask\\\/#breadcrumb\"},\"inLanguage\":\"nb-NO\",\"potentialAction\":[{\"@type\":\"ReadAction\",\"target\":[\"https:\\\/\\\/lyconnordic.no\\\/privat\\\/produkt\\\/hydralift-collagen-mask\\\/\"]}]},{\"@type\":\"ImageObject\",\"inLanguage\":\"nb-NO\",\"@id\":\"https:\\\/\\\/lyconnordic.no\\\/privat\\\/produkt\\\/hydralift-collagen-mask\\\/#primaryimage\",\"url\":\"https:\\\/\\\/lyconnordic.no\\\/privat\\\/wp-content\\\/uploads\\\/2025\\\/12\\\/8388779137786_8388779137793_8388779137809_KYSH-HYDRALIFT-COLLAGEN-MASK-1-e1770809802937.jpg\",\"contentUrl\":\"https:\\\/\\\/lyconnordic.no\\\/privat\\\/wp-content\\\/uploads\\\/2025\\\/12\\\/8388779137786_8388779137793_8388779137809_KYSH-HYDRALIFT-COLLAGEN-MASK-1-e1770809802937.jpg\",\"width\":1365,\"height\":1823},{\"@type\":\"BreadcrumbList\",\"@id\":\"https:\\\/\\\/lyconnordic.no\\\/privat\\\/produkt\\\/hydralift-collagen-mask\\\/#breadcrumb\",\"itemListElement\":[{\"@type\":\"ListItem\",\"position\":1,\"name\":\"Hjem\",\"item\":\"https:\\\/\\\/lyconnordic.no\\\/privat\\\/\"},{\"@type\":\"ListItem\",\"position\":2,\"name\":\"Produkter\",\"item\":\"https:\\\/\\\/lyconnordic.no\\\/privat\\\/produkter\\\/\"},{\"@type\":\"ListItem\",\"position\":3,\"name\":\"Hydralift Collagen Mask\"}]},{\"@type\":\"WebSite\",\"@id\":\"https:\\\/\\\/lyconnordic.no\\\/privat\\\/#website\",\"url\":\"https:\\\/\\\/lyconnordic.no\\\/privat\\\/\",\"name\":\"Lycon - for private\",\"description\":\"Australias voksmerke #1\",\"potentialAction\":[{\"@type\":\"SearchAction\",\"target\":{\"@type\":\"EntryPoint\",\"urlTemplate\":\"https:\\\/\\\/lyconnordic.no\\\/privat\\\/?s={search_term_string}\"},\"query-input\":{\"@type\":\"PropertyValueSpecification\",\"valueRequired\":true,\"valueName\":\"search_term_string\"}}],\"inLanguage\":\"nb-NO\"}]}<\/script>\n<!-- \/ Yoast SEO plugin. -->","yoast_head_json":{"title":"Hydralift Collagen Mask - Lycon - for private","robots":{"index":"index","follow":"follow","max-snippet":"max-snippet:-1","max-image-preview":"max-image-preview:large","max-video-preview":"max-video-preview:-1"},"canonical":"https:\/\/lyconnordic.no\/privat\/produkt\/hydralift-collagen-mask\/","og_locale":"nb_NO","og_type":"article","og_title":"Hydralift Collagen Mask - Lycon - for private","og_description":"Sheetmask for intimomr\u00e5det  En effektiv og sk\u00e5nsom behandling som fukter, gir fylde, forynger og tilf\u00f8rer gl\u00f8d til omr\u00e5det rundt kj\u00f8nnsleppene. Denne naturlige sheetmasken for engangsbruk er gjennomtrukket av et eksklusivt serum med kollagen og hyaluronsyre i ulike molekylvekter, for \u00e5 gjenopprette optimale fuktighetsniv\u00e5er og gi huden et umiddelbart mer spenstig, fyldig og forynget utseende.  Fordeler:   Fuktighetsgivende\u00a0\u2013 tilf\u00f8rer intensiv fukt og komfort  Utfyllende\u00a0\u2013 gj\u00f8r huden myk, spenstig og fyldigere  Foryngrende\u00a0\u2013 forbedrer hudens struktur og elastisitet  Gl\u00f8dgivende\u00a0\u2013 gir huden en frisk og str\u00e5lende gl\u00f8d","og_url":"https:\/\/lyconnordic.no\/privat\/produkt\/hydralift-collagen-mask\/","og_site_name":"Lycon - for private","article_modified_time":"2026-03-10T14:27:57+00:00","og_image":[{"width":1365,"height":1823,"url":"https:\/\/lyconnordic.no\/privat\/wp-content\/uploads\/2025\/12\/8388779137786_8388779137793_8388779137809_KYSH-HYDRALIFT-COLLAGEN-MASK-1-e1770809802937.jpg","type":"image\/jpeg"}],"twitter_card":"summary_large_image","twitter_misc":{"Ansl. lesetid":"2 minutter"},"schema":{"@context":"https:\/\/schema.org","@graph":[{"@type":"WebPage","@id":"https:\/\/lyconnordic.no\/privat\/produkt\/hydralift-collagen-mask\/","url":"https:\/\/lyconnordic.no\/privat\/produkt\/hydralift-collagen-mask\/","name":"Hydralift Collagen Mask - Lycon - for private","isPartOf":{"@id":"https:\/\/lyconnordic.no\/privat\/#website"},"primaryImageOfPage":{"@id":"https:\/\/lyconnordic.no\/privat\/produkt\/hydralift-collagen-mask\/#primaryimage"},"image":{"@id":"https:\/\/lyconnordic.no\/privat\/produkt\/hydralift-collagen-mask\/#primaryimage"},"thumbnailUrl":"https:\/\/lyconnordic.no\/privat\/wp-content\/uploads\/2025\/12\/8388779137786_8388779137793_8388779137809_KYSH-HYDRALIFT-COLLAGEN-MASK-1-e1770809802937.jpg","datePublished":"2026-02-11T11:00:07+00:00","dateModified":"2026-03-10T14:27:57+00:00","breadcrumb":{"@id":"https:\/\/lyconnordic.no\/privat\/produkt\/hydralift-collagen-mask\/#breadcrumb"},"inLanguage":"nb-NO","potentialAction":[{"@type":"ReadAction","target":["https:\/\/lyconnordic.no\/privat\/produkt\/hydralift-collagen-mask\/"]}]},{"@type":"ImageObject","inLanguage":"nb-NO","@id":"https:\/\/lyconnordic.no\/privat\/produkt\/hydralift-collagen-mask\/#primaryimage","url":"https:\/\/lyconnordic.no\/privat\/wp-content\/uploads\/2025\/12\/8388779137786_8388779137793_8388779137809_KYSH-HYDRALIFT-COLLAGEN-MASK-1-e1770809802937.jpg","contentUrl":"https:\/\/lyconnordic.no\/privat\/wp-content\/uploads\/2025\/12\/8388779137786_8388779137793_8388779137809_KYSH-HYDRALIFT-COLLAGEN-MASK-1-e1770809802937.jpg","width":1365,"height":1823},{"@type":"BreadcrumbList","@id":"https:\/\/lyconnordic.no\/privat\/produkt\/hydralift-collagen-mask\/#breadcrumb","itemListElement":[{"@type":"ListItem","position":1,"name":"Hjem","item":"https:\/\/lyconnordic.no\/privat\/"},{"@type":"ListItem","position":2,"name":"Produkter","item":"https:\/\/lyconnordic.no\/privat\/produkter\/"},{"@type":"ListItem","position":3,"name":"Hydralift Collagen Mask"}]},{"@type":"WebSite","@id":"https:\/\/lyconnordic.no\/privat\/#website","url":"https:\/\/lyconnordic.no\/privat\/","name":"Lycon - for private","description":"Australias voksmerke #1","potentialAction":[{"@type":"SearchAction","target":{"@type":"EntryPoint","urlTemplate":"https:\/\/lyconnordic.no\/privat\/?s={search_term_string}"},"query-input":{"@type":"PropertyValueSpecification","valueRequired":true,"valueName":"search_term_string"}}],"inLanguage":"nb-NO"}]}},"_links":{"self":[{"href":"https:\/\/lyconnordic.no\/privat\/wp-json\/wp\/v2\/product\/21091","targetHints":{"allow":["GET"]}}],"collection":[{"href":"https:\/\/lyconnordic.no\/privat\/wp-json\/wp\/v2\/product"}],"about":[{"href":"https:\/\/lyconnordic.no\/privat\/wp-json\/wp\/v2\/types\/product"}],"replies":[{"embeddable":true,"href":"https:\/\/lyconnordic.no\/privat\/wp-json\/wp\/v2\/comments?post=21091"}],"version-history":[{"count":2,"href":"https:\/\/lyconnordic.no\/privat\/wp-json\/wp\/v2\/product\/21091\/revisions"}],"predecessor-version":[{"id":21136,"href":"https:\/\/lyconnordic.no\/privat\/wp-json\/wp\/v2\/product\/21091\/revisions\/21136"}],"wp:featuredmedia":[{"embeddable":true,"href":"https:\/\/lyconnordic.no\/privat\/wp-json\/wp\/v2\/media\/21059"}],"wp:attachment":[{"href":"https:\/\/lyconnordic.no\/privat\/wp-json\/wp\/v2\/media?parent=21091"}],"wp:term":[{"taxonomy":"product_brand","embeddable":true,"href":"https:\/\/lyconnordic.no\/privat\/wp-json\/wp\/v2\/product_brand?post=21091"},{"taxonomy":"product_cat","embeddable":true,"href":"https:\/\/lyconnordic.no\/privat\/wp-json\/wp\/v2\/product_cat?post=21091"},{"taxonomy":"product_tag","embeddable":true,"href":"https:\/\/lyconnordic.no\/privat\/wp-json\/wp\/v2\/product_tag?post=21091"}],"curies":[{"name":"wp","href":"https:\/\/api.w.org\/{rel}","templated":true}]}}