{"id":21089,"date":"2026-02-11T12:00:14","date_gmt":"2026-02-11T11:00:14","guid":{"rendered":"https:\/\/lyconnordic.no\/privat\/?post_type=product&#038;p=21089"},"modified":"2026-02-11T12:14:16","modified_gmt":"2026-02-11T11:14:16","slug":"anti-aging-cream-30ml","status":"publish","type":"product","link":"https:\/\/lyconnordic.no\/privat\/produkt\/anti-aging-cream-30ml\/","title":{"rendered":"Anti-Aging Cream 30ml"},"content":{"rendered":"<p><strong>For hvem og hvordan den brukes<\/strong><\/p>\n<p>En n\u00e6rende intimkrem som er perfekt for alle som \u00f8nsker \u00e5 motvirke aldring i intimomr\u00e5det, som for eksempel:<\/p>\n<ul>\n<li>Tap av hudtone og elastisitet<\/li>\n<li>Overdreven t\u00f8rrhet<\/li>\n<li>Misfarging av huden<\/li>\n<\/ul>\n<p><strong>Slik bruker du kremen:<\/strong><\/p>\n<ul>\n<li>P\u00e5f\u00f8r et tynt lag p\u00e5 intimomr\u00e5det.<\/li>\n<li>Masser forsiktig til kremen er helt absorbert.<\/li>\n<li>Bruk morgen og kveld.<\/li>\n<\/ul>\n<p>Kun til utvendig bruk.<\/p>\n<p><strong>Konsistens<\/strong><br \/>\nKremens fyldige og fuktighetsgivende formel har en silkeaktig og omsluttende f\u00f8lelse. Den absorberes raskt og etterlater huden fl\u00f8yelsmyk, jevn og str\u00e5lende, samtidig som den motvirker slapp hud og gir en fastere f\u00f8lelse.<\/p>\n<p><strong>Aktive ingredienser<\/strong><\/p>\n<p><strong>Haematococcus pluvialis<\/strong><br \/>\nEn naturlig ingrediens med kraftig antioksidantvirkning som bidrar til \u00e5 beskytte huden, forebygge hudblemmer og motvirke tap av hudtone, og gir en friskere og jevnere hud.<\/p>\n<p><strong>Sheasm\u00f8r<\/strong><br \/>\nUtvunnet fra fr\u00f8 og kjerner fra sheatreet, ogs\u00e5 kalt \u00abungdommens plante\u00bb. Sheasm\u00f8r er rikt p\u00e5 n\u00e6ring, mykgj\u00f8rende og fuktighetsgivende, \u00f8ker hudens elastisitet og har beroligende, anti-aging- og opplysende effekter.<\/p>\n","protected":false},"excerpt":{"rendered":"<p><strong>Intensiv fuktighet \u2013 Anti-aging for intimomr\u00e5det<\/strong><\/p>\n<p>En eksklusiv anti-aging-behandling som er spesielt utviklet for intimomr\u00e5det. Den dypt fuktighetsgivende formelen gir fylde, n\u00e6ring og komfort, samtidig som den pleier sensitiv hud.<\/p>\n<p><strong>Fordeler:<\/strong><\/p>\n<ul>\n<li>Dyp fuktighet som holder huden myk og smidig<\/li>\n<li>Glatter ut og jevner hudens struktur<\/li>\n<li>Reduserer synlige aldersflekker og misfarginger<\/li>\n<li>Bevarer en ungdommelig f\u00f8lelse over lang tid<\/li>\n<\/ul>\n<p>Blandingen av h\u00f8yteknologiske og sertifiserte aktive ingredienser virker sammen for \u00e5 gi huden optimal pleie og beskyttelse.<\/p>\n<p><strong>30 ml \u2013 ca. 200 doseringer<\/strong><\/p>\n","protected":false},"featured_media":21049,"comment_status":"open","ping_status":"closed","template":"","meta":[],"product_brand":[],"product_cat":[225],"product_tag":[],"class_list":{"0":"post-21089","1":"product","2":"type-product","3":"status-publish","4":"has-post-thumbnail","6":"product_cat-kysh-intimpleie","8":"first","9":"instock","10":"taxable","11":"shipping-taxable","12":"purchasable","13":"product-type-simple"},"yoast_head":"<!-- This site is optimized with the Yoast SEO plugin v27.3 - https:\/\/yoast.com\/product\/yoast-seo-wordpress\/ -->\n<title>Anti-Aging Cream 30ml - Lycon - for private<\/title>\n<meta name=\"robots\" content=\"index, follow, max-snippet:-1, max-image-preview:large, max-video-preview:-1\" \/>\n<link rel=\"canonical\" href=\"https:\/\/lyconnordic.no\/privat\/produkt\/anti-aging-cream-30ml\/\" \/>\n<meta property=\"og:locale\" content=\"nb_NO\" \/>\n<meta property=\"og:type\" content=\"article\" \/>\n<meta property=\"og:title\" content=\"Anti-Aging Cream 30ml - Lycon - for private\" \/>\n<meta property=\"og:description\" content=\"Intensiv fuktighet \u2013 Anti-aging for intimomr\u00e5det  En eksklusiv anti-aging-behandling som er spesielt utviklet for intimomr\u00e5det. Den dypt fuktighetsgivende formelen gir fylde, n\u00e6ring og komfort, samtidig som den pleier sensitiv hud.  Fordeler:   Dyp fuktighet som holder huden myk og smidig  Glatter ut og jevner hudens struktur  Reduserer synlige aldersflekker og misfarginger  Bevarer en ungdommelig f\u00f8lelse over lang tid  Blandingen av h\u00f8yteknologiske og sertifiserte aktive ingredienser virker sammen for \u00e5 gi huden optimal pleie og beskyttelse.  30 ml \u2013 ca. 200 doseringer\" \/>\n<meta property=\"og:url\" content=\"https:\/\/lyconnordic.no\/privat\/produkt\/anti-aging-cream-30ml\/\" \/>\n<meta property=\"og:site_name\" content=\"Lycon - for private\" \/>\n<meta property=\"article:modified_time\" content=\"2026-02-11T11:14:16+00:00\" \/>\n<meta property=\"og:image\" content=\"https:\/\/lyconnordic.no\/privat\/wp-content\/uploads\/2025\/12\/8388779137762_ANTI-AGING-CREAM_cover_30ml.jpg\" \/>\n\t<meta property=\"og:image:width\" content=\"1500\" \/>\n\t<meta property=\"og:image:height\" content=\"2000\" \/>\n\t<meta property=\"og:image:type\" content=\"image\/jpeg\" \/>\n<meta name=\"twitter:card\" content=\"summary_large_image\" \/>\n<meta name=\"twitter:label1\" content=\"Ansl. lesetid\" \/>\n\t<meta name=\"twitter:data1\" content=\"1 minutt\" \/>\n<script type=\"application\/ld+json\" class=\"yoast-schema-graph\">{\"@context\":\"https:\\\/\\\/schema.org\",\"@graph\":[{\"@type\":\"WebPage\",\"@id\":\"https:\\\/\\\/lyconnordic.no\\\/privat\\\/produkt\\\/anti-aging-cream-30ml\\\/\",\"url\":\"https:\\\/\\\/lyconnordic.no\\\/privat\\\/produkt\\\/anti-aging-cream-30ml\\\/\",\"name\":\"Anti-Aging Cream 30ml - Lycon - for private\",\"isPartOf\":{\"@id\":\"https:\\\/\\\/lyconnordic.no\\\/privat\\\/#website\"},\"primaryImageOfPage\":{\"@id\":\"https:\\\/\\\/lyconnordic.no\\\/privat\\\/produkt\\\/anti-aging-cream-30ml\\\/#primaryimage\"},\"image\":{\"@id\":\"https:\\\/\\\/lyconnordic.no\\\/privat\\\/produkt\\\/anti-aging-cream-30ml\\\/#primaryimage\"},\"thumbnailUrl\":\"https:\\\/\\\/lyconnordic.no\\\/privat\\\/wp-content\\\/uploads\\\/2025\\\/12\\\/8388779137762_ANTI-AGING-CREAM_cover_30ml.jpg\",\"datePublished\":\"2026-02-11T11:00:14+00:00\",\"dateModified\":\"2026-02-11T11:14:16+00:00\",\"breadcrumb\":{\"@id\":\"https:\\\/\\\/lyconnordic.no\\\/privat\\\/produkt\\\/anti-aging-cream-30ml\\\/#breadcrumb\"},\"inLanguage\":\"nb-NO\",\"potentialAction\":[{\"@type\":\"ReadAction\",\"target\":[\"https:\\\/\\\/lyconnordic.no\\\/privat\\\/produkt\\\/anti-aging-cream-30ml\\\/\"]}]},{\"@type\":\"ImageObject\",\"inLanguage\":\"nb-NO\",\"@id\":\"https:\\\/\\\/lyconnordic.no\\\/privat\\\/produkt\\\/anti-aging-cream-30ml\\\/#primaryimage\",\"url\":\"https:\\\/\\\/lyconnordic.no\\\/privat\\\/wp-content\\\/uploads\\\/2025\\\/12\\\/8388779137762_ANTI-AGING-CREAM_cover_30ml.jpg\",\"contentUrl\":\"https:\\\/\\\/lyconnordic.no\\\/privat\\\/wp-content\\\/uploads\\\/2025\\\/12\\\/8388779137762_ANTI-AGING-CREAM_cover_30ml.jpg\",\"width\":1500,\"height\":2000},{\"@type\":\"BreadcrumbList\",\"@id\":\"https:\\\/\\\/lyconnordic.no\\\/privat\\\/produkt\\\/anti-aging-cream-30ml\\\/#breadcrumb\",\"itemListElement\":[{\"@type\":\"ListItem\",\"position\":1,\"name\":\"Hjem\",\"item\":\"https:\\\/\\\/lyconnordic.no\\\/privat\\\/\"},{\"@type\":\"ListItem\",\"position\":2,\"name\":\"Produkter\",\"item\":\"https:\\\/\\\/lyconnordic.no\\\/privat\\\/produkter\\\/\"},{\"@type\":\"ListItem\",\"position\":3,\"name\":\"Anti-Aging Cream 30ml\"}]},{\"@type\":\"WebSite\",\"@id\":\"https:\\\/\\\/lyconnordic.no\\\/privat\\\/#website\",\"url\":\"https:\\\/\\\/lyconnordic.no\\\/privat\\\/\",\"name\":\"Lycon - for private\",\"description\":\"Australias voksmerke #1\",\"potentialAction\":[{\"@type\":\"SearchAction\",\"target\":{\"@type\":\"EntryPoint\",\"urlTemplate\":\"https:\\\/\\\/lyconnordic.no\\\/privat\\\/?s={search_term_string}\"},\"query-input\":{\"@type\":\"PropertyValueSpecification\",\"valueRequired\":true,\"valueName\":\"search_term_string\"}}],\"inLanguage\":\"nb-NO\"}]}<\/script>\n<!-- \/ Yoast SEO plugin. -->","yoast_head_json":{"title":"Anti-Aging Cream 30ml - Lycon - for private","robots":{"index":"index","follow":"follow","max-snippet":"max-snippet:-1","max-image-preview":"max-image-preview:large","max-video-preview":"max-video-preview:-1"},"canonical":"https:\/\/lyconnordic.no\/privat\/produkt\/anti-aging-cream-30ml\/","og_locale":"nb_NO","og_type":"article","og_title":"Anti-Aging Cream 30ml - Lycon - for private","og_description":"Intensiv fuktighet \u2013 Anti-aging for intimomr\u00e5det  En eksklusiv anti-aging-behandling som er spesielt utviklet for intimomr\u00e5det. Den dypt fuktighetsgivende formelen gir fylde, n\u00e6ring og komfort, samtidig som den pleier sensitiv hud.  Fordeler:   Dyp fuktighet som holder huden myk og smidig  Glatter ut og jevner hudens struktur  Reduserer synlige aldersflekker og misfarginger  Bevarer en ungdommelig f\u00f8lelse over lang tid  Blandingen av h\u00f8yteknologiske og sertifiserte aktive ingredienser virker sammen for \u00e5 gi huden optimal pleie og beskyttelse.  30 ml \u2013 ca. 200 doseringer","og_url":"https:\/\/lyconnordic.no\/privat\/produkt\/anti-aging-cream-30ml\/","og_site_name":"Lycon - for private","article_modified_time":"2026-02-11T11:14:16+00:00","og_image":[{"width":1500,"height":2000,"url":"https:\/\/lyconnordic.no\/privat\/wp-content\/uploads\/2025\/12\/8388779137762_ANTI-AGING-CREAM_cover_30ml.jpg","type":"image\/jpeg"}],"twitter_card":"summary_large_image","twitter_misc":{"Ansl. lesetid":"1 minutt"},"schema":{"@context":"https:\/\/schema.org","@graph":[{"@type":"WebPage","@id":"https:\/\/lyconnordic.no\/privat\/produkt\/anti-aging-cream-30ml\/","url":"https:\/\/lyconnordic.no\/privat\/produkt\/anti-aging-cream-30ml\/","name":"Anti-Aging Cream 30ml - Lycon - for private","isPartOf":{"@id":"https:\/\/lyconnordic.no\/privat\/#website"},"primaryImageOfPage":{"@id":"https:\/\/lyconnordic.no\/privat\/produkt\/anti-aging-cream-30ml\/#primaryimage"},"image":{"@id":"https:\/\/lyconnordic.no\/privat\/produkt\/anti-aging-cream-30ml\/#primaryimage"},"thumbnailUrl":"https:\/\/lyconnordic.no\/privat\/wp-content\/uploads\/2025\/12\/8388779137762_ANTI-AGING-CREAM_cover_30ml.jpg","datePublished":"2026-02-11T11:00:14+00:00","dateModified":"2026-02-11T11:14:16+00:00","breadcrumb":{"@id":"https:\/\/lyconnordic.no\/privat\/produkt\/anti-aging-cream-30ml\/#breadcrumb"},"inLanguage":"nb-NO","potentialAction":[{"@type":"ReadAction","target":["https:\/\/lyconnordic.no\/privat\/produkt\/anti-aging-cream-30ml\/"]}]},{"@type":"ImageObject","inLanguage":"nb-NO","@id":"https:\/\/lyconnordic.no\/privat\/produkt\/anti-aging-cream-30ml\/#primaryimage","url":"https:\/\/lyconnordic.no\/privat\/wp-content\/uploads\/2025\/12\/8388779137762_ANTI-AGING-CREAM_cover_30ml.jpg","contentUrl":"https:\/\/lyconnordic.no\/privat\/wp-content\/uploads\/2025\/12\/8388779137762_ANTI-AGING-CREAM_cover_30ml.jpg","width":1500,"height":2000},{"@type":"BreadcrumbList","@id":"https:\/\/lyconnordic.no\/privat\/produkt\/anti-aging-cream-30ml\/#breadcrumb","itemListElement":[{"@type":"ListItem","position":1,"name":"Hjem","item":"https:\/\/lyconnordic.no\/privat\/"},{"@type":"ListItem","position":2,"name":"Produkter","item":"https:\/\/lyconnordic.no\/privat\/produkter\/"},{"@type":"ListItem","position":3,"name":"Anti-Aging Cream 30ml"}]},{"@type":"WebSite","@id":"https:\/\/lyconnordic.no\/privat\/#website","url":"https:\/\/lyconnordic.no\/privat\/","name":"Lycon - for private","description":"Australias voksmerke #1","potentialAction":[{"@type":"SearchAction","target":{"@type":"EntryPoint","urlTemplate":"https:\/\/lyconnordic.no\/privat\/?s={search_term_string}"},"query-input":{"@type":"PropertyValueSpecification","valueRequired":true,"valueName":"search_term_string"}}],"inLanguage":"nb-NO"}]}},"_links":{"self":[{"href":"https:\/\/lyconnordic.no\/privat\/wp-json\/wp\/v2\/product\/21089","targetHints":{"allow":["GET"]}}],"collection":[{"href":"https:\/\/lyconnordic.no\/privat\/wp-json\/wp\/v2\/product"}],"about":[{"href":"https:\/\/lyconnordic.no\/privat\/wp-json\/wp\/v2\/types\/product"}],"replies":[{"embeddable":true,"href":"https:\/\/lyconnordic.no\/privat\/wp-json\/wp\/v2\/comments?post=21089"}],"version-history":[{"count":2,"href":"https:\/\/lyconnordic.no\/privat\/wp-json\/wp\/v2\/product\/21089\/revisions"}],"predecessor-version":[{"id":21137,"href":"https:\/\/lyconnordic.no\/privat\/wp-json\/wp\/v2\/product\/21089\/revisions\/21137"}],"wp:featuredmedia":[{"embeddable":true,"href":"https:\/\/lyconnordic.no\/privat\/wp-json\/wp\/v2\/media\/21049"}],"wp:attachment":[{"href":"https:\/\/lyconnordic.no\/privat\/wp-json\/wp\/v2\/media?parent=21089"}],"wp:term":[{"taxonomy":"product_brand","embeddable":true,"href":"https:\/\/lyconnordic.no\/privat\/wp-json\/wp\/v2\/product_brand?post=21089"},{"taxonomy":"product_cat","embeddable":true,"href":"https:\/\/lyconnordic.no\/privat\/wp-json\/wp\/v2\/product_cat?post=21089"},{"taxonomy":"product_tag","embeddable":true,"href":"https:\/\/lyconnordic.no\/privat\/wp-json\/wp\/v2\/product_tag?post=21089"}],"curies":[{"name":"wp","href":"https:\/\/api.w.org\/{rel}","templated":true}]}}