{"id":21085,"date":"2026-02-11T12:00:20","date_gmt":"2026-02-11T11:00:20","guid":{"rendered":"https:\/\/lyconnordic.no\/privat\/?post_type=product&#038;p=21085"},"modified":"2026-02-11T12:19:26","modified_gmt":"2026-02-11T11:19:26","slug":"intimate-anti-age-cleanser-150ml","status":"publish","type":"product","link":"https:\/\/lyconnordic.no\/privat\/produkt\/intimate-anti-age-cleanser-150ml\/","title":{"rendered":"Intimate Anti-Age Cleanser 150ml"},"content":{"rendered":"<p><strong>N\u00e6rende og beroligende intimvask<\/strong><\/p>\n<p><strong>For daglig bruk, b\u00e5de under og etter overgangsalderen<\/strong><br \/>\nDenne milde intimvasken st\u00f8tter balansen i intimomr\u00e5det ved hormonelle endringer . Med en pH-verdi p\u00e5 5,0\u20136,5 bidrar den til \u00e5 motvirke t\u00f8rrhet og ubehag, samtidig som den gir en f\u00f8lelse av friskhet og velv\u00e6re.<\/p>\n<p><strong>Slik bruker du den:<\/strong><\/p>\n<ul>\n<li>P\u00e5f\u00f8r en liten mengde p\u00e5 fuktig hud.<\/li>\n<li>Masser forsiktig med sirkulerende bevegelser.<\/li>\n<li>Skyll grundig med rikelig med vann.<\/li>\n<\/ul>\n<p>Egnet for daglig bruk. Kun til utvendig bruk.<\/p>\n<p><strong>Oppfriskende og fuktighetsgivende f\u00f8lelse<\/strong><br \/>\nDenne intimvasken har en gele-tekstur som gir en f\u00f8lelse av friskhet. Den etterlater huden beroliget og myk samt at den milde formelen skylles lett av og etterlater en behagelig duft.<\/p>\n<p><strong>Kraftfulle, aktive ingredienser<\/strong><\/p>\n<ul>\n<li><strong>Hyaluronsyre<\/strong>\u00a0\u2013 Gir intensiv og langvarig fuktighet, holder huden myk og smidig, og reduserer f\u00f8lelsen av t\u00f8rrhet.<\/li>\n<li><strong>Panthenol<\/strong>\u00a0\u2013 Beroliger og styrker huden, fremmer naturlig restitusjon og beskytter mot irritasjon.<\/li>\n<li><strong>Aloe vera<\/strong>\u00a0\u2013 Rik p\u00e5 vitaminer og mineraler, lindrer r\u00f8dhet og gir umiddelbar friskhet.<\/li>\n<li><strong>Ringblomst<\/strong>\u00a0\u2013 Mykgj\u00f8rende og helende, hjelper mot t\u00f8rrhet og sensitivitet, slik at huden f\u00f8les komfortabel og godt ivaretatt.<\/li>\n<li><strong>Timian<\/strong>\u00a0\u2013 Naturlig antibakteriell, st\u00f8tter balansen i vaginalfloraen og gir en f\u00f8lelse av renhet og langvarig friskhet.<\/li>\n<\/ul>\n","protected":false},"excerpt":{"rendered":"<div class=\"woocommerce-product-details__short-description\">\n<div class=\"flex flex-col text-sm pb-25\">\n<article class=\"text-token-text-primary w-full focus:outline-none [--shadow-height:45px] has-data-writing-block:pointer-events-none has-data-writing-block:-mt-(--shadow-height) has-data-writing-block:pt-(--shadow-height) [&amp;:has([data-writing-block])&gt;*]:pointer-events-auto scroll-mt-[calc(var(--header-height)+min(200px,max(70px,20svh)))]\" dir=\"auto\" tabindex=\"-1\" data-turn-id=\"request-WEB:b1afcf06-2f1b-4626-bd60-fbfae095a0fc-15\" data-testid=\"conversation-turn-32\" data-scroll-anchor=\"true\" data-turn=\"assistant\">\n<div class=\"text-base my-auto mx-auto pb-10 [--thread-content-margin:--spacing(4)] @w-sm\/main:[--thread-content-margin:--spacing(6)] @w-lg\/main:[--thread-content-margin:--spacing(16)] px-(--thread-content-margin)\">\n<div class=\"[--thread-content-max-width:40rem] @w-lg\/main:[--thread-content-max-width:48rem] mx-auto max-w-(--thread-content-max-width) flex-1 group\/turn-messages focus-visible:outline-hidden relative flex w-full min-w-0 flex-col agent-turn\" tabindex=\"-1\">\n<div class=\"flex max-w-full flex-col grow\">\n<div class=\"min-h-8 text-message relative flex w-full flex-col items-end gap-2 text-start break-words whitespace-normal [.text-message+&amp;]:mt-1\" dir=\"auto\" data-message-author-role=\"assistant\" data-message-id=\"721b0571-aa75-4838-acca-919e1bfe41c8\" data-message-model-slug=\"gpt-5-mini\">\n<div class=\"flex w-full flex-col gap-1 empty:hidden first:pt-[1px]\">\n<div class=\"markdown prose dark:prose-invert w-full break-words light markdown-new-styling\">\n<p data-start=\"0\" data-end=\"61\" data-is-last-node=\"\" data-is-only-node=\"\">En n\u00e6rende intimvask utviklet for kvinner i overgangsalderen.<\/p>\n<\/div>\n<\/div>\n<\/div>\n<\/div>\n<div class=\"z-0 flex min-h-[46px] justify-start\"><\/div>\n<\/div>\n<\/div>\n<\/article>\n<\/div>\n<div class=\"pointer-events-none h-px w-px absolute bottom-0\" aria-hidden=\"true\" data-edge=\"true\"><\/div>\n<\/div>\n","protected":false},"featured_media":21080,"comment_status":"open","ping_status":"closed","template":"","meta":[],"product_brand":[],"product_cat":[225],"product_tag":[],"class_list":{"0":"post-21085","1":"product","2":"type-product","3":"status-publish","4":"has-post-thumbnail","6":"product_cat-kysh-intimpleie","8":"first","9":"instock","10":"taxable","11":"shipping-taxable","12":"purchasable","13":"product-type-simple"},"yoast_head":"<!-- This site is optimized with the Yoast SEO plugin v27.3 - https:\/\/yoast.com\/product\/yoast-seo-wordpress\/ -->\n<title>Intimate Anti-Age Cleanser 150ml - Lycon - for private<\/title>\n<meta name=\"robots\" content=\"index, follow, max-snippet:-1, max-image-preview:large, max-video-preview:-1\" \/>\n<link rel=\"canonical\" href=\"https:\/\/lyconnordic.no\/privat\/produkt\/intimate-anti-age-cleanser-150ml\/\" \/>\n<meta property=\"og:locale\" content=\"nb_NO\" \/>\n<meta property=\"og:type\" content=\"article\" \/>\n<meta property=\"og:title\" content=\"Intimate Anti-Age Cleanser 150ml - Lycon - for private\" \/>\n<meta property=\"og:description\" content=\"En n\u00e6rende intimvask utviklet for kvinner i overgangsalderen.\" \/>\n<meta property=\"og:url\" content=\"https:\/\/lyconnordic.no\/privat\/produkt\/intimate-anti-age-cleanser-150ml\/\" \/>\n<meta property=\"og:site_name\" content=\"Lycon - for private\" \/>\n<meta property=\"article:modified_time\" content=\"2026-02-11T11:19:26+00:00\" \/>\n<meta property=\"og:image\" content=\"https:\/\/lyconnordic.no\/privat\/wp-content\/uploads\/2025\/12\/8388779137908_Kysh-Cosmetics_Intimate-Anti-aging-Cleanser_2.jpg\" \/>\n\t<meta property=\"og:image:width\" content=\"1500\" \/>\n\t<meta property=\"og:image:height\" content=\"2000\" \/>\n\t<meta property=\"og:image:type\" content=\"image\/jpeg\" \/>\n<meta name=\"twitter:card\" content=\"summary_large_image\" \/>\n<meta name=\"twitter:label1\" content=\"Ansl. lesetid\" \/>\n\t<meta name=\"twitter:data1\" content=\"2 minutter\" \/>\n<script type=\"application\/ld+json\" class=\"yoast-schema-graph\">{\"@context\":\"https:\\\/\\\/schema.org\",\"@graph\":[{\"@type\":\"WebPage\",\"@id\":\"https:\\\/\\\/lyconnordic.no\\\/privat\\\/produkt\\\/intimate-anti-age-cleanser-150ml\\\/\",\"url\":\"https:\\\/\\\/lyconnordic.no\\\/privat\\\/produkt\\\/intimate-anti-age-cleanser-150ml\\\/\",\"name\":\"Intimate Anti-Age Cleanser 150ml - Lycon - for private\",\"isPartOf\":{\"@id\":\"https:\\\/\\\/lyconnordic.no\\\/privat\\\/#website\"},\"primaryImageOfPage\":{\"@id\":\"https:\\\/\\\/lyconnordic.no\\\/privat\\\/produkt\\\/intimate-anti-age-cleanser-150ml\\\/#primaryimage\"},\"image\":{\"@id\":\"https:\\\/\\\/lyconnordic.no\\\/privat\\\/produkt\\\/intimate-anti-age-cleanser-150ml\\\/#primaryimage\"},\"thumbnailUrl\":\"https:\\\/\\\/lyconnordic.no\\\/privat\\\/wp-content\\\/uploads\\\/2025\\\/12\\\/8388779137908_Kysh-Cosmetics_Intimate-Anti-aging-Cleanser_2.jpg\",\"datePublished\":\"2026-02-11T11:00:20+00:00\",\"dateModified\":\"2026-02-11T11:19:26+00:00\",\"breadcrumb\":{\"@id\":\"https:\\\/\\\/lyconnordic.no\\\/privat\\\/produkt\\\/intimate-anti-age-cleanser-150ml\\\/#breadcrumb\"},\"inLanguage\":\"nb-NO\",\"potentialAction\":[{\"@type\":\"ReadAction\",\"target\":[\"https:\\\/\\\/lyconnordic.no\\\/privat\\\/produkt\\\/intimate-anti-age-cleanser-150ml\\\/\"]}]},{\"@type\":\"ImageObject\",\"inLanguage\":\"nb-NO\",\"@id\":\"https:\\\/\\\/lyconnordic.no\\\/privat\\\/produkt\\\/intimate-anti-age-cleanser-150ml\\\/#primaryimage\",\"url\":\"https:\\\/\\\/lyconnordic.no\\\/privat\\\/wp-content\\\/uploads\\\/2025\\\/12\\\/8388779137908_Kysh-Cosmetics_Intimate-Anti-aging-Cleanser_2.jpg\",\"contentUrl\":\"https:\\\/\\\/lyconnordic.no\\\/privat\\\/wp-content\\\/uploads\\\/2025\\\/12\\\/8388779137908_Kysh-Cosmetics_Intimate-Anti-aging-Cleanser_2.jpg\",\"width\":1500,\"height\":2000},{\"@type\":\"BreadcrumbList\",\"@id\":\"https:\\\/\\\/lyconnordic.no\\\/privat\\\/produkt\\\/intimate-anti-age-cleanser-150ml\\\/#breadcrumb\",\"itemListElement\":[{\"@type\":\"ListItem\",\"position\":1,\"name\":\"Hjem\",\"item\":\"https:\\\/\\\/lyconnordic.no\\\/privat\\\/\"},{\"@type\":\"ListItem\",\"position\":2,\"name\":\"Produkter\",\"item\":\"https:\\\/\\\/lyconnordic.no\\\/privat\\\/produkter\\\/\"},{\"@type\":\"ListItem\",\"position\":3,\"name\":\"Intimate Anti-Age Cleanser 150ml\"}]},{\"@type\":\"WebSite\",\"@id\":\"https:\\\/\\\/lyconnordic.no\\\/privat\\\/#website\",\"url\":\"https:\\\/\\\/lyconnordic.no\\\/privat\\\/\",\"name\":\"Lycon - for private\",\"description\":\"Australias voksmerke #1\",\"potentialAction\":[{\"@type\":\"SearchAction\",\"target\":{\"@type\":\"EntryPoint\",\"urlTemplate\":\"https:\\\/\\\/lyconnordic.no\\\/privat\\\/?s={search_term_string}\"},\"query-input\":{\"@type\":\"PropertyValueSpecification\",\"valueRequired\":true,\"valueName\":\"search_term_string\"}}],\"inLanguage\":\"nb-NO\"}]}<\/script>\n<!-- \/ Yoast SEO plugin. -->","yoast_head_json":{"title":"Intimate Anti-Age Cleanser 150ml - Lycon - for private","robots":{"index":"index","follow":"follow","max-snippet":"max-snippet:-1","max-image-preview":"max-image-preview:large","max-video-preview":"max-video-preview:-1"},"canonical":"https:\/\/lyconnordic.no\/privat\/produkt\/intimate-anti-age-cleanser-150ml\/","og_locale":"nb_NO","og_type":"article","og_title":"Intimate Anti-Age Cleanser 150ml - Lycon - for private","og_description":"En n\u00e6rende intimvask utviklet for kvinner i overgangsalderen.","og_url":"https:\/\/lyconnordic.no\/privat\/produkt\/intimate-anti-age-cleanser-150ml\/","og_site_name":"Lycon - for private","article_modified_time":"2026-02-11T11:19:26+00:00","og_image":[{"width":1500,"height":2000,"url":"https:\/\/lyconnordic.no\/privat\/wp-content\/uploads\/2025\/12\/8388779137908_Kysh-Cosmetics_Intimate-Anti-aging-Cleanser_2.jpg","type":"image\/jpeg"}],"twitter_card":"summary_large_image","twitter_misc":{"Ansl. lesetid":"2 minutter"},"schema":{"@context":"https:\/\/schema.org","@graph":[{"@type":"WebPage","@id":"https:\/\/lyconnordic.no\/privat\/produkt\/intimate-anti-age-cleanser-150ml\/","url":"https:\/\/lyconnordic.no\/privat\/produkt\/intimate-anti-age-cleanser-150ml\/","name":"Intimate Anti-Age Cleanser 150ml - Lycon - for private","isPartOf":{"@id":"https:\/\/lyconnordic.no\/privat\/#website"},"primaryImageOfPage":{"@id":"https:\/\/lyconnordic.no\/privat\/produkt\/intimate-anti-age-cleanser-150ml\/#primaryimage"},"image":{"@id":"https:\/\/lyconnordic.no\/privat\/produkt\/intimate-anti-age-cleanser-150ml\/#primaryimage"},"thumbnailUrl":"https:\/\/lyconnordic.no\/privat\/wp-content\/uploads\/2025\/12\/8388779137908_Kysh-Cosmetics_Intimate-Anti-aging-Cleanser_2.jpg","datePublished":"2026-02-11T11:00:20+00:00","dateModified":"2026-02-11T11:19:26+00:00","breadcrumb":{"@id":"https:\/\/lyconnordic.no\/privat\/produkt\/intimate-anti-age-cleanser-150ml\/#breadcrumb"},"inLanguage":"nb-NO","potentialAction":[{"@type":"ReadAction","target":["https:\/\/lyconnordic.no\/privat\/produkt\/intimate-anti-age-cleanser-150ml\/"]}]},{"@type":"ImageObject","inLanguage":"nb-NO","@id":"https:\/\/lyconnordic.no\/privat\/produkt\/intimate-anti-age-cleanser-150ml\/#primaryimage","url":"https:\/\/lyconnordic.no\/privat\/wp-content\/uploads\/2025\/12\/8388779137908_Kysh-Cosmetics_Intimate-Anti-aging-Cleanser_2.jpg","contentUrl":"https:\/\/lyconnordic.no\/privat\/wp-content\/uploads\/2025\/12\/8388779137908_Kysh-Cosmetics_Intimate-Anti-aging-Cleanser_2.jpg","width":1500,"height":2000},{"@type":"BreadcrumbList","@id":"https:\/\/lyconnordic.no\/privat\/produkt\/intimate-anti-age-cleanser-150ml\/#breadcrumb","itemListElement":[{"@type":"ListItem","position":1,"name":"Hjem","item":"https:\/\/lyconnordic.no\/privat\/"},{"@type":"ListItem","position":2,"name":"Produkter","item":"https:\/\/lyconnordic.no\/privat\/produkter\/"},{"@type":"ListItem","position":3,"name":"Intimate Anti-Age Cleanser 150ml"}]},{"@type":"WebSite","@id":"https:\/\/lyconnordic.no\/privat\/#website","url":"https:\/\/lyconnordic.no\/privat\/","name":"Lycon - for private","description":"Australias voksmerke #1","potentialAction":[{"@type":"SearchAction","target":{"@type":"EntryPoint","urlTemplate":"https:\/\/lyconnordic.no\/privat\/?s={search_term_string}"},"query-input":{"@type":"PropertyValueSpecification","valueRequired":true,"valueName":"search_term_string"}}],"inLanguage":"nb-NO"}]}},"_links":{"self":[{"href":"https:\/\/lyconnordic.no\/privat\/wp-json\/wp\/v2\/product\/21085","targetHints":{"allow":["GET"]}}],"collection":[{"href":"https:\/\/lyconnordic.no\/privat\/wp-json\/wp\/v2\/product"}],"about":[{"href":"https:\/\/lyconnordic.no\/privat\/wp-json\/wp\/v2\/types\/product"}],"replies":[{"embeddable":true,"href":"https:\/\/lyconnordic.no\/privat\/wp-json\/wp\/v2\/comments?post=21085"}],"version-history":[{"count":2,"href":"https:\/\/lyconnordic.no\/privat\/wp-json\/wp\/v2\/product\/21085\/revisions"}],"predecessor-version":[{"id":21138,"href":"https:\/\/lyconnordic.no\/privat\/wp-json\/wp\/v2\/product\/21085\/revisions\/21138"}],"wp:featuredmedia":[{"embeddable":true,"href":"https:\/\/lyconnordic.no\/privat\/wp-json\/wp\/v2\/media\/21080"}],"wp:attachment":[{"href":"https:\/\/lyconnordic.no\/privat\/wp-json\/wp\/v2\/media?parent=21085"}],"wp:term":[{"taxonomy":"product_brand","embeddable":true,"href":"https:\/\/lyconnordic.no\/privat\/wp-json\/wp\/v2\/product_brand?post=21085"},{"taxonomy":"product_cat","embeddable":true,"href":"https:\/\/lyconnordic.no\/privat\/wp-json\/wp\/v2\/product_cat?post=21085"},{"taxonomy":"product_tag","embeddable":true,"href":"https:\/\/lyconnordic.no\/privat\/wp-json\/wp\/v2\/product_tag?post=21085"}],"curies":[{"name":"wp","href":"https:\/\/api.w.org\/{rel}","templated":true}]}}