{"id":20814,"date":"2024-12-02T13:30:40","date_gmt":"2024-12-02T12:30:40","guid":{"rendered":"https:\/\/lyconnordic.no\/privat\/?post_type=product&#038;p=20814"},"modified":"2025-12-29T13:09:24","modified_gmt":"2025-12-29T12:09:24","slug":"ingrown-x-it-solution-50ml","status":"publish","type":"product","link":"https:\/\/lyconnordic.no\/privat\/produkt\/ingrown-x-it-solution-50ml\/","title":{"rendered":"Ingrown X-It Solution &#8211; 50ml"},"content":{"rendered":"","protected":false},"excerpt":{"rendered":"<p>Med salisylsyre, melkesyre, allantoin og arnica<\/p>\n<p>Mildt eksfolierende formel som behandler og forhindrer inngrodde h\u00e5r og betente h\u00e5rsekker p\u00e5 kroppen. Beriket med salisylsyre, melkesyre og arnica.<\/p>\n<p>Flaske til hjemmebruk, p\u00e5f\u00f8res etter dusj hver dag. Svir ikke<\/p>\n","protected":false},"featured_media":17254,"comment_status":"open","ping_status":"closed","template":"","meta":[],"product_brand":[],"product_cat":[91],"product_tag":[],"class_list":{"0":"post-20814","1":"product","2":"type-product","3":"status-publish","4":"has-post-thumbnail","6":"product_cat-ingrown-x-it","8":"first","9":"instock","10":"taxable","11":"shipping-taxable","12":"purchasable","13":"product-type-simple"},"yoast_head":"<!-- This site is optimized with the Yoast SEO plugin v27.3 - https:\/\/yoast.com\/product\/yoast-seo-wordpress\/ -->\n<title>Ingrown X-It Solution - 50ml - Lycon - for private<\/title>\n<meta name=\"robots\" content=\"index, follow, max-snippet:-1, max-image-preview:large, max-video-preview:-1\" \/>\n<link rel=\"canonical\" href=\"https:\/\/lyconnordic.no\/privat\/produkt\/ingrown-x-it-solution-50ml\/\" \/>\n<meta property=\"og:locale\" content=\"nb_NO\" \/>\n<meta property=\"og:type\" content=\"article\" \/>\n<meta property=\"og:title\" content=\"Ingrown X-It Solution - 50ml - Lycon - for private\" \/>\n<meta property=\"og:description\" content=\"Med salisylsyre, melkesyre, allantoin og arnica  Mildt eksfolierende formel som behandler og forhindrer inngrodde h\u00e5r og betente h\u00e5rsekker p\u00e5 kroppen. Beriket med salisylsyre, melkesyre og arnica.  Flaske til hjemmebruk, p\u00e5f\u00f8res etter dusj hver dag. Svir ikke\" \/>\n<meta property=\"og:url\" content=\"https:\/\/lyconnordic.no\/privat\/produkt\/ingrown-x-it-solution-50ml\/\" \/>\n<meta property=\"og:site_name\" content=\"Lycon - for private\" \/>\n<meta property=\"article:modified_time\" content=\"2025-12-29T12:09:24+00:00\" \/>\n<meta property=\"og:image\" content=\"https:\/\/lyconnordic.no\/privat\/wp-content\/uploads\/2023\/11\/Ingroxn-x-it-50ml-900-\u00d7-900-px.png\" \/>\n\t<meta property=\"og:image:width\" content=\"900\" \/>\n\t<meta property=\"og:image:height\" content=\"900\" \/>\n\t<meta property=\"og:image:type\" content=\"image\/png\" \/>\n<meta name=\"twitter:card\" content=\"summary_large_image\" \/>\n<meta name=\"twitter:label1\" content=\"Ansl. lesetid\" \/>\n\t<meta name=\"twitter:data1\" content=\"1 minutt\" \/>\n<script type=\"application\/ld+json\" class=\"yoast-schema-graph\">{\"@context\":\"https:\\\/\\\/schema.org\",\"@graph\":[{\"@type\":\"WebPage\",\"@id\":\"https:\\\/\\\/lyconnordic.no\\\/privat\\\/produkt\\\/ingrown-x-it-solution-50ml\\\/\",\"url\":\"https:\\\/\\\/lyconnordic.no\\\/privat\\\/produkt\\\/ingrown-x-it-solution-50ml\\\/\",\"name\":\"Ingrown X-It Solution - 50ml - Lycon - for private\",\"isPartOf\":{\"@id\":\"https:\\\/\\\/lyconnordic.no\\\/privat\\\/#website\"},\"primaryImageOfPage\":{\"@id\":\"https:\\\/\\\/lyconnordic.no\\\/privat\\\/produkt\\\/ingrown-x-it-solution-50ml\\\/#primaryimage\"},\"image\":{\"@id\":\"https:\\\/\\\/lyconnordic.no\\\/privat\\\/produkt\\\/ingrown-x-it-solution-50ml\\\/#primaryimage\"},\"thumbnailUrl\":\"https:\\\/\\\/lyconnordic.no\\\/privat\\\/wp-content\\\/uploads\\\/2023\\\/11\\\/Ingroxn-x-it-50ml-900-\u00d7-900-px.png\",\"datePublished\":\"2024-12-02T12:30:40+00:00\",\"dateModified\":\"2025-12-29T12:09:24+00:00\",\"breadcrumb\":{\"@id\":\"https:\\\/\\\/lyconnordic.no\\\/privat\\\/produkt\\\/ingrown-x-it-solution-50ml\\\/#breadcrumb\"},\"inLanguage\":\"nb-NO\",\"potentialAction\":[{\"@type\":\"ReadAction\",\"target\":[\"https:\\\/\\\/lyconnordic.no\\\/privat\\\/produkt\\\/ingrown-x-it-solution-50ml\\\/\"]}]},{\"@type\":\"ImageObject\",\"inLanguage\":\"nb-NO\",\"@id\":\"https:\\\/\\\/lyconnordic.no\\\/privat\\\/produkt\\\/ingrown-x-it-solution-50ml\\\/#primaryimage\",\"url\":\"https:\\\/\\\/lyconnordic.no\\\/privat\\\/wp-content\\\/uploads\\\/2023\\\/11\\\/Ingroxn-x-it-50ml-900-\u00d7-900-px.png\",\"contentUrl\":\"https:\\\/\\\/lyconnordic.no\\\/privat\\\/wp-content\\\/uploads\\\/2023\\\/11\\\/Ingroxn-x-it-50ml-900-\u00d7-900-px.png\",\"width\":900,\"height\":900},{\"@type\":\"BreadcrumbList\",\"@id\":\"https:\\\/\\\/lyconnordic.no\\\/privat\\\/produkt\\\/ingrown-x-it-solution-50ml\\\/#breadcrumb\",\"itemListElement\":[{\"@type\":\"ListItem\",\"position\":1,\"name\":\"Hjem\",\"item\":\"https:\\\/\\\/lyconnordic.no\\\/privat\\\/\"},{\"@type\":\"ListItem\",\"position\":2,\"name\":\"Produkter\",\"item\":\"https:\\\/\\\/lyconnordic.no\\\/privat\\\/produkter\\\/\"},{\"@type\":\"ListItem\",\"position\":3,\"name\":\"Ingrown X-It Solution &#8211; 50ml\"}]},{\"@type\":\"WebSite\",\"@id\":\"https:\\\/\\\/lyconnordic.no\\\/privat\\\/#website\",\"url\":\"https:\\\/\\\/lyconnordic.no\\\/privat\\\/\",\"name\":\"Lycon - for private\",\"description\":\"Australias voksmerke #1\",\"potentialAction\":[{\"@type\":\"SearchAction\",\"target\":{\"@type\":\"EntryPoint\",\"urlTemplate\":\"https:\\\/\\\/lyconnordic.no\\\/privat\\\/?s={search_term_string}\"},\"query-input\":{\"@type\":\"PropertyValueSpecification\",\"valueRequired\":true,\"valueName\":\"search_term_string\"}}],\"inLanguage\":\"nb-NO\"}]}<\/script>\n<!-- \/ Yoast SEO plugin. -->","yoast_head_json":{"title":"Ingrown X-It Solution - 50ml - Lycon - for private","robots":{"index":"index","follow":"follow","max-snippet":"max-snippet:-1","max-image-preview":"max-image-preview:large","max-video-preview":"max-video-preview:-1"},"canonical":"https:\/\/lyconnordic.no\/privat\/produkt\/ingrown-x-it-solution-50ml\/","og_locale":"nb_NO","og_type":"article","og_title":"Ingrown X-It Solution - 50ml - Lycon - for private","og_description":"Med salisylsyre, melkesyre, allantoin og arnica  Mildt eksfolierende formel som behandler og forhindrer inngrodde h\u00e5r og betente h\u00e5rsekker p\u00e5 kroppen. Beriket med salisylsyre, melkesyre og arnica.  Flaske til hjemmebruk, p\u00e5f\u00f8res etter dusj hver dag. Svir ikke","og_url":"https:\/\/lyconnordic.no\/privat\/produkt\/ingrown-x-it-solution-50ml\/","og_site_name":"Lycon - for private","article_modified_time":"2025-12-29T12:09:24+00:00","og_image":[{"width":900,"height":900,"url":"https:\/\/lyconnordic.no\/privat\/wp-content\/uploads\/2023\/11\/Ingroxn-x-it-50ml-900-\u00d7-900-px.png","type":"image\/png"}],"twitter_card":"summary_large_image","twitter_misc":{"Ansl. lesetid":"1 minutt"},"schema":{"@context":"https:\/\/schema.org","@graph":[{"@type":"WebPage","@id":"https:\/\/lyconnordic.no\/privat\/produkt\/ingrown-x-it-solution-50ml\/","url":"https:\/\/lyconnordic.no\/privat\/produkt\/ingrown-x-it-solution-50ml\/","name":"Ingrown X-It Solution - 50ml - Lycon - for private","isPartOf":{"@id":"https:\/\/lyconnordic.no\/privat\/#website"},"primaryImageOfPage":{"@id":"https:\/\/lyconnordic.no\/privat\/produkt\/ingrown-x-it-solution-50ml\/#primaryimage"},"image":{"@id":"https:\/\/lyconnordic.no\/privat\/produkt\/ingrown-x-it-solution-50ml\/#primaryimage"},"thumbnailUrl":"https:\/\/lyconnordic.no\/privat\/wp-content\/uploads\/2023\/11\/Ingroxn-x-it-50ml-900-\u00d7-900-px.png","datePublished":"2024-12-02T12:30:40+00:00","dateModified":"2025-12-29T12:09:24+00:00","breadcrumb":{"@id":"https:\/\/lyconnordic.no\/privat\/produkt\/ingrown-x-it-solution-50ml\/#breadcrumb"},"inLanguage":"nb-NO","potentialAction":[{"@type":"ReadAction","target":["https:\/\/lyconnordic.no\/privat\/produkt\/ingrown-x-it-solution-50ml\/"]}]},{"@type":"ImageObject","inLanguage":"nb-NO","@id":"https:\/\/lyconnordic.no\/privat\/produkt\/ingrown-x-it-solution-50ml\/#primaryimage","url":"https:\/\/lyconnordic.no\/privat\/wp-content\/uploads\/2023\/11\/Ingroxn-x-it-50ml-900-\u00d7-900-px.png","contentUrl":"https:\/\/lyconnordic.no\/privat\/wp-content\/uploads\/2023\/11\/Ingroxn-x-it-50ml-900-\u00d7-900-px.png","width":900,"height":900},{"@type":"BreadcrumbList","@id":"https:\/\/lyconnordic.no\/privat\/produkt\/ingrown-x-it-solution-50ml\/#breadcrumb","itemListElement":[{"@type":"ListItem","position":1,"name":"Hjem","item":"https:\/\/lyconnordic.no\/privat\/"},{"@type":"ListItem","position":2,"name":"Produkter","item":"https:\/\/lyconnordic.no\/privat\/produkter\/"},{"@type":"ListItem","position":3,"name":"Ingrown X-It Solution &#8211; 50ml"}]},{"@type":"WebSite","@id":"https:\/\/lyconnordic.no\/privat\/#website","url":"https:\/\/lyconnordic.no\/privat\/","name":"Lycon - for private","description":"Australias voksmerke #1","potentialAction":[{"@type":"SearchAction","target":{"@type":"EntryPoint","urlTemplate":"https:\/\/lyconnordic.no\/privat\/?s={search_term_string}"},"query-input":{"@type":"PropertyValueSpecification","valueRequired":true,"valueName":"search_term_string"}}],"inLanguage":"nb-NO"}]}},"_links":{"self":[{"href":"https:\/\/lyconnordic.no\/privat\/wp-json\/wp\/v2\/product\/20814","targetHints":{"allow":["GET"]}}],"collection":[{"href":"https:\/\/lyconnordic.no\/privat\/wp-json\/wp\/v2\/product"}],"about":[{"href":"https:\/\/lyconnordic.no\/privat\/wp-json\/wp\/v2\/types\/product"}],"replies":[{"embeddable":true,"href":"https:\/\/lyconnordic.no\/privat\/wp-json\/wp\/v2\/comments?post=20814"}],"version-history":[{"count":1,"href":"https:\/\/lyconnordic.no\/privat\/wp-json\/wp\/v2\/product\/20814\/revisions"}],"predecessor-version":[{"id":20836,"href":"https:\/\/lyconnordic.no\/privat\/wp-json\/wp\/v2\/product\/20814\/revisions\/20836"}],"wp:featuredmedia":[{"embeddable":true,"href":"https:\/\/lyconnordic.no\/privat\/wp-json\/wp\/v2\/media\/17254"}],"wp:attachment":[{"href":"https:\/\/lyconnordic.no\/privat\/wp-json\/wp\/v2\/media?parent=20814"}],"wp:term":[{"taxonomy":"product_brand","embeddable":true,"href":"https:\/\/lyconnordic.no\/privat\/wp-json\/wp\/v2\/product_brand?post=20814"},{"taxonomy":"product_cat","embeddable":true,"href":"https:\/\/lyconnordic.no\/privat\/wp-json\/wp\/v2\/product_cat?post=20814"},{"taxonomy":"product_tag","embeddable":true,"href":"https:\/\/lyconnordic.no\/privat\/wp-json\/wp\/v2\/product_tag?post=20814"}],"curies":[{"name":"wp","href":"https:\/\/api.w.org\/{rel}","templated":true}]}}