{"id":18011,"date":"2024-02-01T08:28:09","date_gmt":"2024-02-01T07:28:09","guid":{"rendered":"https:\/\/lyconnordic.nyside2.net\/privat\/?post_type=product&#038;p=18011"},"modified":"2025-10-24T15:03:48","modified_gmt":"2025-10-24T13:03:48","slug":"contouring-body-massage-oil-500ml","status":"publish","type":"product","link":"https:\/\/lyconnordic.no\/privat\/produkt\/contouring-body-massage-oil-500ml\/","title":{"rendered":"Contouring Body Massage Oil 500ml"},"content":{"rendered":"<p>En luksuri\u00f8s aromaterapiblanding med mandelolje, ylang ylang, einer og geranium. Beriket med kaffefr\u00f8ekstrakt som retter seg mot cellulitter og hjelper til med \u00e5 glatte ut kroppens konturer. Ved regelmessig bruk vil huden f\u00f8les jevnere og mer tonet. En lett massasje olje som ikke tetter porer.<\/p>\n","protected":false},"excerpt":{"rendered":"<p>En luksuri\u00f8s aromaterapiblanding med mandelolje, ylang ylang, einer og geranium. Beriket med kaffefr\u00f8ekstrakt som retter seg mot cellulitter og hjelper til med \u00e5 glatte ut kroppens konturer. Ved regelmessig bruk vil huden f\u00f8les jevnere og mer tonet. En lett massasje olje som ikke tetter porer.<\/p>\n<p>Masseres godt inn, f\u00e5r du f\u00e5r mye p\u00e5 kan du enkelt t\u00f8rke av overskuddet.<\/p>\n<p><strong>AKTIVE INGREDIENSER<\/strong><\/p>\n<ul>\n<li>Kaffefr\u00f8ekstrakt, s\u00f8t mandelolje.<\/li>\n<li>\u00a0Aromaterapi oljer: Ylang Ylang, Einer, Geranium<\/li>\n<\/ul>\n<p><strong>Vegansk | Cruelty-free | Glutenfri<\/strong><\/p>\n","protected":false},"featured_media":18012,"comment_status":"open","ping_status":"closed","template":"","meta":[],"product_brand":[],"product_cat":[74],"product_tag":[],"class_list":{"0":"post-18011","1":"product","2":"type-product","3":"status-publish","4":"has-post-thumbnail","6":"product_cat-hudpleie","8":"first","9":"instock","10":"taxable","11":"shipping-taxable","12":"purchasable","13":"product-type-simple"},"yoast_head":"<!-- This site is optimized with the Yoast SEO plugin v27.3 - https:\/\/yoast.com\/product\/yoast-seo-wordpress\/ -->\n<title>Contouring Body Massage Oil 500ml - Lycon - for private<\/title>\n<meta name=\"robots\" content=\"index, follow, max-snippet:-1, max-image-preview:large, max-video-preview:-1\" \/>\n<link rel=\"canonical\" href=\"https:\/\/lyconnordic.no\/privat\/produkt\/contouring-body-massage-oil-500ml\/\" \/>\n<meta property=\"og:locale\" content=\"nb_NO\" \/>\n<meta property=\"og:type\" content=\"article\" \/>\n<meta property=\"og:title\" content=\"Contouring Body Massage Oil 500ml - Lycon - for private\" \/>\n<meta property=\"og:description\" content=\"En luksuri\u00f8s aromaterapiblanding med mandelolje, ylang ylang, einer og geranium. Beriket med kaffefr\u00f8ekstrakt som retter seg mot cellulitter og hjelper til med \u00e5 glatte ut kroppens konturer. Ved regelmessig bruk vil huden f\u00f8les jevnere og mer tonet. En lett massasje olje som ikke tetter porer.  Masseres godt inn, f\u00e5r du f\u00e5r mye p\u00e5 kan du enkelt t\u00f8rke av overskuddet.  AKTIVE INGREDIENSER   Kaffefr\u00f8ekstrakt, s\u00f8t mandelolje.  \u00a0Aromaterapi oljer: Ylang Ylang, Einer, Geranium  Vegansk | Cruelty-free | Glutenfri\" \/>\n<meta property=\"og:url\" content=\"https:\/\/lyconnordic.no\/privat\/produkt\/contouring-body-massage-oil-500ml\/\" \/>\n<meta property=\"og:site_name\" content=\"Lycon - for private\" \/>\n<meta property=\"article:modified_time\" content=\"2025-10-24T13:03:48+00:00\" \/>\n<meta property=\"og:image\" content=\"https:\/\/lyconnordic.no\/privat\/wp-content\/uploads\/2024\/02\/LYCON_Skin_Contouring_Body_Oil_500ml_WEB.jpg\" \/>\n\t<meta property=\"og:image:width\" content=\"900\" \/>\n\t<meta property=\"og:image:height\" content=\"900\" \/>\n\t<meta property=\"og:image:type\" content=\"image\/jpeg\" \/>\n<meta name=\"twitter:card\" content=\"summary_large_image\" \/>\n<script type=\"application\/ld+json\" class=\"yoast-schema-graph\">{\"@context\":\"https:\\\/\\\/schema.org\",\"@graph\":[{\"@type\":\"WebPage\",\"@id\":\"https:\\\/\\\/lyconnordic.no\\\/privat\\\/produkt\\\/contouring-body-massage-oil-500ml\\\/\",\"url\":\"https:\\\/\\\/lyconnordic.no\\\/privat\\\/produkt\\\/contouring-body-massage-oil-500ml\\\/\",\"name\":\"Contouring Body Massage Oil 500ml - Lycon - for private\",\"isPartOf\":{\"@id\":\"https:\\\/\\\/lyconnordic.no\\\/privat\\\/#website\"},\"primaryImageOfPage\":{\"@id\":\"https:\\\/\\\/lyconnordic.no\\\/privat\\\/produkt\\\/contouring-body-massage-oil-500ml\\\/#primaryimage\"},\"image\":{\"@id\":\"https:\\\/\\\/lyconnordic.no\\\/privat\\\/produkt\\\/contouring-body-massage-oil-500ml\\\/#primaryimage\"},\"thumbnailUrl\":\"https:\\\/\\\/lyconnordic.no\\\/privat\\\/wp-content\\\/uploads\\\/2024\\\/02\\\/LYCON_Skin_Contouring_Body_Oil_500ml_WEB.jpg\",\"datePublished\":\"2024-02-01T07:28:09+00:00\",\"dateModified\":\"2025-10-24T13:03:48+00:00\",\"breadcrumb\":{\"@id\":\"https:\\\/\\\/lyconnordic.no\\\/privat\\\/produkt\\\/contouring-body-massage-oil-500ml\\\/#breadcrumb\"},\"inLanguage\":\"nb-NO\",\"potentialAction\":[{\"@type\":\"ReadAction\",\"target\":[\"https:\\\/\\\/lyconnordic.no\\\/privat\\\/produkt\\\/contouring-body-massage-oil-500ml\\\/\"]}]},{\"@type\":\"ImageObject\",\"inLanguage\":\"nb-NO\",\"@id\":\"https:\\\/\\\/lyconnordic.no\\\/privat\\\/produkt\\\/contouring-body-massage-oil-500ml\\\/#primaryimage\",\"url\":\"https:\\\/\\\/lyconnordic.no\\\/privat\\\/wp-content\\\/uploads\\\/2024\\\/02\\\/LYCON_Skin_Contouring_Body_Oil_500ml_WEB.jpg\",\"contentUrl\":\"https:\\\/\\\/lyconnordic.no\\\/privat\\\/wp-content\\\/uploads\\\/2024\\\/02\\\/LYCON_Skin_Contouring_Body_Oil_500ml_WEB.jpg\",\"width\":900,\"height\":900},{\"@type\":\"BreadcrumbList\",\"@id\":\"https:\\\/\\\/lyconnordic.no\\\/privat\\\/produkt\\\/contouring-body-massage-oil-500ml\\\/#breadcrumb\",\"itemListElement\":[{\"@type\":\"ListItem\",\"position\":1,\"name\":\"Hjem\",\"item\":\"https:\\\/\\\/lyconnordic.no\\\/privat\\\/\"},{\"@type\":\"ListItem\",\"position\":2,\"name\":\"Produkter\",\"item\":\"https:\\\/\\\/lyconnordic.no\\\/privat\\\/produkter\\\/\"},{\"@type\":\"ListItem\",\"position\":3,\"name\":\"Contouring Body Massage Oil 500ml\"}]},{\"@type\":\"WebSite\",\"@id\":\"https:\\\/\\\/lyconnordic.no\\\/privat\\\/#website\",\"url\":\"https:\\\/\\\/lyconnordic.no\\\/privat\\\/\",\"name\":\"Lycon - for private\",\"description\":\"Australias voksmerke #1\",\"potentialAction\":[{\"@type\":\"SearchAction\",\"target\":{\"@type\":\"EntryPoint\",\"urlTemplate\":\"https:\\\/\\\/lyconnordic.no\\\/privat\\\/?s={search_term_string}\"},\"query-input\":{\"@type\":\"PropertyValueSpecification\",\"valueRequired\":true,\"valueName\":\"search_term_string\"}}],\"inLanguage\":\"nb-NO\"}]}<\/script>\n<!-- \/ Yoast SEO plugin. -->","yoast_head_json":{"title":"Contouring Body Massage Oil 500ml - Lycon - for private","robots":{"index":"index","follow":"follow","max-snippet":"max-snippet:-1","max-image-preview":"max-image-preview:large","max-video-preview":"max-video-preview:-1"},"canonical":"https:\/\/lyconnordic.no\/privat\/produkt\/contouring-body-massage-oil-500ml\/","og_locale":"nb_NO","og_type":"article","og_title":"Contouring Body Massage Oil 500ml - Lycon - for private","og_description":"En luksuri\u00f8s aromaterapiblanding med mandelolje, ylang ylang, einer og geranium. Beriket med kaffefr\u00f8ekstrakt som retter seg mot cellulitter og hjelper til med \u00e5 glatte ut kroppens konturer. Ved regelmessig bruk vil huden f\u00f8les jevnere og mer tonet. En lett massasje olje som ikke tetter porer.  Masseres godt inn, f\u00e5r du f\u00e5r mye p\u00e5 kan du enkelt t\u00f8rke av overskuddet.  AKTIVE INGREDIENSER   Kaffefr\u00f8ekstrakt, s\u00f8t mandelolje.  \u00a0Aromaterapi oljer: Ylang Ylang, Einer, Geranium  Vegansk | Cruelty-free | Glutenfri","og_url":"https:\/\/lyconnordic.no\/privat\/produkt\/contouring-body-massage-oil-500ml\/","og_site_name":"Lycon - for private","article_modified_time":"2025-10-24T13:03:48+00:00","og_image":[{"width":900,"height":900,"url":"https:\/\/lyconnordic.no\/privat\/wp-content\/uploads\/2024\/02\/LYCON_Skin_Contouring_Body_Oil_500ml_WEB.jpg","type":"image\/jpeg"}],"twitter_card":"summary_large_image","schema":{"@context":"https:\/\/schema.org","@graph":[{"@type":"WebPage","@id":"https:\/\/lyconnordic.no\/privat\/produkt\/contouring-body-massage-oil-500ml\/","url":"https:\/\/lyconnordic.no\/privat\/produkt\/contouring-body-massage-oil-500ml\/","name":"Contouring Body Massage Oil 500ml - Lycon - for private","isPartOf":{"@id":"https:\/\/lyconnordic.no\/privat\/#website"},"primaryImageOfPage":{"@id":"https:\/\/lyconnordic.no\/privat\/produkt\/contouring-body-massage-oil-500ml\/#primaryimage"},"image":{"@id":"https:\/\/lyconnordic.no\/privat\/produkt\/contouring-body-massage-oil-500ml\/#primaryimage"},"thumbnailUrl":"https:\/\/lyconnordic.no\/privat\/wp-content\/uploads\/2024\/02\/LYCON_Skin_Contouring_Body_Oil_500ml_WEB.jpg","datePublished":"2024-02-01T07:28:09+00:00","dateModified":"2025-10-24T13:03:48+00:00","breadcrumb":{"@id":"https:\/\/lyconnordic.no\/privat\/produkt\/contouring-body-massage-oil-500ml\/#breadcrumb"},"inLanguage":"nb-NO","potentialAction":[{"@type":"ReadAction","target":["https:\/\/lyconnordic.no\/privat\/produkt\/contouring-body-massage-oil-500ml\/"]}]},{"@type":"ImageObject","inLanguage":"nb-NO","@id":"https:\/\/lyconnordic.no\/privat\/produkt\/contouring-body-massage-oil-500ml\/#primaryimage","url":"https:\/\/lyconnordic.no\/privat\/wp-content\/uploads\/2024\/02\/LYCON_Skin_Contouring_Body_Oil_500ml_WEB.jpg","contentUrl":"https:\/\/lyconnordic.no\/privat\/wp-content\/uploads\/2024\/02\/LYCON_Skin_Contouring_Body_Oil_500ml_WEB.jpg","width":900,"height":900},{"@type":"BreadcrumbList","@id":"https:\/\/lyconnordic.no\/privat\/produkt\/contouring-body-massage-oil-500ml\/#breadcrumb","itemListElement":[{"@type":"ListItem","position":1,"name":"Hjem","item":"https:\/\/lyconnordic.no\/privat\/"},{"@type":"ListItem","position":2,"name":"Produkter","item":"https:\/\/lyconnordic.no\/privat\/produkter\/"},{"@type":"ListItem","position":3,"name":"Contouring Body Massage Oil 500ml"}]},{"@type":"WebSite","@id":"https:\/\/lyconnordic.no\/privat\/#website","url":"https:\/\/lyconnordic.no\/privat\/","name":"Lycon - for private","description":"Australias voksmerke #1","potentialAction":[{"@type":"SearchAction","target":{"@type":"EntryPoint","urlTemplate":"https:\/\/lyconnordic.no\/privat\/?s={search_term_string}"},"query-input":{"@type":"PropertyValueSpecification","valueRequired":true,"valueName":"search_term_string"}}],"inLanguage":"nb-NO"}]}},"_links":{"self":[{"href":"https:\/\/lyconnordic.no\/privat\/wp-json\/wp\/v2\/product\/18011","targetHints":{"allow":["GET"]}}],"collection":[{"href":"https:\/\/lyconnordic.no\/privat\/wp-json\/wp\/v2\/product"}],"about":[{"href":"https:\/\/lyconnordic.no\/privat\/wp-json\/wp\/v2\/types\/product"}],"replies":[{"embeddable":true,"href":"https:\/\/lyconnordic.no\/privat\/wp-json\/wp\/v2\/comments?post=18011"}],"version-history":[{"count":3,"href":"https:\/\/lyconnordic.no\/privat\/wp-json\/wp\/v2\/product\/18011\/revisions"}],"predecessor-version":[{"id":18016,"href":"https:\/\/lyconnordic.no\/privat\/wp-json\/wp\/v2\/product\/18011\/revisions\/18016"}],"wp:featuredmedia":[{"embeddable":true,"href":"https:\/\/lyconnordic.no\/privat\/wp-json\/wp\/v2\/media\/18012"}],"wp:attachment":[{"href":"https:\/\/lyconnordic.no\/privat\/wp-json\/wp\/v2\/media?parent=18011"}],"wp:term":[{"taxonomy":"product_brand","embeddable":true,"href":"https:\/\/lyconnordic.no\/privat\/wp-json\/wp\/v2\/product_brand?post=18011"},{"taxonomy":"product_cat","embeddable":true,"href":"https:\/\/lyconnordic.no\/privat\/wp-json\/wp\/v2\/product_cat?post=18011"},{"taxonomy":"product_tag","embeddable":true,"href":"https:\/\/lyconnordic.no\/privat\/wp-json\/wp\/v2\/product_tag?post=18011"}],"curies":[{"name":"wp","href":"https:\/\/api.w.org\/{rel}","templated":true}]}}