{"id":17888,"date":"2024-01-18T09:12:31","date_gmt":"2024-01-18T08:12:31","guid":{"rendered":"https:\/\/lyconnordic.nyside2.net\/privat\/?post_type=product&#038;p=17888"},"modified":"2025-10-23T18:21:52","modified_gmt":"2025-10-23T16:21:52","slug":"wax-cellence-spatulas-20stk","status":"publish","type":"product","link":"https:\/\/lyconnordic.no\/privat\/produkt\/wax-cellence-spatulas-20stk\/","title":{"rendered":"Wax-Cellence Spatulas 20stk"},"content":{"rendered":"<p>Pose med spatler i to st\u00f8rrelser.<br \/>\nPakken inneholder totalt 20 spatler, 10 av hver st\u00f8rrelse. Den st\u00f8rste st\u00f8rrelsen passer best til kroppsvoksing og litt st\u00f8rre omr\u00e5der. De minste spatlene er fine til ansikt og mindre omr\u00e5der.<\/p>\n<p>&nbsp;<\/p>\n","protected":false},"excerpt":{"rendered":"<p><b>Spatler<\/b><\/p>\n<p>Pose med spatler i to st\u00f8rrelser.<br \/>\nPakken inneholder totalt 20 spatler, 10 av hver st\u00f8rrelse. Den st\u00f8rste st\u00f8rrelsen passer best til kroppsvoksing og litt st\u00f8rre omr\u00e5der. De minste spatlene er fine til ansikt og mindre omr\u00e5der.<\/p>\n","protected":false},"featured_media":17901,"comment_status":"open","ping_status":"closed","template":"","meta":[],"product_brand":[],"product_cat":[163],"product_tag":[],"class_list":{"0":"post-17888","1":"product","2":"type-product","3":"status-publish","4":"has-post-thumbnail","6":"product_cat-wax-cellence","8":"first","9":"instock","10":"taxable","11":"shipping-taxable","12":"purchasable","13":"product-type-simple"},"yoast_head":"<!-- This site is optimized with the Yoast SEO plugin v27.3 - https:\/\/yoast.com\/product\/yoast-seo-wordpress\/ -->\n<title>Wax-Cellence Spatulas 20stk - Lycon - for private<\/title>\n<meta name=\"robots\" content=\"index, follow, max-snippet:-1, max-image-preview:large, max-video-preview:-1\" \/>\n<link rel=\"canonical\" href=\"https:\/\/lyconnordic.no\/privat\/produkt\/wax-cellence-spatulas-20stk\/\" \/>\n<meta property=\"og:locale\" content=\"nb_NO\" \/>\n<meta property=\"og:type\" content=\"article\" \/>\n<meta property=\"og:title\" content=\"Wax-Cellence Spatulas 20stk - Lycon - for private\" \/>\n<meta property=\"og:description\" content=\"Spatler  Pose med spatler i to st\u00f8rrelser. Pakken inneholder totalt 20 spatler, 10 av hver st\u00f8rrelse. Den st\u00f8rste st\u00f8rrelsen passer best til kroppsvoksing og litt st\u00f8rre omr\u00e5der. De minste spatlene er fine til ansikt og mindre omr\u00e5der.\" \/>\n<meta property=\"og:url\" content=\"https:\/\/lyconnordic.no\/privat\/produkt\/wax-cellence-spatulas-20stk\/\" \/>\n<meta property=\"og:site_name\" content=\"Lycon - for private\" \/>\n<meta property=\"article:modified_time\" content=\"2025-10-23T16:21:52+00:00\" \/>\n<meta property=\"og:image\" content=\"https:\/\/lyconnordic.no\/privat\/wp-content\/uploads\/2024\/01\/Wax-cellence_Spatula-Pack_WEB.jpg\" \/>\n\t<meta property=\"og:image:width\" content=\"900\" \/>\n\t<meta property=\"og:image:height\" content=\"900\" \/>\n\t<meta property=\"og:image:type\" content=\"image\/jpeg\" \/>\n<meta name=\"twitter:card\" content=\"summary_large_image\" \/>\n<script type=\"application\/ld+json\" class=\"yoast-schema-graph\">{\"@context\":\"https:\\\/\\\/schema.org\",\"@graph\":[{\"@type\":\"WebPage\",\"@id\":\"https:\\\/\\\/lyconnordic.no\\\/privat\\\/produkt\\\/wax-cellence-spatulas-20stk\\\/\",\"url\":\"https:\\\/\\\/lyconnordic.no\\\/privat\\\/produkt\\\/wax-cellence-spatulas-20stk\\\/\",\"name\":\"Wax-Cellence Spatulas 20stk - Lycon - for private\",\"isPartOf\":{\"@id\":\"https:\\\/\\\/lyconnordic.no\\\/privat\\\/#website\"},\"primaryImageOfPage\":{\"@id\":\"https:\\\/\\\/lyconnordic.no\\\/privat\\\/produkt\\\/wax-cellence-spatulas-20stk\\\/#primaryimage\"},\"image\":{\"@id\":\"https:\\\/\\\/lyconnordic.no\\\/privat\\\/produkt\\\/wax-cellence-spatulas-20stk\\\/#primaryimage\"},\"thumbnailUrl\":\"https:\\\/\\\/lyconnordic.no\\\/privat\\\/wp-content\\\/uploads\\\/2024\\\/01\\\/Wax-cellence_Spatula-Pack_WEB.jpg\",\"datePublished\":\"2024-01-18T08:12:31+00:00\",\"dateModified\":\"2025-10-23T16:21:52+00:00\",\"breadcrumb\":{\"@id\":\"https:\\\/\\\/lyconnordic.no\\\/privat\\\/produkt\\\/wax-cellence-spatulas-20stk\\\/#breadcrumb\"},\"inLanguage\":\"nb-NO\",\"potentialAction\":[{\"@type\":\"ReadAction\",\"target\":[\"https:\\\/\\\/lyconnordic.no\\\/privat\\\/produkt\\\/wax-cellence-spatulas-20stk\\\/\"]}]},{\"@type\":\"ImageObject\",\"inLanguage\":\"nb-NO\",\"@id\":\"https:\\\/\\\/lyconnordic.no\\\/privat\\\/produkt\\\/wax-cellence-spatulas-20stk\\\/#primaryimage\",\"url\":\"https:\\\/\\\/lyconnordic.no\\\/privat\\\/wp-content\\\/uploads\\\/2024\\\/01\\\/Wax-cellence_Spatula-Pack_WEB.jpg\",\"contentUrl\":\"https:\\\/\\\/lyconnordic.no\\\/privat\\\/wp-content\\\/uploads\\\/2024\\\/01\\\/Wax-cellence_Spatula-Pack_WEB.jpg\",\"width\":900,\"height\":900},{\"@type\":\"BreadcrumbList\",\"@id\":\"https:\\\/\\\/lyconnordic.no\\\/privat\\\/produkt\\\/wax-cellence-spatulas-20stk\\\/#breadcrumb\",\"itemListElement\":[{\"@type\":\"ListItem\",\"position\":1,\"name\":\"Hjem\",\"item\":\"https:\\\/\\\/lyconnordic.no\\\/privat\\\/\"},{\"@type\":\"ListItem\",\"position\":2,\"name\":\"Produkter\",\"item\":\"https:\\\/\\\/lyconnordic.no\\\/privat\\\/produkter\\\/\"},{\"@type\":\"ListItem\",\"position\":3,\"name\":\"Wax-Cellence Spatulas 20stk\"}]},{\"@type\":\"WebSite\",\"@id\":\"https:\\\/\\\/lyconnordic.no\\\/privat\\\/#website\",\"url\":\"https:\\\/\\\/lyconnordic.no\\\/privat\\\/\",\"name\":\"Lycon - for private\",\"description\":\"Australias voksmerke #1\",\"potentialAction\":[{\"@type\":\"SearchAction\",\"target\":{\"@type\":\"EntryPoint\",\"urlTemplate\":\"https:\\\/\\\/lyconnordic.no\\\/privat\\\/?s={search_term_string}\"},\"query-input\":{\"@type\":\"PropertyValueSpecification\",\"valueRequired\":true,\"valueName\":\"search_term_string\"}}],\"inLanguage\":\"nb-NO\"}]}<\/script>\n<!-- \/ Yoast SEO plugin. -->","yoast_head_json":{"title":"Wax-Cellence Spatulas 20stk - Lycon - for private","robots":{"index":"index","follow":"follow","max-snippet":"max-snippet:-1","max-image-preview":"max-image-preview:large","max-video-preview":"max-video-preview:-1"},"canonical":"https:\/\/lyconnordic.no\/privat\/produkt\/wax-cellence-spatulas-20stk\/","og_locale":"nb_NO","og_type":"article","og_title":"Wax-Cellence Spatulas 20stk - Lycon - for private","og_description":"Spatler  Pose med spatler i to st\u00f8rrelser. Pakken inneholder totalt 20 spatler, 10 av hver st\u00f8rrelse. Den st\u00f8rste st\u00f8rrelsen passer best til kroppsvoksing og litt st\u00f8rre omr\u00e5der. De minste spatlene er fine til ansikt og mindre omr\u00e5der.","og_url":"https:\/\/lyconnordic.no\/privat\/produkt\/wax-cellence-spatulas-20stk\/","og_site_name":"Lycon - for private","article_modified_time":"2025-10-23T16:21:52+00:00","og_image":[{"width":900,"height":900,"url":"https:\/\/lyconnordic.no\/privat\/wp-content\/uploads\/2024\/01\/Wax-cellence_Spatula-Pack_WEB.jpg","type":"image\/jpeg"}],"twitter_card":"summary_large_image","schema":{"@context":"https:\/\/schema.org","@graph":[{"@type":"WebPage","@id":"https:\/\/lyconnordic.no\/privat\/produkt\/wax-cellence-spatulas-20stk\/","url":"https:\/\/lyconnordic.no\/privat\/produkt\/wax-cellence-spatulas-20stk\/","name":"Wax-Cellence Spatulas 20stk - Lycon - for private","isPartOf":{"@id":"https:\/\/lyconnordic.no\/privat\/#website"},"primaryImageOfPage":{"@id":"https:\/\/lyconnordic.no\/privat\/produkt\/wax-cellence-spatulas-20stk\/#primaryimage"},"image":{"@id":"https:\/\/lyconnordic.no\/privat\/produkt\/wax-cellence-spatulas-20stk\/#primaryimage"},"thumbnailUrl":"https:\/\/lyconnordic.no\/privat\/wp-content\/uploads\/2024\/01\/Wax-cellence_Spatula-Pack_WEB.jpg","datePublished":"2024-01-18T08:12:31+00:00","dateModified":"2025-10-23T16:21:52+00:00","breadcrumb":{"@id":"https:\/\/lyconnordic.no\/privat\/produkt\/wax-cellence-spatulas-20stk\/#breadcrumb"},"inLanguage":"nb-NO","potentialAction":[{"@type":"ReadAction","target":["https:\/\/lyconnordic.no\/privat\/produkt\/wax-cellence-spatulas-20stk\/"]}]},{"@type":"ImageObject","inLanguage":"nb-NO","@id":"https:\/\/lyconnordic.no\/privat\/produkt\/wax-cellence-spatulas-20stk\/#primaryimage","url":"https:\/\/lyconnordic.no\/privat\/wp-content\/uploads\/2024\/01\/Wax-cellence_Spatula-Pack_WEB.jpg","contentUrl":"https:\/\/lyconnordic.no\/privat\/wp-content\/uploads\/2024\/01\/Wax-cellence_Spatula-Pack_WEB.jpg","width":900,"height":900},{"@type":"BreadcrumbList","@id":"https:\/\/lyconnordic.no\/privat\/produkt\/wax-cellence-spatulas-20stk\/#breadcrumb","itemListElement":[{"@type":"ListItem","position":1,"name":"Hjem","item":"https:\/\/lyconnordic.no\/privat\/"},{"@type":"ListItem","position":2,"name":"Produkter","item":"https:\/\/lyconnordic.no\/privat\/produkter\/"},{"@type":"ListItem","position":3,"name":"Wax-Cellence Spatulas 20stk"}]},{"@type":"WebSite","@id":"https:\/\/lyconnordic.no\/privat\/#website","url":"https:\/\/lyconnordic.no\/privat\/","name":"Lycon - for private","description":"Australias voksmerke #1","potentialAction":[{"@type":"SearchAction","target":{"@type":"EntryPoint","urlTemplate":"https:\/\/lyconnordic.no\/privat\/?s={search_term_string}"},"query-input":{"@type":"PropertyValueSpecification","valueRequired":true,"valueName":"search_term_string"}}],"inLanguage":"nb-NO"}]}},"_links":{"self":[{"href":"https:\/\/lyconnordic.no\/privat\/wp-json\/wp\/v2\/product\/17888","targetHints":{"allow":["GET"]}}],"collection":[{"href":"https:\/\/lyconnordic.no\/privat\/wp-json\/wp\/v2\/product"}],"about":[{"href":"https:\/\/lyconnordic.no\/privat\/wp-json\/wp\/v2\/types\/product"}],"replies":[{"embeddable":true,"href":"https:\/\/lyconnordic.no\/privat\/wp-json\/wp\/v2\/comments?post=17888"}],"version-history":[{"count":5,"href":"https:\/\/lyconnordic.no\/privat\/wp-json\/wp\/v2\/product\/17888\/revisions"}],"predecessor-version":[{"id":20470,"href":"https:\/\/lyconnordic.no\/privat\/wp-json\/wp\/v2\/product\/17888\/revisions\/20470"}],"wp:featuredmedia":[{"embeddable":true,"href":"https:\/\/lyconnordic.no\/privat\/wp-json\/wp\/v2\/media\/17901"}],"wp:attachment":[{"href":"https:\/\/lyconnordic.no\/privat\/wp-json\/wp\/v2\/media?parent=17888"}],"wp:term":[{"taxonomy":"product_brand","embeddable":true,"href":"https:\/\/lyconnordic.no\/privat\/wp-json\/wp\/v2\/product_brand?post=17888"},{"taxonomy":"product_cat","embeddable":true,"href":"https:\/\/lyconnordic.no\/privat\/wp-json\/wp\/v2\/product_cat?post=17888"},{"taxonomy":"product_tag","embeddable":true,"href":"https:\/\/lyconnordic.no\/privat\/wp-json\/wp\/v2\/product_tag?post=17888"}],"curies":[{"name":"wp","href":"https:\/\/api.w.org\/{rel}","templated":true}]}}