{"id":17884,"date":"2024-01-18T09:08:02","date_gmt":"2024-01-18T08:08:02","guid":{"rendered":"https:\/\/lyconnordic.nyside2.net\/privat\/?post_type=product&#038;p=17884"},"modified":"2026-02-08T17:21:44","modified_gmt":"2026-02-08T16:21:44","slug":"wax-cellence-cleanser-30ml","status":"publish","type":"product","link":"https:\/\/lyconnordic.no\/privat\/produkt\/wax-cellence-cleanser-30ml\/","title":{"rendered":"Wax-Cellence Cleanser 30ml"},"content":{"rendered":"<p><span style=\"font-size: medium\">Refill til Wax-Cellence Home Waxing Kit. <\/span><\/p>\n<p><span style=\"font-size: medium\">Sk\u00e5nsom, oppfriskende rens som fjerner, overfl\u00f8dig olje, svette, makeup og kremrester fra huden\u00a0f\u00f8r all type voksing. Benyttes ogs\u00e5 etter voksing for \u00e5 rense huden samt lukke h\u00e5rsekkene. <\/span><\/p>\n<p><span style=\"font-size: medium\"><strong>Str:<\/strong> 30ml<\/span><\/p>\n","protected":false},"excerpt":{"rendered":"<p>Refill til Wax-Cellence Home Waxing Kit.<\/p>\n<p>Sk\u00e5nsom, oppfriskende rens som fjerner, overfl\u00f8dig olje, svette, makeup og kremrester fra huden\u00a0f\u00f8r all type voksing. Benyttes ogs\u00e5 etter voksing for \u00e5 rense huden samt lukke h\u00e5rsekkene.<\/p>\n","protected":false},"featured_media":17893,"comment_status":"open","ping_status":"closed","template":"","meta":[],"product_brand":[],"product_cat":[163],"product_tag":[],"class_list":{"0":"post-17884","1":"product","2":"type-product","3":"status-publish","4":"has-post-thumbnail","6":"product_cat-wax-cellence","8":"first","9":"instock","10":"taxable","11":"shipping-taxable","12":"purchasable","13":"product-type-simple"},"yoast_head":"<!-- This site is optimized with the Yoast SEO plugin v27.3 - https:\/\/yoast.com\/product\/yoast-seo-wordpress\/ -->\n<title>Wax-Cellence Cleanser 30ml - Lycon - for private<\/title>\n<meta name=\"robots\" content=\"index, follow, max-snippet:-1, max-image-preview:large, max-video-preview:-1\" \/>\n<link rel=\"canonical\" href=\"https:\/\/lyconnordic.no\/privat\/produkt\/wax-cellence-cleanser-30ml\/\" \/>\n<meta property=\"og:locale\" content=\"nb_NO\" \/>\n<meta property=\"og:type\" content=\"article\" \/>\n<meta property=\"og:title\" content=\"Wax-Cellence Cleanser 30ml - Lycon - for private\" \/>\n<meta property=\"og:description\" content=\"Refill til Wax-Cellence Home Waxing Kit.  Sk\u00e5nsom, oppfriskende rens som fjerner, overfl\u00f8dig olje, svette, makeup og kremrester fra huden\u00a0f\u00f8r all type voksing. Benyttes ogs\u00e5 etter voksing for \u00e5 rense huden samt lukke h\u00e5rsekkene.\" \/>\n<meta property=\"og:url\" content=\"https:\/\/lyconnordic.no\/privat\/produkt\/wax-cellence-cleanser-30ml\/\" \/>\n<meta property=\"og:site_name\" content=\"Lycon - for private\" \/>\n<meta property=\"article:modified_time\" content=\"2026-02-08T16:21:44+00:00\" \/>\n<meta property=\"og:image\" content=\"https:\/\/lyconnordic.no\/privat\/wp-content\/uploads\/2024\/01\/wax-cellence-cleanser-30ml.jpg\" \/>\n\t<meta property=\"og:image:width\" content=\"900\" \/>\n\t<meta property=\"og:image:height\" content=\"900\" \/>\n\t<meta property=\"og:image:type\" content=\"image\/jpeg\" \/>\n<meta name=\"twitter:card\" content=\"summary_large_image\" \/>\n<script type=\"application\/ld+json\" class=\"yoast-schema-graph\">{\"@context\":\"https:\\\/\\\/schema.org\",\"@graph\":[{\"@type\":\"WebPage\",\"@id\":\"https:\\\/\\\/lyconnordic.no\\\/privat\\\/produkt\\\/wax-cellence-cleanser-30ml\\\/\",\"url\":\"https:\\\/\\\/lyconnordic.no\\\/privat\\\/produkt\\\/wax-cellence-cleanser-30ml\\\/\",\"name\":\"Wax-Cellence Cleanser 30ml - Lycon - for private\",\"isPartOf\":{\"@id\":\"https:\\\/\\\/lyconnordic.no\\\/privat\\\/#website\"},\"primaryImageOfPage\":{\"@id\":\"https:\\\/\\\/lyconnordic.no\\\/privat\\\/produkt\\\/wax-cellence-cleanser-30ml\\\/#primaryimage\"},\"image\":{\"@id\":\"https:\\\/\\\/lyconnordic.no\\\/privat\\\/produkt\\\/wax-cellence-cleanser-30ml\\\/#primaryimage\"},\"thumbnailUrl\":\"https:\\\/\\\/lyconnordic.no\\\/privat\\\/wp-content\\\/uploads\\\/2024\\\/01\\\/wax-cellence-cleanser-30ml.jpg\",\"datePublished\":\"2024-01-18T08:08:02+00:00\",\"dateModified\":\"2026-02-08T16:21:44+00:00\",\"breadcrumb\":{\"@id\":\"https:\\\/\\\/lyconnordic.no\\\/privat\\\/produkt\\\/wax-cellence-cleanser-30ml\\\/#breadcrumb\"},\"inLanguage\":\"nb-NO\",\"potentialAction\":[{\"@type\":\"ReadAction\",\"target\":[\"https:\\\/\\\/lyconnordic.no\\\/privat\\\/produkt\\\/wax-cellence-cleanser-30ml\\\/\"]}]},{\"@type\":\"ImageObject\",\"inLanguage\":\"nb-NO\",\"@id\":\"https:\\\/\\\/lyconnordic.no\\\/privat\\\/produkt\\\/wax-cellence-cleanser-30ml\\\/#primaryimage\",\"url\":\"https:\\\/\\\/lyconnordic.no\\\/privat\\\/wp-content\\\/uploads\\\/2024\\\/01\\\/wax-cellence-cleanser-30ml.jpg\",\"contentUrl\":\"https:\\\/\\\/lyconnordic.no\\\/privat\\\/wp-content\\\/uploads\\\/2024\\\/01\\\/wax-cellence-cleanser-30ml.jpg\",\"width\":900,\"height\":900},{\"@type\":\"BreadcrumbList\",\"@id\":\"https:\\\/\\\/lyconnordic.no\\\/privat\\\/produkt\\\/wax-cellence-cleanser-30ml\\\/#breadcrumb\",\"itemListElement\":[{\"@type\":\"ListItem\",\"position\":1,\"name\":\"Hjem\",\"item\":\"https:\\\/\\\/lyconnordic.no\\\/privat\\\/\"},{\"@type\":\"ListItem\",\"position\":2,\"name\":\"Produkter\",\"item\":\"https:\\\/\\\/lyconnordic.no\\\/privat\\\/produkter\\\/\"},{\"@type\":\"ListItem\",\"position\":3,\"name\":\"Wax-Cellence Cleanser 30ml\"}]},{\"@type\":\"WebSite\",\"@id\":\"https:\\\/\\\/lyconnordic.no\\\/privat\\\/#website\",\"url\":\"https:\\\/\\\/lyconnordic.no\\\/privat\\\/\",\"name\":\"Lycon - for private\",\"description\":\"Australias voksmerke #1\",\"potentialAction\":[{\"@type\":\"SearchAction\",\"target\":{\"@type\":\"EntryPoint\",\"urlTemplate\":\"https:\\\/\\\/lyconnordic.no\\\/privat\\\/?s={search_term_string}\"},\"query-input\":{\"@type\":\"PropertyValueSpecification\",\"valueRequired\":true,\"valueName\":\"search_term_string\"}}],\"inLanguage\":\"nb-NO\"}]}<\/script>\n<!-- \/ Yoast SEO plugin. -->","yoast_head_json":{"title":"Wax-Cellence Cleanser 30ml - Lycon - for private","robots":{"index":"index","follow":"follow","max-snippet":"max-snippet:-1","max-image-preview":"max-image-preview:large","max-video-preview":"max-video-preview:-1"},"canonical":"https:\/\/lyconnordic.no\/privat\/produkt\/wax-cellence-cleanser-30ml\/","og_locale":"nb_NO","og_type":"article","og_title":"Wax-Cellence Cleanser 30ml - Lycon - for private","og_description":"Refill til Wax-Cellence Home Waxing Kit.  Sk\u00e5nsom, oppfriskende rens som fjerner, overfl\u00f8dig olje, svette, makeup og kremrester fra huden\u00a0f\u00f8r all type voksing. Benyttes ogs\u00e5 etter voksing for \u00e5 rense huden samt lukke h\u00e5rsekkene.","og_url":"https:\/\/lyconnordic.no\/privat\/produkt\/wax-cellence-cleanser-30ml\/","og_site_name":"Lycon - for private","article_modified_time":"2026-02-08T16:21:44+00:00","og_image":[{"width":900,"height":900,"url":"https:\/\/lyconnordic.no\/privat\/wp-content\/uploads\/2024\/01\/wax-cellence-cleanser-30ml.jpg","type":"image\/jpeg"}],"twitter_card":"summary_large_image","schema":{"@context":"https:\/\/schema.org","@graph":[{"@type":"WebPage","@id":"https:\/\/lyconnordic.no\/privat\/produkt\/wax-cellence-cleanser-30ml\/","url":"https:\/\/lyconnordic.no\/privat\/produkt\/wax-cellence-cleanser-30ml\/","name":"Wax-Cellence Cleanser 30ml - Lycon - for private","isPartOf":{"@id":"https:\/\/lyconnordic.no\/privat\/#website"},"primaryImageOfPage":{"@id":"https:\/\/lyconnordic.no\/privat\/produkt\/wax-cellence-cleanser-30ml\/#primaryimage"},"image":{"@id":"https:\/\/lyconnordic.no\/privat\/produkt\/wax-cellence-cleanser-30ml\/#primaryimage"},"thumbnailUrl":"https:\/\/lyconnordic.no\/privat\/wp-content\/uploads\/2024\/01\/wax-cellence-cleanser-30ml.jpg","datePublished":"2024-01-18T08:08:02+00:00","dateModified":"2026-02-08T16:21:44+00:00","breadcrumb":{"@id":"https:\/\/lyconnordic.no\/privat\/produkt\/wax-cellence-cleanser-30ml\/#breadcrumb"},"inLanguage":"nb-NO","potentialAction":[{"@type":"ReadAction","target":["https:\/\/lyconnordic.no\/privat\/produkt\/wax-cellence-cleanser-30ml\/"]}]},{"@type":"ImageObject","inLanguage":"nb-NO","@id":"https:\/\/lyconnordic.no\/privat\/produkt\/wax-cellence-cleanser-30ml\/#primaryimage","url":"https:\/\/lyconnordic.no\/privat\/wp-content\/uploads\/2024\/01\/wax-cellence-cleanser-30ml.jpg","contentUrl":"https:\/\/lyconnordic.no\/privat\/wp-content\/uploads\/2024\/01\/wax-cellence-cleanser-30ml.jpg","width":900,"height":900},{"@type":"BreadcrumbList","@id":"https:\/\/lyconnordic.no\/privat\/produkt\/wax-cellence-cleanser-30ml\/#breadcrumb","itemListElement":[{"@type":"ListItem","position":1,"name":"Hjem","item":"https:\/\/lyconnordic.no\/privat\/"},{"@type":"ListItem","position":2,"name":"Produkter","item":"https:\/\/lyconnordic.no\/privat\/produkter\/"},{"@type":"ListItem","position":3,"name":"Wax-Cellence Cleanser 30ml"}]},{"@type":"WebSite","@id":"https:\/\/lyconnordic.no\/privat\/#website","url":"https:\/\/lyconnordic.no\/privat\/","name":"Lycon - for private","description":"Australias voksmerke #1","potentialAction":[{"@type":"SearchAction","target":{"@type":"EntryPoint","urlTemplate":"https:\/\/lyconnordic.no\/privat\/?s={search_term_string}"},"query-input":{"@type":"PropertyValueSpecification","valueRequired":true,"valueName":"search_term_string"}}],"inLanguage":"nb-NO"}]}},"_links":{"self":[{"href":"https:\/\/lyconnordic.no\/privat\/wp-json\/wp\/v2\/product\/17884","targetHints":{"allow":["GET"]}}],"collection":[{"href":"https:\/\/lyconnordic.no\/privat\/wp-json\/wp\/v2\/product"}],"about":[{"href":"https:\/\/lyconnordic.no\/privat\/wp-json\/wp\/v2\/types\/product"}],"replies":[{"embeddable":true,"href":"https:\/\/lyconnordic.no\/privat\/wp-json\/wp\/v2\/comments?post=17884"}],"version-history":[{"count":4,"href":"https:\/\/lyconnordic.no\/privat\/wp-json\/wp\/v2\/product\/17884\/revisions"}],"predecessor-version":[{"id":20443,"href":"https:\/\/lyconnordic.no\/privat\/wp-json\/wp\/v2\/product\/17884\/revisions\/20443"}],"wp:featuredmedia":[{"embeddable":true,"href":"https:\/\/lyconnordic.no\/privat\/wp-json\/wp\/v2\/media\/17893"}],"wp:attachment":[{"href":"https:\/\/lyconnordic.no\/privat\/wp-json\/wp\/v2\/media?parent=17884"}],"wp:term":[{"taxonomy":"product_brand","embeddable":true,"href":"https:\/\/lyconnordic.no\/privat\/wp-json\/wp\/v2\/product_brand?post=17884"},{"taxonomy":"product_cat","embeddable":true,"href":"https:\/\/lyconnordic.no\/privat\/wp-json\/wp\/v2\/product_cat?post=17884"},{"taxonomy":"product_tag","embeddable":true,"href":"https:\/\/lyconnordic.no\/privat\/wp-json\/wp\/v2\/product_tag?post=17884"}],"curies":[{"name":"wp","href":"https:\/\/api.w.org\/{rel}","templated":true}]}}