{"id":17880,"date":"2024-01-18T09:05:13","date_gmt":"2024-01-18T08:05:13","guid":{"rendered":"https:\/\/lyconnordic.nyside2.net\/privat\/?post_type=product&#038;p=17880"},"modified":"2026-01-22T19:30:45","modified_gmt":"2026-01-22T18:30:45","slug":"wax-cellence-cartridge-home-waxing-kit","status":"publish","type":"product","link":"https:\/\/lyconnordic.no\/privat\/produkt\/wax-cellence-cartridge-home-waxing-kit\/","title":{"rendered":"Wax-Cellence Cartridge Home Waxing Kit"},"content":{"rendered":"<p>Fin til ben, armer, bryst og rygg<\/p>\n<p>Et komplett sett med produkter til voksing av kropp for b\u00e5de menn og kvinner. Her har du alt du beh\u00f8ver for voksing av ben armer rygg og bryst (p\u00e5 menn). Enkel \u00e5 bruke p\u00e5 seg selv og andre.<\/p>\n<ul>\n<li>LYCON Cartridge Heater<\/li>\n<li>Wax-Cellence Strip Wax Cartridge 100ml<\/li>\n<li>Wax-cellence Cleanser 30ml<\/li>\n<li>Wax-cellence Lotion 30ml<\/li>\n<li>Wax-Cellence Waxing Strips 25pc<\/li>\n<li>Step by step instructions<\/li>\n<\/ul>\n","protected":false},"excerpt":{"rendered":"<p>Fin til ben, armer, bryst og rygg<\/p>\n<p>Et komplett sett med produkter til voksing av kropp for b\u00e5de menn og kvinner. Her har du alt du beh\u00f8ver for voksing av ben armer rygg og bryst (p\u00e5 menn). Enkel \u00e5 bruke p\u00e5 seg selv og andre.<\/p>\n","protected":false},"featured_media":17881,"comment_status":"open","ping_status":"closed","template":"","meta":[],"product_brand":[],"product_cat":[163],"product_tag":[],"class_list":{"0":"post-17880","1":"product","2":"type-product","3":"status-publish","4":"has-post-thumbnail","6":"product_cat-wax-cellence","8":"first","9":"instock","10":"taxable","11":"shipping-taxable","12":"purchasable","13":"product-type-simple"},"yoast_head":"<!-- This site is optimized with the Yoast SEO plugin v27.3 - https:\/\/yoast.com\/product\/yoast-seo-wordpress\/ -->\n<title>Wax-Cellence Cartridge Home Waxing Kit - Lycon - for private<\/title>\n<meta name=\"robots\" content=\"index, follow, max-snippet:-1, max-image-preview:large, max-video-preview:-1\" \/>\n<link rel=\"canonical\" href=\"https:\/\/lyconnordic.no\/privat\/produkt\/wax-cellence-cartridge-home-waxing-kit\/\" \/>\n<meta property=\"og:locale\" content=\"nb_NO\" \/>\n<meta property=\"og:type\" content=\"article\" \/>\n<meta property=\"og:title\" content=\"Wax-Cellence Cartridge Home Waxing Kit - Lycon - for private\" \/>\n<meta property=\"og:description\" content=\"Fin til ben, armer, bryst og rygg  Et komplett sett med produkter til voksing av kropp for b\u00e5de menn og kvinner. Her har du alt du beh\u00f8ver for voksing av ben armer rygg og bryst (p\u00e5 menn). Enkel \u00e5 bruke p\u00e5 seg selv og andre.\" \/>\n<meta property=\"og:url\" content=\"https:\/\/lyconnordic.no\/privat\/produkt\/wax-cellence-cartridge-home-waxing-kit\/\" \/>\n<meta property=\"og:site_name\" content=\"Lycon - for private\" \/>\n<meta property=\"article:modified_time\" content=\"2026-01-22T18:30:45+00:00\" \/>\n<meta property=\"og:image\" content=\"https:\/\/lyconnordic.no\/privat\/wp-content\/uploads\/2024\/01\/Wax-cellence_Cartridge-Home-Waxing-Kit_WEB-1.jpg\" \/>\n\t<meta property=\"og:image:width\" content=\"900\" \/>\n\t<meta property=\"og:image:height\" content=\"900\" \/>\n\t<meta property=\"og:image:type\" content=\"image\/jpeg\" \/>\n<meta name=\"twitter:card\" content=\"summary_large_image\" \/>\n<script type=\"application\/ld+json\" class=\"yoast-schema-graph\">{\"@context\":\"https:\\\/\\\/schema.org\",\"@graph\":[{\"@type\":\"WebPage\",\"@id\":\"https:\\\/\\\/lyconnordic.no\\\/privat\\\/produkt\\\/wax-cellence-cartridge-home-waxing-kit\\\/\",\"url\":\"https:\\\/\\\/lyconnordic.no\\\/privat\\\/produkt\\\/wax-cellence-cartridge-home-waxing-kit\\\/\",\"name\":\"Wax-Cellence Cartridge Home Waxing Kit - Lycon - for private\",\"isPartOf\":{\"@id\":\"https:\\\/\\\/lyconnordic.no\\\/privat\\\/#website\"},\"primaryImageOfPage\":{\"@id\":\"https:\\\/\\\/lyconnordic.no\\\/privat\\\/produkt\\\/wax-cellence-cartridge-home-waxing-kit\\\/#primaryimage\"},\"image\":{\"@id\":\"https:\\\/\\\/lyconnordic.no\\\/privat\\\/produkt\\\/wax-cellence-cartridge-home-waxing-kit\\\/#primaryimage\"},\"thumbnailUrl\":\"https:\\\/\\\/lyconnordic.no\\\/privat\\\/wp-content\\\/uploads\\\/2024\\\/01\\\/Wax-cellence_Cartridge-Home-Waxing-Kit_WEB-1.jpg\",\"datePublished\":\"2024-01-18T08:05:13+00:00\",\"dateModified\":\"2026-01-22T18:30:45+00:00\",\"breadcrumb\":{\"@id\":\"https:\\\/\\\/lyconnordic.no\\\/privat\\\/produkt\\\/wax-cellence-cartridge-home-waxing-kit\\\/#breadcrumb\"},\"inLanguage\":\"nb-NO\",\"potentialAction\":[{\"@type\":\"ReadAction\",\"target\":[\"https:\\\/\\\/lyconnordic.no\\\/privat\\\/produkt\\\/wax-cellence-cartridge-home-waxing-kit\\\/\"]}]},{\"@type\":\"ImageObject\",\"inLanguage\":\"nb-NO\",\"@id\":\"https:\\\/\\\/lyconnordic.no\\\/privat\\\/produkt\\\/wax-cellence-cartridge-home-waxing-kit\\\/#primaryimage\",\"url\":\"https:\\\/\\\/lyconnordic.no\\\/privat\\\/wp-content\\\/uploads\\\/2024\\\/01\\\/Wax-cellence_Cartridge-Home-Waxing-Kit_WEB-1.jpg\",\"contentUrl\":\"https:\\\/\\\/lyconnordic.no\\\/privat\\\/wp-content\\\/uploads\\\/2024\\\/01\\\/Wax-cellence_Cartridge-Home-Waxing-Kit_WEB-1.jpg\",\"width\":900,\"height\":900},{\"@type\":\"BreadcrumbList\",\"@id\":\"https:\\\/\\\/lyconnordic.no\\\/privat\\\/produkt\\\/wax-cellence-cartridge-home-waxing-kit\\\/#breadcrumb\",\"itemListElement\":[{\"@type\":\"ListItem\",\"position\":1,\"name\":\"Hjem\",\"item\":\"https:\\\/\\\/lyconnordic.no\\\/privat\\\/\"},{\"@type\":\"ListItem\",\"position\":2,\"name\":\"Produkter\",\"item\":\"https:\\\/\\\/lyconnordic.no\\\/privat\\\/produkter\\\/\"},{\"@type\":\"ListItem\",\"position\":3,\"name\":\"Wax-Cellence Cartridge Home Waxing Kit\"}]},{\"@type\":\"WebSite\",\"@id\":\"https:\\\/\\\/lyconnordic.no\\\/privat\\\/#website\",\"url\":\"https:\\\/\\\/lyconnordic.no\\\/privat\\\/\",\"name\":\"Lycon - for private\",\"description\":\"Australias voksmerke #1\",\"potentialAction\":[{\"@type\":\"SearchAction\",\"target\":{\"@type\":\"EntryPoint\",\"urlTemplate\":\"https:\\\/\\\/lyconnordic.no\\\/privat\\\/?s={search_term_string}\"},\"query-input\":{\"@type\":\"PropertyValueSpecification\",\"valueRequired\":true,\"valueName\":\"search_term_string\"}}],\"inLanguage\":\"nb-NO\"}]}<\/script>\n<!-- \/ Yoast SEO plugin. -->","yoast_head_json":{"title":"Wax-Cellence Cartridge Home Waxing Kit - Lycon - for private","robots":{"index":"index","follow":"follow","max-snippet":"max-snippet:-1","max-image-preview":"max-image-preview:large","max-video-preview":"max-video-preview:-1"},"canonical":"https:\/\/lyconnordic.no\/privat\/produkt\/wax-cellence-cartridge-home-waxing-kit\/","og_locale":"nb_NO","og_type":"article","og_title":"Wax-Cellence Cartridge Home Waxing Kit - Lycon - for private","og_description":"Fin til ben, armer, bryst og rygg  Et komplett sett med produkter til voksing av kropp for b\u00e5de menn og kvinner. Her har du alt du beh\u00f8ver for voksing av ben armer rygg og bryst (p\u00e5 menn). Enkel \u00e5 bruke p\u00e5 seg selv og andre.","og_url":"https:\/\/lyconnordic.no\/privat\/produkt\/wax-cellence-cartridge-home-waxing-kit\/","og_site_name":"Lycon - for private","article_modified_time":"2026-01-22T18:30:45+00:00","og_image":[{"width":900,"height":900,"url":"https:\/\/lyconnordic.no\/privat\/wp-content\/uploads\/2024\/01\/Wax-cellence_Cartridge-Home-Waxing-Kit_WEB-1.jpg","type":"image\/jpeg"}],"twitter_card":"summary_large_image","schema":{"@context":"https:\/\/schema.org","@graph":[{"@type":"WebPage","@id":"https:\/\/lyconnordic.no\/privat\/produkt\/wax-cellence-cartridge-home-waxing-kit\/","url":"https:\/\/lyconnordic.no\/privat\/produkt\/wax-cellence-cartridge-home-waxing-kit\/","name":"Wax-Cellence Cartridge Home Waxing Kit - Lycon - for private","isPartOf":{"@id":"https:\/\/lyconnordic.no\/privat\/#website"},"primaryImageOfPage":{"@id":"https:\/\/lyconnordic.no\/privat\/produkt\/wax-cellence-cartridge-home-waxing-kit\/#primaryimage"},"image":{"@id":"https:\/\/lyconnordic.no\/privat\/produkt\/wax-cellence-cartridge-home-waxing-kit\/#primaryimage"},"thumbnailUrl":"https:\/\/lyconnordic.no\/privat\/wp-content\/uploads\/2024\/01\/Wax-cellence_Cartridge-Home-Waxing-Kit_WEB-1.jpg","datePublished":"2024-01-18T08:05:13+00:00","dateModified":"2026-01-22T18:30:45+00:00","breadcrumb":{"@id":"https:\/\/lyconnordic.no\/privat\/produkt\/wax-cellence-cartridge-home-waxing-kit\/#breadcrumb"},"inLanguage":"nb-NO","potentialAction":[{"@type":"ReadAction","target":["https:\/\/lyconnordic.no\/privat\/produkt\/wax-cellence-cartridge-home-waxing-kit\/"]}]},{"@type":"ImageObject","inLanguage":"nb-NO","@id":"https:\/\/lyconnordic.no\/privat\/produkt\/wax-cellence-cartridge-home-waxing-kit\/#primaryimage","url":"https:\/\/lyconnordic.no\/privat\/wp-content\/uploads\/2024\/01\/Wax-cellence_Cartridge-Home-Waxing-Kit_WEB-1.jpg","contentUrl":"https:\/\/lyconnordic.no\/privat\/wp-content\/uploads\/2024\/01\/Wax-cellence_Cartridge-Home-Waxing-Kit_WEB-1.jpg","width":900,"height":900},{"@type":"BreadcrumbList","@id":"https:\/\/lyconnordic.no\/privat\/produkt\/wax-cellence-cartridge-home-waxing-kit\/#breadcrumb","itemListElement":[{"@type":"ListItem","position":1,"name":"Hjem","item":"https:\/\/lyconnordic.no\/privat\/"},{"@type":"ListItem","position":2,"name":"Produkter","item":"https:\/\/lyconnordic.no\/privat\/produkter\/"},{"@type":"ListItem","position":3,"name":"Wax-Cellence Cartridge Home Waxing Kit"}]},{"@type":"WebSite","@id":"https:\/\/lyconnordic.no\/privat\/#website","url":"https:\/\/lyconnordic.no\/privat\/","name":"Lycon - for private","description":"Australias voksmerke #1","potentialAction":[{"@type":"SearchAction","target":{"@type":"EntryPoint","urlTemplate":"https:\/\/lyconnordic.no\/privat\/?s={search_term_string}"},"query-input":{"@type":"PropertyValueSpecification","valueRequired":true,"valueName":"search_term_string"}}],"inLanguage":"nb-NO"}]}},"_links":{"self":[{"href":"https:\/\/lyconnordic.no\/privat\/wp-json\/wp\/v2\/product\/17880","targetHints":{"allow":["GET"]}}],"collection":[{"href":"https:\/\/lyconnordic.no\/privat\/wp-json\/wp\/v2\/product"}],"about":[{"href":"https:\/\/lyconnordic.no\/privat\/wp-json\/wp\/v2\/types\/product"}],"replies":[{"embeddable":true,"href":"https:\/\/lyconnordic.no\/privat\/wp-json\/wp\/v2\/comments?post=17880"}],"version-history":[{"count":4,"href":"https:\/\/lyconnordic.no\/privat\/wp-json\/wp\/v2\/product\/17880\/revisions"}],"predecessor-version":[{"id":20475,"href":"https:\/\/lyconnordic.no\/privat\/wp-json\/wp\/v2\/product\/17880\/revisions\/20475"}],"wp:featuredmedia":[{"embeddable":true,"href":"https:\/\/lyconnordic.no\/privat\/wp-json\/wp\/v2\/media\/17881"}],"wp:attachment":[{"href":"https:\/\/lyconnordic.no\/privat\/wp-json\/wp\/v2\/media?parent=17880"}],"wp:term":[{"taxonomy":"product_brand","embeddable":true,"href":"https:\/\/lyconnordic.no\/privat\/wp-json\/wp\/v2\/product_brand?post=17880"},{"taxonomy":"product_cat","embeddable":true,"href":"https:\/\/lyconnordic.no\/privat\/wp-json\/wp\/v2\/product_cat?post=17880"},{"taxonomy":"product_tag","embeddable":true,"href":"https:\/\/lyconnordic.no\/privat\/wp-json\/wp\/v2\/product_tag?post=17880"}],"curies":[{"name":"wp","href":"https:\/\/api.w.org\/{rel}","templated":true}]}}