{"id":17293,"date":"2023-11-08T09:05:42","date_gmt":"2023-11-08T09:05:42","guid":{"rendered":"https:\/\/lyconnordic.nyside2.net\/privat\/?post_type=product&#038;p=17293"},"modified":"2025-10-24T15:13:50","modified_gmt":"2025-10-24T13:13:50","slug":"soberry-massage-bath-body-oil-250ml","status":"publish","type":"product","link":"https:\/\/lyconnordic.no\/privat\/produkt\/soberry-massage-bath-body-oil-250ml\/","title":{"rendered":"SoBerry Massage, Bath and Body Oil 250ml"},"content":{"rendered":"<h1>SOBERRY MASSAGE, BATH &amp; BODY OIL<\/h1>\n<div class=\"ingredients\">med jordb\u00e6r, mandelolje og vitamin E<\/div>\n<p>En\u00a0frisk, jordb\u00e6rduftende\u00a0bade-\u00a0&amp; massasjeolje med n\u00e6rende jordb\u00e6rekstrakt, vitamin E og mandelolje. Motvirker t\u00f8rr hud og kan benyttes hver dag eller etter behov.\u00a0Et multifunksjonelt produkt!<\/p>\n<p>Kan brukes over hele kroppen, som massasjeolje for sliten kropp eller som aromatisk og luksuri\u00f8s badeolje. Kan ogs\u00e5 kombineres med SoBerry Hot Wax som en pre-waxing oil eller\u00a0masseres inn etter SoBerry Strip Wax\u00a0for \u00e5 fjerne eventuelle\u00a0voksrester og berolige huden.<\/p>\n<div class=\"pink-highlight\">Vegansk | Curelty-free<\/div>\n<p><strong>AVAILABLE IN:<\/strong>\u00a0250ml<\/p>\n","protected":false},"excerpt":{"rendered":"<p>Med jordb\u00e6r, mandelolje og vitamin E<\/p>\n<p>En frisk, jordb\u00e6rduftende bade- &amp; massasjeolje med n\u00e6rende jordb\u00e6rekstrakt, vitamin E og mandelolje. Motvirker t\u00f8rr hud og kan benyttes hver dag eller etter behov. Et multifunksjonelt produkt!<\/p>\n<p>Kan brukes over hele kroppen, som massasjeolje for sliten kropp eller som aromatisk og luksuri\u00f8s badeolje. Kan ogs\u00e5 kombineres med SoBerry Hot Wax som en pre-waxing oil eller masseres inn etter SoBerry Strip Wax for \u00e5 fjerne eventuelle voksrester og berolige huden.<\/p>\n","protected":false},"featured_media":17294,"comment_status":"open","ping_status":"closed","template":"","meta":[],"product_brand":[],"product_cat":[90],"product_tag":[],"class_list":{"0":"post-17293","1":"product","2":"type-product","3":"status-publish","4":"has-post-thumbnail","6":"product_cat-lycon-spa","8":"first","9":"instock","10":"featured","11":"taxable","12":"shipping-taxable","13":"purchasable","14":"product-type-simple"},"yoast_head":"<!-- This site is optimized with the Yoast SEO plugin v27.3 - https:\/\/yoast.com\/product\/yoast-seo-wordpress\/ -->\n<title>SoBerry Massage, Bath and Body Oil 250ml - Lycon - for private<\/title>\n<meta name=\"robots\" content=\"index, follow, max-snippet:-1, max-image-preview:large, max-video-preview:-1\" \/>\n<link rel=\"canonical\" href=\"https:\/\/lyconnordic.no\/privat\/produkt\/soberry-massage-bath-body-oil-250ml\/\" \/>\n<meta property=\"og:locale\" content=\"nb_NO\" \/>\n<meta property=\"og:type\" content=\"article\" \/>\n<meta property=\"og:title\" content=\"SoBerry Massage, Bath and Body Oil 250ml - Lycon - for private\" \/>\n<meta property=\"og:description\" content=\"Med jordb\u00e6r, mandelolje og vitamin E  En frisk, jordb\u00e6rduftende bade- &amp; massasjeolje med n\u00e6rende jordb\u00e6rekstrakt, vitamin E og mandelolje. Motvirker t\u00f8rr hud og kan benyttes hver dag eller etter behov. Et multifunksjonelt produkt!  Kan brukes over hele kroppen, som massasjeolje for sliten kropp eller som aromatisk og luksuri\u00f8s badeolje. Kan ogs\u00e5 kombineres med SoBerry Hot Wax som en pre-waxing oil eller masseres inn etter SoBerry Strip Wax for \u00e5 fjerne eventuelle voksrester og berolige huden.\" \/>\n<meta property=\"og:url\" content=\"https:\/\/lyconnordic.no\/privat\/produkt\/soberry-massage-bath-body-oil-250ml\/\" \/>\n<meta property=\"og:site_name\" content=\"Lycon - for private\" \/>\n<meta property=\"article:modified_time\" content=\"2025-10-24T13:13:50+00:00\" \/>\n<meta property=\"og:image\" content=\"https:\/\/lyconnordic.no\/privat\/wp-content\/uploads\/2023\/11\/SoBerry-Oil_Spa-Essentials_250ml_WEB.jpg\" \/>\n\t<meta property=\"og:image:width\" content=\"900\" \/>\n\t<meta property=\"og:image:height\" content=\"900\" \/>\n\t<meta property=\"og:image:type\" content=\"image\/jpeg\" \/>\n<meta name=\"twitter:card\" content=\"summary_large_image\" \/>\n<script type=\"application\/ld+json\" class=\"yoast-schema-graph\">{\"@context\":\"https:\\\/\\\/schema.org\",\"@graph\":[{\"@type\":\"WebPage\",\"@id\":\"https:\\\/\\\/lyconnordic.no\\\/privat\\\/produkt\\\/soberry-massage-bath-body-oil-250ml\\\/\",\"url\":\"https:\\\/\\\/lyconnordic.no\\\/privat\\\/produkt\\\/soberry-massage-bath-body-oil-250ml\\\/\",\"name\":\"SoBerry Massage, Bath and Body Oil 250ml - Lycon - for private\",\"isPartOf\":{\"@id\":\"https:\\\/\\\/lyconnordic.no\\\/privat\\\/#website\"},\"primaryImageOfPage\":{\"@id\":\"https:\\\/\\\/lyconnordic.no\\\/privat\\\/produkt\\\/soberry-massage-bath-body-oil-250ml\\\/#primaryimage\"},\"image\":{\"@id\":\"https:\\\/\\\/lyconnordic.no\\\/privat\\\/produkt\\\/soberry-massage-bath-body-oil-250ml\\\/#primaryimage\"},\"thumbnailUrl\":\"https:\\\/\\\/lyconnordic.no\\\/privat\\\/wp-content\\\/uploads\\\/2023\\\/11\\\/SoBerry-Oil_Spa-Essentials_250ml_WEB.jpg\",\"datePublished\":\"2023-11-08T09:05:42+00:00\",\"dateModified\":\"2025-10-24T13:13:50+00:00\",\"breadcrumb\":{\"@id\":\"https:\\\/\\\/lyconnordic.no\\\/privat\\\/produkt\\\/soberry-massage-bath-body-oil-250ml\\\/#breadcrumb\"},\"inLanguage\":\"nb-NO\",\"potentialAction\":[{\"@type\":\"ReadAction\",\"target\":[\"https:\\\/\\\/lyconnordic.no\\\/privat\\\/produkt\\\/soberry-massage-bath-body-oil-250ml\\\/\"]}]},{\"@type\":\"ImageObject\",\"inLanguage\":\"nb-NO\",\"@id\":\"https:\\\/\\\/lyconnordic.no\\\/privat\\\/produkt\\\/soberry-massage-bath-body-oil-250ml\\\/#primaryimage\",\"url\":\"https:\\\/\\\/lyconnordic.no\\\/privat\\\/wp-content\\\/uploads\\\/2023\\\/11\\\/SoBerry-Oil_Spa-Essentials_250ml_WEB.jpg\",\"contentUrl\":\"https:\\\/\\\/lyconnordic.no\\\/privat\\\/wp-content\\\/uploads\\\/2023\\\/11\\\/SoBerry-Oil_Spa-Essentials_250ml_WEB.jpg\",\"width\":900,\"height\":900},{\"@type\":\"BreadcrumbList\",\"@id\":\"https:\\\/\\\/lyconnordic.no\\\/privat\\\/produkt\\\/soberry-massage-bath-body-oil-250ml\\\/#breadcrumb\",\"itemListElement\":[{\"@type\":\"ListItem\",\"position\":1,\"name\":\"Hjem\",\"item\":\"https:\\\/\\\/lyconnordic.no\\\/privat\\\/\"},{\"@type\":\"ListItem\",\"position\":2,\"name\":\"Produkter\",\"item\":\"https:\\\/\\\/lyconnordic.no\\\/privat\\\/produkter\\\/\"},{\"@type\":\"ListItem\",\"position\":3,\"name\":\"SoBerry Massage, Bath and Body Oil 250ml\"}]},{\"@type\":\"WebSite\",\"@id\":\"https:\\\/\\\/lyconnordic.no\\\/privat\\\/#website\",\"url\":\"https:\\\/\\\/lyconnordic.no\\\/privat\\\/\",\"name\":\"Lycon - for private\",\"description\":\"Australias voksmerke #1\",\"potentialAction\":[{\"@type\":\"SearchAction\",\"target\":{\"@type\":\"EntryPoint\",\"urlTemplate\":\"https:\\\/\\\/lyconnordic.no\\\/privat\\\/?s={search_term_string}\"},\"query-input\":{\"@type\":\"PropertyValueSpecification\",\"valueRequired\":true,\"valueName\":\"search_term_string\"}}],\"inLanguage\":\"nb-NO\"}]}<\/script>\n<!-- \/ Yoast SEO plugin. -->","yoast_head_json":{"title":"SoBerry Massage, Bath and Body Oil 250ml - Lycon - for private","robots":{"index":"index","follow":"follow","max-snippet":"max-snippet:-1","max-image-preview":"max-image-preview:large","max-video-preview":"max-video-preview:-1"},"canonical":"https:\/\/lyconnordic.no\/privat\/produkt\/soberry-massage-bath-body-oil-250ml\/","og_locale":"nb_NO","og_type":"article","og_title":"SoBerry Massage, Bath and Body Oil 250ml - Lycon - for private","og_description":"Med jordb\u00e6r, mandelolje og vitamin E  En frisk, jordb\u00e6rduftende bade- &amp; massasjeolje med n\u00e6rende jordb\u00e6rekstrakt, vitamin E og mandelolje. Motvirker t\u00f8rr hud og kan benyttes hver dag eller etter behov. Et multifunksjonelt produkt!  Kan brukes over hele kroppen, som massasjeolje for sliten kropp eller som aromatisk og luksuri\u00f8s badeolje. Kan ogs\u00e5 kombineres med SoBerry Hot Wax som en pre-waxing oil eller masseres inn etter SoBerry Strip Wax for \u00e5 fjerne eventuelle voksrester og berolige huden.","og_url":"https:\/\/lyconnordic.no\/privat\/produkt\/soberry-massage-bath-body-oil-250ml\/","og_site_name":"Lycon - for private","article_modified_time":"2025-10-24T13:13:50+00:00","og_image":[{"width":900,"height":900,"url":"https:\/\/lyconnordic.no\/privat\/wp-content\/uploads\/2023\/11\/SoBerry-Oil_Spa-Essentials_250ml_WEB.jpg","type":"image\/jpeg"}],"twitter_card":"summary_large_image","schema":{"@context":"https:\/\/schema.org","@graph":[{"@type":"WebPage","@id":"https:\/\/lyconnordic.no\/privat\/produkt\/soberry-massage-bath-body-oil-250ml\/","url":"https:\/\/lyconnordic.no\/privat\/produkt\/soberry-massage-bath-body-oil-250ml\/","name":"SoBerry Massage, Bath and Body Oil 250ml - Lycon - for private","isPartOf":{"@id":"https:\/\/lyconnordic.no\/privat\/#website"},"primaryImageOfPage":{"@id":"https:\/\/lyconnordic.no\/privat\/produkt\/soberry-massage-bath-body-oil-250ml\/#primaryimage"},"image":{"@id":"https:\/\/lyconnordic.no\/privat\/produkt\/soberry-massage-bath-body-oil-250ml\/#primaryimage"},"thumbnailUrl":"https:\/\/lyconnordic.no\/privat\/wp-content\/uploads\/2023\/11\/SoBerry-Oil_Spa-Essentials_250ml_WEB.jpg","datePublished":"2023-11-08T09:05:42+00:00","dateModified":"2025-10-24T13:13:50+00:00","breadcrumb":{"@id":"https:\/\/lyconnordic.no\/privat\/produkt\/soberry-massage-bath-body-oil-250ml\/#breadcrumb"},"inLanguage":"nb-NO","potentialAction":[{"@type":"ReadAction","target":["https:\/\/lyconnordic.no\/privat\/produkt\/soberry-massage-bath-body-oil-250ml\/"]}]},{"@type":"ImageObject","inLanguage":"nb-NO","@id":"https:\/\/lyconnordic.no\/privat\/produkt\/soberry-massage-bath-body-oil-250ml\/#primaryimage","url":"https:\/\/lyconnordic.no\/privat\/wp-content\/uploads\/2023\/11\/SoBerry-Oil_Spa-Essentials_250ml_WEB.jpg","contentUrl":"https:\/\/lyconnordic.no\/privat\/wp-content\/uploads\/2023\/11\/SoBerry-Oil_Spa-Essentials_250ml_WEB.jpg","width":900,"height":900},{"@type":"BreadcrumbList","@id":"https:\/\/lyconnordic.no\/privat\/produkt\/soberry-massage-bath-body-oil-250ml\/#breadcrumb","itemListElement":[{"@type":"ListItem","position":1,"name":"Hjem","item":"https:\/\/lyconnordic.no\/privat\/"},{"@type":"ListItem","position":2,"name":"Produkter","item":"https:\/\/lyconnordic.no\/privat\/produkter\/"},{"@type":"ListItem","position":3,"name":"SoBerry Massage, Bath and Body Oil 250ml"}]},{"@type":"WebSite","@id":"https:\/\/lyconnordic.no\/privat\/#website","url":"https:\/\/lyconnordic.no\/privat\/","name":"Lycon - for private","description":"Australias voksmerke #1","potentialAction":[{"@type":"SearchAction","target":{"@type":"EntryPoint","urlTemplate":"https:\/\/lyconnordic.no\/privat\/?s={search_term_string}"},"query-input":{"@type":"PropertyValueSpecification","valueRequired":true,"valueName":"search_term_string"}}],"inLanguage":"nb-NO"}]}},"_links":{"self":[{"href":"https:\/\/lyconnordic.no\/privat\/wp-json\/wp\/v2\/product\/17293","targetHints":{"allow":["GET"]}}],"collection":[{"href":"https:\/\/lyconnordic.no\/privat\/wp-json\/wp\/v2\/product"}],"about":[{"href":"https:\/\/lyconnordic.no\/privat\/wp-json\/wp\/v2\/types\/product"}],"replies":[{"embeddable":true,"href":"https:\/\/lyconnordic.no\/privat\/wp-json\/wp\/v2\/comments?post=17293"}],"version-history":[{"count":6,"href":"https:\/\/lyconnordic.no\/privat\/wp-json\/wp\/v2\/product\/17293\/revisions"}],"predecessor-version":[{"id":20203,"href":"https:\/\/lyconnordic.no\/privat\/wp-json\/wp\/v2\/product\/17293\/revisions\/20203"}],"wp:featuredmedia":[{"embeddable":true,"href":"https:\/\/lyconnordic.no\/privat\/wp-json\/wp\/v2\/media\/17294"}],"wp:attachment":[{"href":"https:\/\/lyconnordic.no\/privat\/wp-json\/wp\/v2\/media?parent=17293"}],"wp:term":[{"taxonomy":"product_brand","embeddable":true,"href":"https:\/\/lyconnordic.no\/privat\/wp-json\/wp\/v2\/product_brand?post=17293"},{"taxonomy":"product_cat","embeddable":true,"href":"https:\/\/lyconnordic.no\/privat\/wp-json\/wp\/v2\/product_cat?post=17293"},{"taxonomy":"product_tag","embeddable":true,"href":"https:\/\/lyconnordic.no\/privat\/wp-json\/wp\/v2\/product_tag?post=17293"}],"curies":[{"name":"wp","href":"https:\/\/api.w.org\/{rel}","templated":true}]}}