{"id":17277,"date":"2023-11-08T09:01:00","date_gmt":"2023-11-08T09:01:00","guid":{"rendered":"https:\/\/lyconnordic.nyside2.net\/privat\/?post_type=product&#038;p=17277"},"modified":"2025-10-24T15:14:08","modified_gmt":"2025-10-24T13:14:08","slug":"hair-on-strike-30g","status":"publish","type":"product","link":"https:\/\/lyconnordic.no\/privat\/produkt\/hair-on-strike-30g\/","title":{"rendered":"Hair on Strike 30g"},"content":{"rendered":"<p>Med papaya og chaparral<\/p>\n<p>En h\u00e5rreduserende krem med Papaya- og Chaparral-ekstrakt som effektivt svekker h\u00e5rveksten. Benyttes rett etter voksing som etterbehandlingskrem (etter rens) &#8211; b\u00e5de p\u00e5 kropp og i ansikt. Ogs\u00e5 ideell for hjemmebruk.<\/p>\n<p>Ved regelmessig bruk vil h\u00e5rene etter hvert bli f\u00e6rre, lysere og svakere. Enkelte omr\u00e5der vil bli helt h\u00e5rfrie. Brukes hver dag.<\/p>\n<p>Kan benyttes etter alle typer h\u00e5rfjerning: voksing, barbering, laser, elektrolyse og h\u00e5rfjerningskremer.<\/p>\n<p><strong>Vegansk | Cruelty-free<\/strong><\/p>\n","protected":false},"excerpt":{"rendered":"<p>Med papaya og chaparral<\/p>\n<p>En h\u00e5rreduserende krem med Papaya- og Chaparral-ekstrakt som effektivt svekker h\u00e5rveksten. Benyttes rett etter voksing som etterbehandlingskrem (etter rens) &#8211; b\u00e5de p\u00e5 kropp og i ansikt. Ogs\u00e5 ideell for hjemmebruk.<\/p>\n<p>Ved regelmessig bruk vil h\u00e5rene etter hvert bli f\u00e6rre, lysere og svakere. Enkelte omr\u00e5der vil bli helt h\u00e5rfrie. Brukes hver dag.<\/p>\n<p>Kan benyttes etter alle typer h\u00e5rfjerning: voksing, barbering, laser, elektrolyse og h\u00e5rfjerningskremer.<\/p>\n","protected":false},"featured_media":17278,"comment_status":"open","ping_status":"closed","template":"","meta":[],"product_brand":[],"product_cat":[90],"product_tag":[],"class_list":{"0":"post-17277","1":"product","2":"type-product","3":"status-publish","4":"has-post-thumbnail","6":"product_cat-lycon-spa","8":"first","9":"instock","10":"taxable","11":"shipping-taxable","12":"purchasable","13":"product-type-simple"},"yoast_head":"<!-- This site is optimized with the Yoast SEO plugin v27.3 - https:\/\/yoast.com\/product\/yoast-seo-wordpress\/ -->\n<title>Hair on Strike 30g - Lycon - for private<\/title>\n<meta name=\"robots\" content=\"index, follow, max-snippet:-1, max-image-preview:large, max-video-preview:-1\" \/>\n<link rel=\"canonical\" href=\"https:\/\/lyconnordic.no\/privat\/produkt\/hair-on-strike-30g\/\" \/>\n<meta property=\"og:locale\" content=\"nb_NO\" \/>\n<meta property=\"og:type\" content=\"article\" \/>\n<meta property=\"og:title\" content=\"Hair on Strike 30g - Lycon - for private\" \/>\n<meta property=\"og:description\" content=\"Med papaya og chaparral  En h\u00e5rreduserende krem med Papaya- og Chaparral-ekstrakt som effektivt svekker h\u00e5rveksten. Benyttes rett etter voksing som etterbehandlingskrem (etter rens) - b\u00e5de p\u00e5 kropp og i ansikt. Ogs\u00e5 ideell for hjemmebruk.  Ved regelmessig bruk vil h\u00e5rene etter hvert bli f\u00e6rre, lysere og svakere. Enkelte omr\u00e5der vil bli helt h\u00e5rfrie. Brukes hver dag.  Kan benyttes etter alle typer h\u00e5rfjerning: voksing, barbering, laser, elektrolyse og h\u00e5rfjerningskremer.\" \/>\n<meta property=\"og:url\" content=\"https:\/\/lyconnordic.no\/privat\/produkt\/hair-on-strike-30g\/\" \/>\n<meta property=\"og:site_name\" content=\"Lycon - for private\" \/>\n<meta property=\"article:modified_time\" content=\"2025-10-24T13:14:08+00:00\" \/>\n<meta property=\"og:image\" content=\"https:\/\/lyconnordic.no\/privat\/wp-content\/uploads\/2023\/11\/Hair-On_Strike_Spa-Essentials_30g_WEB.jpg\" \/>\n\t<meta property=\"og:image:width\" content=\"900\" \/>\n\t<meta property=\"og:image:height\" content=\"900\" \/>\n\t<meta property=\"og:image:type\" content=\"image\/jpeg\" \/>\n<meta name=\"twitter:card\" content=\"summary_large_image\" \/>\n<script type=\"application\/ld+json\" class=\"yoast-schema-graph\">{\"@context\":\"https:\\\/\\\/schema.org\",\"@graph\":[{\"@type\":\"WebPage\",\"@id\":\"https:\\\/\\\/lyconnordic.no\\\/privat\\\/produkt\\\/hair-on-strike-30g\\\/\",\"url\":\"https:\\\/\\\/lyconnordic.no\\\/privat\\\/produkt\\\/hair-on-strike-30g\\\/\",\"name\":\"Hair on Strike 30g - Lycon - for private\",\"isPartOf\":{\"@id\":\"https:\\\/\\\/lyconnordic.no\\\/privat\\\/#website\"},\"primaryImageOfPage\":{\"@id\":\"https:\\\/\\\/lyconnordic.no\\\/privat\\\/produkt\\\/hair-on-strike-30g\\\/#primaryimage\"},\"image\":{\"@id\":\"https:\\\/\\\/lyconnordic.no\\\/privat\\\/produkt\\\/hair-on-strike-30g\\\/#primaryimage\"},\"thumbnailUrl\":\"https:\\\/\\\/lyconnordic.no\\\/privat\\\/wp-content\\\/uploads\\\/2023\\\/11\\\/Hair-On_Strike_Spa-Essentials_30g_WEB.jpg\",\"datePublished\":\"2023-11-08T09:01:00+00:00\",\"dateModified\":\"2025-10-24T13:14:08+00:00\",\"breadcrumb\":{\"@id\":\"https:\\\/\\\/lyconnordic.no\\\/privat\\\/produkt\\\/hair-on-strike-30g\\\/#breadcrumb\"},\"inLanguage\":\"nb-NO\",\"potentialAction\":[{\"@type\":\"ReadAction\",\"target\":[\"https:\\\/\\\/lyconnordic.no\\\/privat\\\/produkt\\\/hair-on-strike-30g\\\/\"]}]},{\"@type\":\"ImageObject\",\"inLanguage\":\"nb-NO\",\"@id\":\"https:\\\/\\\/lyconnordic.no\\\/privat\\\/produkt\\\/hair-on-strike-30g\\\/#primaryimage\",\"url\":\"https:\\\/\\\/lyconnordic.no\\\/privat\\\/wp-content\\\/uploads\\\/2023\\\/11\\\/Hair-On_Strike_Spa-Essentials_30g_WEB.jpg\",\"contentUrl\":\"https:\\\/\\\/lyconnordic.no\\\/privat\\\/wp-content\\\/uploads\\\/2023\\\/11\\\/Hair-On_Strike_Spa-Essentials_30g_WEB.jpg\",\"width\":900,\"height\":900},{\"@type\":\"BreadcrumbList\",\"@id\":\"https:\\\/\\\/lyconnordic.no\\\/privat\\\/produkt\\\/hair-on-strike-30g\\\/#breadcrumb\",\"itemListElement\":[{\"@type\":\"ListItem\",\"position\":1,\"name\":\"Hjem\",\"item\":\"https:\\\/\\\/lyconnordic.no\\\/privat\\\/\"},{\"@type\":\"ListItem\",\"position\":2,\"name\":\"Produkter\",\"item\":\"https:\\\/\\\/lyconnordic.no\\\/privat\\\/produkter\\\/\"},{\"@type\":\"ListItem\",\"position\":3,\"name\":\"Hair on Strike 30g\"}]},{\"@type\":\"WebSite\",\"@id\":\"https:\\\/\\\/lyconnordic.no\\\/privat\\\/#website\",\"url\":\"https:\\\/\\\/lyconnordic.no\\\/privat\\\/\",\"name\":\"Lycon - for private\",\"description\":\"Australias voksmerke #1\",\"potentialAction\":[{\"@type\":\"SearchAction\",\"target\":{\"@type\":\"EntryPoint\",\"urlTemplate\":\"https:\\\/\\\/lyconnordic.no\\\/privat\\\/?s={search_term_string}\"},\"query-input\":{\"@type\":\"PropertyValueSpecification\",\"valueRequired\":true,\"valueName\":\"search_term_string\"}}],\"inLanguage\":\"nb-NO\"}]}<\/script>\n<!-- \/ Yoast SEO plugin. -->","yoast_head_json":{"title":"Hair on Strike 30g - Lycon - for private","robots":{"index":"index","follow":"follow","max-snippet":"max-snippet:-1","max-image-preview":"max-image-preview:large","max-video-preview":"max-video-preview:-1"},"canonical":"https:\/\/lyconnordic.no\/privat\/produkt\/hair-on-strike-30g\/","og_locale":"nb_NO","og_type":"article","og_title":"Hair on Strike 30g - Lycon - for private","og_description":"Med papaya og chaparral  En h\u00e5rreduserende krem med Papaya- og Chaparral-ekstrakt som effektivt svekker h\u00e5rveksten. Benyttes rett etter voksing som etterbehandlingskrem (etter rens) - b\u00e5de p\u00e5 kropp og i ansikt. Ogs\u00e5 ideell for hjemmebruk.  Ved regelmessig bruk vil h\u00e5rene etter hvert bli f\u00e6rre, lysere og svakere. Enkelte omr\u00e5der vil bli helt h\u00e5rfrie. Brukes hver dag.  Kan benyttes etter alle typer h\u00e5rfjerning: voksing, barbering, laser, elektrolyse og h\u00e5rfjerningskremer.","og_url":"https:\/\/lyconnordic.no\/privat\/produkt\/hair-on-strike-30g\/","og_site_name":"Lycon - for private","article_modified_time":"2025-10-24T13:14:08+00:00","og_image":[{"width":900,"height":900,"url":"https:\/\/lyconnordic.no\/privat\/wp-content\/uploads\/2023\/11\/Hair-On_Strike_Spa-Essentials_30g_WEB.jpg","type":"image\/jpeg"}],"twitter_card":"summary_large_image","schema":{"@context":"https:\/\/schema.org","@graph":[{"@type":"WebPage","@id":"https:\/\/lyconnordic.no\/privat\/produkt\/hair-on-strike-30g\/","url":"https:\/\/lyconnordic.no\/privat\/produkt\/hair-on-strike-30g\/","name":"Hair on Strike 30g - Lycon - for private","isPartOf":{"@id":"https:\/\/lyconnordic.no\/privat\/#website"},"primaryImageOfPage":{"@id":"https:\/\/lyconnordic.no\/privat\/produkt\/hair-on-strike-30g\/#primaryimage"},"image":{"@id":"https:\/\/lyconnordic.no\/privat\/produkt\/hair-on-strike-30g\/#primaryimage"},"thumbnailUrl":"https:\/\/lyconnordic.no\/privat\/wp-content\/uploads\/2023\/11\/Hair-On_Strike_Spa-Essentials_30g_WEB.jpg","datePublished":"2023-11-08T09:01:00+00:00","dateModified":"2025-10-24T13:14:08+00:00","breadcrumb":{"@id":"https:\/\/lyconnordic.no\/privat\/produkt\/hair-on-strike-30g\/#breadcrumb"},"inLanguage":"nb-NO","potentialAction":[{"@type":"ReadAction","target":["https:\/\/lyconnordic.no\/privat\/produkt\/hair-on-strike-30g\/"]}]},{"@type":"ImageObject","inLanguage":"nb-NO","@id":"https:\/\/lyconnordic.no\/privat\/produkt\/hair-on-strike-30g\/#primaryimage","url":"https:\/\/lyconnordic.no\/privat\/wp-content\/uploads\/2023\/11\/Hair-On_Strike_Spa-Essentials_30g_WEB.jpg","contentUrl":"https:\/\/lyconnordic.no\/privat\/wp-content\/uploads\/2023\/11\/Hair-On_Strike_Spa-Essentials_30g_WEB.jpg","width":900,"height":900},{"@type":"BreadcrumbList","@id":"https:\/\/lyconnordic.no\/privat\/produkt\/hair-on-strike-30g\/#breadcrumb","itemListElement":[{"@type":"ListItem","position":1,"name":"Hjem","item":"https:\/\/lyconnordic.no\/privat\/"},{"@type":"ListItem","position":2,"name":"Produkter","item":"https:\/\/lyconnordic.no\/privat\/produkter\/"},{"@type":"ListItem","position":3,"name":"Hair on Strike 30g"}]},{"@type":"WebSite","@id":"https:\/\/lyconnordic.no\/privat\/#website","url":"https:\/\/lyconnordic.no\/privat\/","name":"Lycon - for private","description":"Australias voksmerke #1","potentialAction":[{"@type":"SearchAction","target":{"@type":"EntryPoint","urlTemplate":"https:\/\/lyconnordic.no\/privat\/?s={search_term_string}"},"query-input":{"@type":"PropertyValueSpecification","valueRequired":true,"valueName":"search_term_string"}}],"inLanguage":"nb-NO"}]}},"_links":{"self":[{"href":"https:\/\/lyconnordic.no\/privat\/wp-json\/wp\/v2\/product\/17277","targetHints":{"allow":["GET"]}}],"collection":[{"href":"https:\/\/lyconnordic.no\/privat\/wp-json\/wp\/v2\/product"}],"about":[{"href":"https:\/\/lyconnordic.no\/privat\/wp-json\/wp\/v2\/types\/product"}],"replies":[{"embeddable":true,"href":"https:\/\/lyconnordic.no\/privat\/wp-json\/wp\/v2\/comments?post=17277"}],"version-history":[{"count":4,"href":"https:\/\/lyconnordic.no\/privat\/wp-json\/wp\/v2\/product\/17277\/revisions"}],"predecessor-version":[{"id":17659,"href":"https:\/\/lyconnordic.no\/privat\/wp-json\/wp\/v2\/product\/17277\/revisions\/17659"}],"wp:featuredmedia":[{"embeddable":true,"href":"https:\/\/lyconnordic.no\/privat\/wp-json\/wp\/v2\/media\/17278"}],"wp:attachment":[{"href":"https:\/\/lyconnordic.no\/privat\/wp-json\/wp\/v2\/media?parent=17277"}],"wp:term":[{"taxonomy":"product_brand","embeddable":true,"href":"https:\/\/lyconnordic.no\/privat\/wp-json\/wp\/v2\/product_brand?post=17277"},{"taxonomy":"product_cat","embeddable":true,"href":"https:\/\/lyconnordic.no\/privat\/wp-json\/wp\/v2\/product_cat?post=17277"},{"taxonomy":"product_tag","embeddable":true,"href":"https:\/\/lyconnordic.no\/privat\/wp-json\/wp\/v2\/product_tag?post=17277"}],"curies":[{"name":"wp","href":"https:\/\/api.w.org\/{rel}","templated":true}]}}