{"id":17244,"date":"2023-11-08T08:50:06","date_gmt":"2023-11-08T08:50:06","guid":{"rendered":"https:\/\/lyconnordic.nyside2.net\/privat\/?post_type=product&#038;p=17244"},"modified":"2025-10-24T15:14:56","modified_gmt":"2025-10-24T13:14:56","slug":"ingrown-x-it-wipes-40pk","status":"publish","type":"product","link":"https:\/\/lyconnordic.no\/privat\/produkt\/ingrown-x-it-wipes-40pk\/","title":{"rendered":"Ingrown X-It Wipes (40pk)"},"content":{"rendered":"<p><span style=\"font-family: ver\">Mildt eksfolierende formel som behandler og forhindrer inngrodde h\u00e5r og betente h\u00e5rsekker\u00a0p\u00e5 kroppen. Beriket med salisylsyre, melkesyre og arnica.<\/span><\/p>\n<p>40 stk wipes<\/p>\n<p>NB! Dette er ikke en veldig \u00abv\u00e5t\u00bb type wipe. Den er akkurat passe fuktet, nok til at den ikke renner men likevel deponerer nok veske til at den gir en god effekt. Produktet kan ikke returneres av hygieniske \u00e5rsaker.<\/p>\n","protected":false},"excerpt":{"rendered":"<p>Mildt eksfolierende formel som behandler og forhindrer inngrodde h\u00e5r og betente h\u00e5rsekker p\u00e5 kroppen. Beriket med salisylsyre, melkesyre og arnica.<\/p>\n<p>40 stk wipes<\/p>\n<p>NB! Dette er ikke en veldig \u00abv\u00e5t\u00bb type wipe. Den er akkurat passe fuktet, nok til at den ikke renner men likevel deponerer nok veske til at den gir en god effekt. Produktet kan ikke returneres av hygieniske \u00e5rsaker.<\/p>\n","protected":false},"featured_media":17245,"comment_status":"open","ping_status":"closed","template":"","meta":[],"product_brand":[],"product_cat":[91],"product_tag":[],"class_list":{"0":"post-17244","1":"product","2":"type-product","3":"status-publish","4":"has-post-thumbnail","6":"product_cat-ingrown-x-it","8":"first","9":"instock","10":"taxable","11":"shipping-taxable","12":"purchasable","13":"product-type-simple"},"yoast_head":"<!-- This site is optimized with the Yoast SEO plugin v27.3 - https:\/\/yoast.com\/product\/yoast-seo-wordpress\/ -->\n<title>Ingrown X-It Wipes (40pk) - Lycon - for private<\/title>\n<meta name=\"robots\" content=\"index, follow, max-snippet:-1, max-image-preview:large, max-video-preview:-1\" \/>\n<link rel=\"canonical\" href=\"https:\/\/lyconnordic.no\/privat\/produkt\/ingrown-x-it-wipes-40pk\/\" \/>\n<meta property=\"og:locale\" content=\"nb_NO\" \/>\n<meta property=\"og:type\" content=\"article\" \/>\n<meta property=\"og:title\" content=\"Ingrown X-It Wipes (40pk) - Lycon - for private\" \/>\n<meta property=\"og:description\" content=\"Mildt eksfolierende formel som behandler og forhindrer inngrodde h\u00e5r og betente h\u00e5rsekker p\u00e5 kroppen. Beriket med salisylsyre, melkesyre og arnica.  40 stk wipes  NB! Dette er ikke en veldig \u00abv\u00e5t\u00bb type wipe. Den er akkurat passe fuktet, nok til at den ikke renner men likevel deponerer nok veske til at den gir en god effekt. Produktet kan ikke returneres av hygieniske \u00e5rsaker.\" \/>\n<meta property=\"og:url\" content=\"https:\/\/lyconnordic.no\/privat\/produkt\/ingrown-x-it-wipes-40pk\/\" \/>\n<meta property=\"og:site_name\" content=\"Lycon - for private\" \/>\n<meta property=\"article:modified_time\" content=\"2025-10-24T13:14:56+00:00\" \/>\n<meta property=\"og:image\" content=\"https:\/\/lyconnordic.no\/privat\/wp-content\/uploads\/2023\/11\/ingrown-X-it_Wipes_WEB.jpg\" \/>\n\t<meta property=\"og:image:width\" content=\"900\" \/>\n\t<meta property=\"og:image:height\" content=\"900\" \/>\n\t<meta property=\"og:image:type\" content=\"image\/jpeg\" \/>\n<meta name=\"twitter:card\" content=\"summary_large_image\" \/>\n<script type=\"application\/ld+json\" class=\"yoast-schema-graph\">{\"@context\":\"https:\\\/\\\/schema.org\",\"@graph\":[{\"@type\":\"WebPage\",\"@id\":\"https:\\\/\\\/lyconnordic.no\\\/privat\\\/produkt\\\/ingrown-x-it-wipes-40pk\\\/\",\"url\":\"https:\\\/\\\/lyconnordic.no\\\/privat\\\/produkt\\\/ingrown-x-it-wipes-40pk\\\/\",\"name\":\"Ingrown X-It Wipes (40pk) - Lycon - for private\",\"isPartOf\":{\"@id\":\"https:\\\/\\\/lyconnordic.no\\\/privat\\\/#website\"},\"primaryImageOfPage\":{\"@id\":\"https:\\\/\\\/lyconnordic.no\\\/privat\\\/produkt\\\/ingrown-x-it-wipes-40pk\\\/#primaryimage\"},\"image\":{\"@id\":\"https:\\\/\\\/lyconnordic.no\\\/privat\\\/produkt\\\/ingrown-x-it-wipes-40pk\\\/#primaryimage\"},\"thumbnailUrl\":\"https:\\\/\\\/lyconnordic.no\\\/privat\\\/wp-content\\\/uploads\\\/2023\\\/11\\\/ingrown-X-it_Wipes_WEB.jpg\",\"datePublished\":\"2023-11-08T08:50:06+00:00\",\"dateModified\":\"2025-10-24T13:14:56+00:00\",\"breadcrumb\":{\"@id\":\"https:\\\/\\\/lyconnordic.no\\\/privat\\\/produkt\\\/ingrown-x-it-wipes-40pk\\\/#breadcrumb\"},\"inLanguage\":\"nb-NO\",\"potentialAction\":[{\"@type\":\"ReadAction\",\"target\":[\"https:\\\/\\\/lyconnordic.no\\\/privat\\\/produkt\\\/ingrown-x-it-wipes-40pk\\\/\"]}]},{\"@type\":\"ImageObject\",\"inLanguage\":\"nb-NO\",\"@id\":\"https:\\\/\\\/lyconnordic.no\\\/privat\\\/produkt\\\/ingrown-x-it-wipes-40pk\\\/#primaryimage\",\"url\":\"https:\\\/\\\/lyconnordic.no\\\/privat\\\/wp-content\\\/uploads\\\/2023\\\/11\\\/ingrown-X-it_Wipes_WEB.jpg\",\"contentUrl\":\"https:\\\/\\\/lyconnordic.no\\\/privat\\\/wp-content\\\/uploads\\\/2023\\\/11\\\/ingrown-X-it_Wipes_WEB.jpg\",\"width\":900,\"height\":900},{\"@type\":\"BreadcrumbList\",\"@id\":\"https:\\\/\\\/lyconnordic.no\\\/privat\\\/produkt\\\/ingrown-x-it-wipes-40pk\\\/#breadcrumb\",\"itemListElement\":[{\"@type\":\"ListItem\",\"position\":1,\"name\":\"Hjem\",\"item\":\"https:\\\/\\\/lyconnordic.no\\\/privat\\\/\"},{\"@type\":\"ListItem\",\"position\":2,\"name\":\"Produkter\",\"item\":\"https:\\\/\\\/lyconnordic.no\\\/privat\\\/produkter\\\/\"},{\"@type\":\"ListItem\",\"position\":3,\"name\":\"Ingrown X-It Wipes (40pk)\"}]},{\"@type\":\"WebSite\",\"@id\":\"https:\\\/\\\/lyconnordic.no\\\/privat\\\/#website\",\"url\":\"https:\\\/\\\/lyconnordic.no\\\/privat\\\/\",\"name\":\"Lycon - for private\",\"description\":\"Australias voksmerke #1\",\"potentialAction\":[{\"@type\":\"SearchAction\",\"target\":{\"@type\":\"EntryPoint\",\"urlTemplate\":\"https:\\\/\\\/lyconnordic.no\\\/privat\\\/?s={search_term_string}\"},\"query-input\":{\"@type\":\"PropertyValueSpecification\",\"valueRequired\":true,\"valueName\":\"search_term_string\"}}],\"inLanguage\":\"nb-NO\"}]}<\/script>\n<!-- \/ Yoast SEO plugin. -->","yoast_head_json":{"title":"Ingrown X-It Wipes (40pk) - Lycon - for private","robots":{"index":"index","follow":"follow","max-snippet":"max-snippet:-1","max-image-preview":"max-image-preview:large","max-video-preview":"max-video-preview:-1"},"canonical":"https:\/\/lyconnordic.no\/privat\/produkt\/ingrown-x-it-wipes-40pk\/","og_locale":"nb_NO","og_type":"article","og_title":"Ingrown X-It Wipes (40pk) - Lycon - for private","og_description":"Mildt eksfolierende formel som behandler og forhindrer inngrodde h\u00e5r og betente h\u00e5rsekker p\u00e5 kroppen. Beriket med salisylsyre, melkesyre og arnica.  40 stk wipes  NB! Dette er ikke en veldig \u00abv\u00e5t\u00bb type wipe. Den er akkurat passe fuktet, nok til at den ikke renner men likevel deponerer nok veske til at den gir en god effekt. Produktet kan ikke returneres av hygieniske \u00e5rsaker.","og_url":"https:\/\/lyconnordic.no\/privat\/produkt\/ingrown-x-it-wipes-40pk\/","og_site_name":"Lycon - for private","article_modified_time":"2025-10-24T13:14:56+00:00","og_image":[{"width":900,"height":900,"url":"https:\/\/lyconnordic.no\/privat\/wp-content\/uploads\/2023\/11\/ingrown-X-it_Wipes_WEB.jpg","type":"image\/jpeg"}],"twitter_card":"summary_large_image","schema":{"@context":"https:\/\/schema.org","@graph":[{"@type":"WebPage","@id":"https:\/\/lyconnordic.no\/privat\/produkt\/ingrown-x-it-wipes-40pk\/","url":"https:\/\/lyconnordic.no\/privat\/produkt\/ingrown-x-it-wipes-40pk\/","name":"Ingrown X-It Wipes (40pk) - Lycon - for private","isPartOf":{"@id":"https:\/\/lyconnordic.no\/privat\/#website"},"primaryImageOfPage":{"@id":"https:\/\/lyconnordic.no\/privat\/produkt\/ingrown-x-it-wipes-40pk\/#primaryimage"},"image":{"@id":"https:\/\/lyconnordic.no\/privat\/produkt\/ingrown-x-it-wipes-40pk\/#primaryimage"},"thumbnailUrl":"https:\/\/lyconnordic.no\/privat\/wp-content\/uploads\/2023\/11\/ingrown-X-it_Wipes_WEB.jpg","datePublished":"2023-11-08T08:50:06+00:00","dateModified":"2025-10-24T13:14:56+00:00","breadcrumb":{"@id":"https:\/\/lyconnordic.no\/privat\/produkt\/ingrown-x-it-wipes-40pk\/#breadcrumb"},"inLanguage":"nb-NO","potentialAction":[{"@type":"ReadAction","target":["https:\/\/lyconnordic.no\/privat\/produkt\/ingrown-x-it-wipes-40pk\/"]}]},{"@type":"ImageObject","inLanguage":"nb-NO","@id":"https:\/\/lyconnordic.no\/privat\/produkt\/ingrown-x-it-wipes-40pk\/#primaryimage","url":"https:\/\/lyconnordic.no\/privat\/wp-content\/uploads\/2023\/11\/ingrown-X-it_Wipes_WEB.jpg","contentUrl":"https:\/\/lyconnordic.no\/privat\/wp-content\/uploads\/2023\/11\/ingrown-X-it_Wipes_WEB.jpg","width":900,"height":900},{"@type":"BreadcrumbList","@id":"https:\/\/lyconnordic.no\/privat\/produkt\/ingrown-x-it-wipes-40pk\/#breadcrumb","itemListElement":[{"@type":"ListItem","position":1,"name":"Hjem","item":"https:\/\/lyconnordic.no\/privat\/"},{"@type":"ListItem","position":2,"name":"Produkter","item":"https:\/\/lyconnordic.no\/privat\/produkter\/"},{"@type":"ListItem","position":3,"name":"Ingrown X-It Wipes (40pk)"}]},{"@type":"WebSite","@id":"https:\/\/lyconnordic.no\/privat\/#website","url":"https:\/\/lyconnordic.no\/privat\/","name":"Lycon - for private","description":"Australias voksmerke #1","potentialAction":[{"@type":"SearchAction","target":{"@type":"EntryPoint","urlTemplate":"https:\/\/lyconnordic.no\/privat\/?s={search_term_string}"},"query-input":{"@type":"PropertyValueSpecification","valueRequired":true,"valueName":"search_term_string"}}],"inLanguage":"nb-NO"}]}},"_links":{"self":[{"href":"https:\/\/lyconnordic.no\/privat\/wp-json\/wp\/v2\/product\/17244","targetHints":{"allow":["GET"]}}],"collection":[{"href":"https:\/\/lyconnordic.no\/privat\/wp-json\/wp\/v2\/product"}],"about":[{"href":"https:\/\/lyconnordic.no\/privat\/wp-json\/wp\/v2\/types\/product"}],"replies":[{"embeddable":true,"href":"https:\/\/lyconnordic.no\/privat\/wp-json\/wp\/v2\/comments?post=17244"}],"version-history":[{"count":4,"href":"https:\/\/lyconnordic.no\/privat\/wp-json\/wp\/v2\/product\/17244\/revisions"}],"predecessor-version":[{"id":20431,"href":"https:\/\/lyconnordic.no\/privat\/wp-json\/wp\/v2\/product\/17244\/revisions\/20431"}],"wp:featuredmedia":[{"embeddable":true,"href":"https:\/\/lyconnordic.no\/privat\/wp-json\/wp\/v2\/media\/17245"}],"wp:attachment":[{"href":"https:\/\/lyconnordic.no\/privat\/wp-json\/wp\/v2\/media?parent=17244"}],"wp:term":[{"taxonomy":"product_brand","embeddable":true,"href":"https:\/\/lyconnordic.no\/privat\/wp-json\/wp\/v2\/product_brand?post=17244"},{"taxonomy":"product_cat","embeddable":true,"href":"https:\/\/lyconnordic.no\/privat\/wp-json\/wp\/v2\/product_cat?post=17244"},{"taxonomy":"product_tag","embeddable":true,"href":"https:\/\/lyconnordic.no\/privat\/wp-json\/wp\/v2\/product_tag?post=17244"}],"curies":[{"name":"wp","href":"https:\/\/api.w.org\/{rel}","templated":true}]}}