{"id":17176,"date":"2023-11-08T07:57:27","date_gmt":"2023-11-08T07:57:27","guid":{"rendered":"https:\/\/lyconnordic.nyside2.net\/privat\/?post_type=product&#038;p=17176"},"modified":"2025-10-24T15:16:38","modified_gmt":"2025-10-24T13:16:38","slug":"hand-held-hair-trimmer","status":"publish","type":"product","link":"https:\/\/lyconnordic.no\/privat\/produkt\/hand-held-hair-trimmer\/","title":{"rendered":"Hand Held Hair Trimmer"},"content":{"rendered":"<p><strong>H\u00e5ndholdt h\u00e5rtrimmer <\/strong><\/p>\n<p>Denne batteridrevne h\u00e5rtrimmeren er tr\u00e5dl\u00f8s og kompakt. Perfekt for trimming av all slags h\u00e5r over hele kroppen. Du kan enkelt velge hvilken lengde p\u00e5 h\u00e5rene du \u00f8nsker \u00e5 trimme ned til da det f\u00f8lger med 4 utskiftbare kamst\u00f8rrelser. Lett og enkel \u00e5 bruke. Batteri medf\u00f8lger ikke.<\/p>\n","protected":false},"excerpt":{"rendered":"<p><strong>H\u00e5ndholdt h\u00e5rtrimmer <\/strong><\/p>\n<p>Denne batteridrevne h\u00e5rtrimmeren er tr\u00e5dl\u00f8s og kompakt. Perfekt for trimming av all slags h\u00e5r over hele kroppen. Du kan enkelt velge hvilken lengde p\u00e5 h\u00e5rene du \u00f8nsker \u00e5 trimme ned til da det f\u00f8lger med 4 utskiftbare kamst\u00f8rrelser. Lett og enkel \u00e5 bruke. Batteri medf\u00f8lger ikke.<\/p>\n","protected":false},"featured_media":17177,"comment_status":"open","ping_status":"closed","template":"","meta":[],"product_brand":[],"product_cat":[87,20],"product_tag":[],"class_list":{"0":"post-17176","1":"product","2":"type-product","3":"status-publish","4":"has-post-thumbnail","6":"product_cat-tilbehor","7":"product_cat-voksprodukter","9":"first","10":"instock","11":"taxable","12":"shipping-taxable","13":"purchasable","14":"product-type-simple"},"yoast_head":"<!-- This site is optimized with the Yoast SEO plugin v27.3 - https:\/\/yoast.com\/product\/yoast-seo-wordpress\/ -->\n<title>Hand Held Hair Trimmer - Lycon - for private<\/title>\n<meta name=\"robots\" content=\"index, follow, max-snippet:-1, max-image-preview:large, max-video-preview:-1\" \/>\n<link rel=\"canonical\" href=\"https:\/\/lyconnordic.no\/privat\/produkt\/hand-held-hair-trimmer\/\" \/>\n<meta property=\"og:locale\" content=\"nb_NO\" \/>\n<meta property=\"og:type\" content=\"article\" \/>\n<meta property=\"og:title\" content=\"Hand Held Hair Trimmer - Lycon - for private\" \/>\n<meta property=\"og:description\" content=\"H\u00e5ndholdt h\u00e5rtrimmer   Denne batteridrevne h\u00e5rtrimmeren er tr\u00e5dl\u00f8s og kompakt. Perfekt for trimming av all slags h\u00e5r over hele kroppen. Du kan enkelt velge hvilken lengde p\u00e5 h\u00e5rene du \u00f8nsker \u00e5 trimme ned til da det f\u00f8lger med 4 utskiftbare kamst\u00f8rrelser. Lett og enkel \u00e5 bruke. Batteri medf\u00f8lger ikke.\" \/>\n<meta property=\"og:url\" content=\"https:\/\/lyconnordic.no\/privat\/produkt\/hand-held-hair-trimmer\/\" \/>\n<meta property=\"og:site_name\" content=\"Lycon - for private\" \/>\n<meta property=\"article:modified_time\" content=\"2025-10-24T13:16:38+00:00\" \/>\n<meta property=\"og:image\" content=\"https:\/\/lyconnordic.no\/privat\/wp-content\/uploads\/2023\/11\/Trimmer_Accessories_WEB.jpg\" \/>\n\t<meta property=\"og:image:width\" content=\"900\" \/>\n\t<meta property=\"og:image:height\" content=\"900\" \/>\n\t<meta property=\"og:image:type\" content=\"image\/jpeg\" \/>\n<meta name=\"twitter:card\" content=\"summary_large_image\" \/>\n<script type=\"application\/ld+json\" class=\"yoast-schema-graph\">{\"@context\":\"https:\\\/\\\/schema.org\",\"@graph\":[{\"@type\":\"WebPage\",\"@id\":\"https:\\\/\\\/lyconnordic.no\\\/privat\\\/produkt\\\/hand-held-hair-trimmer\\\/\",\"url\":\"https:\\\/\\\/lyconnordic.no\\\/privat\\\/produkt\\\/hand-held-hair-trimmer\\\/\",\"name\":\"Hand Held Hair Trimmer - Lycon - for private\",\"isPartOf\":{\"@id\":\"https:\\\/\\\/lyconnordic.no\\\/privat\\\/#website\"},\"primaryImageOfPage\":{\"@id\":\"https:\\\/\\\/lyconnordic.no\\\/privat\\\/produkt\\\/hand-held-hair-trimmer\\\/#primaryimage\"},\"image\":{\"@id\":\"https:\\\/\\\/lyconnordic.no\\\/privat\\\/produkt\\\/hand-held-hair-trimmer\\\/#primaryimage\"},\"thumbnailUrl\":\"https:\\\/\\\/lyconnordic.no\\\/privat\\\/wp-content\\\/uploads\\\/2023\\\/11\\\/Trimmer_Accessories_WEB.jpg\",\"datePublished\":\"2023-11-08T07:57:27+00:00\",\"dateModified\":\"2025-10-24T13:16:38+00:00\",\"breadcrumb\":{\"@id\":\"https:\\\/\\\/lyconnordic.no\\\/privat\\\/produkt\\\/hand-held-hair-trimmer\\\/#breadcrumb\"},\"inLanguage\":\"nb-NO\",\"potentialAction\":[{\"@type\":\"ReadAction\",\"target\":[\"https:\\\/\\\/lyconnordic.no\\\/privat\\\/produkt\\\/hand-held-hair-trimmer\\\/\"]}]},{\"@type\":\"ImageObject\",\"inLanguage\":\"nb-NO\",\"@id\":\"https:\\\/\\\/lyconnordic.no\\\/privat\\\/produkt\\\/hand-held-hair-trimmer\\\/#primaryimage\",\"url\":\"https:\\\/\\\/lyconnordic.no\\\/privat\\\/wp-content\\\/uploads\\\/2023\\\/11\\\/Trimmer_Accessories_WEB.jpg\",\"contentUrl\":\"https:\\\/\\\/lyconnordic.no\\\/privat\\\/wp-content\\\/uploads\\\/2023\\\/11\\\/Trimmer_Accessories_WEB.jpg\",\"width\":900,\"height\":900},{\"@type\":\"BreadcrumbList\",\"@id\":\"https:\\\/\\\/lyconnordic.no\\\/privat\\\/produkt\\\/hand-held-hair-trimmer\\\/#breadcrumb\",\"itemListElement\":[{\"@type\":\"ListItem\",\"position\":1,\"name\":\"Hjem\",\"item\":\"https:\\\/\\\/lyconnordic.no\\\/privat\\\/\"},{\"@type\":\"ListItem\",\"position\":2,\"name\":\"Produkter\",\"item\":\"https:\\\/\\\/lyconnordic.no\\\/privat\\\/produkter\\\/\"},{\"@type\":\"ListItem\",\"position\":3,\"name\":\"Hand Held Hair Trimmer\"}]},{\"@type\":\"WebSite\",\"@id\":\"https:\\\/\\\/lyconnordic.no\\\/privat\\\/#website\",\"url\":\"https:\\\/\\\/lyconnordic.no\\\/privat\\\/\",\"name\":\"Lycon - for private\",\"description\":\"Australias voksmerke #1\",\"potentialAction\":[{\"@type\":\"SearchAction\",\"target\":{\"@type\":\"EntryPoint\",\"urlTemplate\":\"https:\\\/\\\/lyconnordic.no\\\/privat\\\/?s={search_term_string}\"},\"query-input\":{\"@type\":\"PropertyValueSpecification\",\"valueRequired\":true,\"valueName\":\"search_term_string\"}}],\"inLanguage\":\"nb-NO\"}]}<\/script>\n<!-- \/ Yoast SEO plugin. -->","yoast_head_json":{"title":"Hand Held Hair Trimmer - Lycon - for private","robots":{"index":"index","follow":"follow","max-snippet":"max-snippet:-1","max-image-preview":"max-image-preview:large","max-video-preview":"max-video-preview:-1"},"canonical":"https:\/\/lyconnordic.no\/privat\/produkt\/hand-held-hair-trimmer\/","og_locale":"nb_NO","og_type":"article","og_title":"Hand Held Hair Trimmer - Lycon - for private","og_description":"H\u00e5ndholdt h\u00e5rtrimmer   Denne batteridrevne h\u00e5rtrimmeren er tr\u00e5dl\u00f8s og kompakt. Perfekt for trimming av all slags h\u00e5r over hele kroppen. Du kan enkelt velge hvilken lengde p\u00e5 h\u00e5rene du \u00f8nsker \u00e5 trimme ned til da det f\u00f8lger med 4 utskiftbare kamst\u00f8rrelser. Lett og enkel \u00e5 bruke. Batteri medf\u00f8lger ikke.","og_url":"https:\/\/lyconnordic.no\/privat\/produkt\/hand-held-hair-trimmer\/","og_site_name":"Lycon - for private","article_modified_time":"2025-10-24T13:16:38+00:00","og_image":[{"width":900,"height":900,"url":"https:\/\/lyconnordic.no\/privat\/wp-content\/uploads\/2023\/11\/Trimmer_Accessories_WEB.jpg","type":"image\/jpeg"}],"twitter_card":"summary_large_image","schema":{"@context":"https:\/\/schema.org","@graph":[{"@type":"WebPage","@id":"https:\/\/lyconnordic.no\/privat\/produkt\/hand-held-hair-trimmer\/","url":"https:\/\/lyconnordic.no\/privat\/produkt\/hand-held-hair-trimmer\/","name":"Hand Held Hair Trimmer - Lycon - for private","isPartOf":{"@id":"https:\/\/lyconnordic.no\/privat\/#website"},"primaryImageOfPage":{"@id":"https:\/\/lyconnordic.no\/privat\/produkt\/hand-held-hair-trimmer\/#primaryimage"},"image":{"@id":"https:\/\/lyconnordic.no\/privat\/produkt\/hand-held-hair-trimmer\/#primaryimage"},"thumbnailUrl":"https:\/\/lyconnordic.no\/privat\/wp-content\/uploads\/2023\/11\/Trimmer_Accessories_WEB.jpg","datePublished":"2023-11-08T07:57:27+00:00","dateModified":"2025-10-24T13:16:38+00:00","breadcrumb":{"@id":"https:\/\/lyconnordic.no\/privat\/produkt\/hand-held-hair-trimmer\/#breadcrumb"},"inLanguage":"nb-NO","potentialAction":[{"@type":"ReadAction","target":["https:\/\/lyconnordic.no\/privat\/produkt\/hand-held-hair-trimmer\/"]}]},{"@type":"ImageObject","inLanguage":"nb-NO","@id":"https:\/\/lyconnordic.no\/privat\/produkt\/hand-held-hair-trimmer\/#primaryimage","url":"https:\/\/lyconnordic.no\/privat\/wp-content\/uploads\/2023\/11\/Trimmer_Accessories_WEB.jpg","contentUrl":"https:\/\/lyconnordic.no\/privat\/wp-content\/uploads\/2023\/11\/Trimmer_Accessories_WEB.jpg","width":900,"height":900},{"@type":"BreadcrumbList","@id":"https:\/\/lyconnordic.no\/privat\/produkt\/hand-held-hair-trimmer\/#breadcrumb","itemListElement":[{"@type":"ListItem","position":1,"name":"Hjem","item":"https:\/\/lyconnordic.no\/privat\/"},{"@type":"ListItem","position":2,"name":"Produkter","item":"https:\/\/lyconnordic.no\/privat\/produkter\/"},{"@type":"ListItem","position":3,"name":"Hand Held Hair Trimmer"}]},{"@type":"WebSite","@id":"https:\/\/lyconnordic.no\/privat\/#website","url":"https:\/\/lyconnordic.no\/privat\/","name":"Lycon - for private","description":"Australias voksmerke #1","potentialAction":[{"@type":"SearchAction","target":{"@type":"EntryPoint","urlTemplate":"https:\/\/lyconnordic.no\/privat\/?s={search_term_string}"},"query-input":{"@type":"PropertyValueSpecification","valueRequired":true,"valueName":"search_term_string"}}],"inLanguage":"nb-NO"}]}},"_links":{"self":[{"href":"https:\/\/lyconnordic.no\/privat\/wp-json\/wp\/v2\/product\/17176","targetHints":{"allow":["GET"]}}],"collection":[{"href":"https:\/\/lyconnordic.no\/privat\/wp-json\/wp\/v2\/product"}],"about":[{"href":"https:\/\/lyconnordic.no\/privat\/wp-json\/wp\/v2\/types\/product"}],"replies":[{"embeddable":true,"href":"https:\/\/lyconnordic.no\/privat\/wp-json\/wp\/v2\/comments?post=17176"}],"version-history":[{"count":5,"href":"https:\/\/lyconnordic.no\/privat\/wp-json\/wp\/v2\/product\/17176\/revisions"}],"predecessor-version":[{"id":20476,"href":"https:\/\/lyconnordic.no\/privat\/wp-json\/wp\/v2\/product\/17176\/revisions\/20476"}],"wp:featuredmedia":[{"embeddable":true,"href":"https:\/\/lyconnordic.no\/privat\/wp-json\/wp\/v2\/media\/17177"}],"wp:attachment":[{"href":"https:\/\/lyconnordic.no\/privat\/wp-json\/wp\/v2\/media?parent=17176"}],"wp:term":[{"taxonomy":"product_brand","embeddable":true,"href":"https:\/\/lyconnordic.no\/privat\/wp-json\/wp\/v2\/product_brand?post=17176"},{"taxonomy":"product_cat","embeddable":true,"href":"https:\/\/lyconnordic.no\/privat\/wp-json\/wp\/v2\/product_cat?post=17176"},{"taxonomy":"product_tag","embeddable":true,"href":"https:\/\/lyconnordic.no\/privat\/wp-json\/wp\/v2\/product_tag?post=17176"}],"curies":[{"name":"wp","href":"https:\/\/api.w.org\/{rel}","templated":true}]}}