{"id":17050,"date":"2023-11-07T13:27:52","date_gmt":"2023-11-07T13:27:52","guid":{"rendered":"https:\/\/lyconnordic.nyside2.net\/privat\/?post_type=product&#038;p=17050"},"modified":"2025-10-24T15:36:47","modified_gmt":"2025-10-24T13:36:47","slug":"lycopedi-smoothing-cream","status":"publish","type":"product","link":"https:\/\/lyconnordic.no\/privat\/produkt\/lycopedi-smoothing-cream\/","title":{"rendered":"Lyco&#8217;pedi Smoothing Cream"},"content":{"rendered":"<h1>Lyco\u2019pedi Smoothing Cream<\/h1>\n<p>Med Hyaluronsyre, Pro Vitamin B5, Vitamin E, Marin kollagen, AHA fruktsyrer og sheasm\u00f8r<\/p>\n<p>Denne fotkremen er en virkelig favoritt! Den er fullpakket med premium fuktgivende og n\u00e6rende ingredienser som hyaluronsyre, vitamin E, Pro Vitamin B5, og Marint kollagen. I tillegg inneholder den Sheasm\u00f8r som roer huden og forbedrer hudbarrieren, samtidig som AHA fruktsyrer gir en naturlig eksfoliering som effektivt mykgj\u00f8r hard hud. Denne fotkremen behandler huden over tid for \u00e5 forhindre at hard hud formerer seg.<br \/>\nBekjemper u\u00f8nsket lukt med en frisk duft av sitrongress og eteriske oljer av Lemon Tea-tree og peppermynte som har anti-bakterielle og oppfriskende egenskaper.<\/p>\n<p>Bruksanvisning: For best resultat anbefales det \u00e5 massere denne inn regelmessig for \u00e5 forhindre og redusere oppbygging av hard hud. Enest\u00e5ende resultater kan sees i kombinasjon med komplett fotbehandling med alle Lyco\u2019Pedi produktene.<\/p>\n","protected":false},"excerpt":{"rendered":"<p>Med fruktsyrer, sheasm\u00f8r og vitaminer<\/p>\n<p>Fotkrem beriket med en hydrerende blanding av hyaluronsyre, vitaminer og marint kollagen. Sheasm\u00f8r roer huden og forbedrer hudbarrieren, mens AHA fruktsyrer eksfolierer og mykgj\u00f8r hard hud. Dufter friskt av od\u00f8rbekjempende sitron, tetre og peppermynte.<\/p>\n","protected":false},"featured_media":17051,"comment_status":"open","ping_status":"closed","template":"","meta":[],"product_brand":[],"product_cat":[28],"product_tag":[],"class_list":{"0":"post-17050","1":"product","2":"type-product","3":"status-publish","4":"has-post-thumbnail","6":"product_cat-fotpleie","8":"first","9":"instock","10":"taxable","11":"shipping-taxable","12":"purchasable","13":"product-type-simple"},"yoast_head":"<!-- This site is optimized with the Yoast SEO plugin v27.3 - https:\/\/yoast.com\/product\/yoast-seo-wordpress\/ -->\n<title>Lyco&#039;pedi Smoothing Cream - Lycon - for private<\/title>\n<meta name=\"robots\" content=\"index, follow, max-snippet:-1, max-image-preview:large, max-video-preview:-1\" \/>\n<link rel=\"canonical\" href=\"https:\/\/lyconnordic.no\/privat\/produkt\/lycopedi-smoothing-cream\/\" \/>\n<meta property=\"og:locale\" content=\"nb_NO\" \/>\n<meta property=\"og:type\" content=\"article\" \/>\n<meta property=\"og:title\" content=\"Lyco&#039;pedi Smoothing Cream - Lycon - for private\" \/>\n<meta property=\"og:description\" content=\"Med fruktsyrer, sheasm\u00f8r og vitaminer  Fotkrem beriket med en hydrerende blanding av hyaluronsyre, vitaminer og marint kollagen. Sheasm\u00f8r roer huden og forbedrer hudbarrieren, mens AHA fruktsyrer eksfolierer og mykgj\u00f8r hard hud. Dufter friskt av od\u00f8rbekjempende sitron, tetre og peppermynte.\" \/>\n<meta property=\"og:url\" content=\"https:\/\/lyconnordic.no\/privat\/produkt\/lycopedi-smoothing-cream\/\" \/>\n<meta property=\"og:site_name\" content=\"Lycon - for private\" \/>\n<meta property=\"article:modified_time\" content=\"2025-10-24T13:36:47+00:00\" \/>\n<meta property=\"og:image\" content=\"https:\/\/lyconnordic.no\/privat\/wp-content\/uploads\/2023\/11\/lycopedi_Smoothing-Cream_75ml_WEB.jpg\" \/>\n\t<meta property=\"og:image:width\" content=\"900\" \/>\n\t<meta property=\"og:image:height\" content=\"900\" \/>\n\t<meta property=\"og:image:type\" content=\"image\/jpeg\" \/>\n<meta name=\"twitter:card\" content=\"summary_large_image\" \/>\n<meta name=\"twitter:label1\" content=\"Ansl. lesetid\" \/>\n\t<meta name=\"twitter:data1\" content=\"1 minutt\" \/>\n<script type=\"application\/ld+json\" class=\"yoast-schema-graph\">{\"@context\":\"https:\\\/\\\/schema.org\",\"@graph\":[{\"@type\":\"WebPage\",\"@id\":\"https:\\\/\\\/lyconnordic.no\\\/privat\\\/produkt\\\/lycopedi-smoothing-cream\\\/\",\"url\":\"https:\\\/\\\/lyconnordic.no\\\/privat\\\/produkt\\\/lycopedi-smoothing-cream\\\/\",\"name\":\"Lyco'pedi Smoothing Cream - Lycon - for private\",\"isPartOf\":{\"@id\":\"https:\\\/\\\/lyconnordic.no\\\/privat\\\/#website\"},\"primaryImageOfPage\":{\"@id\":\"https:\\\/\\\/lyconnordic.no\\\/privat\\\/produkt\\\/lycopedi-smoothing-cream\\\/#primaryimage\"},\"image\":{\"@id\":\"https:\\\/\\\/lyconnordic.no\\\/privat\\\/produkt\\\/lycopedi-smoothing-cream\\\/#primaryimage\"},\"thumbnailUrl\":\"https:\\\/\\\/lyconnordic.no\\\/privat\\\/wp-content\\\/uploads\\\/2023\\\/11\\\/lycopedi_Smoothing-Cream_75ml_WEB.jpg\",\"datePublished\":\"2023-11-07T13:27:52+00:00\",\"dateModified\":\"2025-10-24T13:36:47+00:00\",\"breadcrumb\":{\"@id\":\"https:\\\/\\\/lyconnordic.no\\\/privat\\\/produkt\\\/lycopedi-smoothing-cream\\\/#breadcrumb\"},\"inLanguage\":\"nb-NO\",\"potentialAction\":[{\"@type\":\"ReadAction\",\"target\":[\"https:\\\/\\\/lyconnordic.no\\\/privat\\\/produkt\\\/lycopedi-smoothing-cream\\\/\"]}]},{\"@type\":\"ImageObject\",\"inLanguage\":\"nb-NO\",\"@id\":\"https:\\\/\\\/lyconnordic.no\\\/privat\\\/produkt\\\/lycopedi-smoothing-cream\\\/#primaryimage\",\"url\":\"https:\\\/\\\/lyconnordic.no\\\/privat\\\/wp-content\\\/uploads\\\/2023\\\/11\\\/lycopedi_Smoothing-Cream_75ml_WEB.jpg\",\"contentUrl\":\"https:\\\/\\\/lyconnordic.no\\\/privat\\\/wp-content\\\/uploads\\\/2023\\\/11\\\/lycopedi_Smoothing-Cream_75ml_WEB.jpg\",\"width\":900,\"height\":900},{\"@type\":\"BreadcrumbList\",\"@id\":\"https:\\\/\\\/lyconnordic.no\\\/privat\\\/produkt\\\/lycopedi-smoothing-cream\\\/#breadcrumb\",\"itemListElement\":[{\"@type\":\"ListItem\",\"position\":1,\"name\":\"Hjem\",\"item\":\"https:\\\/\\\/lyconnordic.no\\\/privat\\\/\"},{\"@type\":\"ListItem\",\"position\":2,\"name\":\"Produkter\",\"item\":\"https:\\\/\\\/lyconnordic.no\\\/privat\\\/produkter\\\/\"},{\"@type\":\"ListItem\",\"position\":3,\"name\":\"Lyco&#8217;pedi Smoothing Cream\"}]},{\"@type\":\"WebSite\",\"@id\":\"https:\\\/\\\/lyconnordic.no\\\/privat\\\/#website\",\"url\":\"https:\\\/\\\/lyconnordic.no\\\/privat\\\/\",\"name\":\"Lycon - for private\",\"description\":\"Australias voksmerke #1\",\"potentialAction\":[{\"@type\":\"SearchAction\",\"target\":{\"@type\":\"EntryPoint\",\"urlTemplate\":\"https:\\\/\\\/lyconnordic.no\\\/privat\\\/?s={search_term_string}\"},\"query-input\":{\"@type\":\"PropertyValueSpecification\",\"valueRequired\":true,\"valueName\":\"search_term_string\"}}],\"inLanguage\":\"nb-NO\"}]}<\/script>\n<!-- \/ Yoast SEO plugin. -->","yoast_head_json":{"title":"Lyco'pedi Smoothing Cream - Lycon - for private","robots":{"index":"index","follow":"follow","max-snippet":"max-snippet:-1","max-image-preview":"max-image-preview:large","max-video-preview":"max-video-preview:-1"},"canonical":"https:\/\/lyconnordic.no\/privat\/produkt\/lycopedi-smoothing-cream\/","og_locale":"nb_NO","og_type":"article","og_title":"Lyco'pedi Smoothing Cream - Lycon - for private","og_description":"Med fruktsyrer, sheasm\u00f8r og vitaminer  Fotkrem beriket med en hydrerende blanding av hyaluronsyre, vitaminer og marint kollagen. Sheasm\u00f8r roer huden og forbedrer hudbarrieren, mens AHA fruktsyrer eksfolierer og mykgj\u00f8r hard hud. Dufter friskt av od\u00f8rbekjempende sitron, tetre og peppermynte.","og_url":"https:\/\/lyconnordic.no\/privat\/produkt\/lycopedi-smoothing-cream\/","og_site_name":"Lycon - for private","article_modified_time":"2025-10-24T13:36:47+00:00","og_image":[{"width":900,"height":900,"url":"https:\/\/lyconnordic.no\/privat\/wp-content\/uploads\/2023\/11\/lycopedi_Smoothing-Cream_75ml_WEB.jpg","type":"image\/jpeg"}],"twitter_card":"summary_large_image","twitter_misc":{"Ansl. lesetid":"1 minutt"},"schema":{"@context":"https:\/\/schema.org","@graph":[{"@type":"WebPage","@id":"https:\/\/lyconnordic.no\/privat\/produkt\/lycopedi-smoothing-cream\/","url":"https:\/\/lyconnordic.no\/privat\/produkt\/lycopedi-smoothing-cream\/","name":"Lyco'pedi Smoothing Cream - Lycon - for private","isPartOf":{"@id":"https:\/\/lyconnordic.no\/privat\/#website"},"primaryImageOfPage":{"@id":"https:\/\/lyconnordic.no\/privat\/produkt\/lycopedi-smoothing-cream\/#primaryimage"},"image":{"@id":"https:\/\/lyconnordic.no\/privat\/produkt\/lycopedi-smoothing-cream\/#primaryimage"},"thumbnailUrl":"https:\/\/lyconnordic.no\/privat\/wp-content\/uploads\/2023\/11\/lycopedi_Smoothing-Cream_75ml_WEB.jpg","datePublished":"2023-11-07T13:27:52+00:00","dateModified":"2025-10-24T13:36:47+00:00","breadcrumb":{"@id":"https:\/\/lyconnordic.no\/privat\/produkt\/lycopedi-smoothing-cream\/#breadcrumb"},"inLanguage":"nb-NO","potentialAction":[{"@type":"ReadAction","target":["https:\/\/lyconnordic.no\/privat\/produkt\/lycopedi-smoothing-cream\/"]}]},{"@type":"ImageObject","inLanguage":"nb-NO","@id":"https:\/\/lyconnordic.no\/privat\/produkt\/lycopedi-smoothing-cream\/#primaryimage","url":"https:\/\/lyconnordic.no\/privat\/wp-content\/uploads\/2023\/11\/lycopedi_Smoothing-Cream_75ml_WEB.jpg","contentUrl":"https:\/\/lyconnordic.no\/privat\/wp-content\/uploads\/2023\/11\/lycopedi_Smoothing-Cream_75ml_WEB.jpg","width":900,"height":900},{"@type":"BreadcrumbList","@id":"https:\/\/lyconnordic.no\/privat\/produkt\/lycopedi-smoothing-cream\/#breadcrumb","itemListElement":[{"@type":"ListItem","position":1,"name":"Hjem","item":"https:\/\/lyconnordic.no\/privat\/"},{"@type":"ListItem","position":2,"name":"Produkter","item":"https:\/\/lyconnordic.no\/privat\/produkter\/"},{"@type":"ListItem","position":3,"name":"Lyco&#8217;pedi Smoothing Cream"}]},{"@type":"WebSite","@id":"https:\/\/lyconnordic.no\/privat\/#website","url":"https:\/\/lyconnordic.no\/privat\/","name":"Lycon - for private","description":"Australias voksmerke #1","potentialAction":[{"@type":"SearchAction","target":{"@type":"EntryPoint","urlTemplate":"https:\/\/lyconnordic.no\/privat\/?s={search_term_string}"},"query-input":{"@type":"PropertyValueSpecification","valueRequired":true,"valueName":"search_term_string"}}],"inLanguage":"nb-NO"}]}},"_links":{"self":[{"href":"https:\/\/lyconnordic.no\/privat\/wp-json\/wp\/v2\/product\/17050","targetHints":{"allow":["GET"]}}],"collection":[{"href":"https:\/\/lyconnordic.no\/privat\/wp-json\/wp\/v2\/product"}],"about":[{"href":"https:\/\/lyconnordic.no\/privat\/wp-json\/wp\/v2\/types\/product"}],"replies":[{"embeddable":true,"href":"https:\/\/lyconnordic.no\/privat\/wp-json\/wp\/v2\/comments?post=17050"}],"version-history":[{"count":5,"href":"https:\/\/lyconnordic.no\/privat\/wp-json\/wp\/v2\/product\/17050\/revisions"}],"predecessor-version":[{"id":20477,"href":"https:\/\/lyconnordic.no\/privat\/wp-json\/wp\/v2\/product\/17050\/revisions\/20477"}],"wp:featuredmedia":[{"embeddable":true,"href":"https:\/\/lyconnordic.no\/privat\/wp-json\/wp\/v2\/media\/17051"}],"wp:attachment":[{"href":"https:\/\/lyconnordic.no\/privat\/wp-json\/wp\/v2\/media?parent=17050"}],"wp:term":[{"taxonomy":"product_brand","embeddable":true,"href":"https:\/\/lyconnordic.no\/privat\/wp-json\/wp\/v2\/product_brand?post=17050"},{"taxonomy":"product_cat","embeddable":true,"href":"https:\/\/lyconnordic.no\/privat\/wp-json\/wp\/v2\/product_cat?post=17050"},{"taxonomy":"product_tag","embeddable":true,"href":"https:\/\/lyconnordic.no\/privat\/wp-json\/wp\/v2\/product_tag?post=17050"}],"curies":[{"name":"wp","href":"https:\/\/api.w.org\/{rel}","templated":true}]}}