{"id":17039,"date":"2023-11-07T13:23:43","date_gmt":"2023-11-07T13:23:43","guid":{"rendered":"https:\/\/lyconnordic.nyside2.net\/privat\/?post_type=product&#038;p=17039"},"modified":"2025-03-05T10:01:32","modified_gmt":"2025-03-05T09:01:32","slug":"lycopedi-refreshing-soak","status":"publish","type":"product","link":"https:\/\/lyconnordic.no\/privat\/produkt\/lycopedi-refreshing-soak\/","title":{"rendered":"Lyco&#8217;pedi Refreshing Soak"},"content":{"rendered":"<p>Med marint kollagen og vitaminer<\/p>\n<p>Rensende fotbad som sk\u00e5nsomt og effektivt renser f\u00f8ttene og etterlater dem myke og revitaliserte. En eksotisk blanding av naturlige ingredienser med foryngende og oppfriskende egenskaper. Dr\u00f8y i bruk &#8211; s\u00e6rlig i hydro-fotbad.<\/p>\n<p>Med essensielle oljer fra lemon tea-tree og peppermynte som bekjemper od\u00f8r, marint kollagen som tilf\u00f8rer fuktighet og pro-vitamin B5, vitamin E og aloe vera som roer og mykgj\u00f8r huden.<\/p>\n<p><strong>Cruelty-free<\/strong><\/p>\n","protected":false},"excerpt":{"rendered":"<p>Med marint kollagen og vitaminer<\/p>\n<p>Rensende fotbad som sk\u00e5nsomt og effektivt renser f\u00f8ttene og etterlater dem myke og revitaliserte. En eksotisk blanding av naturlige ingredienser med foryngende og oppfriskende egenskaper. Dr\u00f8y i bruk &#8211; s\u00e6rlig i hydro-fotbad.<\/p>\n<p>Med essensielle oljer fra lemon tea-tree og peppermynte som bekjemper od\u00f8r, marint kollagen som tilf\u00f8rer fuktighet og pro-vitamin B5, vitamin E og aloe vera som roer og mykgj\u00f8r huden.<\/p>\n","protected":false},"featured_media":17045,"comment_status":"open","ping_status":"closed","template":"","meta":[],"product_brand":[],"product_cat":[28],"product_tag":[],"class_list":{"0":"post-17039","1":"product","2":"type-product","3":"status-publish","4":"has-post-thumbnail","6":"product_cat-fotpleie","8":"first","9":"instock","10":"featured","11":"taxable","12":"shipping-taxable","13":"purchasable","14":"product-type-simple"},"yoast_head":"<!-- This site is optimized with the Yoast SEO plugin v27.3 - https:\/\/yoast.com\/product\/yoast-seo-wordpress\/ -->\n<title>Lyco&#039;pedi Refreshing Soak - Lycon - for private<\/title>\n<meta name=\"robots\" content=\"index, follow, max-snippet:-1, max-image-preview:large, max-video-preview:-1\" \/>\n<link rel=\"canonical\" href=\"https:\/\/lyconnordic.no\/privat\/produkt\/lycopedi-refreshing-soak\/\" \/>\n<meta property=\"og:locale\" content=\"nb_NO\" \/>\n<meta property=\"og:type\" content=\"article\" \/>\n<meta property=\"og:title\" content=\"Lyco&#039;pedi Refreshing Soak - Lycon - for private\" \/>\n<meta property=\"og:description\" content=\"Med marint kollagen og vitaminer  Rensende fotbad som sk\u00e5nsomt og effektivt renser f\u00f8ttene og etterlater dem myke og revitaliserte. En eksotisk blanding av naturlige ingredienser med foryngende og oppfriskende egenskaper. Dr\u00f8y i bruk - s\u00e6rlig i hydro-fotbad.  Med essensielle oljer fra lemon tea-tree og peppermynte som bekjemper od\u00f8r, marint kollagen som tilf\u00f8rer fuktighet og pro-vitamin B5, vitamin E og aloe vera som roer og mykgj\u00f8r huden.\" \/>\n<meta property=\"og:url\" content=\"https:\/\/lyconnordic.no\/privat\/produkt\/lycopedi-refreshing-soak\/\" \/>\n<meta property=\"og:site_name\" content=\"Lycon - for private\" \/>\n<meta property=\"article:modified_time\" content=\"2025-03-05T09:01:32+00:00\" \/>\n<meta property=\"og:image\" content=\"https:\/\/lyconnordic.no\/privat\/wp-content\/uploads\/2023\/11\/refreshing-soak-50ml-900-\u00d7-900-px.png\" \/>\n\t<meta property=\"og:image:width\" content=\"900\" \/>\n\t<meta property=\"og:image:height\" content=\"900\" \/>\n\t<meta property=\"og:image:type\" content=\"image\/png\" \/>\n<meta name=\"twitter:card\" content=\"summary_large_image\" \/>\n<script type=\"application\/ld+json\" class=\"yoast-schema-graph\">{\"@context\":\"https:\\\/\\\/schema.org\",\"@graph\":[{\"@type\":\"WebPage\",\"@id\":\"https:\\\/\\\/lyconnordic.no\\\/privat\\\/produkt\\\/lycopedi-refreshing-soak\\\/\",\"url\":\"https:\\\/\\\/lyconnordic.no\\\/privat\\\/produkt\\\/lycopedi-refreshing-soak\\\/\",\"name\":\"Lyco'pedi Refreshing Soak - Lycon - for private\",\"isPartOf\":{\"@id\":\"https:\\\/\\\/lyconnordic.no\\\/privat\\\/#website\"},\"primaryImageOfPage\":{\"@id\":\"https:\\\/\\\/lyconnordic.no\\\/privat\\\/produkt\\\/lycopedi-refreshing-soak\\\/#primaryimage\"},\"image\":{\"@id\":\"https:\\\/\\\/lyconnordic.no\\\/privat\\\/produkt\\\/lycopedi-refreshing-soak\\\/#primaryimage\"},\"thumbnailUrl\":\"https:\\\/\\\/lyconnordic.no\\\/privat\\\/wp-content\\\/uploads\\\/2023\\\/11\\\/refreshing-soak-50ml-900-\u00d7-900-px.png\",\"datePublished\":\"2023-11-07T13:23:43+00:00\",\"dateModified\":\"2025-03-05T09:01:32+00:00\",\"breadcrumb\":{\"@id\":\"https:\\\/\\\/lyconnordic.no\\\/privat\\\/produkt\\\/lycopedi-refreshing-soak\\\/#breadcrumb\"},\"inLanguage\":\"nb-NO\",\"potentialAction\":[{\"@type\":\"ReadAction\",\"target\":[\"https:\\\/\\\/lyconnordic.no\\\/privat\\\/produkt\\\/lycopedi-refreshing-soak\\\/\"]}]},{\"@type\":\"ImageObject\",\"inLanguage\":\"nb-NO\",\"@id\":\"https:\\\/\\\/lyconnordic.no\\\/privat\\\/produkt\\\/lycopedi-refreshing-soak\\\/#primaryimage\",\"url\":\"https:\\\/\\\/lyconnordic.no\\\/privat\\\/wp-content\\\/uploads\\\/2023\\\/11\\\/refreshing-soak-50ml-900-\u00d7-900-px.png\",\"contentUrl\":\"https:\\\/\\\/lyconnordic.no\\\/privat\\\/wp-content\\\/uploads\\\/2023\\\/11\\\/refreshing-soak-50ml-900-\u00d7-900-px.png\",\"width\":900,\"height\":900},{\"@type\":\"BreadcrumbList\",\"@id\":\"https:\\\/\\\/lyconnordic.no\\\/privat\\\/produkt\\\/lycopedi-refreshing-soak\\\/#breadcrumb\",\"itemListElement\":[{\"@type\":\"ListItem\",\"position\":1,\"name\":\"Hjem\",\"item\":\"https:\\\/\\\/lyconnordic.no\\\/privat\\\/\"},{\"@type\":\"ListItem\",\"position\":2,\"name\":\"Produkter\",\"item\":\"https:\\\/\\\/lyconnordic.no\\\/privat\\\/produkter\\\/\"},{\"@type\":\"ListItem\",\"position\":3,\"name\":\"Lyco&#8217;pedi Refreshing Soak\"}]},{\"@type\":\"WebSite\",\"@id\":\"https:\\\/\\\/lyconnordic.no\\\/privat\\\/#website\",\"url\":\"https:\\\/\\\/lyconnordic.no\\\/privat\\\/\",\"name\":\"Lycon - for private\",\"description\":\"Australias voksmerke #1\",\"potentialAction\":[{\"@type\":\"SearchAction\",\"target\":{\"@type\":\"EntryPoint\",\"urlTemplate\":\"https:\\\/\\\/lyconnordic.no\\\/privat\\\/?s={search_term_string}\"},\"query-input\":{\"@type\":\"PropertyValueSpecification\",\"valueRequired\":true,\"valueName\":\"search_term_string\"}}],\"inLanguage\":\"nb-NO\"}]}<\/script>\n<!-- \/ Yoast SEO plugin. -->","yoast_head_json":{"title":"Lyco'pedi Refreshing Soak - Lycon - for private","robots":{"index":"index","follow":"follow","max-snippet":"max-snippet:-1","max-image-preview":"max-image-preview:large","max-video-preview":"max-video-preview:-1"},"canonical":"https:\/\/lyconnordic.no\/privat\/produkt\/lycopedi-refreshing-soak\/","og_locale":"nb_NO","og_type":"article","og_title":"Lyco'pedi Refreshing Soak - Lycon - for private","og_description":"Med marint kollagen og vitaminer  Rensende fotbad som sk\u00e5nsomt og effektivt renser f\u00f8ttene og etterlater dem myke og revitaliserte. En eksotisk blanding av naturlige ingredienser med foryngende og oppfriskende egenskaper. Dr\u00f8y i bruk - s\u00e6rlig i hydro-fotbad.  Med essensielle oljer fra lemon tea-tree og peppermynte som bekjemper od\u00f8r, marint kollagen som tilf\u00f8rer fuktighet og pro-vitamin B5, vitamin E og aloe vera som roer og mykgj\u00f8r huden.","og_url":"https:\/\/lyconnordic.no\/privat\/produkt\/lycopedi-refreshing-soak\/","og_site_name":"Lycon - for private","article_modified_time":"2025-03-05T09:01:32+00:00","og_image":[{"width":900,"height":900,"url":"https:\/\/lyconnordic.no\/privat\/wp-content\/uploads\/2023\/11\/refreshing-soak-50ml-900-\u00d7-900-px.png","type":"image\/png"}],"twitter_card":"summary_large_image","schema":{"@context":"https:\/\/schema.org","@graph":[{"@type":"WebPage","@id":"https:\/\/lyconnordic.no\/privat\/produkt\/lycopedi-refreshing-soak\/","url":"https:\/\/lyconnordic.no\/privat\/produkt\/lycopedi-refreshing-soak\/","name":"Lyco'pedi Refreshing Soak - Lycon - for private","isPartOf":{"@id":"https:\/\/lyconnordic.no\/privat\/#website"},"primaryImageOfPage":{"@id":"https:\/\/lyconnordic.no\/privat\/produkt\/lycopedi-refreshing-soak\/#primaryimage"},"image":{"@id":"https:\/\/lyconnordic.no\/privat\/produkt\/lycopedi-refreshing-soak\/#primaryimage"},"thumbnailUrl":"https:\/\/lyconnordic.no\/privat\/wp-content\/uploads\/2023\/11\/refreshing-soak-50ml-900-\u00d7-900-px.png","datePublished":"2023-11-07T13:23:43+00:00","dateModified":"2025-03-05T09:01:32+00:00","breadcrumb":{"@id":"https:\/\/lyconnordic.no\/privat\/produkt\/lycopedi-refreshing-soak\/#breadcrumb"},"inLanguage":"nb-NO","potentialAction":[{"@type":"ReadAction","target":["https:\/\/lyconnordic.no\/privat\/produkt\/lycopedi-refreshing-soak\/"]}]},{"@type":"ImageObject","inLanguage":"nb-NO","@id":"https:\/\/lyconnordic.no\/privat\/produkt\/lycopedi-refreshing-soak\/#primaryimage","url":"https:\/\/lyconnordic.no\/privat\/wp-content\/uploads\/2023\/11\/refreshing-soak-50ml-900-\u00d7-900-px.png","contentUrl":"https:\/\/lyconnordic.no\/privat\/wp-content\/uploads\/2023\/11\/refreshing-soak-50ml-900-\u00d7-900-px.png","width":900,"height":900},{"@type":"BreadcrumbList","@id":"https:\/\/lyconnordic.no\/privat\/produkt\/lycopedi-refreshing-soak\/#breadcrumb","itemListElement":[{"@type":"ListItem","position":1,"name":"Hjem","item":"https:\/\/lyconnordic.no\/privat\/"},{"@type":"ListItem","position":2,"name":"Produkter","item":"https:\/\/lyconnordic.no\/privat\/produkter\/"},{"@type":"ListItem","position":3,"name":"Lyco&#8217;pedi Refreshing Soak"}]},{"@type":"WebSite","@id":"https:\/\/lyconnordic.no\/privat\/#website","url":"https:\/\/lyconnordic.no\/privat\/","name":"Lycon - for private","description":"Australias voksmerke #1","potentialAction":[{"@type":"SearchAction","target":{"@type":"EntryPoint","urlTemplate":"https:\/\/lyconnordic.no\/privat\/?s={search_term_string}"},"query-input":{"@type":"PropertyValueSpecification","valueRequired":true,"valueName":"search_term_string"}}],"inLanguage":"nb-NO"}]}},"_links":{"self":[{"href":"https:\/\/lyconnordic.no\/privat\/wp-json\/wp\/v2\/product\/17039","targetHints":{"allow":["GET"]}}],"collection":[{"href":"https:\/\/lyconnordic.no\/privat\/wp-json\/wp\/v2\/product"}],"about":[{"href":"https:\/\/lyconnordic.no\/privat\/wp-json\/wp\/v2\/types\/product"}],"replies":[{"embeddable":true,"href":"https:\/\/lyconnordic.no\/privat\/wp-json\/wp\/v2\/comments?post=17039"}],"version-history":[{"count":3,"href":"https:\/\/lyconnordic.no\/privat\/wp-json\/wp\/v2\/product\/17039\/revisions"}],"predecessor-version":[{"id":17718,"href":"https:\/\/lyconnordic.no\/privat\/wp-json\/wp\/v2\/product\/17039\/revisions\/17718"}],"wp:featuredmedia":[{"embeddable":true,"href":"https:\/\/lyconnordic.no\/privat\/wp-json\/wp\/v2\/media\/17045"}],"wp:attachment":[{"href":"https:\/\/lyconnordic.no\/privat\/wp-json\/wp\/v2\/media?parent=17039"}],"wp:term":[{"taxonomy":"product_brand","embeddable":true,"href":"https:\/\/lyconnordic.no\/privat\/wp-json\/wp\/v2\/product_brand?post=17039"},{"taxonomy":"product_cat","embeddable":true,"href":"https:\/\/lyconnordic.no\/privat\/wp-json\/wp\/v2\/product_cat?post=17039"},{"taxonomy":"product_tag","embeddable":true,"href":"https:\/\/lyconnordic.no\/privat\/wp-json\/wp\/v2\/product_tag?post=17039"}],"curies":[{"name":"wp","href":"https:\/\/api.w.org\/{rel}","templated":true}]}}