{"id":16995,"date":"2023-11-07T12:16:25","date_gmt":"2023-11-07T12:16:25","guid":{"rendered":"https:\/\/lyconnordic.nyside2.net\/privat\/?post_type=product&#038;p=16995"},"modified":"2025-10-24T15:18:17","modified_gmt":"2025-10-24T13:18:17","slug":"pinkini-lightening-serum-30-ml","status":"publish","type":"product","link":"https:\/\/lyconnordic.no\/privat\/produkt\/pinkini-lightening-serum-30-ml\/","title":{"rendered":"PINKINI Lightening Serum 30ml"},"content":{"rendered":"<p><strong>Pinkini Lightening serum<\/strong><\/p>\n<p>Et lett og klart serum som enkelt trekker inn i huden. Denne vitenskapelig avanserte formelen lyser opp hudtonen p\u00e5 en effektiv og trygg m\u00e5te. Kan trygt brukes p\u00e5 bikinisone, armhuler, hender og andre pigmenteringsutsatte omr\u00e5der. Brukes regelmessig. Bidrar ogs\u00e5 med \u00e5 forhindre at ytterligere pigmentering utvikler seg. Dette resultatorienterte serumet bidrar ogs\u00e5 til \u00e5 redusere synligheten av fine linjer og rynker, mens den plumper og gjenoppretter en ungdommelig jevn gl\u00f8d. Multitasking p\u00e5 sitt beste! Ekstern bruk.<\/p>\n<p><strong>Aktive ingredienser:<br \/>\n<\/strong>Vitamin C-kompleks<br \/>\nHyaluronsyre<br \/>\nNatriumlaktat<br \/>\nBeta-glukan<\/p>\n<p>Bruksanvisning:<\/p>\n<p>PINKINI Lightening Serum brukes to ganger daglig, \u00a0morgen og kveld. P\u00e5f\u00f8res p\u00e5 t\u00f8rr hud, \u00a0la trekke inn i huden f\u00f8r du eventuelt p\u00e5f\u00f8rer dag\/nattkrem. F\u00f8lg bruksanvisning og bruk solbeskyttelse hvis du utsetter huden for solen. Kun til utvortes bruk. Ikke bruk p\u00e5 brystene hvis du ammer.<\/p>\n<p><strong>Vegansk | Cruelty-free<\/strong><\/p>\n","protected":false},"excerpt":{"rendered":"<p>Med vitamin C complex<\/p>\n<p>Et lett serum med avanserte ingredienser som vitamin C, natriumlaktat, beta-glucan og hyaluronsyre.<\/p>\n<p>Bidrar til \u00e5 redusere synligheten av m\u00f8rke flekker, misfarging, solskader, graviditetsmerker og arr. Misfarging kan oppst\u00e5 p\u00e5 huden etter h\u00e5rfjerning med b\u00e5de voks, krem og h\u00f8vel.<\/p>\n<p>Serumet kan brukes p\u00e5 intimomr\u00e5de, kropp og i ansikt.<\/p>\n","protected":false},"featured_media":16996,"comment_status":"open","ping_status":"closed","template":"","meta":[],"product_brand":[],"product_cat":[42],"product_tag":[],"class_list":{"0":"post-16995","1":"product","2":"type-product","3":"status-publish","4":"has-post-thumbnail","6":"product_cat-pinkini","8":"first","9":"instock","10":"taxable","11":"shipping-taxable","12":"purchasable","13":"product-type-simple"},"yoast_head":"<!-- This site is optimized with the Yoast SEO plugin v27.3 - https:\/\/yoast.com\/product\/yoast-seo-wordpress\/ -->\n<title>PINKINI Lightening Serum 30ml - Lycon - for private<\/title>\n<meta name=\"robots\" content=\"index, follow, max-snippet:-1, max-image-preview:large, max-video-preview:-1\" \/>\n<link rel=\"canonical\" href=\"https:\/\/lyconnordic.no\/privat\/produkt\/pinkini-lightening-serum-30-ml\/\" \/>\n<meta property=\"og:locale\" content=\"nb_NO\" \/>\n<meta property=\"og:type\" content=\"article\" \/>\n<meta property=\"og:title\" content=\"PINKINI Lightening Serum 30ml - Lycon - for private\" \/>\n<meta property=\"og:description\" content=\"Med vitamin C complex  Et lett serum med avanserte ingredienser som vitamin C, natriumlaktat, beta-glucan og hyaluronsyre.  Bidrar til \u00e5 redusere synligheten av m\u00f8rke flekker, misfarging, solskader, graviditetsmerker og arr. Misfarging kan oppst\u00e5 p\u00e5 huden etter h\u00e5rfjerning med b\u00e5de voks, krem og h\u00f8vel.  Serumet kan brukes p\u00e5 intimomr\u00e5de, kropp og i ansikt.\" \/>\n<meta property=\"og:url\" content=\"https:\/\/lyconnordic.no\/privat\/produkt\/pinkini-lightening-serum-30-ml\/\" \/>\n<meta property=\"og:site_name\" content=\"Lycon - for private\" \/>\n<meta property=\"article:modified_time\" content=\"2025-10-24T13:18:17+00:00\" \/>\n<meta property=\"og:image\" content=\"https:\/\/lyconnordic.no\/privat\/wp-content\/uploads\/2023\/11\/Pinkini-Lightening-Serum_Retail_30ml_WEB.jpg\" \/>\n\t<meta property=\"og:image:width\" content=\"900\" \/>\n\t<meta property=\"og:image:height\" content=\"900\" \/>\n\t<meta property=\"og:image:type\" content=\"image\/jpeg\" \/>\n<meta name=\"twitter:card\" content=\"summary_large_image\" \/>\n<meta name=\"twitter:label1\" content=\"Ansl. lesetid\" \/>\n\t<meta name=\"twitter:data1\" content=\"1 minutt\" \/>\n<script type=\"application\/ld+json\" class=\"yoast-schema-graph\">{\"@context\":\"https:\\\/\\\/schema.org\",\"@graph\":[{\"@type\":\"WebPage\",\"@id\":\"https:\\\/\\\/lyconnordic.no\\\/privat\\\/produkt\\\/pinkini-lightening-serum-30-ml\\\/\",\"url\":\"https:\\\/\\\/lyconnordic.no\\\/privat\\\/produkt\\\/pinkini-lightening-serum-30-ml\\\/\",\"name\":\"PINKINI Lightening Serum 30ml - Lycon - for private\",\"isPartOf\":{\"@id\":\"https:\\\/\\\/lyconnordic.no\\\/privat\\\/#website\"},\"primaryImageOfPage\":{\"@id\":\"https:\\\/\\\/lyconnordic.no\\\/privat\\\/produkt\\\/pinkini-lightening-serum-30-ml\\\/#primaryimage\"},\"image\":{\"@id\":\"https:\\\/\\\/lyconnordic.no\\\/privat\\\/produkt\\\/pinkini-lightening-serum-30-ml\\\/#primaryimage\"},\"thumbnailUrl\":\"https:\\\/\\\/lyconnordic.no\\\/privat\\\/wp-content\\\/uploads\\\/2023\\\/11\\\/Pinkini-Lightening-Serum_Retail_30ml_WEB.jpg\",\"datePublished\":\"2023-11-07T12:16:25+00:00\",\"dateModified\":\"2025-10-24T13:18:17+00:00\",\"breadcrumb\":{\"@id\":\"https:\\\/\\\/lyconnordic.no\\\/privat\\\/produkt\\\/pinkini-lightening-serum-30-ml\\\/#breadcrumb\"},\"inLanguage\":\"nb-NO\",\"potentialAction\":[{\"@type\":\"ReadAction\",\"target\":[\"https:\\\/\\\/lyconnordic.no\\\/privat\\\/produkt\\\/pinkini-lightening-serum-30-ml\\\/\"]}]},{\"@type\":\"ImageObject\",\"inLanguage\":\"nb-NO\",\"@id\":\"https:\\\/\\\/lyconnordic.no\\\/privat\\\/produkt\\\/pinkini-lightening-serum-30-ml\\\/#primaryimage\",\"url\":\"https:\\\/\\\/lyconnordic.no\\\/privat\\\/wp-content\\\/uploads\\\/2023\\\/11\\\/Pinkini-Lightening-Serum_Retail_30ml_WEB.jpg\",\"contentUrl\":\"https:\\\/\\\/lyconnordic.no\\\/privat\\\/wp-content\\\/uploads\\\/2023\\\/11\\\/Pinkini-Lightening-Serum_Retail_30ml_WEB.jpg\",\"width\":900,\"height\":900},{\"@type\":\"BreadcrumbList\",\"@id\":\"https:\\\/\\\/lyconnordic.no\\\/privat\\\/produkt\\\/pinkini-lightening-serum-30-ml\\\/#breadcrumb\",\"itemListElement\":[{\"@type\":\"ListItem\",\"position\":1,\"name\":\"Hjem\",\"item\":\"https:\\\/\\\/lyconnordic.no\\\/privat\\\/\"},{\"@type\":\"ListItem\",\"position\":2,\"name\":\"Produkter\",\"item\":\"https:\\\/\\\/lyconnordic.no\\\/privat\\\/produkter\\\/\"},{\"@type\":\"ListItem\",\"position\":3,\"name\":\"PINKINI Lightening Serum 30ml\"}]},{\"@type\":\"WebSite\",\"@id\":\"https:\\\/\\\/lyconnordic.no\\\/privat\\\/#website\",\"url\":\"https:\\\/\\\/lyconnordic.no\\\/privat\\\/\",\"name\":\"Lycon - for private\",\"description\":\"Australias voksmerke #1\",\"potentialAction\":[{\"@type\":\"SearchAction\",\"target\":{\"@type\":\"EntryPoint\",\"urlTemplate\":\"https:\\\/\\\/lyconnordic.no\\\/privat\\\/?s={search_term_string}\"},\"query-input\":{\"@type\":\"PropertyValueSpecification\",\"valueRequired\":true,\"valueName\":\"search_term_string\"}}],\"inLanguage\":\"nb-NO\"}]}<\/script>\n<!-- \/ Yoast SEO plugin. -->","yoast_head_json":{"title":"PINKINI Lightening Serum 30ml - Lycon - for private","robots":{"index":"index","follow":"follow","max-snippet":"max-snippet:-1","max-image-preview":"max-image-preview:large","max-video-preview":"max-video-preview:-1"},"canonical":"https:\/\/lyconnordic.no\/privat\/produkt\/pinkini-lightening-serum-30-ml\/","og_locale":"nb_NO","og_type":"article","og_title":"PINKINI Lightening Serum 30ml - Lycon - for private","og_description":"Med vitamin C complex  Et lett serum med avanserte ingredienser som vitamin C, natriumlaktat, beta-glucan og hyaluronsyre.  Bidrar til \u00e5 redusere synligheten av m\u00f8rke flekker, misfarging, solskader, graviditetsmerker og arr. Misfarging kan oppst\u00e5 p\u00e5 huden etter h\u00e5rfjerning med b\u00e5de voks, krem og h\u00f8vel.  Serumet kan brukes p\u00e5 intimomr\u00e5de, kropp og i ansikt.","og_url":"https:\/\/lyconnordic.no\/privat\/produkt\/pinkini-lightening-serum-30-ml\/","og_site_name":"Lycon - for private","article_modified_time":"2025-10-24T13:18:17+00:00","og_image":[{"width":900,"height":900,"url":"https:\/\/lyconnordic.no\/privat\/wp-content\/uploads\/2023\/11\/Pinkini-Lightening-Serum_Retail_30ml_WEB.jpg","type":"image\/jpeg"}],"twitter_card":"summary_large_image","twitter_misc":{"Ansl. lesetid":"1 minutt"},"schema":{"@context":"https:\/\/schema.org","@graph":[{"@type":"WebPage","@id":"https:\/\/lyconnordic.no\/privat\/produkt\/pinkini-lightening-serum-30-ml\/","url":"https:\/\/lyconnordic.no\/privat\/produkt\/pinkini-lightening-serum-30-ml\/","name":"PINKINI Lightening Serum 30ml - Lycon - for private","isPartOf":{"@id":"https:\/\/lyconnordic.no\/privat\/#website"},"primaryImageOfPage":{"@id":"https:\/\/lyconnordic.no\/privat\/produkt\/pinkini-lightening-serum-30-ml\/#primaryimage"},"image":{"@id":"https:\/\/lyconnordic.no\/privat\/produkt\/pinkini-lightening-serum-30-ml\/#primaryimage"},"thumbnailUrl":"https:\/\/lyconnordic.no\/privat\/wp-content\/uploads\/2023\/11\/Pinkini-Lightening-Serum_Retail_30ml_WEB.jpg","datePublished":"2023-11-07T12:16:25+00:00","dateModified":"2025-10-24T13:18:17+00:00","breadcrumb":{"@id":"https:\/\/lyconnordic.no\/privat\/produkt\/pinkini-lightening-serum-30-ml\/#breadcrumb"},"inLanguage":"nb-NO","potentialAction":[{"@type":"ReadAction","target":["https:\/\/lyconnordic.no\/privat\/produkt\/pinkini-lightening-serum-30-ml\/"]}]},{"@type":"ImageObject","inLanguage":"nb-NO","@id":"https:\/\/lyconnordic.no\/privat\/produkt\/pinkini-lightening-serum-30-ml\/#primaryimage","url":"https:\/\/lyconnordic.no\/privat\/wp-content\/uploads\/2023\/11\/Pinkini-Lightening-Serum_Retail_30ml_WEB.jpg","contentUrl":"https:\/\/lyconnordic.no\/privat\/wp-content\/uploads\/2023\/11\/Pinkini-Lightening-Serum_Retail_30ml_WEB.jpg","width":900,"height":900},{"@type":"BreadcrumbList","@id":"https:\/\/lyconnordic.no\/privat\/produkt\/pinkini-lightening-serum-30-ml\/#breadcrumb","itemListElement":[{"@type":"ListItem","position":1,"name":"Hjem","item":"https:\/\/lyconnordic.no\/privat\/"},{"@type":"ListItem","position":2,"name":"Produkter","item":"https:\/\/lyconnordic.no\/privat\/produkter\/"},{"@type":"ListItem","position":3,"name":"PINKINI Lightening Serum 30ml"}]},{"@type":"WebSite","@id":"https:\/\/lyconnordic.no\/privat\/#website","url":"https:\/\/lyconnordic.no\/privat\/","name":"Lycon - for private","description":"Australias voksmerke #1","potentialAction":[{"@type":"SearchAction","target":{"@type":"EntryPoint","urlTemplate":"https:\/\/lyconnordic.no\/privat\/?s={search_term_string}"},"query-input":{"@type":"PropertyValueSpecification","valueRequired":true,"valueName":"search_term_string"}}],"inLanguage":"nb-NO"}]}},"_links":{"self":[{"href":"https:\/\/lyconnordic.no\/privat\/wp-json\/wp\/v2\/product\/16995","targetHints":{"allow":["GET"]}}],"collection":[{"href":"https:\/\/lyconnordic.no\/privat\/wp-json\/wp\/v2\/product"}],"about":[{"href":"https:\/\/lyconnordic.no\/privat\/wp-json\/wp\/v2\/types\/product"}],"replies":[{"embeddable":true,"href":"https:\/\/lyconnordic.no\/privat\/wp-json\/wp\/v2\/comments?post=16995"}],"version-history":[{"count":5,"href":"https:\/\/lyconnordic.no\/privat\/wp-json\/wp\/v2\/product\/16995\/revisions"}],"predecessor-version":[{"id":20576,"href":"https:\/\/lyconnordic.no\/privat\/wp-json\/wp\/v2\/product\/16995\/revisions\/20576"}],"wp:featuredmedia":[{"embeddable":true,"href":"https:\/\/lyconnordic.no\/privat\/wp-json\/wp\/v2\/media\/16996"}],"wp:attachment":[{"href":"https:\/\/lyconnordic.no\/privat\/wp-json\/wp\/v2\/media?parent=16995"}],"wp:term":[{"taxonomy":"product_brand","embeddable":true,"href":"https:\/\/lyconnordic.no\/privat\/wp-json\/wp\/v2\/product_brand?post=16995"},{"taxonomy":"product_cat","embeddable":true,"href":"https:\/\/lyconnordic.no\/privat\/wp-json\/wp\/v2\/product_cat?post=16995"},{"taxonomy":"product_tag","embeddable":true,"href":"https:\/\/lyconnordic.no\/privat\/wp-json\/wp\/v2\/product_tag?post=16995"}],"curies":[{"name":"wp","href":"https:\/\/api.w.org\/{rel}","templated":true}]}}