{"id":16892,"date":"2023-11-07T11:40:28","date_gmt":"2023-11-07T11:40:28","guid":{"rendered":"https:\/\/lyconnordic.nyside2.net\/privat\/?post_type=product&#038;p=16892"},"modified":"2025-10-24T15:27:21","modified_gmt":"2025-10-24T13:27:21","slug":"coconut-vanilla-scrub","status":"publish","type":"product","link":"https:\/\/lyconnordic.no\/privat\/produkt\/coconut-vanilla-scrub\/","title":{"rendered":"Sugar Scrub &#8211; Coconut and Vanilla"},"content":{"rendered":"<p>Med kokos, vanilje og vitamin E<\/p>\n<p>Lycon sukkerskrubb med sommerlig duft av kokos og vanilje. Den oljefrie skrubben er mildt eksfolierende og etterlater ingen klebrige rester p\u00e5 huden. Motvirker inngrodde h\u00e5r etter h\u00e5rfjerning med b\u00e5de voks og h\u00f8vel.<\/p>\n<p><strong>Vegansk | Cruelty-free<\/strong><\/p>\n","protected":false},"excerpt":{"rendered":"<p>Med kokos, vanilje og vitamin E<\/p>\n<p>Lycon sukkerskrubb med sommerlig duft av kokos og vanilje. Den oljefrie skrubben er mildt eksfolierende og etterlater ingen klebrige rester p\u00e5 huden. Motvirker inngrodde h\u00e5r etter h\u00e5rfjerning med b\u00e5de voks og h\u00f8vel.<\/p>\n","protected":false},"featured_media":16896,"comment_status":"open","ping_status":"closed","template":"","meta":[],"product_brand":[],"product_cat":[92],"product_tag":[],"class_list":{"0":"post-16892","1":"product","2":"type-product","3":"status-publish","4":"has-post-thumbnail","6":"product_cat-lycon-spa-essentials","8":"first","9":"instock","10":"taxable","11":"shipping-taxable","12":"purchasable","13":"product-type-variable"},"yoast_head":"<!-- This site is optimized with the Yoast SEO plugin v27.3 - https:\/\/yoast.com\/product\/yoast-seo-wordpress\/ -->\n<title>Sugar Scrub - Coconut and Vanilla - Lycon - for private<\/title>\n<meta name=\"robots\" content=\"index, follow, max-snippet:-1, max-image-preview:large, max-video-preview:-1\" \/>\n<link rel=\"canonical\" href=\"https:\/\/lyconnordic.no\/privat\/produkt\/coconut-vanilla-scrub\/\" \/>\n<meta property=\"og:locale\" content=\"nb_NO\" \/>\n<meta property=\"og:type\" content=\"article\" \/>\n<meta property=\"og:title\" content=\"Sugar Scrub - Coconut and Vanilla - Lycon - for private\" \/>\n<meta property=\"og:description\" content=\"Med kokos, vanilje og vitamin E  Lycon sukkerskrubb med sommerlig duft av kokos og vanilje. Den oljefrie skrubben er mildt eksfolierende og etterlater ingen klebrige rester p\u00e5 huden. Motvirker inngrodde h\u00e5r etter h\u00e5rfjerning med b\u00e5de voks og h\u00f8vel.\" \/>\n<meta property=\"og:url\" content=\"https:\/\/lyconnordic.no\/privat\/produkt\/coconut-vanilla-scrub\/\" \/>\n<meta property=\"og:site_name\" content=\"Lycon - for private\" \/>\n<meta property=\"article:modified_time\" content=\"2025-10-24T13:27:21+00:00\" \/>\n<meta property=\"og:image\" content=\"https:\/\/lyconnordic.no\/privat\/wp-content\/uploads\/2023\/11\/Coconut-Vanilla_Sugar-Scrub_Spa-Essentials_100g_WEB.jpg\" \/>\n\t<meta property=\"og:image:width\" content=\"900\" \/>\n\t<meta property=\"og:image:height\" content=\"900\" \/>\n\t<meta property=\"og:image:type\" content=\"image\/jpeg\" \/>\n<meta name=\"twitter:card\" content=\"summary_large_image\" \/>\n<meta name=\"twitter:label1\" content=\"Ansl. lesetid\" \/>\n\t<meta name=\"twitter:data1\" content=\"1 minutt\" \/>\n<script type=\"application\/ld+json\" class=\"yoast-schema-graph\">{\"@context\":\"https:\\\/\\\/schema.org\",\"@graph\":[{\"@type\":\"WebPage\",\"@id\":\"https:\\\/\\\/lyconnordic.no\\\/privat\\\/produkt\\\/coconut-vanilla-scrub\\\/\",\"url\":\"https:\\\/\\\/lyconnordic.no\\\/privat\\\/produkt\\\/coconut-vanilla-scrub\\\/\",\"name\":\"Sugar Scrub - Coconut and Vanilla - Lycon - for private\",\"isPartOf\":{\"@id\":\"https:\\\/\\\/lyconnordic.no\\\/privat\\\/#website\"},\"primaryImageOfPage\":{\"@id\":\"https:\\\/\\\/lyconnordic.no\\\/privat\\\/produkt\\\/coconut-vanilla-scrub\\\/#primaryimage\"},\"image\":{\"@id\":\"https:\\\/\\\/lyconnordic.no\\\/privat\\\/produkt\\\/coconut-vanilla-scrub\\\/#primaryimage\"},\"thumbnailUrl\":\"https:\\\/\\\/lyconnordic.no\\\/privat\\\/wp-content\\\/uploads\\\/2023\\\/11\\\/Coconut-Vanilla_Sugar-Scrub_Spa-Essentials_100g_WEB.jpg\",\"datePublished\":\"2023-11-07T11:40:28+00:00\",\"dateModified\":\"2025-10-24T13:27:21+00:00\",\"breadcrumb\":{\"@id\":\"https:\\\/\\\/lyconnordic.no\\\/privat\\\/produkt\\\/coconut-vanilla-scrub\\\/#breadcrumb\"},\"inLanguage\":\"nb-NO\",\"potentialAction\":[{\"@type\":\"ReadAction\",\"target\":[\"https:\\\/\\\/lyconnordic.no\\\/privat\\\/produkt\\\/coconut-vanilla-scrub\\\/\"]}]},{\"@type\":\"ImageObject\",\"inLanguage\":\"nb-NO\",\"@id\":\"https:\\\/\\\/lyconnordic.no\\\/privat\\\/produkt\\\/coconut-vanilla-scrub\\\/#primaryimage\",\"url\":\"https:\\\/\\\/lyconnordic.no\\\/privat\\\/wp-content\\\/uploads\\\/2023\\\/11\\\/Coconut-Vanilla_Sugar-Scrub_Spa-Essentials_100g_WEB.jpg\",\"contentUrl\":\"https:\\\/\\\/lyconnordic.no\\\/privat\\\/wp-content\\\/uploads\\\/2023\\\/11\\\/Coconut-Vanilla_Sugar-Scrub_Spa-Essentials_100g_WEB.jpg\",\"width\":900,\"height\":900},{\"@type\":\"BreadcrumbList\",\"@id\":\"https:\\\/\\\/lyconnordic.no\\\/privat\\\/produkt\\\/coconut-vanilla-scrub\\\/#breadcrumb\",\"itemListElement\":[{\"@type\":\"ListItem\",\"position\":1,\"name\":\"Hjem\",\"item\":\"https:\\\/\\\/lyconnordic.no\\\/privat\\\/\"},{\"@type\":\"ListItem\",\"position\":2,\"name\":\"Produkter\",\"item\":\"https:\\\/\\\/lyconnordic.no\\\/privat\\\/produkter\\\/\"},{\"@type\":\"ListItem\",\"position\":3,\"name\":\"Sugar Scrub &#8211; Coconut and Vanilla\"}]},{\"@type\":\"WebSite\",\"@id\":\"https:\\\/\\\/lyconnordic.no\\\/privat\\\/#website\",\"url\":\"https:\\\/\\\/lyconnordic.no\\\/privat\\\/\",\"name\":\"Lycon - for private\",\"description\":\"Australias voksmerke #1\",\"potentialAction\":[{\"@type\":\"SearchAction\",\"target\":{\"@type\":\"EntryPoint\",\"urlTemplate\":\"https:\\\/\\\/lyconnordic.no\\\/privat\\\/?s={search_term_string}\"},\"query-input\":{\"@type\":\"PropertyValueSpecification\",\"valueRequired\":true,\"valueName\":\"search_term_string\"}}],\"inLanguage\":\"nb-NO\"}]}<\/script>\n<!-- \/ Yoast SEO plugin. -->","yoast_head_json":{"title":"Sugar Scrub - Coconut and Vanilla - Lycon - for private","robots":{"index":"index","follow":"follow","max-snippet":"max-snippet:-1","max-image-preview":"max-image-preview:large","max-video-preview":"max-video-preview:-1"},"canonical":"https:\/\/lyconnordic.no\/privat\/produkt\/coconut-vanilla-scrub\/","og_locale":"nb_NO","og_type":"article","og_title":"Sugar Scrub - Coconut and Vanilla - Lycon - for private","og_description":"Med kokos, vanilje og vitamin E  Lycon sukkerskrubb med sommerlig duft av kokos og vanilje. Den oljefrie skrubben er mildt eksfolierende og etterlater ingen klebrige rester p\u00e5 huden. Motvirker inngrodde h\u00e5r etter h\u00e5rfjerning med b\u00e5de voks og h\u00f8vel.","og_url":"https:\/\/lyconnordic.no\/privat\/produkt\/coconut-vanilla-scrub\/","og_site_name":"Lycon - for private","article_modified_time":"2025-10-24T13:27:21+00:00","og_image":[{"width":900,"height":900,"url":"https:\/\/lyconnordic.no\/privat\/wp-content\/uploads\/2023\/11\/Coconut-Vanilla_Sugar-Scrub_Spa-Essentials_100g_WEB.jpg","type":"image\/jpeg"}],"twitter_card":"summary_large_image","twitter_misc":{"Ansl. lesetid":"1 minutt"},"schema":{"@context":"https:\/\/schema.org","@graph":[{"@type":"WebPage","@id":"https:\/\/lyconnordic.no\/privat\/produkt\/coconut-vanilla-scrub\/","url":"https:\/\/lyconnordic.no\/privat\/produkt\/coconut-vanilla-scrub\/","name":"Sugar Scrub - Coconut and Vanilla - Lycon - for private","isPartOf":{"@id":"https:\/\/lyconnordic.no\/privat\/#website"},"primaryImageOfPage":{"@id":"https:\/\/lyconnordic.no\/privat\/produkt\/coconut-vanilla-scrub\/#primaryimage"},"image":{"@id":"https:\/\/lyconnordic.no\/privat\/produkt\/coconut-vanilla-scrub\/#primaryimage"},"thumbnailUrl":"https:\/\/lyconnordic.no\/privat\/wp-content\/uploads\/2023\/11\/Coconut-Vanilla_Sugar-Scrub_Spa-Essentials_100g_WEB.jpg","datePublished":"2023-11-07T11:40:28+00:00","dateModified":"2025-10-24T13:27:21+00:00","breadcrumb":{"@id":"https:\/\/lyconnordic.no\/privat\/produkt\/coconut-vanilla-scrub\/#breadcrumb"},"inLanguage":"nb-NO","potentialAction":[{"@type":"ReadAction","target":["https:\/\/lyconnordic.no\/privat\/produkt\/coconut-vanilla-scrub\/"]}]},{"@type":"ImageObject","inLanguage":"nb-NO","@id":"https:\/\/lyconnordic.no\/privat\/produkt\/coconut-vanilla-scrub\/#primaryimage","url":"https:\/\/lyconnordic.no\/privat\/wp-content\/uploads\/2023\/11\/Coconut-Vanilla_Sugar-Scrub_Spa-Essentials_100g_WEB.jpg","contentUrl":"https:\/\/lyconnordic.no\/privat\/wp-content\/uploads\/2023\/11\/Coconut-Vanilla_Sugar-Scrub_Spa-Essentials_100g_WEB.jpg","width":900,"height":900},{"@type":"BreadcrumbList","@id":"https:\/\/lyconnordic.no\/privat\/produkt\/coconut-vanilla-scrub\/#breadcrumb","itemListElement":[{"@type":"ListItem","position":1,"name":"Hjem","item":"https:\/\/lyconnordic.no\/privat\/"},{"@type":"ListItem","position":2,"name":"Produkter","item":"https:\/\/lyconnordic.no\/privat\/produkter\/"},{"@type":"ListItem","position":3,"name":"Sugar Scrub &#8211; Coconut and Vanilla"}]},{"@type":"WebSite","@id":"https:\/\/lyconnordic.no\/privat\/#website","url":"https:\/\/lyconnordic.no\/privat\/","name":"Lycon - for private","description":"Australias voksmerke #1","potentialAction":[{"@type":"SearchAction","target":{"@type":"EntryPoint","urlTemplate":"https:\/\/lyconnordic.no\/privat\/?s={search_term_string}"},"query-input":{"@type":"PropertyValueSpecification","valueRequired":true,"valueName":"search_term_string"}}],"inLanguage":"nb-NO"}]}},"_links":{"self":[{"href":"https:\/\/lyconnordic.no\/privat\/wp-json\/wp\/v2\/product\/16892","targetHints":{"allow":["GET"]}}],"collection":[{"href":"https:\/\/lyconnordic.no\/privat\/wp-json\/wp\/v2\/product"}],"about":[{"href":"https:\/\/lyconnordic.no\/privat\/wp-json\/wp\/v2\/types\/product"}],"replies":[{"embeddable":true,"href":"https:\/\/lyconnordic.no\/privat\/wp-json\/wp\/v2\/comments?post=16892"}],"version-history":[{"count":3,"href":"https:\/\/lyconnordic.no\/privat\/wp-json\/wp\/v2\/product\/16892\/revisions"}],"predecessor-version":[{"id":17681,"href":"https:\/\/lyconnordic.no\/privat\/wp-json\/wp\/v2\/product\/16892\/revisions\/17681"}],"wp:featuredmedia":[{"embeddable":true,"href":"https:\/\/lyconnordic.no\/privat\/wp-json\/wp\/v2\/media\/16896"}],"wp:attachment":[{"href":"https:\/\/lyconnordic.no\/privat\/wp-json\/wp\/v2\/media?parent=16892"}],"wp:term":[{"taxonomy":"product_brand","embeddable":true,"href":"https:\/\/lyconnordic.no\/privat\/wp-json\/wp\/v2\/product_brand?post=16892"},{"taxonomy":"product_cat","embeddable":true,"href":"https:\/\/lyconnordic.no\/privat\/wp-json\/wp\/v2\/product_cat?post=16892"},{"taxonomy":"product_tag","embeddable":true,"href":"https:\/\/lyconnordic.no\/privat\/wp-json\/wp\/v2\/product_tag?post=16892"}],"curies":[{"name":"wp","href":"https:\/\/api.w.org\/{rel}","templated":true}]}}