{"id":16764,"date":"2023-11-07T08:42:41","date_gmt":"2023-11-07T08:42:41","guid":{"rendered":"https:\/\/lyconnordic.nyside2.net\/privat\/?post_type=product&#038;p=16764"},"modified":"2025-10-24T15:19:37","modified_gmt":"2025-10-24T13:19:37","slug":"lycon-wax-thermometer","status":"publish","type":"product","link":"https:\/\/lyconnordic.no\/privat\/produkt\/lycon-wax-thermometer\/","title":{"rendered":"LYCON Wax Thermometer"},"content":{"rendered":"<p><strong>Lycon voks termometer <\/strong><\/p>\n<p>Digitalt termometer som hjelper deg med \u00e5 sjekke den n\u00f8yaktige temperaturen p\u00e5 voksen. Rett temperatur p\u00e5 voks er viktig da det har innvirkning p\u00e5 b\u00e5de funksjonalitet og sikkerhet.<\/p>\n<h1>Anbefalt brukstemperatur:<\/h1>\n<ul>\n<li>Hot Wax &#8211; 55-60 \u00b0 C<\/li>\n<li>Strip Wax &#8211; 78 \u00b0 C<\/li>\n<\/ul>\n","protected":false},"excerpt":{"rendered":"<p><strong>Lycon voks termometer <\/strong><\/p>\n<p>Digitalt termometer som hjelper deg med \u00e5 sjekke den n\u00f8yaktige temperaturen p\u00e5 voksen. Rett temperatur p\u00e5 voks er viktig da det har innvirkning p\u00e5 b\u00e5de funksjonalitet og sikkerhet.<\/p>\n<p>Anbefalt brukstemperatur:<\/p>\n<p><strong>Hot Wax 55-60 \u00b0C<\/strong><\/p>\n<p><strong>Strip Wax 77-79 \u00b0 C<\/strong><\/p>\n","protected":false},"featured_media":16765,"comment_status":"open","ping_status":"closed","template":"","meta":[],"product_brand":[],"product_cat":[87],"product_tag":[],"class_list":{"0":"post-16764","1":"product","2":"type-product","3":"status-publish","4":"has-post-thumbnail","6":"product_cat-tilbehor","8":"first","9":"instock","10":"taxable","11":"shipping-taxable","12":"purchasable","13":"product-type-simple"},"yoast_head":"<!-- This site is optimized with the Yoast SEO plugin v27.3 - https:\/\/yoast.com\/product\/yoast-seo-wordpress\/ -->\n<title>LYCON Wax Thermometer - Lycon - for private<\/title>\n<meta name=\"robots\" content=\"index, follow, max-snippet:-1, max-image-preview:large, max-video-preview:-1\" \/>\n<link rel=\"canonical\" href=\"https:\/\/lyconnordic.no\/privat\/produkt\/lycon-wax-thermometer\/\" \/>\n<meta property=\"og:locale\" content=\"nb_NO\" \/>\n<meta property=\"og:type\" content=\"article\" \/>\n<meta property=\"og:title\" content=\"LYCON Wax Thermometer - Lycon - for private\" \/>\n<meta property=\"og:description\" content=\"Lycon voks termometer   Digitalt termometer som hjelper deg med \u00e5 sjekke den n\u00f8yaktige temperaturen p\u00e5 voksen. Rett temperatur p\u00e5 voks er viktig da det har innvirkning p\u00e5 b\u00e5de funksjonalitet og sikkerhet.  Anbefalt brukstemperatur:  Hot Wax 55-60 \u00b0C  Strip Wax 77-79 \u00b0 C\" \/>\n<meta property=\"og:url\" content=\"https:\/\/lyconnordic.no\/privat\/produkt\/lycon-wax-thermometer\/\" \/>\n<meta property=\"og:site_name\" content=\"Lycon - for private\" \/>\n<meta property=\"article:modified_time\" content=\"2025-10-24T13:19:37+00:00\" \/>\n<meta property=\"og:image\" content=\"https:\/\/lyconnordic.no\/privat\/wp-content\/uploads\/2023\/11\/Digital_wax_thermometer.jpg\" \/>\n\t<meta property=\"og:image:width\" content=\"900\" \/>\n\t<meta property=\"og:image:height\" content=\"900\" \/>\n\t<meta property=\"og:image:type\" content=\"image\/jpeg\" \/>\n<meta name=\"twitter:card\" content=\"summary_large_image\" \/>\n<script type=\"application\/ld+json\" class=\"yoast-schema-graph\">{\"@context\":\"https:\\\/\\\/schema.org\",\"@graph\":[{\"@type\":\"WebPage\",\"@id\":\"https:\\\/\\\/lyconnordic.no\\\/privat\\\/produkt\\\/lycon-wax-thermometer\\\/\",\"url\":\"https:\\\/\\\/lyconnordic.no\\\/privat\\\/produkt\\\/lycon-wax-thermometer\\\/\",\"name\":\"LYCON Wax Thermometer - Lycon - for private\",\"isPartOf\":{\"@id\":\"https:\\\/\\\/lyconnordic.no\\\/privat\\\/#website\"},\"primaryImageOfPage\":{\"@id\":\"https:\\\/\\\/lyconnordic.no\\\/privat\\\/produkt\\\/lycon-wax-thermometer\\\/#primaryimage\"},\"image\":{\"@id\":\"https:\\\/\\\/lyconnordic.no\\\/privat\\\/produkt\\\/lycon-wax-thermometer\\\/#primaryimage\"},\"thumbnailUrl\":\"https:\\\/\\\/lyconnordic.no\\\/privat\\\/wp-content\\\/uploads\\\/2023\\\/11\\\/Digital_wax_thermometer.jpg\",\"datePublished\":\"2023-11-07T08:42:41+00:00\",\"dateModified\":\"2025-10-24T13:19:37+00:00\",\"breadcrumb\":{\"@id\":\"https:\\\/\\\/lyconnordic.no\\\/privat\\\/produkt\\\/lycon-wax-thermometer\\\/#breadcrumb\"},\"inLanguage\":\"nb-NO\",\"potentialAction\":[{\"@type\":\"ReadAction\",\"target\":[\"https:\\\/\\\/lyconnordic.no\\\/privat\\\/produkt\\\/lycon-wax-thermometer\\\/\"]}]},{\"@type\":\"ImageObject\",\"inLanguage\":\"nb-NO\",\"@id\":\"https:\\\/\\\/lyconnordic.no\\\/privat\\\/produkt\\\/lycon-wax-thermometer\\\/#primaryimage\",\"url\":\"https:\\\/\\\/lyconnordic.no\\\/privat\\\/wp-content\\\/uploads\\\/2023\\\/11\\\/Digital_wax_thermometer.jpg\",\"contentUrl\":\"https:\\\/\\\/lyconnordic.no\\\/privat\\\/wp-content\\\/uploads\\\/2023\\\/11\\\/Digital_wax_thermometer.jpg\",\"width\":900,\"height\":900},{\"@type\":\"BreadcrumbList\",\"@id\":\"https:\\\/\\\/lyconnordic.no\\\/privat\\\/produkt\\\/lycon-wax-thermometer\\\/#breadcrumb\",\"itemListElement\":[{\"@type\":\"ListItem\",\"position\":1,\"name\":\"Hjem\",\"item\":\"https:\\\/\\\/lyconnordic.no\\\/privat\\\/\"},{\"@type\":\"ListItem\",\"position\":2,\"name\":\"Produkter\",\"item\":\"https:\\\/\\\/lyconnordic.no\\\/privat\\\/produkter\\\/\"},{\"@type\":\"ListItem\",\"position\":3,\"name\":\"LYCON Wax Thermometer\"}]},{\"@type\":\"WebSite\",\"@id\":\"https:\\\/\\\/lyconnordic.no\\\/privat\\\/#website\",\"url\":\"https:\\\/\\\/lyconnordic.no\\\/privat\\\/\",\"name\":\"Lycon - for private\",\"description\":\"Australias voksmerke #1\",\"potentialAction\":[{\"@type\":\"SearchAction\",\"target\":{\"@type\":\"EntryPoint\",\"urlTemplate\":\"https:\\\/\\\/lyconnordic.no\\\/privat\\\/?s={search_term_string}\"},\"query-input\":{\"@type\":\"PropertyValueSpecification\",\"valueRequired\":true,\"valueName\":\"search_term_string\"}}],\"inLanguage\":\"nb-NO\"}]}<\/script>\n<!-- \/ Yoast SEO plugin. -->","yoast_head_json":{"title":"LYCON Wax Thermometer - Lycon - for private","robots":{"index":"index","follow":"follow","max-snippet":"max-snippet:-1","max-image-preview":"max-image-preview:large","max-video-preview":"max-video-preview:-1"},"canonical":"https:\/\/lyconnordic.no\/privat\/produkt\/lycon-wax-thermometer\/","og_locale":"nb_NO","og_type":"article","og_title":"LYCON Wax Thermometer - Lycon - for private","og_description":"Lycon voks termometer   Digitalt termometer som hjelper deg med \u00e5 sjekke den n\u00f8yaktige temperaturen p\u00e5 voksen. Rett temperatur p\u00e5 voks er viktig da det har innvirkning p\u00e5 b\u00e5de funksjonalitet og sikkerhet.  Anbefalt brukstemperatur:  Hot Wax 55-60 \u00b0C  Strip Wax 77-79 \u00b0 C","og_url":"https:\/\/lyconnordic.no\/privat\/produkt\/lycon-wax-thermometer\/","og_site_name":"Lycon - for private","article_modified_time":"2025-10-24T13:19:37+00:00","og_image":[{"width":900,"height":900,"url":"https:\/\/lyconnordic.no\/privat\/wp-content\/uploads\/2023\/11\/Digital_wax_thermometer.jpg","type":"image\/jpeg"}],"twitter_card":"summary_large_image","schema":{"@context":"https:\/\/schema.org","@graph":[{"@type":"WebPage","@id":"https:\/\/lyconnordic.no\/privat\/produkt\/lycon-wax-thermometer\/","url":"https:\/\/lyconnordic.no\/privat\/produkt\/lycon-wax-thermometer\/","name":"LYCON Wax Thermometer - Lycon - for private","isPartOf":{"@id":"https:\/\/lyconnordic.no\/privat\/#website"},"primaryImageOfPage":{"@id":"https:\/\/lyconnordic.no\/privat\/produkt\/lycon-wax-thermometer\/#primaryimage"},"image":{"@id":"https:\/\/lyconnordic.no\/privat\/produkt\/lycon-wax-thermometer\/#primaryimage"},"thumbnailUrl":"https:\/\/lyconnordic.no\/privat\/wp-content\/uploads\/2023\/11\/Digital_wax_thermometer.jpg","datePublished":"2023-11-07T08:42:41+00:00","dateModified":"2025-10-24T13:19:37+00:00","breadcrumb":{"@id":"https:\/\/lyconnordic.no\/privat\/produkt\/lycon-wax-thermometer\/#breadcrumb"},"inLanguage":"nb-NO","potentialAction":[{"@type":"ReadAction","target":["https:\/\/lyconnordic.no\/privat\/produkt\/lycon-wax-thermometer\/"]}]},{"@type":"ImageObject","inLanguage":"nb-NO","@id":"https:\/\/lyconnordic.no\/privat\/produkt\/lycon-wax-thermometer\/#primaryimage","url":"https:\/\/lyconnordic.no\/privat\/wp-content\/uploads\/2023\/11\/Digital_wax_thermometer.jpg","contentUrl":"https:\/\/lyconnordic.no\/privat\/wp-content\/uploads\/2023\/11\/Digital_wax_thermometer.jpg","width":900,"height":900},{"@type":"BreadcrumbList","@id":"https:\/\/lyconnordic.no\/privat\/produkt\/lycon-wax-thermometer\/#breadcrumb","itemListElement":[{"@type":"ListItem","position":1,"name":"Hjem","item":"https:\/\/lyconnordic.no\/privat\/"},{"@type":"ListItem","position":2,"name":"Produkter","item":"https:\/\/lyconnordic.no\/privat\/produkter\/"},{"@type":"ListItem","position":3,"name":"LYCON Wax Thermometer"}]},{"@type":"WebSite","@id":"https:\/\/lyconnordic.no\/privat\/#website","url":"https:\/\/lyconnordic.no\/privat\/","name":"Lycon - for private","description":"Australias voksmerke #1","potentialAction":[{"@type":"SearchAction","target":{"@type":"EntryPoint","urlTemplate":"https:\/\/lyconnordic.no\/privat\/?s={search_term_string}"},"query-input":{"@type":"PropertyValueSpecification","valueRequired":true,"valueName":"search_term_string"}}],"inLanguage":"nb-NO"}]}},"_links":{"self":[{"href":"https:\/\/lyconnordic.no\/privat\/wp-json\/wp\/v2\/product\/16764","targetHints":{"allow":["GET"]}}],"collection":[{"href":"https:\/\/lyconnordic.no\/privat\/wp-json\/wp\/v2\/product"}],"about":[{"href":"https:\/\/lyconnordic.no\/privat\/wp-json\/wp\/v2\/types\/product"}],"replies":[{"embeddable":true,"href":"https:\/\/lyconnordic.no\/privat\/wp-json\/wp\/v2\/comments?post=16764"}],"version-history":[{"count":4,"href":"https:\/\/lyconnordic.no\/privat\/wp-json\/wp\/v2\/product\/16764\/revisions"}],"predecessor-version":[{"id":20465,"href":"https:\/\/lyconnordic.no\/privat\/wp-json\/wp\/v2\/product\/16764\/revisions\/20465"}],"wp:featuredmedia":[{"embeddable":true,"href":"https:\/\/lyconnordic.no\/privat\/wp-json\/wp\/v2\/media\/16765"}],"wp:attachment":[{"href":"https:\/\/lyconnordic.no\/privat\/wp-json\/wp\/v2\/media?parent=16764"}],"wp:term":[{"taxonomy":"product_brand","embeddable":true,"href":"https:\/\/lyconnordic.no\/privat\/wp-json\/wp\/v2\/product_brand?post=16764"},{"taxonomy":"product_cat","embeddable":true,"href":"https:\/\/lyconnordic.no\/privat\/wp-json\/wp\/v2\/product_cat?post=16764"},{"taxonomy":"product_tag","embeddable":true,"href":"https:\/\/lyconnordic.no\/privat\/wp-json\/wp\/v2\/product_tag?post=16764"}],"curies":[{"name":"wp","href":"https:\/\/api.w.org\/{rel}","templated":true}]}}