{"id":16761,"date":"2023-11-07T08:41:17","date_gmt":"2023-11-07T08:41:17","guid":{"rendered":"https:\/\/lyconnordic.nyside2.net\/privat\/?post_type=product&#038;p=16761"},"modified":"2025-10-24T15:19:46","modified_gmt":"2025-10-24T13:19:46","slug":"eyebrow-precision-tool-kit","status":"publish","type":"product","link":"https:\/\/lyconnordic.no\/privat\/produkt\/eyebrow-precision-tool-kit\/","title":{"rendered":"Eyebrow Precision Tool Kit"},"content":{"rendered":"<h1>EYEBROW PRECISION TOOL KIT<\/h1>\n<p>Eyebrow Precision Tool Kit fra Lycon inneholder alle verkt\u00f8yene du trenger for \u00e5 skape perfekte \u00f8yenbryn!<\/p>\n<h3>Inkluderer:<\/h3>\n<ul>\n<li>Dual Ended Eyebrow Brush<\/li>\n<li>Precision Black Tweezers<\/li>\n<li>Brow Scissors<\/li>\n<\/ul>\n","protected":false},"excerpt":{"rendered":"<p>Eyebrow Precision Tool Kit fra Lycon inneholder alle verkt\u00f8yene du trenger for \u00e5 skape perfekte \u00f8yenbryn!<\/p>\n<h3>Inkluderer<\/h3>\n<ul>\n<li>Dual Ended Eyebrow Brush<\/li>\n<li>Precision Black Tweezers<\/li>\n<li>Brow Scissors<\/li>\n<\/ul>\n","protected":false},"featured_media":16762,"comment_status":"open","ping_status":"closed","template":"","meta":[],"product_brand":[],"product_cat":[87],"product_tag":[],"class_list":{"0":"post-16761","1":"product","2":"type-product","3":"status-publish","4":"has-post-thumbnail","6":"product_cat-tilbehor","8":"first","9":"instock","10":"taxable","11":"shipping-taxable","12":"purchasable","13":"product-type-simple"},"yoast_head":"<!-- This site is optimized with the Yoast SEO plugin v27.3 - https:\/\/yoast.com\/product\/yoast-seo-wordpress\/ -->\n<title>Eyebrow Precision Tool Kit - Lycon - for private<\/title>\n<meta name=\"robots\" content=\"index, follow, max-snippet:-1, max-image-preview:large, max-video-preview:-1\" \/>\n<link rel=\"canonical\" href=\"https:\/\/lyconnordic.no\/privat\/produkt\/eyebrow-precision-tool-kit\/\" \/>\n<meta property=\"og:locale\" content=\"nb_NO\" \/>\n<meta property=\"og:type\" content=\"article\" \/>\n<meta property=\"og:title\" content=\"Eyebrow Precision Tool Kit - Lycon - for private\" \/>\n<meta property=\"og:description\" content=\"Eyebrow Precision Tool Kit fra Lycon inneholder alle verkt\u00f8yene du trenger for \u00e5 skape perfekte \u00f8yenbryn! Inkluderer   Dual Ended Eyebrow Brush  Precision Black Tweezers  Brow Scissors\" \/>\n<meta property=\"og:url\" content=\"https:\/\/lyconnordic.no\/privat\/produkt\/eyebrow-precision-tool-kit\/\" \/>\n<meta property=\"og:site_name\" content=\"Lycon - for private\" \/>\n<meta property=\"article:modified_time\" content=\"2025-10-24T13:19:46+00:00\" \/>\n<meta property=\"og:image\" content=\"https:\/\/lyconnordic.no\/privat\/wp-content\/uploads\/2023\/11\/Tool-Kit_WEB-1.jpg\" \/>\n\t<meta property=\"og:image:width\" content=\"900\" \/>\n\t<meta property=\"og:image:height\" content=\"900\" \/>\n\t<meta property=\"og:image:type\" content=\"image\/jpeg\" \/>\n<meta name=\"twitter:card\" content=\"summary_large_image\" \/>\n<script type=\"application\/ld+json\" class=\"yoast-schema-graph\">{\"@context\":\"https:\\\/\\\/schema.org\",\"@graph\":[{\"@type\":\"WebPage\",\"@id\":\"https:\\\/\\\/lyconnordic.no\\\/privat\\\/produkt\\\/eyebrow-precision-tool-kit\\\/\",\"url\":\"https:\\\/\\\/lyconnordic.no\\\/privat\\\/produkt\\\/eyebrow-precision-tool-kit\\\/\",\"name\":\"Eyebrow Precision Tool Kit - Lycon - for private\",\"isPartOf\":{\"@id\":\"https:\\\/\\\/lyconnordic.no\\\/privat\\\/#website\"},\"primaryImageOfPage\":{\"@id\":\"https:\\\/\\\/lyconnordic.no\\\/privat\\\/produkt\\\/eyebrow-precision-tool-kit\\\/#primaryimage\"},\"image\":{\"@id\":\"https:\\\/\\\/lyconnordic.no\\\/privat\\\/produkt\\\/eyebrow-precision-tool-kit\\\/#primaryimage\"},\"thumbnailUrl\":\"https:\\\/\\\/lyconnordic.no\\\/privat\\\/wp-content\\\/uploads\\\/2023\\\/11\\\/Tool-Kit_WEB-1.jpg\",\"datePublished\":\"2023-11-07T08:41:17+00:00\",\"dateModified\":\"2025-10-24T13:19:46+00:00\",\"breadcrumb\":{\"@id\":\"https:\\\/\\\/lyconnordic.no\\\/privat\\\/produkt\\\/eyebrow-precision-tool-kit\\\/#breadcrumb\"},\"inLanguage\":\"nb-NO\",\"potentialAction\":[{\"@type\":\"ReadAction\",\"target\":[\"https:\\\/\\\/lyconnordic.no\\\/privat\\\/produkt\\\/eyebrow-precision-tool-kit\\\/\"]}]},{\"@type\":\"ImageObject\",\"inLanguage\":\"nb-NO\",\"@id\":\"https:\\\/\\\/lyconnordic.no\\\/privat\\\/produkt\\\/eyebrow-precision-tool-kit\\\/#primaryimage\",\"url\":\"https:\\\/\\\/lyconnordic.no\\\/privat\\\/wp-content\\\/uploads\\\/2023\\\/11\\\/Tool-Kit_WEB-1.jpg\",\"contentUrl\":\"https:\\\/\\\/lyconnordic.no\\\/privat\\\/wp-content\\\/uploads\\\/2023\\\/11\\\/Tool-Kit_WEB-1.jpg\",\"width\":900,\"height\":900},{\"@type\":\"BreadcrumbList\",\"@id\":\"https:\\\/\\\/lyconnordic.no\\\/privat\\\/produkt\\\/eyebrow-precision-tool-kit\\\/#breadcrumb\",\"itemListElement\":[{\"@type\":\"ListItem\",\"position\":1,\"name\":\"Hjem\",\"item\":\"https:\\\/\\\/lyconnordic.no\\\/privat\\\/\"},{\"@type\":\"ListItem\",\"position\":2,\"name\":\"Produkter\",\"item\":\"https:\\\/\\\/lyconnordic.no\\\/privat\\\/produkter\\\/\"},{\"@type\":\"ListItem\",\"position\":3,\"name\":\"Eyebrow Precision Tool Kit\"}]},{\"@type\":\"WebSite\",\"@id\":\"https:\\\/\\\/lyconnordic.no\\\/privat\\\/#website\",\"url\":\"https:\\\/\\\/lyconnordic.no\\\/privat\\\/\",\"name\":\"Lycon - for private\",\"description\":\"Australias voksmerke #1\",\"potentialAction\":[{\"@type\":\"SearchAction\",\"target\":{\"@type\":\"EntryPoint\",\"urlTemplate\":\"https:\\\/\\\/lyconnordic.no\\\/privat\\\/?s={search_term_string}\"},\"query-input\":{\"@type\":\"PropertyValueSpecification\",\"valueRequired\":true,\"valueName\":\"search_term_string\"}}],\"inLanguage\":\"nb-NO\"}]}<\/script>\n<!-- \/ Yoast SEO plugin. -->","yoast_head_json":{"title":"Eyebrow Precision Tool Kit - Lycon - for private","robots":{"index":"index","follow":"follow","max-snippet":"max-snippet:-1","max-image-preview":"max-image-preview:large","max-video-preview":"max-video-preview:-1"},"canonical":"https:\/\/lyconnordic.no\/privat\/produkt\/eyebrow-precision-tool-kit\/","og_locale":"nb_NO","og_type":"article","og_title":"Eyebrow Precision Tool Kit - Lycon - for private","og_description":"Eyebrow Precision Tool Kit fra Lycon inneholder alle verkt\u00f8yene du trenger for \u00e5 skape perfekte \u00f8yenbryn! Inkluderer   Dual Ended Eyebrow Brush  Precision Black Tweezers  Brow Scissors","og_url":"https:\/\/lyconnordic.no\/privat\/produkt\/eyebrow-precision-tool-kit\/","og_site_name":"Lycon - for private","article_modified_time":"2025-10-24T13:19:46+00:00","og_image":[{"width":900,"height":900,"url":"https:\/\/lyconnordic.no\/privat\/wp-content\/uploads\/2023\/11\/Tool-Kit_WEB-1.jpg","type":"image\/jpeg"}],"twitter_card":"summary_large_image","schema":{"@context":"https:\/\/schema.org","@graph":[{"@type":"WebPage","@id":"https:\/\/lyconnordic.no\/privat\/produkt\/eyebrow-precision-tool-kit\/","url":"https:\/\/lyconnordic.no\/privat\/produkt\/eyebrow-precision-tool-kit\/","name":"Eyebrow Precision Tool Kit - Lycon - for private","isPartOf":{"@id":"https:\/\/lyconnordic.no\/privat\/#website"},"primaryImageOfPage":{"@id":"https:\/\/lyconnordic.no\/privat\/produkt\/eyebrow-precision-tool-kit\/#primaryimage"},"image":{"@id":"https:\/\/lyconnordic.no\/privat\/produkt\/eyebrow-precision-tool-kit\/#primaryimage"},"thumbnailUrl":"https:\/\/lyconnordic.no\/privat\/wp-content\/uploads\/2023\/11\/Tool-Kit_WEB-1.jpg","datePublished":"2023-11-07T08:41:17+00:00","dateModified":"2025-10-24T13:19:46+00:00","breadcrumb":{"@id":"https:\/\/lyconnordic.no\/privat\/produkt\/eyebrow-precision-tool-kit\/#breadcrumb"},"inLanguage":"nb-NO","potentialAction":[{"@type":"ReadAction","target":["https:\/\/lyconnordic.no\/privat\/produkt\/eyebrow-precision-tool-kit\/"]}]},{"@type":"ImageObject","inLanguage":"nb-NO","@id":"https:\/\/lyconnordic.no\/privat\/produkt\/eyebrow-precision-tool-kit\/#primaryimage","url":"https:\/\/lyconnordic.no\/privat\/wp-content\/uploads\/2023\/11\/Tool-Kit_WEB-1.jpg","contentUrl":"https:\/\/lyconnordic.no\/privat\/wp-content\/uploads\/2023\/11\/Tool-Kit_WEB-1.jpg","width":900,"height":900},{"@type":"BreadcrumbList","@id":"https:\/\/lyconnordic.no\/privat\/produkt\/eyebrow-precision-tool-kit\/#breadcrumb","itemListElement":[{"@type":"ListItem","position":1,"name":"Hjem","item":"https:\/\/lyconnordic.no\/privat\/"},{"@type":"ListItem","position":2,"name":"Produkter","item":"https:\/\/lyconnordic.no\/privat\/produkter\/"},{"@type":"ListItem","position":3,"name":"Eyebrow Precision Tool Kit"}]},{"@type":"WebSite","@id":"https:\/\/lyconnordic.no\/privat\/#website","url":"https:\/\/lyconnordic.no\/privat\/","name":"Lycon - for private","description":"Australias voksmerke #1","potentialAction":[{"@type":"SearchAction","target":{"@type":"EntryPoint","urlTemplate":"https:\/\/lyconnordic.no\/privat\/?s={search_term_string}"},"query-input":{"@type":"PropertyValueSpecification","valueRequired":true,"valueName":"search_term_string"}}],"inLanguage":"nb-NO"}]}},"_links":{"self":[{"href":"https:\/\/lyconnordic.no\/privat\/wp-json\/wp\/v2\/product\/16761","targetHints":{"allow":["GET"]}}],"collection":[{"href":"https:\/\/lyconnordic.no\/privat\/wp-json\/wp\/v2\/product"}],"about":[{"href":"https:\/\/lyconnordic.no\/privat\/wp-json\/wp\/v2\/types\/product"}],"replies":[{"embeddable":true,"href":"https:\/\/lyconnordic.no\/privat\/wp-json\/wp\/v2\/comments?post=16761"}],"version-history":[{"count":4,"href":"https:\/\/lyconnordic.no\/privat\/wp-json\/wp\/v2\/product\/16761\/revisions"}],"predecessor-version":[{"id":20468,"href":"https:\/\/lyconnordic.no\/privat\/wp-json\/wp\/v2\/product\/16761\/revisions\/20468"}],"wp:featuredmedia":[{"embeddable":true,"href":"https:\/\/lyconnordic.no\/privat\/wp-json\/wp\/v2\/media\/16762"}],"wp:attachment":[{"href":"https:\/\/lyconnordic.no\/privat\/wp-json\/wp\/v2\/media?parent=16761"}],"wp:term":[{"taxonomy":"product_brand","embeddable":true,"href":"https:\/\/lyconnordic.no\/privat\/wp-json\/wp\/v2\/product_brand?post=16761"},{"taxonomy":"product_cat","embeddable":true,"href":"https:\/\/lyconnordic.no\/privat\/wp-json\/wp\/v2\/product_cat?post=16761"},{"taxonomy":"product_tag","embeddable":true,"href":"https:\/\/lyconnordic.no\/privat\/wp-json\/wp\/v2\/product_tag?post=16761"}],"curies":[{"name":"wp","href":"https:\/\/api.w.org\/{rel}","templated":true}]}}