{"id":16635,"date":"2023-11-03T07:55:32","date_gmt":"2023-11-03T07:55:32","guid":{"rendered":"https:\/\/lyconnordic.nyside2.net\/privat\/?post_type=product&#038;p=16635"},"modified":"2025-10-24T15:21:09","modified_gmt":"2025-10-24T13:21:09","slug":"pinkini-intimate-mask-vajacial-maske-500ml","status":"publish","type":"product","link":"https:\/\/lyconnordic.no\/privat\/produkt\/pinkini-intimate-mask-vajacial-maske-500ml\/","title":{"rendered":"Pinkini Intimate Mask &#8211; Vajacial Maske 500ml"},"content":{"rendered":"<p>Brukes p\u00e5 h\u00e5rfri hud.<\/p>\n<p>Pinkini Intimate Mask er en maske tilpasset huden p\u00e5 intime omr\u00e5der(ekstern hud) men kan ogs\u00e5 brukes andre steder p\u00e5 kroppen inkludert ansiktet. Den lindrer, gir fukt og pleier huden raskt. Kan brukes enten rett etter intimvoksing\/barbering eller noen dager etter. Inneholder plante ekstrakter fra Arnica og Aloe Vera. Den er den ideell for Vajacial behandlinger som fuktgivende maske.<\/p>\n<p>Bruksanvisning<br \/>\nP\u00e5f\u00f8res ren og t\u00f8rr hud. La virke i 10 minutter, t\u00f8rk deretter av med en klut fuktet med lunkent vann. P\u00e5f\u00f8r deretter PINKINI Finishing Lotion som avsluttende behandling.<\/p>\n<p>&nbsp;<\/p>\n","protected":false},"excerpt":{"rendered":"<p>Etter voksing<\/p>\n<p>PINKINI Intimate Mask beroliger, n\u00e6rer og fukter huden raskt og effektivt etter voksing. Inneholder blant annet Arnica og Aloe Vera og er ideell for Vajacial behandlinger.<\/p>\n","protected":false},"featured_media":16636,"comment_status":"open","ping_status":"closed","template":"","meta":[],"product_brand":[],"product_cat":[42],"product_tag":[],"class_list":{"0":"post-16635","1":"product","2":"type-product","3":"status-publish","4":"has-post-thumbnail","6":"product_cat-pinkini","8":"first","9":"instock","10":"taxable","11":"shipping-taxable","12":"purchasable","13":"product-type-simple"},"yoast_head":"<!-- This site is optimized with the Yoast SEO plugin v27.3 - https:\/\/yoast.com\/product\/yoast-seo-wordpress\/ -->\n<title>Pinkini Intimate Mask - Vajacial Maske 500ml - Lycon - for private<\/title>\n<meta name=\"robots\" content=\"index, follow, max-snippet:-1, max-image-preview:large, max-video-preview:-1\" \/>\n<link rel=\"canonical\" href=\"https:\/\/lyconnordic.no\/privat\/produkt\/pinkini-intimate-mask-vajacial-maske-500ml\/\" \/>\n<meta property=\"og:locale\" content=\"nb_NO\" \/>\n<meta property=\"og:type\" content=\"article\" \/>\n<meta property=\"og:title\" content=\"Pinkini Intimate Mask - Vajacial Maske 500ml - Lycon - for private\" \/>\n<meta property=\"og:description\" content=\"Etter voksing  PINKINI Intimate Mask beroliger, n\u00e6rer og fukter huden raskt og effektivt etter voksing. Inneholder blant annet Arnica og Aloe Vera og er ideell for Vajacial behandlinger.\" \/>\n<meta property=\"og:url\" content=\"https:\/\/lyconnordic.no\/privat\/produkt\/pinkini-intimate-mask-vajacial-maske-500ml\/\" \/>\n<meta property=\"og:site_name\" content=\"Lycon - for private\" \/>\n<meta property=\"article:modified_time\" content=\"2025-10-24T13:21:09+00:00\" \/>\n<meta property=\"og:image\" content=\"https:\/\/lyconnordic.no\/privat\/wp-content\/uploads\/2023\/11\/Pinkini-Intimate_Mask_PrePost_500ml_WEB.jpg\" \/>\n\t<meta property=\"og:image:width\" content=\"900\" \/>\n\t<meta property=\"og:image:height\" content=\"900\" \/>\n\t<meta property=\"og:image:type\" content=\"image\/jpeg\" \/>\n<meta name=\"twitter:card\" content=\"summary_large_image\" \/>\n<meta name=\"twitter:label1\" content=\"Ansl. lesetid\" \/>\n\t<meta name=\"twitter:data1\" content=\"1 minutt\" \/>\n<script type=\"application\/ld+json\" class=\"yoast-schema-graph\">{\"@context\":\"https:\\\/\\\/schema.org\",\"@graph\":[{\"@type\":\"WebPage\",\"@id\":\"https:\\\/\\\/lyconnordic.no\\\/privat\\\/produkt\\\/pinkini-intimate-mask-vajacial-maske-500ml\\\/\",\"url\":\"https:\\\/\\\/lyconnordic.no\\\/privat\\\/produkt\\\/pinkini-intimate-mask-vajacial-maske-500ml\\\/\",\"name\":\"Pinkini Intimate Mask - Vajacial Maske 500ml - Lycon - for private\",\"isPartOf\":{\"@id\":\"https:\\\/\\\/lyconnordic.no\\\/privat\\\/#website\"},\"primaryImageOfPage\":{\"@id\":\"https:\\\/\\\/lyconnordic.no\\\/privat\\\/produkt\\\/pinkini-intimate-mask-vajacial-maske-500ml\\\/#primaryimage\"},\"image\":{\"@id\":\"https:\\\/\\\/lyconnordic.no\\\/privat\\\/produkt\\\/pinkini-intimate-mask-vajacial-maske-500ml\\\/#primaryimage\"},\"thumbnailUrl\":\"https:\\\/\\\/lyconnordic.no\\\/privat\\\/wp-content\\\/uploads\\\/2023\\\/11\\\/Pinkini-Intimate_Mask_PrePost_500ml_WEB.jpg\",\"datePublished\":\"2023-11-03T07:55:32+00:00\",\"dateModified\":\"2025-10-24T13:21:09+00:00\",\"breadcrumb\":{\"@id\":\"https:\\\/\\\/lyconnordic.no\\\/privat\\\/produkt\\\/pinkini-intimate-mask-vajacial-maske-500ml\\\/#breadcrumb\"},\"inLanguage\":\"nb-NO\",\"potentialAction\":[{\"@type\":\"ReadAction\",\"target\":[\"https:\\\/\\\/lyconnordic.no\\\/privat\\\/produkt\\\/pinkini-intimate-mask-vajacial-maske-500ml\\\/\"]}]},{\"@type\":\"ImageObject\",\"inLanguage\":\"nb-NO\",\"@id\":\"https:\\\/\\\/lyconnordic.no\\\/privat\\\/produkt\\\/pinkini-intimate-mask-vajacial-maske-500ml\\\/#primaryimage\",\"url\":\"https:\\\/\\\/lyconnordic.no\\\/privat\\\/wp-content\\\/uploads\\\/2023\\\/11\\\/Pinkini-Intimate_Mask_PrePost_500ml_WEB.jpg\",\"contentUrl\":\"https:\\\/\\\/lyconnordic.no\\\/privat\\\/wp-content\\\/uploads\\\/2023\\\/11\\\/Pinkini-Intimate_Mask_PrePost_500ml_WEB.jpg\",\"width\":900,\"height\":900},{\"@type\":\"BreadcrumbList\",\"@id\":\"https:\\\/\\\/lyconnordic.no\\\/privat\\\/produkt\\\/pinkini-intimate-mask-vajacial-maske-500ml\\\/#breadcrumb\",\"itemListElement\":[{\"@type\":\"ListItem\",\"position\":1,\"name\":\"Hjem\",\"item\":\"https:\\\/\\\/lyconnordic.no\\\/privat\\\/\"},{\"@type\":\"ListItem\",\"position\":2,\"name\":\"Produkter\",\"item\":\"https:\\\/\\\/lyconnordic.no\\\/privat\\\/produkter\\\/\"},{\"@type\":\"ListItem\",\"position\":3,\"name\":\"Pinkini Intimate Mask &#8211; Vajacial Maske 500ml\"}]},{\"@type\":\"WebSite\",\"@id\":\"https:\\\/\\\/lyconnordic.no\\\/privat\\\/#website\",\"url\":\"https:\\\/\\\/lyconnordic.no\\\/privat\\\/\",\"name\":\"Lycon - for private\",\"description\":\"Australias voksmerke #1\",\"potentialAction\":[{\"@type\":\"SearchAction\",\"target\":{\"@type\":\"EntryPoint\",\"urlTemplate\":\"https:\\\/\\\/lyconnordic.no\\\/privat\\\/?s={search_term_string}\"},\"query-input\":{\"@type\":\"PropertyValueSpecification\",\"valueRequired\":true,\"valueName\":\"search_term_string\"}}],\"inLanguage\":\"nb-NO\"}]}<\/script>\n<!-- \/ Yoast SEO plugin. -->","yoast_head_json":{"title":"Pinkini Intimate Mask - Vajacial Maske 500ml - Lycon - for private","robots":{"index":"index","follow":"follow","max-snippet":"max-snippet:-1","max-image-preview":"max-image-preview:large","max-video-preview":"max-video-preview:-1"},"canonical":"https:\/\/lyconnordic.no\/privat\/produkt\/pinkini-intimate-mask-vajacial-maske-500ml\/","og_locale":"nb_NO","og_type":"article","og_title":"Pinkini Intimate Mask - Vajacial Maske 500ml - Lycon - for private","og_description":"Etter voksing  PINKINI Intimate Mask beroliger, n\u00e6rer og fukter huden raskt og effektivt etter voksing. Inneholder blant annet Arnica og Aloe Vera og er ideell for Vajacial behandlinger.","og_url":"https:\/\/lyconnordic.no\/privat\/produkt\/pinkini-intimate-mask-vajacial-maske-500ml\/","og_site_name":"Lycon - for private","article_modified_time":"2025-10-24T13:21:09+00:00","og_image":[{"width":900,"height":900,"url":"https:\/\/lyconnordic.no\/privat\/wp-content\/uploads\/2023\/11\/Pinkini-Intimate_Mask_PrePost_500ml_WEB.jpg","type":"image\/jpeg"}],"twitter_card":"summary_large_image","twitter_misc":{"Ansl. lesetid":"1 minutt"},"schema":{"@context":"https:\/\/schema.org","@graph":[{"@type":"WebPage","@id":"https:\/\/lyconnordic.no\/privat\/produkt\/pinkini-intimate-mask-vajacial-maske-500ml\/","url":"https:\/\/lyconnordic.no\/privat\/produkt\/pinkini-intimate-mask-vajacial-maske-500ml\/","name":"Pinkini Intimate Mask - Vajacial Maske 500ml - Lycon - for private","isPartOf":{"@id":"https:\/\/lyconnordic.no\/privat\/#website"},"primaryImageOfPage":{"@id":"https:\/\/lyconnordic.no\/privat\/produkt\/pinkini-intimate-mask-vajacial-maske-500ml\/#primaryimage"},"image":{"@id":"https:\/\/lyconnordic.no\/privat\/produkt\/pinkini-intimate-mask-vajacial-maske-500ml\/#primaryimage"},"thumbnailUrl":"https:\/\/lyconnordic.no\/privat\/wp-content\/uploads\/2023\/11\/Pinkini-Intimate_Mask_PrePost_500ml_WEB.jpg","datePublished":"2023-11-03T07:55:32+00:00","dateModified":"2025-10-24T13:21:09+00:00","breadcrumb":{"@id":"https:\/\/lyconnordic.no\/privat\/produkt\/pinkini-intimate-mask-vajacial-maske-500ml\/#breadcrumb"},"inLanguage":"nb-NO","potentialAction":[{"@type":"ReadAction","target":["https:\/\/lyconnordic.no\/privat\/produkt\/pinkini-intimate-mask-vajacial-maske-500ml\/"]}]},{"@type":"ImageObject","inLanguage":"nb-NO","@id":"https:\/\/lyconnordic.no\/privat\/produkt\/pinkini-intimate-mask-vajacial-maske-500ml\/#primaryimage","url":"https:\/\/lyconnordic.no\/privat\/wp-content\/uploads\/2023\/11\/Pinkini-Intimate_Mask_PrePost_500ml_WEB.jpg","contentUrl":"https:\/\/lyconnordic.no\/privat\/wp-content\/uploads\/2023\/11\/Pinkini-Intimate_Mask_PrePost_500ml_WEB.jpg","width":900,"height":900},{"@type":"BreadcrumbList","@id":"https:\/\/lyconnordic.no\/privat\/produkt\/pinkini-intimate-mask-vajacial-maske-500ml\/#breadcrumb","itemListElement":[{"@type":"ListItem","position":1,"name":"Hjem","item":"https:\/\/lyconnordic.no\/privat\/"},{"@type":"ListItem","position":2,"name":"Produkter","item":"https:\/\/lyconnordic.no\/privat\/produkter\/"},{"@type":"ListItem","position":3,"name":"Pinkini Intimate Mask &#8211; Vajacial Maske 500ml"}]},{"@type":"WebSite","@id":"https:\/\/lyconnordic.no\/privat\/#website","url":"https:\/\/lyconnordic.no\/privat\/","name":"Lycon - for private","description":"Australias voksmerke #1","potentialAction":[{"@type":"SearchAction","target":{"@type":"EntryPoint","urlTemplate":"https:\/\/lyconnordic.no\/privat\/?s={search_term_string}"},"query-input":{"@type":"PropertyValueSpecification","valueRequired":true,"valueName":"search_term_string"}}],"inLanguage":"nb-NO"}]}},"_links":{"self":[{"href":"https:\/\/lyconnordic.no\/privat\/wp-json\/wp\/v2\/product\/16635","targetHints":{"allow":["GET"]}}],"collection":[{"href":"https:\/\/lyconnordic.no\/privat\/wp-json\/wp\/v2\/product"}],"about":[{"href":"https:\/\/lyconnordic.no\/privat\/wp-json\/wp\/v2\/types\/product"}],"replies":[{"embeddable":true,"href":"https:\/\/lyconnordic.no\/privat\/wp-json\/wp\/v2\/comments?post=16635"}],"version-history":[{"count":5,"href":"https:\/\/lyconnordic.no\/privat\/wp-json\/wp\/v2\/product\/16635\/revisions"}],"predecessor-version":[{"id":20463,"href":"https:\/\/lyconnordic.no\/privat\/wp-json\/wp\/v2\/product\/16635\/revisions\/20463"}],"wp:featuredmedia":[{"embeddable":true,"href":"https:\/\/lyconnordic.no\/privat\/wp-json\/wp\/v2\/media\/16636"}],"wp:attachment":[{"href":"https:\/\/lyconnordic.no\/privat\/wp-json\/wp\/v2\/media?parent=16635"}],"wp:term":[{"taxonomy":"product_brand","embeddable":true,"href":"https:\/\/lyconnordic.no\/privat\/wp-json\/wp\/v2\/product_brand?post=16635"},{"taxonomy":"product_cat","embeddable":true,"href":"https:\/\/lyconnordic.no\/privat\/wp-json\/wp\/v2\/product_cat?post=16635"},{"taxonomy":"product_tag","embeddable":true,"href":"https:\/\/lyconnordic.no\/privat\/wp-json\/wp\/v2\/product_tag?post=16635"}],"curies":[{"name":"wp","href":"https:\/\/api.w.org\/{rel}","templated":true}]}}