{"id":3,"date":"2023-10-13T08:24:02","date_gmt":"2023-10-13T08:24:02","guid":{"rendered":"https:\/\/lyconnordic.nyside2.net\/privat\/?page_id=3"},"modified":"2024-02-09T08:09:31","modified_gmt":"2024-02-09T07:09:31","slug":"personvern","status":"publish","type":"page","link":"https:\/\/lyconnordic.no\/privat\/personvern\/","title":{"rendered":"Personvern"},"content":{"rendered":"<h1><strong>PERSONVERNERKL\u00c6RING<\/strong><\/h1>\r\nDenne personvernerkl\u00e6ringen gjelder alle forretningsprosesser i Lycon Nordic Limited, heretter benevnt som Behandlingsansvarlig.\r\n\r\nErkl\u00e6ringen gir informasjon om databehandling utf\u00f8rt av Behandlingsansvarlig og bestemmer form\u00e5let og virkemidlene for behandlingen samt databehandling vi gj\u00f8r p\u00e5 vegne av v\u00e5re kunder basert p\u00e5 deres instruksjoner.\r\n\r\nBehandling av personlige data er n\u00f8dvendig for at vi skal kunne ivareta v\u00e5re kontraktsforpliktelser og betjene deg som kunde. Personlig data kan ogs\u00e5 benyttes til f\u00f8lgende form\u00e5l: Salg, kontakt med kundeservice, markedsf\u00f8ring, informasjon, bokf\u00f8ring.\r\n\r\nVed markedsf\u00f8ring p\u00e5 e-post\/sms innhenter vi et eksplisitt samtykke p\u00e5 forh\u00e5nd.\r\n\r\nVed \u00e5 gi oss dine personlige opplysninger, godtar du praksis og vilk\u00e5r som er beskrevet i denne personvernerkl\u00e6ringen.\r\n\r\nOm du har innsigelser med hensyn til v\u00e5r behandling av personvern har du ogs\u00e5 anledning \u00e5 klage til Datatilsynet.\r\n\r\n&nbsp;\r\n\r\n<strong>Behandlingsansvarlig<\/strong>\r\n\r\nLycon Nordic Limited\r\nHegdehaugsveien 34\r\n0352 Oslo\r\nE-post: <a href=\"http:\/\/info@coverbrands.no\">support@lyconnordic.no<\/a>\r\nTelefon: +47 21 62 88 20\r\nOrg.nr. 994 572 334 MVA\r\n\r\n&nbsp;\r\n\r\n<strong>Opplysninger som innhentes<\/strong>\r\n\r\nOpplysninger kan registreres og lagres n\u00e5r du registrerer deg p\u00e5 www.lyconnordic.no, n\u00e5r du er i kontakt med salg og support enten via e-post, chat eller n\u00e5r du bruker v\u00e5re tjenester\/nettsider.\r\n\r\n&nbsp;\r\n\r\n<strong>Mottakere av personopplysninger<\/strong>\r\n\r\nERP-system, e-handelsplattform, tredjepartslogistikkleverand\u00f8rer, regnskapsf\u00f8rer, bank, fellesskapsplattform, m\u00e5lrettet kommunikasjon rettet mot din e-handelsopplevelse, kundeunders\u00f8kelser og adressedataleverand\u00f8rer, utskrift og distribusjon, og eksterne informasjonstjenesteleverand\u00f8rer.\r\n\r\n&nbsp;\r\n\r\n<strong>Kommunikasjon gjennom e-post og sms<\/strong>\r\n\r\nSom kunde vil du kunne motta e-post og sms rundt ditt kundeforhold. F.eks vil vi sende deg e-post\/sms relatert til ordrer du har lagt inn, sms med sporingsnummer, glemt passord, informasjon rundt din kundekonto og lignende saker. Dette er definert som berettiget interesse og det vil ikke bes om samtykke til.\r\n\r\nVi benytter ogs\u00e5 e-post og sms til markedsf\u00f8ring og kommunikasjon. Som kunde av Behandlingsansvarlig vil du med jevne mellomrom motta nyhetsbrev eller sms s\u00e5 fremst du har gitt et aktivt samtykke til det. Det er mulig \u00e5 melde seg av nyhetsbrev ved \u00e5 klikke p\u00e5 avmeldingslenken i e-postene eller sms.\r\n\r\n&nbsp;\r\n\r\n<strong>Innsyn og retting<\/strong>\r\n\r\nDu har krav p\u00e5 innsyn i de opplysninger som er registrert om deg. Innsyn kan ogs\u00e5 f\u00e5s ved \u00e5 sende en henvendelse til support@lyconnordic.no. Dersom de registrerte opplysninger ikke er riktige eller er ufullstendige, kan du kreve at opplysningene korrigeres i henhold til personopplysningsloven.\r\n\r\n&nbsp;\r\n\r\n<strong>Oppbevaring og sletting av personopplysninger<\/strong>\r\n\r\nOpplysninger som ikke lenger er n\u00f8dvendig for det form\u00e5l de er laget for, slettes fra v\u00e5re systemer. Oppbevaringstid av opplysningene f\u00f8lger regnskapsloven, personvernloven eller er spesifisert i v\u00e5r cookie-policy.\r\n\r\nDu har rett til \u00e5 be Lycon Nordic, uten un\u00f8dig forsinkelse, om \u00e5 slette dine Personopplysninger. Personopplysninger skal slettes i f\u00f8lgende tilfeller:\r\n<ul>\r\n \t<li>Hvis personopplysningene ikke lenger er n\u00f8dvendige for det form\u00e5let de ble samlet inn for;<\/li>\r\n \t<li>Hvis du har trukket tilbake ditt samtykke og behandlingen bare er basert p\u00e5 samtykke som juridisk grunnlag;<\/li>\r\n \t<li>Hvis behandlingen er gjort for personlig markedsf\u00f8ring og du motsetter deg at dine personopplysninger brukes for dette form\u00e5let;<\/li>\r\n \t<li>Hvis du motsetter deg behandlingen av personopplysninger i forbindelse med interessebed\u00f8mming og at din interesse oppveier v\u00e5r;<\/li>\r\n \t<li>Hvis dine personopplysninger ikke har blitt behandlet i henhold til Databeskyttelsereglene; eller<\/li>\r\n \t<li>Hvis slettingen er n\u00f8dvendig for \u00e5 oppfylle en juridisk forpliktelse.<\/li>\r\n<\/ul>\r\nDet kan v\u00e6re forpliktelser som hindrer oss fra \u00e5 umiddelbart slette alle dine personopplysninger. Disse forpliktelsene f\u00f8lger gjeldende lovgivning for eksempel regnskapsloven.\r\n\r\n&nbsp;\r\n\r\n<strong>Retten til dataportabilitet<\/strong>\r\n\r\nFor opplysninger som du har gitt til oss og er n\u00f8dvendig for \u00e5 gjennomf\u00f8re en avtale med oss, og som behandles automatisk (dvs. ikke manuelt av oss) kan du be om \u00e5 f\u00e5 personopplysningene om deg utlevert eller overf\u00f8rt til annen leverand\u00f8r i et strukturert, alminnelig anvendt og maskinlesbart format (dataportabilitet).\r\n\r\n&nbsp;\r\n\r\n<strong>Informasjonskapsler (cookies) og pixels<\/strong>\r\n\r\nLyconnordic.no benytter seg av informasjonskapsler, ogs\u00e5 kjent som cookies som er en liten tekstfil som lagres p\u00e5 enheten din n\u00e5r du laster inn nettsiden. Cookies benyttes for \u00e5 kunne gi en personalisert opplevelse av nettsiden og av annonser p\u00e5 internett. Form\u00e5let er \u00e5 kunne gi deg en bedre opplevelse, opprettholde nettbutikkens funksjoner, analysering av atferd p\u00e5 nettsiden, personalisering av nettsiden og til markedsf\u00f8ring.\r\n\r\nEn pixel er nesten det samme som en informasjonskapsel. Disse benyttes for \u00e5 m\u00e5le og registrere effekten av annonsering p\u00e5 lyconnordic.no. Det gir ogs\u00e5 oss mulighet til \u00e5 kunne tilpasse annonsering p\u00e5 plattformer som Facebook og Snapchat mot kundegrupper basert p\u00e5 deres atferd p\u00e5 nettsiden.\r\n\r\nLyconnordic.no vil ikke overf\u00f8re, selge eller p\u00e5 noen annen m\u00e5te utlevere dine personopplysninger. N\u00e5r det er n\u00f8dvendig, vil v\u00e5re samarbeidspartnere kunne f\u00e5 tilgang for \u00e5 gjennomf\u00f8re n\u00f8dvendige tjenester p\u00e5 vegne av oss. I slike tilfeller inng\u00e5s en databehandleravtale for \u00e5 ivareta sikkerheten.\r\n\r\n&nbsp;\r\n\r\n<strong>Slik kan du unng\u00e5 informasjonskapsler (cookies)<\/strong>\r\n\r\nHvis du \u00f8nsker at det ikke skal lagres cookies p\u00e5 din enhet kan du endre innstillingene i din nettleser. Se nettleserens egne hjelpesider for instruksjoner til hvordan du kan gj\u00f8re dette. Du vil i innstillingene p\u00e5 nettleseren din ogs\u00e5 finne oversikt over hvilke cookies som er lagret p\u00e5 din enhet. Om du velger \u00e5 ikke ha informasjonskapsler p\u00e5 kan funksjoner p\u00e5 lyconnordic.no ikke fungere som normalt.\r\n\r\nVed \u00e5 benytte Lyconnordic.no samtykker du til bruk av informasjonskapsler (cookies).\r\n\r\n<strong>Analyse og personalisering<\/strong>\r\n\r\nLyconnordic.no samler inn anonymisert data fra bes\u00f8k p\u00e5 lyconnordic.no som benyttes til analyse. Opplysningene som samles inn kan ikke spores tilbake til en bruker eller en person. Form\u00e5let med \u00e5 samle inn statistikk er at den kan brukes for \u00e5 videreutvikle og forbedre nettbutikken, samt forst\u00e5 hvordan nettbutikken blir benyttet. Eksempler p\u00e5 data som samles inn er hvor mange sider man bes\u00f8ker, hvilke sider, hvor lenge \u00f8kten varer og hvor trafikken kommer fra. Det samles ogs\u00e5 inn s\u00f8keord som blir benyttet i s\u00f8kemotoren p\u00e5 nettsiden.\r\n\r\nLyconnordic.no bruker ogs\u00e5 anonymisert data til \u00e5 gi deg en mer relevant handleopplevelse. Dette brukes blant annet til \u00e5 vise deg produkter du har sett p\u00e5 tidligere, produkter vi tror du vil like og produkter som er komplement\u00e6re til de du allerede har kj\u00f8pt\/lagt i handlekurven.\r\n\r\n<strong>Markedsf\u00f8ring<\/strong>\r\n\r\nVi bruker cookies og pixels for \u00e5 gi deg en personalisert annonseopplevelse p\u00e5 nett. Lyconnordic.no og v\u00e5re samarbeidspartnere sporer annonser p\u00e5 nett for \u00e5 vite hvilke annonser du har sett, hvilke produkter du har sett hos oss og om du har handlet. Det er ikke mulig for oss \u00e5 spore dette tilbake til deg som enkelt person. Ved \u00e5 gj\u00f8re denne sporingen kan vi tilpasse annonsering etter dine interesser og vise deg relevante annonser.\r\n\r\nLyconnordic.no sender ut markedsf\u00f8ring p\u00e5 e-post og sms hvis vi har et samtykke. Vi \u00f8nsker \u00e5 sende informasjon som oppleves relevant og verdifull for deg til enhver tid. Om du ikke lenger \u00f8nsker \u00e5 motta SMS og\/eller e-post fra lyconnordic.no kan du n\u00e5r som helst melde deg av.\r\n\r\n<!-- \/wp:post-content -->","protected":false},"excerpt":{"rendered":"<p>PERSONVERNERKL\u00c6RING Denne personvernerkl\u00e6ringen gjelder alle forretningsprosesser i Lycon Nordic Limited, heretter benevnt som Behandlingsansvarlig. Erkl\u00e6ringen gir informasjon om databehandling utf\u00f8rt<\/p>\n","protected":false},"author":1,"featured_media":0,"parent":0,"menu_order":0,"comment_status":"closed","ping_status":"closed","template":"","meta":{"footnotes":""},"class_list":["post-3","page","type-page","status-publish","hentry"],"yoast_head":"<!-- This site is optimized with the Yoast SEO plugin v27.3 - https:\/\/yoast.com\/product\/yoast-seo-wordpress\/ -->\n<title>Personvern - Lycon - for private<\/title>\n<meta name=\"robots\" content=\"index, follow, max-snippet:-1, max-image-preview:large, max-video-preview:-1\" \/>\n<link rel=\"canonical\" href=\"https:\/\/lyconnordic.no\/privat\/personvern\/\" \/>\n<meta property=\"og:locale\" content=\"nb_NO\" \/>\n<meta property=\"og:type\" content=\"article\" \/>\n<meta property=\"og:title\" content=\"Personvern - Lycon - for private\" \/>\n<meta property=\"og:description\" content=\"PERSONVERNERKL\u00c6RING Denne personvernerkl\u00e6ringen gjelder alle forretningsprosesser i Lycon Nordic Limited, heretter benevnt som Behandlingsansvarlig. Erkl\u00e6ringen gir informasjon om databehandling utf\u00f8rt\" \/>\n<meta property=\"og:url\" content=\"https:\/\/lyconnordic.no\/privat\/personvern\/\" \/>\n<meta property=\"og:site_name\" content=\"Lycon - for private\" \/>\n<meta property=\"article:modified_time\" content=\"2024-02-09T07:09:31+00:00\" \/>\n<meta name=\"twitter:card\" content=\"summary_large_image\" \/>\n<meta name=\"twitter:label1\" content=\"Ansl. lesetid\" \/>\n\t<meta name=\"twitter:data1\" content=\"6 minutter\" \/>\n<script type=\"application\/ld+json\" class=\"yoast-schema-graph\">{\"@context\":\"https:\\\/\\\/schema.org\",\"@graph\":[{\"@type\":\"WebPage\",\"@id\":\"https:\\\/\\\/lyconnordic.no\\\/privat\\\/personvern\\\/\",\"url\":\"https:\\\/\\\/lyconnordic.no\\\/privat\\\/personvern\\\/\",\"name\":\"Personvern - Lycon - for private\",\"isPartOf\":{\"@id\":\"https:\\\/\\\/lyconnordic.no\\\/privat\\\/#website\"},\"datePublished\":\"2023-10-13T08:24:02+00:00\",\"dateModified\":\"2024-02-09T07:09:31+00:00\",\"breadcrumb\":{\"@id\":\"https:\\\/\\\/lyconnordic.no\\\/privat\\\/personvern\\\/#breadcrumb\"},\"inLanguage\":\"nb-NO\",\"potentialAction\":[{\"@type\":\"ReadAction\",\"target\":[\"https:\\\/\\\/lyconnordic.no\\\/privat\\\/personvern\\\/\"]}]},{\"@type\":\"BreadcrumbList\",\"@id\":\"https:\\\/\\\/lyconnordic.no\\\/privat\\\/personvern\\\/#breadcrumb\",\"itemListElement\":[{\"@type\":\"ListItem\",\"position\":1,\"name\":\"Hjem\",\"item\":\"https:\\\/\\\/lyconnordic.no\\\/privat\\\/\"},{\"@type\":\"ListItem\",\"position\":2,\"name\":\"Personvern\"}]},{\"@type\":\"WebSite\",\"@id\":\"https:\\\/\\\/lyconnordic.no\\\/privat\\\/#website\",\"url\":\"https:\\\/\\\/lyconnordic.no\\\/privat\\\/\",\"name\":\"Lycon - for private\",\"description\":\"Australias voksmerke #1\",\"potentialAction\":[{\"@type\":\"SearchAction\",\"target\":{\"@type\":\"EntryPoint\",\"urlTemplate\":\"https:\\\/\\\/lyconnordic.no\\\/privat\\\/?s={search_term_string}\"},\"query-input\":{\"@type\":\"PropertyValueSpecification\",\"valueRequired\":true,\"valueName\":\"search_term_string\"}}],\"inLanguage\":\"nb-NO\"}]}<\/script>\n<!-- \/ Yoast SEO plugin. -->","yoast_head_json":{"title":"Personvern - Lycon - for private","robots":{"index":"index","follow":"follow","max-snippet":"max-snippet:-1","max-image-preview":"max-image-preview:large","max-video-preview":"max-video-preview:-1"},"canonical":"https:\/\/lyconnordic.no\/privat\/personvern\/","og_locale":"nb_NO","og_type":"article","og_title":"Personvern - Lycon - for private","og_description":"PERSONVERNERKL\u00c6RING Denne personvernerkl\u00e6ringen gjelder alle forretningsprosesser i Lycon Nordic Limited, heretter benevnt som Behandlingsansvarlig. Erkl\u00e6ringen gir informasjon om databehandling utf\u00f8rt","og_url":"https:\/\/lyconnordic.no\/privat\/personvern\/","og_site_name":"Lycon - for private","article_modified_time":"2024-02-09T07:09:31+00:00","twitter_card":"summary_large_image","twitter_misc":{"Ansl. lesetid":"6 minutter"},"schema":{"@context":"https:\/\/schema.org","@graph":[{"@type":"WebPage","@id":"https:\/\/lyconnordic.no\/privat\/personvern\/","url":"https:\/\/lyconnordic.no\/privat\/personvern\/","name":"Personvern - Lycon - for private","isPartOf":{"@id":"https:\/\/lyconnordic.no\/privat\/#website"},"datePublished":"2023-10-13T08:24:02+00:00","dateModified":"2024-02-09T07:09:31+00:00","breadcrumb":{"@id":"https:\/\/lyconnordic.no\/privat\/personvern\/#breadcrumb"},"inLanguage":"nb-NO","potentialAction":[{"@type":"ReadAction","target":["https:\/\/lyconnordic.no\/privat\/personvern\/"]}]},{"@type":"BreadcrumbList","@id":"https:\/\/lyconnordic.no\/privat\/personvern\/#breadcrumb","itemListElement":[{"@type":"ListItem","position":1,"name":"Hjem","item":"https:\/\/lyconnordic.no\/privat\/"},{"@type":"ListItem","position":2,"name":"Personvern"}]},{"@type":"WebSite","@id":"https:\/\/lyconnordic.no\/privat\/#website","url":"https:\/\/lyconnordic.no\/privat\/","name":"Lycon - for private","description":"Australias voksmerke #1","potentialAction":[{"@type":"SearchAction","target":{"@type":"EntryPoint","urlTemplate":"https:\/\/lyconnordic.no\/privat\/?s={search_term_string}"},"query-input":{"@type":"PropertyValueSpecification","valueRequired":true,"valueName":"search_term_string"}}],"inLanguage":"nb-NO"}]}},"_links":{"self":[{"href":"https:\/\/lyconnordic.no\/privat\/wp-json\/wp\/v2\/pages\/3","targetHints":{"allow":["GET"]}}],"collection":[{"href":"https:\/\/lyconnordic.no\/privat\/wp-json\/wp\/v2\/pages"}],"about":[{"href":"https:\/\/lyconnordic.no\/privat\/wp-json\/wp\/v2\/types\/page"}],"author":[{"embeddable":true,"href":"https:\/\/lyconnordic.no\/privat\/wp-json\/wp\/v2\/users\/1"}],"replies":[{"embeddable":true,"href":"https:\/\/lyconnordic.no\/privat\/wp-json\/wp\/v2\/comments?post=3"}],"version-history":[{"count":8,"href":"https:\/\/lyconnordic.no\/privat\/wp-json\/wp\/v2\/pages\/3\/revisions"}],"predecessor-version":[{"id":18081,"href":"https:\/\/lyconnordic.no\/privat\/wp-json\/wp\/v2\/pages\/3\/revisions\/18081"}],"wp:attachment":[{"href":"https:\/\/lyconnordic.no\/privat\/wp-json\/wp\/v2\/media?parent=3"}],"curies":[{"name":"wp","href":"https:\/\/api.w.org\/{rel}","templated":true}]}}