{"id":17307,"date":"2023-11-08T10:59:32","date_gmt":"2023-11-08T10:59:32","guid":{"rendered":"https:\/\/lyconnordic.nyside2.net\/privat\/?page_id=17307"},"modified":"2024-02-09T08:08:24","modified_gmt":"2024-02-09T07:08:24","slug":"samarbeid-med-lycon","status":"publish","type":"page","link":"https:\/\/lyconnordic.no\/privat\/samarbeid-med-lycon\/","title":{"rendered":"Samarbeid med Lycon"},"content":{"rendered":"\t\t<div data-elementor-type=\"wp-page\" data-elementor-id=\"17307\" class=\"elementor elementor-17307\">\n\t\t\t\t<div class=\"wd-negative-gap elementor-element elementor-element-78d822a4 e-flex e-con-boxed e-con e-parent\" data-id=\"78d822a4\" data-element_type=\"container\" data-e-type=\"container\">\n\t\t\t\t\t<div class=\"e-con-inner\">\n\t\t\t\t<div class=\"elementor-element elementor-element-0c42d4f elementor-widget elementor-widget-wd_text_block\" data-id=\"0c42d4f\" data-element_type=\"widget\" data-e-type=\"widget\" data-widget_type=\"wd_text_block.default\">\n\t\t\t\t<div class=\"elementor-widget-container\">\n\t\t\t\t\t\t\t<div class=\"wd-text-block reset-last-child text-left\">\n\t\t\t\n\t\t\t<h3>Samarbeid med Lycon<\/h3><p>Lycon Nordic s\u00f8ker samarbeid med norske Influensere som retter seg mot kosmetikk og hudpleie segmentet.<\/p><p>Send oss en s\u00f8knad nedenfor:<\/p>\n\t\t\t\t\t<\/div>\n\t\t\t\t\t\t<\/div>\n\t\t\t\t<\/div>\n\t\t\t\t<div class=\"elementor-element elementor-element-6885f4a fluentform-widget-submit-button-full-width bestillingsskjema fluent-form-widget-step-header-yes fluent-form-widget-step-progressbar-yes elementor-widget elementor-widget-fluent-form-widget\" data-id=\"6885f4a\" data-element_type=\"widget\" data-e-type=\"widget\" data-widget_type=\"fluent-form-widget.default\">\n\t\t\t\t<div class=\"elementor-widget-container\">\n\t\t\t\t\t\n            <div class=\"fluentform-widget-wrapper fluentform-widget-align-default\">\n\n            \n            <div class='fluentform ff-default fluentform_wrapper_4 ffs_default_wrap'><form data-form_id=\"4\" id=\"fluentform_4\" class=\"frm-fluent-form fluent_form_4 ff-el-form-top ff_form_instance_4_1 ff-form-loading ffs_default\" data-form_instance=\"ff_form_instance_4_1\" method=\"POST\" ><fieldset  style=\"border: none!important;margin: 0!important;padding: 0!important;background-color: transparent!important;box-shadow: none!important;outline: none!important; min-inline-size: 100%;\">\n                    <legend class=\"ff_screen_reader_title\" style=\"display: block; margin: 0!important;padding: 0!important;height: 0!important;text-indent: -999999px;width: 0!important;overflow:hidden;\">Forhandler - Bestillingsskjema<\/legend><input type='hidden' name='__fluent_form_embded_post_id' value='17307' \/><input type=\"hidden\" id=\"_fluentform_4_fluentformnonce\" name=\"_fluentform_4_fluentformnonce\" value=\"a5b2069e81\" \/><input type=\"hidden\" name=\"_wp_http_referer\" value=\"\/privat\/wp-json\/wp\/v2\/pages\/17307\" \/><div class='ff-el-group  ff-custom_html skjemaheading' tabindex='-1' data-name=\"custom_html-4_1\" ><p>Kontaktinformasjon<\/p><\/div><div data-name=\"ff_cn_id_1\"  class='ff-t-container ff-column-container ff_columns_total_2 '><div class='ff-t-cell ff-t-column-1' style='flex-basis: 50%;'><div class='ff-el-group ff-el-form-hide_label'><div class=\"ff-el-input--label asterisk-right\"><label for='ff_4_input_text' id='label_ff_4_input_text' aria-label=\"Firmanamn \/ Salongnavn\">Firmanamn \/ Salongnavn<\/label><\/div><div class='ff-el-input--content'><input type=\"text\" name=\"input_text\" class=\"ff-el-form-control\" placeholder=\"Firmanamn \/ Salongnavn\" data-name=\"input_text\" id=\"ff_4_input_text\"  aria-invalid=\"false\" aria-required=false><\/div><\/div><\/div><div class='ff-t-cell ff-t-column-2' style='flex-basis: 50%;'><div class='ff-el-group ff-el-form-hide_label'><div class=\"ff-el-input--label asterisk-right\"><label for='ff_4_input_text_4' id='label_ff_4_input_text_4' aria-label=\"Organisasjonsnummer\">Organisasjonsnummer<\/label><\/div><div class='ff-el-input--content'><input type=\"text\" name=\"input_text_4\" class=\"ff-el-form-control\" placeholder=\"Organisasjonsnummer\" data-name=\"input_text_4\" id=\"ff_4_input_text_4\"  aria-invalid=\"false\" aria-required=false><\/div><\/div><\/div><\/div><div class='ff-el-group ff-el-form-hide_label'><div class=\"ff-el-input--label asterisk-right\"><label for='ff_4_input_text_1' id='label_ff_4_input_text_1' aria-label=\"Kontaktperson\">Kontaktperson<\/label><\/div><div class='ff-el-input--content'><input type=\"text\" name=\"input_text_1\" class=\"ff-el-form-control\" placeholder=\"Kontaktperson\" data-name=\"input_text_1\" id=\"ff_4_input_text_1\"  aria-invalid=\"false\" aria-required=false><\/div><\/div><div data-name=\"ff_cn_id_2\"  class='ff-t-container ff-column-container ff_columns_total_2 '><div class='ff-t-cell ff-t-column-1' style='flex-basis: 50%;'><div class='ff-el-group ff-el-form-hide_label'><div class=\"ff-el-input--label ff-el-is-required asterisk-right\"><label for='ff_4_email' id='label_ff_4_email' aria-label=\"Epost\">Epost<\/label><\/div><div class='ff-el-input--content'><input type=\"email\" name=\"email\" id=\"ff_4_email\" class=\"ff-el-form-control\" placeholder=\"Epostadresse\" data-name=\"email\"  aria-invalid=\"false\" aria-required=true><\/div><\/div><\/div><div class='ff-t-cell ff-t-column-2' style='flex-basis: 50%;'><div class='ff-el-group ff-el-form-hide_label'><div class=\"ff-el-input--label asterisk-right\"><label for='ff_4_numeric-field' id='label_ff_4_numeric-field' aria-label=\"Telefon\">Telefon<\/label><\/div><div class='ff-el-input--content'><input type=\"number\" name=\"numeric-field\" id=\"ff_4_numeric-field\" class=\"ff-el-form-control\" placeholder=\"Telefon\" data-name=\"numeric-field\" inputmode=\"numeric\" step=\"any\"  aria-invalid=\"false\" aria-required=false><\/div><\/div><\/div><\/div><div data-name=\"ff_cn_id_3\"  class='ff-t-container ff-column-container ff_columns_total_3 '><div class='ff-t-cell ff-t-column-1' style='flex-basis: 33.33%;'><div class='ff-el-group ff-el-form-hide_label'><div class=\"ff-el-input--label asterisk-right\"><label for='ff_4_input_text_2' id='label_ff_4_input_text_2' aria-label=\"Leveringsadresse\">Leveringsadresse<\/label><\/div><div class='ff-el-input--content'><input type=\"text\" name=\"input_text_2\" class=\"ff-el-form-control\" placeholder=\"Leveringsadresse\" data-name=\"input_text_2\" id=\"ff_4_input_text_2\"  aria-invalid=\"false\" aria-required=false><\/div><\/div><\/div><div class='ff-t-cell ff-t-column-2' style='flex-basis: 33.33%;'><div class='ff-el-group ff-el-form-hide_label'><div class=\"ff-el-input--label asterisk-right\"><label for='ff_4_numeric-field_1' id='label_ff_4_numeric-field_1' aria-label=\"Postnummer\">Postnummer<\/label><\/div><div class='ff-el-input--content'><input type=\"number\" name=\"numeric-field_1\" id=\"ff_4_numeric-field_1\" class=\"ff-el-form-control\" placeholder=\"Postnummer\" data-name=\"numeric-field_1\" inputmode=\"numeric\" step=\"any\"  aria-invalid=\"false\" aria-required=false><\/div><\/div><\/div><div class='ff-t-cell ff-t-column-3' style='flex-basis: 33.33%;'><div class='ff-el-group ff-el-form-hide_label'><div class=\"ff-el-input--label asterisk-right\"><label for='ff_4_input_text_3' id='label_ff_4_input_text_3' aria-label=\"Sted\">Sted<\/label><\/div><div class='ff-el-input--content'><input type=\"text\" name=\"input_text_3\" class=\"ff-el-form-control\" placeholder=\"Sted\" data-name=\"input_text_3\" id=\"ff_4_input_text_3\"  aria-invalid=\"false\" aria-required=false><\/div><\/div><\/div><\/div><div class='ff-el-group  ff-custom_html skjemaheading toppmargin' tabindex='-1' data-name=\"custom_html-4_2\" ><p>Jeg \u00f8nsker \u00e5 bestille<\/p><\/div><div class='ff-el-group  ff-custom_html infotext' tabindex='-1' data-name=\"custom_html-4_3\" ><p>Fyll ut produktnavn eller artikkelnummer og antall du \u00f8nsker \u00e5 bestille.<br \/>Du kan legge til flere produkter ved \u00e5 klikke p\u00e5 pluss-tegnet til h\u00f8yre.<\/p><\/div>        <div data-type=\"repeater_field\" data-name=\"bestillingprodukt\" class=\"ff-el-group ff-el-repeater js-repeater  produktbestilling ff-el-form-hide_label\" data-root_name=\"bestillingprodukt\"  >\n            <div class='ff-el-input--label asterisk-right'><label aria-label='Produkter' for=''>Produkter<\/label><\/div>            <div class='ff-el-input--content'>\n                <table role=\"table\" aria-label=\"Repeater Field\" data-max_repeat=\"\" data-root_name=\"bestillingprodukt\" class=\"ff_repeater_table ff_flexible_table\">\n                    <thead>\n                    <tr>\n                                                    <th><div class='ff-el-input--label asterisk-right'><label aria-label='Produktnavn' for=''>Produktnavn<\/label><\/div><\/th>\n                                                    <th><div class='ff-el-input--label asterisk-right'><label aria-label='Antall' for=''>Antall<\/label><\/div><\/th>\n                                                <th><\/th>\n                    <\/tr>\n                    <\/thead>\n                    <tbody>\n                    <tr>\n                                                    <td data-label=\"Produktnavn\">\n                                                                <div class='ff-el-group'><div class='ff-el-input--content'><input type=\"text\" placeholder=\"Produktnavn\" aria-label=\"repeater level 1 and field Produktnavn\" name=\"bestillingprodukt[0][]\" id=\"ff_4_bestillingprodukt_0\" data-repeater_index=\"0\" data-type=\"repeater_item\" data-name=\"bestillingprodukt_0_0\" data-error_index=\"bestillingprodukt[0]\" class=\"ff-el-form-control\"  aria-invalid=\"false\" aria-required=false><\/div><\/div>                            <\/td>\n                                                    <td data-label=\"Antall\">\n                                                                <div class='ff-el-group'><div class='ff-el-input--content'><input type=\"number\" placeholder=\"Antall\" aria-label=\"repeater level 1 and field Antall\" name=\"bestillingprodukt[0][]\" id=\"ff_4_bestillingprodukt_1\" data-repeater_index=\"1\" data-type=\"repeater_item\" data-name=\"bestillingprodukt_1_0\" data-error_index=\"bestillingprodukt[1]\" inputmode=\"numeric\" step=\"any\" class=\"ff-el-form-control\"  aria-invalid=\"false\" aria-required=false><\/div><\/div>                            <\/td>\n                                                <td class=\"repeat_btn\"><div class=\"ff-el-repeat-buttons-list js-repeat-buttons\"><span role=\"button\" aria-label=\"add repeater\" class=\"repeat-plus\"><svg tabindex=\"0\" width=\"20\" height=\"20\" viewBox=\"0 0 512 512\"><path d=\"m256 48c-115 0-208 93-208 208 0 115 93 208 208 208 115 0 208-93 208-208 0-115-93-208-208-208z m107 229l-86 0 0 86-42 0 0-86-86 0 0-42 86 0 0-86 42 0 0 86 86 0z\"><\/path><\/svg><\/span><span role=\"button\" aria-label=\"remove repeater\" class=\"repeat-minus\"><svg tabindex=\"0\" width=\"20\" height=\"20\" viewBox=\"0 0 512 512\"><path d=\"m256 48c-115 0-208 93-208 208 0 115 93 208 208 208 115 0 208-93 208-208 0-115-93-208-208-208z m107 229l-214 0 0-42 214 0z\"\"><\/path><\/svg><\/span><\/div><\/td>\n                    <\/tr>\n                    <\/tbody>\n                <\/table>\n            <\/div>\n        <\/div>\n        <div class='ff-el-group ff-el-form-hide_label'><div class=\"ff-el-input--label ff-el-is-required asterisk-right\"><label for='ff_4_message' id='label_ff_4_message' aria-label=\"Melding\">Melding <\/label><\/div><div class='ff-el-input--content'><textarea aria-required=\"true\" aria-labelledby=\"label_ff_4_message\" name=\"message\" id=\"ff_4_message\" class=\"ff-el-form-control\" placeholder=\"Kommentar (valgfritt)\" rows=\"4\" cols=\"2\" data-name=\"message\" ><\/textarea><\/div><\/div><div class='ff-el-group    ff-el-input--content'><div class='ff-el-form-check ff-el-tc'><label aria-label='Jeg samtykker i at denne nettsiden lagrer min innsendte informasjon slik at de kan svare p\u00e5 foresp\u00f8rselen min' class='ff-el-form-check-label ff_tc_label' for=gdpr-agreement_682d4569495ded54257b1c86e5017dc4><span class='ff_tc_checkbox'><input type=\"checkbox\" name=\"gdpr-agreement\" class=\"ff-el-form-check-input ff_gdpr_field\" data-name=\"gdpr-agreement\" id=\"gdpr-agreement_682d4569495ded54257b1c86e5017dc4\"  value='on' aria-invalid='false' aria-required=true><\/span> <div class='ff_t_c'>Jeg samtykker i at denne nettsiden lagrer min innsendte informasjon slik at de kan svare p\u00e5 foresp\u00f8rselen min<\/div><\/label><\/div><\/div><div class='ff-el-group ff-text-left ff_submit_btn_wrapper'><button type=\"submit\" class=\"ff-btn ff-btn-submit ff-btn-md ff_btn_style\"  aria-label=\"Send bestilling\">Send bestilling<\/button><\/div><\/fieldset><\/form><div id='fluentform_4_errors' class='ff-errors-in-stack ff_form_instance_4_1 ff-form-loading_errors ff_form_instance_4_1_errors'><\/div><\/div>            <script type=\"text\/javascript\">\n                window.fluent_form_ff_form_instance_4_1 = {\"id\":\"4\",\"settings\":{\"layout\":{\"labelPlacement\":\"top\",\"helpMessagePlacement\":\"with_label\",\"errorMessagePlacement\":\"inline\",\"cssClassName\":\"\",\"asteriskPlacement\":\"asterisk-right\"},\"restrictions\":{\"denyEmptySubmission\":{\"enabled\":false}}},\"form_instance\":\"ff_form_instance_4_1\",\"form_id_selector\":\"fluentform_4\",\"rules\":{\"input_text\":{\"required\":{\"value\":false,\"message\":\"This field is required\",\"global_message\":\"This field is required\",\"global\":true}},\"input_text_4\":{\"required\":{\"value\":false,\"message\":\"This field is required\",\"global_message\":\"This field is required\",\"global\":true}},\"input_text_1\":{\"required\":{\"value\":false,\"message\":\"This field is required\",\"global_message\":\"This field is required\",\"global\":true}},\"email\":{\"required\":{\"value\":true,\"message\":\"This field is required\",\"global\":false,\"global_message\":\"This field is required\"},\"email\":{\"value\":true,\"message\":\"This field must contain a valid email\",\"global\":false,\"global_message\":\"This field must contain a valid email\"}},\"numeric-field\":{\"required\":{\"value\":false,\"message\":\"This field is required\",\"global_message\":\"This field is required\",\"global\":true},\"numeric\":{\"value\":true,\"message\":\"This field must contain numeric value\",\"global_message\":\"This field must contain numeric value\",\"global\":true},\"min\":{\"value\":\"\",\"message\":\"Validation fails for minimum value\",\"global_message\":\"Validation fails for minimum value\",\"global\":true},\"max\":{\"value\":\"\",\"message\":\"Validation fails for maximum value\",\"global_message\":\"Validation fails for maximum value\",\"global\":true},\"digits\":{\"value\":\"\",\"message\":\"Validation fails for limited digits\",\"global_message\":\"Validation fails for limited digits\",\"global\":true}},\"input_text_2\":{\"required\":{\"value\":false,\"message\":\"This field is required\",\"global_message\":\"This field is required\",\"global\":true}},\"numeric-field_1\":{\"required\":{\"value\":false,\"message\":\"This field is required\",\"global_message\":\"This field is required\",\"global\":true},\"numeric\":{\"value\":true,\"message\":\"This field must contain numeric value\",\"global_message\":\"This field must contain numeric value\",\"global\":true},\"min\":{\"value\":\"\",\"message\":\"Validation fails for minimum value\",\"global_message\":\"Validation fails for minimum value\",\"global\":true},\"max\":{\"value\":\"\",\"message\":\"Validation fails for maximum value\",\"global_message\":\"Validation fails for maximum value\",\"global\":true},\"digits\":{\"value\":\"\",\"message\":\"Validation fails for limited digits\",\"global_message\":\"Validation fails for limited digits\",\"global\":true}},\"input_text_3\":{\"required\":{\"value\":false,\"message\":\"This field is required\",\"global_message\":\"This field is required\",\"global\":true}},\"bestillingprodukt[0]\":{\"required\":{\"value\":false,\"message\":\"This field is required\",\"global\":false,\"global_message\":\"This field is required\"}},\"bestillingprodukt[1]\":{\"required\":{\"value\":false,\"global\":true,\"global_message\":\"This field is required\",\"message\":\"This field is required\"}},\"message\":{\"required\":{\"value\":true,\"message\":\"This field is required\",\"global\":false,\"global_message\":\"This field is required\"}},\"gdpr-agreement\":{\"required\":{\"value\":true,\"message\":\"This field is required\",\"global\":false,\"global_message\":\"This field is required\"}}},\"debounce_time\":300};\n                            <\/script>\n                        <\/div>\n\n            \t\t\t\t<\/div>\n\t\t\t\t<\/div>\n\t\t\t\t\t<\/div>\n\t\t\t\t<\/div>\n\t\t\t\t<\/div>\n\t\t","protected":false},"excerpt":{"rendered":"<p>Samarbeid med Lycon Lycon Nordic s\u00f8ker samarbeid med norske Influensere som retter seg mot kosmetikk og hudpleie segmentet. Send oss<\/p>\n","protected":false},"author":1,"featured_media":0,"parent":0,"menu_order":0,"comment_status":"closed","ping_status":"closed","template":"","meta":{"footnotes":""},"class_list":["post-17307","page","type-page","status-publish","hentry"],"yoast_head":"<!-- This site is optimized with the Yoast SEO plugin v27.3 - https:\/\/yoast.com\/product\/yoast-seo-wordpress\/ -->\n<title>Samarbeid med Lycon - Lycon - for private<\/title>\n<meta name=\"robots\" content=\"index, follow, max-snippet:-1, max-image-preview:large, max-video-preview:-1\" \/>\n<link rel=\"canonical\" href=\"https:\/\/lyconnordic.no\/privat\/samarbeid-med-lycon\/\" \/>\n<meta property=\"og:locale\" content=\"nb_NO\" \/>\n<meta property=\"og:type\" content=\"article\" \/>\n<meta property=\"og:title\" content=\"Samarbeid med Lycon - Lycon - for private\" \/>\n<meta property=\"og:description\" content=\"Samarbeid med Lycon Lycon Nordic s\u00f8ker samarbeid med norske Influensere som retter seg mot kosmetikk og hudpleie segmentet. Send oss\" \/>\n<meta property=\"og:url\" content=\"https:\/\/lyconnordic.no\/privat\/samarbeid-med-lycon\/\" \/>\n<meta property=\"og:site_name\" content=\"Lycon - for private\" \/>\n<meta property=\"article:modified_time\" content=\"2024-02-09T07:08:24+00:00\" \/>\n<meta name=\"twitter:card\" content=\"summary_large_image\" \/>\n<script type=\"application\/ld+json\" class=\"yoast-schema-graph\">{\"@context\":\"https:\\\/\\\/schema.org\",\"@graph\":[{\"@type\":\"WebPage\",\"@id\":\"https:\\\/\\\/lyconnordic.no\\\/privat\\\/samarbeid-med-lycon\\\/\",\"url\":\"https:\\\/\\\/lyconnordic.no\\\/privat\\\/samarbeid-med-lycon\\\/\",\"name\":\"Samarbeid med Lycon - Lycon - for private\",\"isPartOf\":{\"@id\":\"https:\\\/\\\/lyconnordic.no\\\/privat\\\/#website\"},\"datePublished\":\"2023-11-08T10:59:32+00:00\",\"dateModified\":\"2024-02-09T07:08:24+00:00\",\"breadcrumb\":{\"@id\":\"https:\\\/\\\/lyconnordic.no\\\/privat\\\/samarbeid-med-lycon\\\/#breadcrumb\"},\"inLanguage\":\"nb-NO\",\"potentialAction\":[{\"@type\":\"ReadAction\",\"target\":[\"https:\\\/\\\/lyconnordic.no\\\/privat\\\/samarbeid-med-lycon\\\/\"]}]},{\"@type\":\"BreadcrumbList\",\"@id\":\"https:\\\/\\\/lyconnordic.no\\\/privat\\\/samarbeid-med-lycon\\\/#breadcrumb\",\"itemListElement\":[{\"@type\":\"ListItem\",\"position\":1,\"name\":\"Hjem\",\"item\":\"https:\\\/\\\/lyconnordic.no\\\/privat\\\/\"},{\"@type\":\"ListItem\",\"position\":2,\"name\":\"Samarbeid med Lycon\"}]},{\"@type\":\"WebSite\",\"@id\":\"https:\\\/\\\/lyconnordic.no\\\/privat\\\/#website\",\"url\":\"https:\\\/\\\/lyconnordic.no\\\/privat\\\/\",\"name\":\"Lycon - for private\",\"description\":\"Australias voksmerke #1\",\"potentialAction\":[{\"@type\":\"SearchAction\",\"target\":{\"@type\":\"EntryPoint\",\"urlTemplate\":\"https:\\\/\\\/lyconnordic.no\\\/privat\\\/?s={search_term_string}\"},\"query-input\":{\"@type\":\"PropertyValueSpecification\",\"valueRequired\":true,\"valueName\":\"search_term_string\"}}],\"inLanguage\":\"nb-NO\"}]}<\/script>\n<!-- \/ Yoast SEO plugin. -->","yoast_head_json":{"title":"Samarbeid med Lycon - Lycon - for private","robots":{"index":"index","follow":"follow","max-snippet":"max-snippet:-1","max-image-preview":"max-image-preview:large","max-video-preview":"max-video-preview:-1"},"canonical":"https:\/\/lyconnordic.no\/privat\/samarbeid-med-lycon\/","og_locale":"nb_NO","og_type":"article","og_title":"Samarbeid med Lycon - Lycon - for private","og_description":"Samarbeid med Lycon Lycon Nordic s\u00f8ker samarbeid med norske Influensere som retter seg mot kosmetikk og hudpleie segmentet. Send oss","og_url":"https:\/\/lyconnordic.no\/privat\/samarbeid-med-lycon\/","og_site_name":"Lycon - for private","article_modified_time":"2024-02-09T07:08:24+00:00","twitter_card":"summary_large_image","schema":{"@context":"https:\/\/schema.org","@graph":[{"@type":"WebPage","@id":"https:\/\/lyconnordic.no\/privat\/samarbeid-med-lycon\/","url":"https:\/\/lyconnordic.no\/privat\/samarbeid-med-lycon\/","name":"Samarbeid med Lycon - Lycon - for private","isPartOf":{"@id":"https:\/\/lyconnordic.no\/privat\/#website"},"datePublished":"2023-11-08T10:59:32+00:00","dateModified":"2024-02-09T07:08:24+00:00","breadcrumb":{"@id":"https:\/\/lyconnordic.no\/privat\/samarbeid-med-lycon\/#breadcrumb"},"inLanguage":"nb-NO","potentialAction":[{"@type":"ReadAction","target":["https:\/\/lyconnordic.no\/privat\/samarbeid-med-lycon\/"]}]},{"@type":"BreadcrumbList","@id":"https:\/\/lyconnordic.no\/privat\/samarbeid-med-lycon\/#breadcrumb","itemListElement":[{"@type":"ListItem","position":1,"name":"Hjem","item":"https:\/\/lyconnordic.no\/privat\/"},{"@type":"ListItem","position":2,"name":"Samarbeid med Lycon"}]},{"@type":"WebSite","@id":"https:\/\/lyconnordic.no\/privat\/#website","url":"https:\/\/lyconnordic.no\/privat\/","name":"Lycon - for private","description":"Australias voksmerke #1","potentialAction":[{"@type":"SearchAction","target":{"@type":"EntryPoint","urlTemplate":"https:\/\/lyconnordic.no\/privat\/?s={search_term_string}"},"query-input":{"@type":"PropertyValueSpecification","valueRequired":true,"valueName":"search_term_string"}}],"inLanguage":"nb-NO"}]}},"_links":{"self":[{"href":"https:\/\/lyconnordic.no\/privat\/wp-json\/wp\/v2\/pages\/17307","targetHints":{"allow":["GET"]}}],"collection":[{"href":"https:\/\/lyconnordic.no\/privat\/wp-json\/wp\/v2\/pages"}],"about":[{"href":"https:\/\/lyconnordic.no\/privat\/wp-json\/wp\/v2\/types\/page"}],"author":[{"embeddable":true,"href":"https:\/\/lyconnordic.no\/privat\/wp-json\/wp\/v2\/users\/1"}],"replies":[{"embeddable":true,"href":"https:\/\/lyconnordic.no\/privat\/wp-json\/wp\/v2\/comments?post=17307"}],"version-history":[{"count":17,"href":"https:\/\/lyconnordic.no\/privat\/wp-json\/wp\/v2\/pages\/17307\/revisions"}],"predecessor-version":[{"id":18080,"href":"https:\/\/lyconnordic.no\/privat\/wp-json\/wp\/v2\/pages\/17307\/revisions\/18080"}],"wp:attachment":[{"href":"https:\/\/lyconnordic.no\/privat\/wp-json\/wp\/v2\/media?parent=17307"}],"curies":[{"name":"wp","href":"https:\/\/api.w.org\/{rel}","templated":true}]}}