{"id":16297,"date":"2023-10-19T07:22:14","date_gmt":"2023-10-19T07:22:14","guid":{"rendered":"https:\/\/lyconnordic.nyside2.net\/privat\/?page_id=16297"},"modified":"2024-02-06T12:23:50","modified_gmt":"2024-02-06T11:23:50","slug":"hvordan-velge-riktig-voks","status":"publish","type":"page","link":"https:\/\/lyconnordic.no\/privat\/hvordan-velge-riktig-voks\/","title":{"rendered":"Hvordan velge riktig voks?"},"content":{"rendered":"\t\t<div data-elementor-type=\"wp-page\" data-elementor-id=\"16297\" class=\"elementor elementor-16297\">\n\t\t\t\t<div class=\"wd-negative-gap elementor-element elementor-element-6ce3189 e-flex e-con-boxed e-con e-parent\" data-id=\"6ce3189\" data-element_type=\"container\" data-e-type=\"container\">\n\t\t\t\t\t<div class=\"e-con-inner\">\n\t\t<div class=\"elementor-element elementor-element-0d1b314 e-con-full e-flex e-con e-child\" data-id=\"0d1b314\" data-element_type=\"container\" data-e-type=\"container\">\n\t\t\t\t<div class=\"elementor-element elementor-element-e21b99f wd-width-100 elementor-widget elementor-widget-wd_title\" data-id=\"e21b99f\" data-element_type=\"widget\" data-e-type=\"widget\" data-widget_type=\"wd_title.default\">\n\t\t\t\t<div class=\"elementor-widget-container\">\n\t\t\t\t\t\t\t<div class=\"title-wrapper wd-set-mb reset-last-child wd-title-color-primary wd-title-style-default wd-title-size-large text-left\">\n\n\t\t\t\t\t\t\t\t\t\t\t<div class=\"title-subtitle subtitle-color-primary subtitle-style-default wd-fontsize-xs\">\n\t\t\t\t\tLycon precision Waxing System\t\t\t\t<\/div>\n\t\t\t\n\t\t\t<div class=\"liner-continer\">\n\t\t\t\t<h4 class=\"woodmart-title-container title wd-fontsize-xxl\">Kj\u00e6rt barn har mange navn! Hva er forskjell p\u00e5 Hot Wax og Strip Wax?<\/h4> \n\t\t\t\t\t\t\t<\/div>\n\n\t\t\t\t\t<\/div>\n\t\t\t\t\t\t<\/div>\n\t\t\t\t<\/div>\n\t\t\t\t<div class=\"elementor-element elementor-element-e7f6014 elementor-widget elementor-widget-wd_text_block\" data-id=\"e7f6014\" data-element_type=\"widget\" data-e-type=\"widget\" data-widget_type=\"wd_text_block.default\">\n\t\t\t\t<div class=\"elementor-widget-container\">\n\t\t\t\t\t\t\t<div class=\"wd-text-block reset-last-child text-left\">\n\t\t\t\n\t\t\t<p>B\u00e5de Hot Wax og Strip Wax er voks som brukes til h\u00e5rfjerning. Forskjellen er m\u00e5ten de brukes p\u00e5 og hvor p\u00e5 kroppen de brukes.<\/p><p><strong>Hot Wax<\/strong> (engelsk) kalles <strong>stripsfri voks<\/strong> p\u00e5 norsk. Denne voksen p\u00e5f\u00f8res i litt tykkere lag (bananskall tykkelse). Man lar s\u00e5 voksen stivne litt f\u00f8r man fjerner den ved \u00e5 ta tak i kanten og dra av selve \u00abvokslappen\u00bb. Denne voksen er fin \u00e5 bruke p\u00e5 mer sensitive omr\u00e5der som ansikt, armhuler, bikini og brazilian.<\/p><p><strong>Strip Wax<\/strong> (engelsk) kalles <strong>stripsvoks<\/strong> p\u00e5 norsk. Denne voksen kalles ogs\u00e5 for <strong>roll-on<\/strong> fordi den kommer i en beholder med rulle slik at man enkelt bare kan rulle voksen p\u00e5 huden. Denne voksen p\u00e5f\u00f8res i tynnere lag. Det holder med \u00e5 rulle p\u00e5 ett lag med voks f\u00f8r man legger en papirremse p\u00e5, stryker over denne med h\u00e5nden s\u00e5 den fester seg til hud og h\u00e5r og s\u00e5 drar den av. Denne voksen er fin \u00e5 bruke p\u00e5 litt st\u00f8rre omr\u00e5der som ben, armer, rygg og bryst (p\u00e5 menn).<\/p>\n\t\t\t\t\t<\/div>\n\t\t\t\t\t\t<\/div>\n\t\t\t\t<\/div>\n\t\t\t\t<\/div>\n\t\t<div class=\"elementor-element elementor-element-a398758 e-con-full color-scheme-light shadowbox e-flex e-con e-child\" data-id=\"a398758\" data-element_type=\"container\" data-e-type=\"container\" data-settings=\"{&quot;background_background&quot;:&quot;classic&quot;}\">\n\t\t\t\t<div class=\"elementor-element elementor-element-9ae0ec1 elementor-widget elementor-widget-wd_text_block\" data-id=\"9ae0ec1\" data-element_type=\"widget\" data-e-type=\"widget\" data-widget_type=\"wd_text_block.default\">\n\t\t\t\t<div class=\"elementor-widget-container\">\n\t\t\t\t\t\t\t<div class=\"wd-text-block reset-last-child text-left\">\n\t\t\t\n\t\t\t<h3>LYCONs vokstyper er:<\/h3>\n\t\t\t\t\t<\/div>\n\t\t\t\t\t\t<\/div>\n\t\t\t\t<\/div>\n\t\t\t\t<div class=\"elementor-element elementor-element-210687e elementor-icon-list--layout-traditional elementor-list-item-link-full_width elementor-widget elementor-widget-icon-list\" data-id=\"210687e\" data-element_type=\"widget\" data-e-type=\"widget\" data-widget_type=\"icon-list.default\">\n\t\t\t\t<div class=\"elementor-widget-container\">\n\t\t\t\t\t\t\t<ul class=\"elementor-icon-list-items\">\n\t\t\t\t\t\t\t<li class=\"elementor-icon-list-item\">\n\t\t\t\t\t\t\t\t\t\t\t<span class=\"elementor-icon-list-icon\">\n\t\t\t\t\t\t\t<i aria-hidden=\"true\" class=\"fas fa-check\"><\/i>\t\t\t\t\t\t<\/span>\n\t\t\t\t\t\t\t\t\t\t<span class=\"elementor-icon-list-text\">Sv\u00e6rt sk\u00e5nsomme og s\u00e5 godt som smertefrie<\/span>\n\t\t\t\t\t\t\t\t\t<\/li>\n\t\t\t\t\t\t\t\t<li class=\"elementor-icon-list-item\">\n\t\t\t\t\t\t\t\t\t\t\t<span class=\"elementor-icon-list-icon\">\n\t\t\t\t\t\t\t<i aria-hidden=\"true\" class=\"fas fa-check\"><\/i>\t\t\t\t\t\t<\/span>\n\t\t\t\t\t\t\t\t\t\t<span class=\"elementor-icon-list-text\">Fjerner alle typer h\u00e5rstr\u00e5<\/span>\n\t\t\t\t\t\t\t\t\t<\/li>\n\t\t\t\t\t\t\t\t<li class=\"elementor-icon-list-item\">\n\t\t\t\t\t\t\t\t\t\t\t<span class=\"elementor-icon-list-icon\">\n\t\t\t\t\t\t\t<i aria-hidden=\"true\" class=\"fas fa-check\"><\/i>\t\t\t\t\t\t<\/span>\n\t\t\t\t\t\t\t\t\t\t<span class=\"elementor-icon-list-text\">Etterlater ingen r\u00f8dhet og river ikke i huden<\/span>\n\t\t\t\t\t\t\t\t\t<\/li>\n\t\t\t\t\t\t\t\t<li class=\"elementor-icon-list-item\">\n\t\t\t\t\t\t\t\t\t\t\t<span class=\"elementor-icon-list-icon\">\n\t\t\t\t\t\t\t<i aria-hidden=\"true\" class=\"fas fa-check\"><\/i>\t\t\t\t\t\t<\/span>\n\t\t\t\t\t\t\t\t\t\t<span class=\"elementor-icon-list-text\">Har lav arbeidstemperatur<\/span>\n\t\t\t\t\t\t\t\t\t<\/li>\n\t\t\t\t\t\t<\/ul>\n\t\t\t\t\t\t<\/div>\n\t\t\t\t<\/div>\n\t\t\t\t<\/div>\n\t\t\t\t\t<\/div>\n\t\t\t\t<\/div>\n\t\t<div class=\"wd-negative-gap elementor-element elementor-element-c4f9c7f wd-section-stretch e-flex e-con-boxed e-con e-parent\" data-id=\"c4f9c7f\" data-element_type=\"container\" data-e-type=\"container\" data-settings=\"{&quot;background_background&quot;:&quot;classic&quot;}\">\n\t\t\t\t\t<div class=\"e-con-inner\">\n\t\t<div class=\"elementor-element elementor-element-f4f7174 e-con-full e-flex e-con e-child\" data-id=\"f4f7174\" data-element_type=\"container\" data-e-type=\"container\">\n\t\t\t\t<div class=\"elementor-element elementor-element-0e29067 elementor-widget elementor-widget-wd_image_or_svg\" data-id=\"0e29067\" data-element_type=\"widget\" data-e-type=\"widget\" data-widget_type=\"wd_image_or_svg.default\">\n\t\t\t\t<div class=\"elementor-widget-container\">\n\t\t\t\t\t\n\t\t<div class=\"wd-image text-left\">\n\t\t\t\t\t\t\t\t<img loading=\"lazy\" decoding=\"async\" width=\"1080\" height=\"1080\" src=\"https:\/\/lyconnordic.no\/privat\/wp-content\/uploads\/2024\/02\/voks1.jpg\" class=\"attachment-full size-full\" alt=\"\" srcset=\"https:\/\/lyconnordic.no\/privat\/wp-content\/uploads\/2024\/02\/voks1.jpg 1080w, https:\/\/lyconnordic.no\/privat\/wp-content\/uploads\/2024\/02\/voks1-300x300.jpg 300w, https:\/\/lyconnordic.no\/privat\/wp-content\/uploads\/2024\/02\/voks1-800x800.jpg 800w, https:\/\/lyconnordic.no\/privat\/wp-content\/uploads\/2024\/02\/voks1-150x150.jpg 150w, https:\/\/lyconnordic.no\/privat\/wp-content\/uploads\/2024\/02\/voks1-768x768.jpg 768w, https:\/\/lyconnordic.no\/privat\/wp-content\/uploads\/2024\/02\/voks1-860x860.jpg 860w, https:\/\/lyconnordic.no\/privat\/wp-content\/uploads\/2024\/02\/voks1-430x430.jpg 430w, https:\/\/lyconnordic.no\/privat\/wp-content\/uploads\/2024\/02\/voks1-700x700.jpg 700w\" sizes=\"auto, (max-width: 1080px) 100vw, 1080px\" \/>\t\t\t\t\t<\/div>\n\n\t\t\t\t\t\t<\/div>\n\t\t\t\t<\/div>\n\t\t\t\t<div class=\"elementor-element elementor-element-bdf891d voksvideo elementor-widget elementor-widget-video\" data-id=\"bdf891d\" data-element_type=\"widget\" data-e-type=\"widget\" data-settings=\"{&quot;youtube_url&quot;:&quot;https:\\\/\\\/www.youtube.com\\\/watch?v=dmx-uer1bek&amp;feature=youtu.be&quot;,&quot;show_image_overlay&quot;:&quot;yes&quot;,&quot;image_overlay&quot;:{&quot;url&quot;:&quot;https:\\\/\\\/lyconnordic.no\\\/privat\\\/wp-content\\\/uploads\\\/2024\\\/02\\\/bg.png&quot;,&quot;id&quot;:18060,&quot;size&quot;:&quot;&quot;,&quot;alt&quot;:&quot;&quot;,&quot;source&quot;:&quot;library&quot;},&quot;lightbox&quot;:&quot;yes&quot;,&quot;video_type&quot;:&quot;youtube&quot;,&quot;controls&quot;:&quot;yes&quot;}\" data-widget_type=\"video.default\">\n\t\t\t\t<div class=\"elementor-widget-container\">\n\t\t\t\t\t\t\t<div class=\"elementor-wrapper elementor-open-lightbox\">\n\t\t\t\t\t\t\t<div class=\"elementor-custom-embed-image-overlay\" data-elementor-open-lightbox=\"yes\" data-elementor-lightbox=\"{&quot;type&quot;:&quot;video&quot;,&quot;videoType&quot;:&quot;youtube&quot;,&quot;url&quot;:&quot;https:\\\/\\\/www.youtube.com\\\/embed\\\/dmx-uer1bek?feature=oembed&amp;start&amp;end&amp;wmode=opaque&amp;loop=0&amp;controls=1&amp;mute=0&amp;rel=0&amp;cc_load_policy=0&quot;,&quot;autoplay&quot;:&quot;&quot;,&quot;modalOptions&quot;:{&quot;id&quot;:&quot;elementor-lightbox-bdf891d&quot;,&quot;entranceAnimation&quot;:&quot;&quot;,&quot;entranceAnimation_tablet&quot;:&quot;&quot;,&quot;entranceAnimation_mobile&quot;:&quot;&quot;,&quot;videoAspectRatio&quot;:&quot;169&quot;}}\" data-e-action-hash=\"#elementor-action%3Aaction%3Dlightbox%26settings%3DeyJ0eXBlIjoidmlkZW8iLCJ2aWRlb1R5cGUiOiJ5b3V0dWJlIiwidXJsIjoiaHR0cHM6XC9cL3d3dy55b3V0dWJlLmNvbVwvZW1iZWRcL2RteC11ZXIxYmVrP2ZlYXR1cmU9b2VtYmVkJnN0YXJ0JmVuZCZ3bW9kZT1vcGFxdWUmbG9vcD0wJmNvbnRyb2xzPTEmbXV0ZT0wJnJlbD0wJmNjX2xvYWRfcG9saWN5PTAiLCJhdXRvcGxheSI6IiIsIm1vZGFsT3B0aW9ucyI6eyJpZCI6ImVsZW1lbnRvci1saWdodGJveC1iZGY4OTFkIiwiZW50cmFuY2VBbmltYXRpb24iOiIiLCJlbnRyYW5jZUFuaW1hdGlvbl90YWJsZXQiOiIiLCJlbnRyYW5jZUFuaW1hdGlvbl9tb2JpbGUiOiIiLCJ2aWRlb0FzcGVjdFJhdGlvIjoiMTY5In19\">\n\t\t\t\t\t\t\t\t\t\t\t<img loading=\"lazy\" decoding=\"async\" width=\"800\" height=\"500\" src=\"https:\/\/lyconnordic.no\/privat\/wp-content\/themes\/woodmart\/images\/lazy.svg\" class=\"attachment-full size-full wp-image-18060 wd-lazy-fade\" alt=\"\" srcset=\"\" sizes=\"auto, (max-width: 800px) 100vw, 800px\" data-src=\"https:\/\/lyconnordic.no\/privat\/wp-content\/uploads\/2024\/02\/bg.png\" data-srcset=\"https:\/\/lyconnordic.no\/privat\/wp-content\/uploads\/2024\/02\/bg.png 800w, https:\/\/lyconnordic.no\/privat\/wp-content\/uploads\/2024\/02\/bg-400x250.png 400w, https:\/\/lyconnordic.no\/privat\/wp-content\/uploads\/2024\/02\/bg-768x480.png 768w, https:\/\/lyconnordic.no\/privat\/wp-content\/uploads\/2024\/02\/bg-430x269.png 430w, https:\/\/lyconnordic.no\/privat\/wp-content\/uploads\/2024\/02\/bg-700x438.png 700w, https:\/\/lyconnordic.no\/privat\/wp-content\/uploads\/2024\/02\/bg-150x94.png 150w\" \/>\t\t\t\t\t\t\t\t\t\t\t\t\t\t\t\t<div class=\"elementor-custom-embed-play\" role=\"button\" aria-label=\"Start video\" tabindex=\"0\">\n\t\t\t\t\t\t\t<i aria-hidden=\"true\" class=\"eicon-play\"><\/i>\t\t\t\t\t\t<\/div>\n\t\t\t\t\t\t\t\t\t<\/div>\n\t\t\t\t\t<\/div>\n\t\t\t\t\t\t<\/div>\n\t\t\t\t<\/div>\n\t\t\t\t<\/div>\n\t\t<div class=\"elementor-element elementor-element-1f2c4a5 e-con-full e-flex e-con e-child\" data-id=\"1f2c4a5\" data-element_type=\"container\" data-e-type=\"container\">\n\t\t\t\t<div class=\"elementor-element elementor-element-45bb998 elementor-widget elementor-widget-wd_image_or_svg\" data-id=\"45bb998\" data-element_type=\"widget\" data-e-type=\"widget\" data-widget_type=\"wd_image_or_svg.default\">\n\t\t\t\t<div class=\"elementor-widget-container\">\n\t\t\t\t\t\n\t\t<div class=\"wd-image text-left\">\n\t\t\t\t\t\t\t\t<img loading=\"lazy\" decoding=\"async\" width=\"1080\" height=\"1080\" src=\"https:\/\/lyconnordic.no\/privat\/wp-content\/uploads\/2024\/02\/voks2.jpg\" class=\"attachment-full size-full\" alt=\"\" srcset=\"https:\/\/lyconnordic.no\/privat\/wp-content\/uploads\/2024\/02\/voks2.jpg 1080w, https:\/\/lyconnordic.no\/privat\/wp-content\/uploads\/2024\/02\/voks2-300x300.jpg 300w, https:\/\/lyconnordic.no\/privat\/wp-content\/uploads\/2024\/02\/voks2-800x800.jpg 800w, https:\/\/lyconnordic.no\/privat\/wp-content\/uploads\/2024\/02\/voks2-150x150.jpg 150w, https:\/\/lyconnordic.no\/privat\/wp-content\/uploads\/2024\/02\/voks2-768x768.jpg 768w, https:\/\/lyconnordic.no\/privat\/wp-content\/uploads\/2024\/02\/voks2-860x860.jpg 860w, https:\/\/lyconnordic.no\/privat\/wp-content\/uploads\/2024\/02\/voks2-430x430.jpg 430w, https:\/\/lyconnordic.no\/privat\/wp-content\/uploads\/2024\/02\/voks2-700x700.jpg 700w\" sizes=\"auto, (max-width: 1080px) 100vw, 1080px\" \/>\t\t\t\t\t<\/div>\n\n\t\t\t\t\t\t<\/div>\n\t\t\t\t<\/div>\n\t\t\t\t<div class=\"elementor-element elementor-element-0e2f3f0 voksvideo elementor-widget elementor-widget-video\" data-id=\"0e2f3f0\" data-element_type=\"widget\" data-e-type=\"widget\" data-settings=\"{&quot;youtube_url&quot;:&quot;https:\\\/\\\/www.youtube.com\\\/watch?v=hnQUit_Nqug&amp;feature=youtu.be&quot;,&quot;show_image_overlay&quot;:&quot;yes&quot;,&quot;image_overlay&quot;:{&quot;url&quot;:&quot;https:\\\/\\\/lyconnordic.no\\\/privat\\\/wp-content\\\/uploads\\\/2024\\\/02\\\/bg.png&quot;,&quot;id&quot;:18060,&quot;size&quot;:&quot;&quot;,&quot;alt&quot;:&quot;&quot;,&quot;source&quot;:&quot;library&quot;},&quot;lightbox&quot;:&quot;yes&quot;,&quot;video_type&quot;:&quot;youtube&quot;,&quot;controls&quot;:&quot;yes&quot;}\" data-widget_type=\"video.default\">\n\t\t\t\t<div class=\"elementor-widget-container\">\n\t\t\t\t\t\t\t<div class=\"elementor-wrapper elementor-open-lightbox\">\n\t\t\t\t\t\t\t<div class=\"elementor-custom-embed-image-overlay\" data-elementor-open-lightbox=\"yes\" data-elementor-lightbox=\"{&quot;type&quot;:&quot;video&quot;,&quot;videoType&quot;:&quot;youtube&quot;,&quot;url&quot;:&quot;https:\\\/\\\/www.youtube.com\\\/embed\\\/hnQUit_Nqug?feature=oembed&amp;start&amp;end&amp;wmode=opaque&amp;loop=0&amp;controls=1&amp;mute=0&amp;rel=0&amp;cc_load_policy=0&quot;,&quot;autoplay&quot;:&quot;&quot;,&quot;modalOptions&quot;:{&quot;id&quot;:&quot;elementor-lightbox-0e2f3f0&quot;,&quot;entranceAnimation&quot;:&quot;&quot;,&quot;entranceAnimation_tablet&quot;:&quot;&quot;,&quot;entranceAnimation_mobile&quot;:&quot;&quot;,&quot;videoAspectRatio&quot;:&quot;169&quot;}}\" data-e-action-hash=\"#elementor-action%3Aaction%3Dlightbox%26settings%3DeyJ0eXBlIjoidmlkZW8iLCJ2aWRlb1R5cGUiOiJ5b3V0dWJlIiwidXJsIjoiaHR0cHM6XC9cL3d3dy55b3V0dWJlLmNvbVwvZW1iZWRcL2huUVVpdF9OcXVnP2ZlYXR1cmU9b2VtYmVkJnN0YXJ0JmVuZCZ3bW9kZT1vcGFxdWUmbG9vcD0wJmNvbnRyb2xzPTEmbXV0ZT0wJnJlbD0wJmNjX2xvYWRfcG9saWN5PTAiLCJhdXRvcGxheSI6IiIsIm1vZGFsT3B0aW9ucyI6eyJpZCI6ImVsZW1lbnRvci1saWdodGJveC0wZTJmM2YwIiwiZW50cmFuY2VBbmltYXRpb24iOiIiLCJlbnRyYW5jZUFuaW1hdGlvbl90YWJsZXQiOiIiLCJlbnRyYW5jZUFuaW1hdGlvbl9tb2JpbGUiOiIiLCJ2aWRlb0FzcGVjdFJhdGlvIjoiMTY5In19\">\n\t\t\t\t\t\t\t\t\t\t\t<img loading=\"lazy\" decoding=\"async\" width=\"800\" height=\"500\" src=\"https:\/\/lyconnordic.no\/privat\/wp-content\/themes\/woodmart\/images\/lazy.svg\" class=\"attachment-full size-full wp-image-18060 wd-lazy-fade\" alt=\"\" srcset=\"\" sizes=\"auto, (max-width: 800px) 100vw, 800px\" data-src=\"https:\/\/lyconnordic.no\/privat\/wp-content\/uploads\/2024\/02\/bg.png\" data-srcset=\"https:\/\/lyconnordic.no\/privat\/wp-content\/uploads\/2024\/02\/bg.png 800w, https:\/\/lyconnordic.no\/privat\/wp-content\/uploads\/2024\/02\/bg-400x250.png 400w, https:\/\/lyconnordic.no\/privat\/wp-content\/uploads\/2024\/02\/bg-768x480.png 768w, https:\/\/lyconnordic.no\/privat\/wp-content\/uploads\/2024\/02\/bg-430x269.png 430w, https:\/\/lyconnordic.no\/privat\/wp-content\/uploads\/2024\/02\/bg-700x438.png 700w, https:\/\/lyconnordic.no\/privat\/wp-content\/uploads\/2024\/02\/bg-150x94.png 150w\" \/>\t\t\t\t\t\t\t\t\t\t\t\t\t\t\t\t<div class=\"elementor-custom-embed-play\" role=\"button\" aria-label=\"Start video\" tabindex=\"0\">\n\t\t\t\t\t\t\t<i aria-hidden=\"true\" class=\"eicon-play\"><\/i>\t\t\t\t\t\t<\/div>\n\t\t\t\t\t\t\t\t\t<\/div>\n\t\t\t\t\t<\/div>\n\t\t\t\t\t\t<\/div>\n\t\t\t\t<\/div>\n\t\t\t\t<\/div>\n\t\t\t\t\t<\/div>\n\t\t\t\t<\/div>\n\t\t<div class=\"wd-negative-gap elementor-element elementor-element-c21e4c8 wd-section-stretch e-flex e-con-boxed e-con e-parent\" data-id=\"c21e4c8\" data-element_type=\"container\" data-e-type=\"container\" data-settings=\"{&quot;background_background&quot;:&quot;classic&quot;}\">\n\t\t\t\t\t<div class=\"e-con-inner\">\n\t\t<div class=\"elementor-element elementor-element-617d020 e-con-full e-flex e-con e-child\" data-id=\"617d020\" data-element_type=\"container\" data-e-type=\"container\">\n\t\t\t\t<div class=\"elementor-element elementor-element-e7e794c elementor-widget elementor-widget-wd_text_block\" data-id=\"e7e794c\" data-element_type=\"widget\" data-e-type=\"widget\" data-widget_type=\"wd_text_block.default\">\n\t\t\t\t<div class=\"elementor-widget-container\">\n\t\t\t\t\t\t\t<div class=\"wd-text-block reset-last-child text-center\">\n\t\t\t\n\t\t\t<p>Generelt sett kan alle LYCONs vokstyper benyttes b\u00e5de p\u00e5 ansikt og p\u00e5 kropp. Beskrivelsen p\u00e5 denne siden er veiledende for best resultat og opplevelse.<\/p><p>F\u00f8lg ellers instruksjoner p\u00e5 hvordan produkter skal brukes. Dersom du trenger mer veiledning eller informasjon, hjelper vi deg gjerne! Fyll ut skjemaet under for \u00e5 kontakte oss.<\/p><h2>Happy Lycon Waxing!<\/h2>\n\t\t\t\t\t<\/div>\n\t\t\t\t\t\t<\/div>\n\t\t\t\t<\/div>\n\t\t\t\t<\/div>\n\t\t\t\t\t<\/div>\n\t\t\t\t<\/div>\n\t\t\t\t<\/div>\n\t\t","protected":false},"excerpt":{"rendered":"<p>Lycon precision Waxing System Kj\u00e6rt barn har mange navn! Hva er forskjell p\u00e5 Hot Wax og Strip Wax? B\u00e5de Hot<\/p>\n","protected":false},"author":1,"featured_media":0,"parent":0,"menu_order":0,"comment_status":"closed","ping_status":"closed","template":"","meta":{"footnotes":""},"class_list":["post-16297","page","type-page","status-publish","hentry"],"yoast_head":"<!-- This site is optimized with the Yoast SEO plugin v27.3 - https:\/\/yoast.com\/product\/yoast-seo-wordpress\/ -->\n<title>Hvordan velge riktig voks? - Lycon - for private<\/title>\n<meta name=\"robots\" content=\"index, follow, max-snippet:-1, max-image-preview:large, max-video-preview:-1\" \/>\n<link rel=\"canonical\" href=\"https:\/\/lyconnordic.no\/privat\/hvordan-velge-riktig-voks\/\" \/>\n<meta property=\"og:locale\" content=\"nb_NO\" \/>\n<meta property=\"og:type\" content=\"article\" \/>\n<meta property=\"og:title\" content=\"Hvordan velge riktig voks? - Lycon - for private\" \/>\n<meta property=\"og:description\" content=\"Lycon precision Waxing System Kj\u00e6rt barn har mange navn! Hva er forskjell p\u00e5 Hot Wax og Strip Wax? B\u00e5de Hot\" \/>\n<meta property=\"og:url\" content=\"https:\/\/lyconnordic.no\/privat\/hvordan-velge-riktig-voks\/\" \/>\n<meta property=\"og:site_name\" content=\"Lycon - for private\" \/>\n<meta property=\"article:modified_time\" content=\"2024-02-06T11:23:50+00:00\" \/>\n<meta property=\"og:image\" content=\"https:\/\/lyconnordic.no\/privat\/wp-content\/uploads\/2024\/02\/voks1.jpg\" \/>\n<meta name=\"twitter:card\" content=\"summary_large_image\" \/>\n<meta name=\"twitter:label1\" content=\"Ansl. lesetid\" \/>\n\t<meta name=\"twitter:data1\" content=\"2 minutter\" \/>\n<script type=\"application\/ld+json\" class=\"yoast-schema-graph\">{\"@context\":\"https:\\\/\\\/schema.org\",\"@graph\":[{\"@type\":\"WebPage\",\"@id\":\"https:\\\/\\\/lyconnordic.no\\\/privat\\\/hvordan-velge-riktig-voks\\\/\",\"url\":\"https:\\\/\\\/lyconnordic.no\\\/privat\\\/hvordan-velge-riktig-voks\\\/\",\"name\":\"Hvordan velge riktig voks? - Lycon - for private\",\"isPartOf\":{\"@id\":\"https:\\\/\\\/lyconnordic.no\\\/privat\\\/#website\"},\"primaryImageOfPage\":{\"@id\":\"https:\\\/\\\/lyconnordic.no\\\/privat\\\/hvordan-velge-riktig-voks\\\/#primaryimage\"},\"image\":{\"@id\":\"https:\\\/\\\/lyconnordic.no\\\/privat\\\/hvordan-velge-riktig-voks\\\/#primaryimage\"},\"thumbnailUrl\":\"https:\\\/\\\/lyconnordic.no\\\/privat\\\/wp-content\\\/uploads\\\/2024\\\/02\\\/voks1.jpg\",\"datePublished\":\"2023-10-19T07:22:14+00:00\",\"dateModified\":\"2024-02-06T11:23:50+00:00\",\"breadcrumb\":{\"@id\":\"https:\\\/\\\/lyconnordic.no\\\/privat\\\/hvordan-velge-riktig-voks\\\/#breadcrumb\"},\"inLanguage\":\"nb-NO\",\"potentialAction\":[{\"@type\":\"ReadAction\",\"target\":[\"https:\\\/\\\/lyconnordic.no\\\/privat\\\/hvordan-velge-riktig-voks\\\/\"]}]},{\"@type\":\"ImageObject\",\"inLanguage\":\"nb-NO\",\"@id\":\"https:\\\/\\\/lyconnordic.no\\\/privat\\\/hvordan-velge-riktig-voks\\\/#primaryimage\",\"url\":\"https:\\\/\\\/lyconnordic.no\\\/privat\\\/wp-content\\\/uploads\\\/2024\\\/02\\\/voks1.jpg\",\"contentUrl\":\"https:\\\/\\\/lyconnordic.no\\\/privat\\\/wp-content\\\/uploads\\\/2024\\\/02\\\/voks1.jpg\",\"width\":1080,\"height\":1080},{\"@type\":\"BreadcrumbList\",\"@id\":\"https:\\\/\\\/lyconnordic.no\\\/privat\\\/hvordan-velge-riktig-voks\\\/#breadcrumb\",\"itemListElement\":[{\"@type\":\"ListItem\",\"position\":1,\"name\":\"Hjem\",\"item\":\"https:\\\/\\\/lyconnordic.no\\\/privat\\\/\"},{\"@type\":\"ListItem\",\"position\":2,\"name\":\"Hvordan velge riktig voks?\"}]},{\"@type\":\"WebSite\",\"@id\":\"https:\\\/\\\/lyconnordic.no\\\/privat\\\/#website\",\"url\":\"https:\\\/\\\/lyconnordic.no\\\/privat\\\/\",\"name\":\"Lycon - for private\",\"description\":\"Australias voksmerke #1\",\"potentialAction\":[{\"@type\":\"SearchAction\",\"target\":{\"@type\":\"EntryPoint\",\"urlTemplate\":\"https:\\\/\\\/lyconnordic.no\\\/privat\\\/?s={search_term_string}\"},\"query-input\":{\"@type\":\"PropertyValueSpecification\",\"valueRequired\":true,\"valueName\":\"search_term_string\"}}],\"inLanguage\":\"nb-NO\"}]}<\/script>\n<!-- \/ Yoast SEO plugin. -->","yoast_head_json":{"title":"Hvordan velge riktig voks? - Lycon - for private","robots":{"index":"index","follow":"follow","max-snippet":"max-snippet:-1","max-image-preview":"max-image-preview:large","max-video-preview":"max-video-preview:-1"},"canonical":"https:\/\/lyconnordic.no\/privat\/hvordan-velge-riktig-voks\/","og_locale":"nb_NO","og_type":"article","og_title":"Hvordan velge riktig voks? - Lycon - for private","og_description":"Lycon precision Waxing System Kj\u00e6rt barn har mange navn! Hva er forskjell p\u00e5 Hot Wax og Strip Wax? B\u00e5de Hot","og_url":"https:\/\/lyconnordic.no\/privat\/hvordan-velge-riktig-voks\/","og_site_name":"Lycon - for private","article_modified_time":"2024-02-06T11:23:50+00:00","og_image":[{"url":"https:\/\/lyconnordic.no\/privat\/wp-content\/uploads\/2024\/02\/voks1.jpg","type":"","width":"","height":""}],"twitter_card":"summary_large_image","twitter_misc":{"Ansl. lesetid":"2 minutter"},"schema":{"@context":"https:\/\/schema.org","@graph":[{"@type":"WebPage","@id":"https:\/\/lyconnordic.no\/privat\/hvordan-velge-riktig-voks\/","url":"https:\/\/lyconnordic.no\/privat\/hvordan-velge-riktig-voks\/","name":"Hvordan velge riktig voks? - Lycon - for private","isPartOf":{"@id":"https:\/\/lyconnordic.no\/privat\/#website"},"primaryImageOfPage":{"@id":"https:\/\/lyconnordic.no\/privat\/hvordan-velge-riktig-voks\/#primaryimage"},"image":{"@id":"https:\/\/lyconnordic.no\/privat\/hvordan-velge-riktig-voks\/#primaryimage"},"thumbnailUrl":"https:\/\/lyconnordic.no\/privat\/wp-content\/uploads\/2024\/02\/voks1.jpg","datePublished":"2023-10-19T07:22:14+00:00","dateModified":"2024-02-06T11:23:50+00:00","breadcrumb":{"@id":"https:\/\/lyconnordic.no\/privat\/hvordan-velge-riktig-voks\/#breadcrumb"},"inLanguage":"nb-NO","potentialAction":[{"@type":"ReadAction","target":["https:\/\/lyconnordic.no\/privat\/hvordan-velge-riktig-voks\/"]}]},{"@type":"ImageObject","inLanguage":"nb-NO","@id":"https:\/\/lyconnordic.no\/privat\/hvordan-velge-riktig-voks\/#primaryimage","url":"https:\/\/lyconnordic.no\/privat\/wp-content\/uploads\/2024\/02\/voks1.jpg","contentUrl":"https:\/\/lyconnordic.no\/privat\/wp-content\/uploads\/2024\/02\/voks1.jpg","width":1080,"height":1080},{"@type":"BreadcrumbList","@id":"https:\/\/lyconnordic.no\/privat\/hvordan-velge-riktig-voks\/#breadcrumb","itemListElement":[{"@type":"ListItem","position":1,"name":"Hjem","item":"https:\/\/lyconnordic.no\/privat\/"},{"@type":"ListItem","position":2,"name":"Hvordan velge riktig voks?"}]},{"@type":"WebSite","@id":"https:\/\/lyconnordic.no\/privat\/#website","url":"https:\/\/lyconnordic.no\/privat\/","name":"Lycon - for private","description":"Australias voksmerke #1","potentialAction":[{"@type":"SearchAction","target":{"@type":"EntryPoint","urlTemplate":"https:\/\/lyconnordic.no\/privat\/?s={search_term_string}"},"query-input":{"@type":"PropertyValueSpecification","valueRequired":true,"valueName":"search_term_string"}}],"inLanguage":"nb-NO"}]}},"_links":{"self":[{"href":"https:\/\/lyconnordic.no\/privat\/wp-json\/wp\/v2\/pages\/16297","targetHints":{"allow":["GET"]}}],"collection":[{"href":"https:\/\/lyconnordic.no\/privat\/wp-json\/wp\/v2\/pages"}],"about":[{"href":"https:\/\/lyconnordic.no\/privat\/wp-json\/wp\/v2\/types\/page"}],"author":[{"embeddable":true,"href":"https:\/\/lyconnordic.no\/privat\/wp-json\/wp\/v2\/users\/1"}],"replies":[{"embeddable":true,"href":"https:\/\/lyconnordic.no\/privat\/wp-json\/wp\/v2\/comments?post=16297"}],"version-history":[{"count":77,"href":"https:\/\/lyconnordic.no\/privat\/wp-json\/wp\/v2\/pages\/16297\/revisions"}],"predecessor-version":[{"id":18069,"href":"https:\/\/lyconnordic.no\/privat\/wp-json\/wp\/v2\/pages\/16297\/revisions\/18069"}],"wp:attachment":[{"href":"https:\/\/lyconnordic.no\/privat\/wp-json\/wp\/v2\/media?parent=16297"}],"curies":[{"name":"wp","href":"https:\/\/api.w.org\/{rel}","templated":true}]}}